{"id":3672,"date":"2020-11-28T01:19:02","date_gmt":"2020-11-28T00:19:02","guid":{"rendered":"https:\/\/us.edu.pl\/instytut\/im\/?page_id=3672"},"modified":"2024-11-21T16:28:41","modified_gmt":"2024-11-21T15:28:41","slug":"wspolpraca","status":"publish","type":"page","link":"https:\/\/us.edu.pl\/instytut\/im\/wspolpraca\/","title":{"rendered":"Wsp\u00f3\u0142praca"},"content":{"rendered":"<p>[vc_row][vc_column]\r\n                <div class=\"text-modules\">\r\n                    <div class=\"container\">\r\n                        \r\n                        <div class=\"text-modules__content\"><p><span style=\"font-size: 24pt; color: #003366; font-family: 'trebuchet ms', geneva, sans-serif;\">O\u015brodki naukowe<\/span><\/p>\n<\/div>\r\n                    <\/div>\r\n                <\/div>[\/vc_column][\/vc_row][vc_row][vc_column css=&#8221;.vc_custom_1606528973221{margin-top: -100px !important;}&#8221;]\r\n                <div class=\"tiles-section\" style=\"background: \">\r\n                    <div class=\"container\">\r\n                        <h3 class=\"page-title\"><\/h3>\r\n                        <div class=\"tiles tiles-3\">\r\n                            <a href=\"https:\/\/us.edu.pl\/instytut\/im\/wspolpraca\/realmaths\/\" class=\"tile tile_ justify-content-center\" style=\"background-color: #ffffff; font-weight: ; color: #002E5A;  \">\r\n                                \r\n                                   \r\n                               \r\n                                <div class=\"tile__name\"><b>Uniwersytet L'Aquila we W\u0142oszech<br\/>(Universit\u00e0 degli Studi dell'Aquila)<\/b><br\/><u>Wsp\u00f3\u0142praca w ramach programu RealMaths.<\/u><br>Program ten umo\u017cliwiaj\u0105cy odbycie jednego roku studi\u00f3w magisterskich w zakresie matematyki stosowanej w plac\u00f3wce partnera i uzyskanie dyplomu dw\u00f3ch uczelni.<\/div>\r\n                            <\/a>\r\n                            <a href=\" https:\/\/us.edu.pl\/instytut\/im\/wspolpraca\/stmp\/\" class=\"tile tile_ justify-content-center\" style=\"background-color: #ffffff; font-weight: ; color: #002E5A;  \">\r\n                                \r\n                                   \r\n                               \r\n                                <div class=\"tile__name\"><b>Wolny Uniwersytet w Amsterdamie<br\/>(Vrije Universiteit Amsterdam)<\/b><br\/><u>Wsp\u00f3\u0142praca w ramach Short track Master's Programme.<\/u><br>Program ten w latach 2009-2018 umo\u017cliwia\u0142 odbycie jednego roku studi\u00f3w magisterskich w zakresie matematyki w plac\u00f3wce partnera i uzyskanie dyplomu dw\u00f3ch uczelni.<\/div>\r\n                            <\/a>\r\n                            <a href=\"http:\/\/www.math.us.edu.pl\/erasmus\/index.html\" class=\"tile tile_ justify-content-center\" style=\"background-color: #ffffff; font-weight: ; color: #002E5A;  \">\r\n                                \r\n                                   \r\n                               \r\n                                <div class=\"tile__name\"> <b>Partnerzy w ramach programu Erasmus+<\/b><br\/>W ramach programu oferowana s\u0105 stypendialne wyjazdy studenckie (praktyki i studia) oraz dydaktyczne i szkoleniowe wyjazdy pracownik\u00f3w do wsp\u00f3\u0142pracuj\u0105cych o\u015brodk\u00f3w.<\/div>\r\n                            <\/a><\/div>\r\n                    <\/div>\r\n                <\/div>\r\n                <div class=\"text-modules\">\r\n                    <div class=\"container\">\r\n                        \r\n                        <div class=\"text-modules__content\"><p><span style=\"font-size: 24pt; color: #003366; font-family: 'trebuchet ms', geneva, sans-serif;\">Organizacje po\u017cytku publicznego<\/span><\/p>\n<\/div>\r\n                    <\/div>\r\n                <\/div>[\/vc_column][\/vc_row][vc_row][vc_column css=&#8221;.vc_custom_1606528931450{margin-top: -100px !important;}&#8221;]\r\n                <div class=\"tiles-section\" style=\"background: \">\r\n                    <div class=\"container\">\r\n                        <h3 class=\"page-title\"><\/h3>\r\n                        <div class=\"tiles tiles-3\">\r\n                            <a href=\"https:\/\/www.ptm.org.pl\/oddzialy\/oddzial-gornoslaski\" class=\"tile tile_ justify-content-center\" style=\"background-color: #ffffff; font-weight: ; color: #002E5A;  \">\r\n                                \r\n                                   \r\n                               \r\n                                <div class=\"tile__name\"><b>Polskie Towarzystwo Matematyczne<\/b><br\/><u>Oddzia\u0142 G\u00f3rno\u015bl\u0105ski<\/u><br>Stowarzyszenie zrzeszaj\u0105ce osoby zwi\u0105zane z polsk\u0105 matematyk\u0105.  Oddzia\u0142 G\u00f3rno\u015bl\u0105ski powsta\u0142 w wyniku transformacji Oddzia\u0142u Gliwickiego PTM, kt\u00f3ry w 1965 r. zosta\u0142 przeniesiony do Katowic.<\/div>\r\n                            <\/a><\/div>\r\n                    <\/div>\r\n                <\/div>\r\n                <div class=\"text-modules\">\r\n                    <div class=\"container\">\r\n                        \r\n                        <div class=\"text-modules__content\"><p><span style=\"font-size: 24pt; color: #003366; font-family: 'trebuchet ms', geneva, sans-serif;\">Plac\u00f3wki o\u015bwiatowe<\/span><\/p>\n<\/div>\r\n                    <\/div>\r\n                <\/div>[\/vc_column][\/vc_row][vc_row][vc_column css=&#8221;.vc_custom_1606528973221{margin-top: -100px !important;}&#8221;]\r\n                <div class=\"tiles-section\" style=\"background: \">\r\n                    <div class=\"container\">\r\n                        <h3 class=\"page-title\"><\/h3>\r\n                        <div class=\"tiles tiles-3\">\r\n                            <a href=\"https:\/\/us.edu.pl\/instytut\/im\/wspolpraca\/szkoly\/\" class=\"tile tile_ justify-content-center\" style=\"background-color: #ffffff; font-weight: ; color: #002E5A;  \">\r\n                                \r\n                                   \r\n                               \r\n                                <div class=\"tile__name\"><b>Szko\u0142y<\/b><br\/>wsp\u00f3\u0142pracuj\u0105ce i zaprzyja\u017anione z Instytutem Matematyki<\/div>\r\n                            <\/a>\r\n                            <a href=\"http:\/\/pm.katowice.pl\/matematyka\/\" class=\"tile tile_ justify-content-center\" style=\"background-color: #ffffff; font-weight: ; color: #002E5A;  \">\r\n                                \r\n                                   \r\n                               \r\n                                <div class=\"tile__name\"><b>Pracownia Matematyki i Informatyki Pa\u0142acu M\u0142odzie\u017cy<\/b><br\/>Wsp\u00f3\u0142praca w zakresie popularyzacji matematyki, m.in. organizacji Og\u00f3lnopolskiego Sejmiku Matematyk\u00f3w.<\/div>\r\n                            <\/a><\/div>\r\n                    <\/div>\r\n                <\/div>[\/vc_column][\/vc_row]<\/p>","protected":false},"excerpt":{"rendered":"<p>[vc_row][vc_column][\/vc_column][\/vc_row][vc_row][vc_column css=&#8221;.vc_custom_1606528973221{margin-top: -100px !important;}&#8221;][\/vc_column][\/vc_row][vc_row][vc_column css=&#8221;.vc_custom_1606528931450{margin-top: -100px !important;}&#8221;][\/vc_column][\/vc_row][vc_row][vc_column css=&#8221;.vc_custom_1606528973221{margin-top: -100px !important;}&#8221;][\/vc_column][\/vc_row] [&#8230;]<\/p>\n<p><a class=\"btn btn-secondary understrap-read-more-link\" href=\"https:\/\/us.edu.pl\/instytut\/im\/wspolpraca\/\">Read More&#8230;<\/a><\/p>\n","protected":false},"author":820,"featured_media":0,"parent":0,"menu_order":0,"comment_status":"closed","ping_status":"closed","template":"page-templates\/page-with-tables.php","meta":{"_expiration-date-status":"","_expiration-date":0,"_expiration-date-type":"","_expiration-date-categories":[],"_expiration-date-options":[]},"acf":[],"_links":{"self":[{"href":"https:\/\/us.edu.pl\/instytut\/im\/wp-json\/wp\/v2\/pages\/3672"}],"collection":[{"href":"https:\/\/us.edu.pl\/instytut\/im\/wp-json\/wp\/v2\/pages"}],"about":[{"href":"https:\/\/us.edu.pl\/instytut\/im\/wp-json\/wp\/v2\/types\/page"}],"author":[{"embeddable":true,"href":"https:\/\/us.edu.pl\/instytut\/im\/wp-json\/wp\/v2\/users\/820"}],"replies":[{"embeddable":true,"href":"https:\/\/us.edu.pl\/instytut\/im\/wp-json\/wp\/v2\/comments?post=3672"}],"version-history":[{"count":10,"href":"https:\/\/us.edu.pl\/instytut\/im\/wp-json\/wp\/v2\/pages\/3672\/revisions"}],"predecessor-version":[{"id":6944,"href":"https:\/\/us.edu.pl\/instytut\/im\/wp-json\/wp\/v2\/pages\/3672\/revisions\/6944"}],"wp:attachment":[{"href":"https:\/\/us.edu.pl\/instytut\/im\/wp-json\/wp\/v2\/media?parent=3672"}],"curies":[{"name":"wp","href":"https:\/\/api.w.org\/{rel}","templated":true}]}}