{"id":3682,"date":"2020-11-28T03:37:08","date_gmt":"2020-11-28T02:37:08","guid":{"rendered":"https:\/\/us.edu.pl\/instytut\/im\/?page_id=3682"},"modified":"2024-11-21T16:49:49","modified_gmt":"2024-11-21T15:49:49","slug":"realmaths","status":"publish","type":"page","link":"https:\/\/us.edu.pl\/instytut\/im\/wspolpraca\/realmaths\/","title":{"rendered":"Program Realmaths \u2013 Mathematics for Real World Applications"},"content":{"rendered":"<p>[vc_row][vc_column][vc_column_text]<span style=\"font-size: 12pt; font-family: verdana, geneva, sans-serif;\"><span style=\"color: #000000;\"><strong>Realmaths<\/strong>\u00a0<strong>Consortium &#8211;\u00a0Double Msc Degree Programme in Mathematics for Real World Applications<\/strong> jest programem studi\u00f3w magisterskich (II stopnia) w zakresie matematyki stosowanej, prowadzonym w ramach wsp\u00f3\u0142pracy z<\/span> <a href=\"https:\/\/www.univaq.it\/en\/\">Uniwersytetem l\u2019Aquila<\/a>\u00a0<span style=\"color: #000000;\">we W\u0142oszech. Program oferuje studentom uniwersytet\u00f3w zrzeszonych w konsorcjum sp\u0119dzenie jednego roku studi\u00f3w na uniwersytecie partnerskim. Zwie\u0144czeniem studi\u00f3w w ramach tego programu jest uzyskanie dyplom\u00f3w dw\u00f3ch uczelni (jednostki macierzystej i uniwersytetu partnerskiego) poprzez obron\u0119 jednej pracy dyplomowej.<\/span><\/span><\/p>\n<p><span style=\"font-size: 12pt; color: #000000;\"><span style=\"font-family: verdana, geneva, sans-serif;\"><span style=\"font-size: 12pt; color: #000000;\">W zakresie partnerstwa z nasz\u0105 Uczelni\u0105, uczestnicy programu sp\u0119dzaj\u0105 pierwszy rok studi\u00f3w na <\/span>Uniwersytecie \u015al\u0105skim, a drugi w University of L\u2019Aquila, gdzie mog\u0105 wybra\u0107 jedn\u0105 z dw\u00f3ch specjalizacji: <strong>financial mathematics<\/strong> lub <strong>mathematical modelling<\/strong>. Oczywi\u015bcie wszyscy studenci uczestnicz\u0105cy w programie otrzymuj\u0105 dofinansowanie, pozwalaj\u0105ce im na pokrycie koszt\u00f3w studi\u00f3w we W\u0142oszech.<\/span><\/span><\/p>\n<p><span style=\"font-size: 12pt; font-family: verdana, geneva, sans-serif; color: #000000;\">Obecnie lokalnymi koordynatorami programu s\u0105:<\/span><\/p>\n<ul style=\"list-style-type: square;\">\n<li><span style=\"font-size: 12pt; font-family: verdana, geneva, sans-serif;\"><span style=\"color: #000000;\">ze strony w\u0142oskiej:<\/span> <a href=\"mailto:bruno.rubino@univaq.it\">Prof. Bruno Rubino<\/a>,<\/span><\/li>\n<li><span style=\"font-size: 12pt; font-family: verdana, geneva, sans-serif;\"><span style=\"color: #000000;\">ze strony polskiej:<\/span>\u00a0<a href=\"https:\/\/us.edu.pl\/instytut\/im\/pracownicy\/michal-baczynski\/\">prof. dr hab. Micha\u0142 Baczy\u0144ski<\/a><\/span><\/li>\n<\/ul>\n<p>[\/vc_column_text][\/vc_column][\/vc_row][vc_row][vc_column]\r\n                <div class=\"tiles-section\" style=\"background: #EBEBEB\">\r\n                    <div class=\"container\">\r\n                        <h3 class=\"page-title\"><\/p>\n<p><center>Strony zwi\u0105zane z programem<\/center><\/h3>\r\n                        <div class=\"tiles tiles-3\">\r\n                            <a href=\"https:\/\/www.univaq.it\/en\/index.php?&lang_s=en\" class=\"tile tile_ justify-content-center\" style=\"background-color: #ffffff; font-weight: ; color: #002E5A;  \">\r\n                                \r\n                                   \r\n                               \r\n                                <div class=\"tile__name\"><b>Strona domowa Uniwersytetu L'Aquila<\/b><\/div>\r\n                            <\/a>\r\n                            <a href=\"https:\/\/www.intermaths.eu\/realmaths\" class=\"tile tile_ justify-content-center\" style=\"background-color: #ffffff; font-weight: ; color: #002E5A;  \">\r\n                                \r\n                                   \r\n                               \r\n                                <div class=\"tile__name\"><b>G\u0142\u00f3wna strona programu RealMaths<\/b><br>(Mathematics for Real World Applications)<\/div>\r\n                            <\/a>\r\n                            <a href=\"http:\/\/plan.ii.us.edu.pl\/plan.php?type=2&id=40421&winW=1408&winH=699&loadBG=000000\" class=\"tile tile_ justify-content-center\" style=\"background-color: #ffffff; font-weight: ; color: #002E5A;  \">\r\n                                \r\n                                   \r\n                               \r\n                                <div class=\"tile__name\"><b>Plan zaj\u0119\u0107 dla I roku<\/b><br>na Uniwersytecie \u015al\u0105skim<br>(dost\u0119pny wy\u0142\u0105cznie z wewn\u0119trznej sieci uniwersyteckiej)<\/div>\r\n                            <\/a><\/div>\r\n                    <\/div>\r\n                <\/div>\r\n                <div class=\"tiles-section\" style=\"background: #EBEBEB\">\r\n                    <div class=\"container\">\r\n                        <h3 class=\"page-title\"><\/p>\n<p><center>Partnerzy Konsorcjum<\/center><\/h3>\r\n                        <div class=\"tiles tiles-2\">\r\n                            <a href=\"https:\/\/www.intermaths.eu\/realmaths\/partners\/laquila\" class=\"tile tile_ justify-content-center\" style=\"background-color: #ffffff; font-weight: ; color: #002E5A;  \">\r\n                                \r\n                                   \r\n                               \r\n                                <div class=\"tile__name\"><b>Prezentacja Uniwersytetu L'Aquila jako partnera w Konsorcjum<\/b><\/div>\r\n                            <\/a>\r\n                            <a href=\"https:\/\/www.intermaths.eu\/realmaths\/partners\/katowice\" class=\"tile tile_ justify-content-center\" style=\"background-color: #ffffff; font-weight: ; color: #002E5A;  \">\r\n                                \r\n                                   \r\n                               \r\n                                <div class=\"tile__name\"><b>Prezentacja Uniwersytetu \u015al\u0105skiego jako partnera w Konsorcjum<\/b><\/div>\r\n                            <\/a><\/div>\r\n                    <\/div>\r\n                <\/div>\r\n                <div class=\"tiles-section\" style=\"background: #EBEBEB\">\r\n                    <div class=\"container\">\r\n                        <h3 class=\"page-title\"><\/p>\n<p><center>Program studi\u00f3w<\/center><\/h3>\r\n                        <div class=\"tiles tiles-2\">\r\n                            <a href=\"https:\/\/www.intermaths.eu\/realmaths\/partners\/laquila#track\" class=\"tile tile_ justify-content-center\" style=\"background-color: #ffffff; font-weight: ; color: #002E5A;  \">\r\n                                \r\n                                   \r\n                               \r\n                                <div class=\"tile__name\"><b>Katalog studi\u00f3w na I roku<\/b><br>Wykaz i opis przedmiot\u00f3w oferowanych w Uniwersytecie L'Aquila<\/div>\r\n                            <\/a>\r\n                            <a href=\"https:\/\/www.intermaths.eu\/realmaths\/partners\/katowice#track\" class=\"tile tile_ justify-content-center\" style=\"background-color: #ffffff; font-weight: ; color: #002E5A;  \">\r\n                                \r\n                                   \r\n                               \r\n                                <div class=\"tile__name\"><b>Katalog studi\u00f3w na II roku<\/b><br>Wykaz i opis przedmiot\u00f3w oferowanych w Uniwersytecie \u015al\u0105skim<\/div>\r\n                            <\/a><\/div>\r\n                    <\/div>\r\n                <\/div>[\/vc_column][\/vc_row]<\/p>","protected":false},"excerpt":{"rendered":"<p>[vc_row][vc_column][vc_column_text]Realmaths\u00a0Consortium &#8211;\u00a0Double Msc Degree Programme in Mathematics for Real World Applications jest programem studi\u00f3w magisterskich (II stopnia) w zakresie matematyki stosowanej, prowadzonym w ramach wsp\u00f3\u0142pracy z Uniwersytetem l\u2019Aquila\u00a0we W\u0142oszech. Program oferuje studentom uniwersytet\u00f3w zrzeszonych w konsorcjum sp\u0119dzenie jednego roku studi\u00f3w na uniwersytecie partnerskim. Zwie\u0144czeniem studi\u00f3w w ramach tego programu jest uzyskanie dyplom\u00f3w dw\u00f3ch uczelni (jednostki [&#8230;]<\/p>\n<p><a class=\"btn btn-secondary understrap-read-more-link\" href=\"https:\/\/us.edu.pl\/instytut\/im\/wspolpraca\/realmaths\/\">Read More&#8230;<\/a><\/p>\n","protected":false},"author":820,"featured_media":0,"parent":3672,"menu_order":0,"comment_status":"closed","ping_status":"closed","template":"page-templates\/page-with-tables.php","meta":{"_expiration-date-status":"","_expiration-date":0,"_expiration-date-type":"","_expiration-date-categories":[],"_expiration-date-options":[]},"acf":[],"_links":{"self":[{"href":"https:\/\/us.edu.pl\/instytut\/im\/wp-json\/wp\/v2\/pages\/3682"}],"collection":[{"href":"https:\/\/us.edu.pl\/instytut\/im\/wp-json\/wp\/v2\/pages"}],"about":[{"href":"https:\/\/us.edu.pl\/instytut\/im\/wp-json\/wp\/v2\/types\/page"}],"author":[{"embeddable":true,"href":"https:\/\/us.edu.pl\/instytut\/im\/wp-json\/wp\/v2\/users\/820"}],"replies":[{"embeddable":true,"href":"https:\/\/us.edu.pl\/instytut\/im\/wp-json\/wp\/v2\/comments?post=3682"}],"version-history":[{"count":10,"href":"https:\/\/us.edu.pl\/instytut\/im\/wp-json\/wp\/v2\/pages\/3682\/revisions"}],"predecessor-version":[{"id":6950,"href":"https:\/\/us.edu.pl\/instytut\/im\/wp-json\/wp\/v2\/pages\/3682\/revisions\/6950"}],"up":[{"embeddable":true,"href":"https:\/\/us.edu.pl\/instytut\/im\/wp-json\/wp\/v2\/pages\/3672"}],"wp:attachment":[{"href":"https:\/\/us.edu.pl\/instytut\/im\/wp-json\/wp\/v2\/media?parent=3682"}],"curies":[{"name":"wp","href":"https:\/\/api.w.org\/{rel}","templated":true}]}}