{"id":3693,"date":"2020-11-28T04:05:51","date_gmt":"2020-11-28T03:05:51","guid":{"rendered":"https:\/\/us.edu.pl\/instytut\/im\/?page_id=3693"},"modified":"2026-05-07T22:08:46","modified_gmt":"2026-05-07T20:08:46","slug":"stmp","status":"publish","type":"page","link":"https:\/\/us.edu.pl\/instytut\/im\/wspolpraca\/stmp\/","title":{"rendered":"Short Track Master&#8217;s Programme"},"content":{"rendered":"<p>[vc_row][vc_column]\r\n                <div class=\"tiles-section\" style=\"background: \">\r\n                    <div class=\"container\">\r\n                        <h3 class=\"page-title\">Short Track Master's Programme<\/h3>\r\n                        <div class=\"tiles tiles-3\">\r\n                            <a href=\"https:\/\/www.vu.nl\/en\/\" class=\"tile tile_ justify-content-center\" style=\"background-color: #ffffff; font-weight: ; color: #002E5A;  \">\r\n                                \r\n                                   \r\n                               \r\n                                <div class=\"tile__name\"><b>Strona domowa Vrije Universiteit Amsterdam<\/b><\/div>\r\n                            <\/a>\r\n                            <a href=\"https:\/\/vu.nl\/en\/student\/courses\/specialisation-master\" class=\"tile tile_ justify-content-center\" style=\"background-color: #ffffff; font-weight: ; color: #002E5A;  \">\r\n                                \r\n                                   \r\n                               \r\n                                <div class=\"tile__name\"><b>Program magisterski w zakresie matematyki w VU Amsterdam <\/b><br>Informacje na stronie partnera<\/div>\r\n                            <\/a>\r\n                            <a href=\"https:\/\/web.archive.org\/web\/20240622213818mp_\/http:\/\/www.math.us.edu.pl\/michal\/Amsterdam\/Amsterdam.html\" class=\"tile tile_ justify-content-center\" style=\"background-color: #ffffff; font-weight: ; color: #002E5A;  \">\r\n                                \r\n                                   \r\n                               \r\n                                <div class=\"tile__name\"><b>Lokalna strona Short Track Master's Programme<\/b><br>Polskoj\u0119zyczna strona zawieraj\u0105ca og\u00f3lne informacje o realizacji programu<\/div>\r\n                            <\/a><\/div>\r\n                    <\/div>\r\n                <\/div>\r\n                <div class=\"text-modules\">\r\n                    <div class=\"container\">\r\n                        \r\n                        <div class=\"text-modules__content\"><p>Koordynatorem programu w Instytucie Matematyki w latach 2009-2018 by\u0142 <a href=\"http:\/\/us.edu.pl\/instytut\/im\/pracownicy\/michal-baczynski\">prof. dr hab. Micha\u0142 Baczy\u0144ski<\/a>.<\/p>\n<\/div>\r\n                    <\/div>\r\n                <\/div>[\/vc_column][\/vc_row]<\/p>","protected":false},"excerpt":{"rendered":"<p>[vc_row][vc_column][\/vc_column][\/vc_row] [&#8230;]<\/p>\n<p><a class=\"btn btn-secondary understrap-read-more-link\" href=\"https:\/\/us.edu.pl\/instytut\/im\/wspolpraca\/stmp\/\">Read More&#8230;<\/a><\/p>\n","protected":false},"author":820,"featured_media":0,"parent":3672,"menu_order":0,"comment_status":"closed","ping_status":"closed","template":"","meta":{"_expiration-date-status":"","_expiration-date":0,"_expiration-date-type":"","_expiration-date-categories":[],"_expiration-date-options":[]},"acf":[],"_links":{"self":[{"href":"https:\/\/us.edu.pl\/instytut\/im\/wp-json\/wp\/v2\/pages\/3693"}],"collection":[{"href":"https:\/\/us.edu.pl\/instytut\/im\/wp-json\/wp\/v2\/pages"}],"about":[{"href":"https:\/\/us.edu.pl\/instytut\/im\/wp-json\/wp\/v2\/types\/page"}],"author":[{"embeddable":true,"href":"https:\/\/us.edu.pl\/instytut\/im\/wp-json\/wp\/v2\/users\/820"}],"replies":[{"embeddable":true,"href":"https:\/\/us.edu.pl\/instytut\/im\/wp-json\/wp\/v2\/comments?post=3693"}],"version-history":[{"count":10,"href":"https:\/\/us.edu.pl\/instytut\/im\/wp-json\/wp\/v2\/pages\/3693\/revisions"}],"predecessor-version":[{"id":7994,"href":"https:\/\/us.edu.pl\/instytut\/im\/wp-json\/wp\/v2\/pages\/3693\/revisions\/7994"}],"up":[{"embeddable":true,"href":"https:\/\/us.edu.pl\/instytut\/im\/wp-json\/wp\/v2\/pages\/3672"}],"wp:attachment":[{"href":"https:\/\/us.edu.pl\/instytut\/im\/wp-json\/wp\/v2\/media?parent=3693"}],"curies":[{"name":"wp","href":"https:\/\/api.w.org\/{rel}","templated":true}]}}