{"id":3911,"date":"2021-01-27T00:16:47","date_gmt":"2021-01-26T23:16:47","guid":{"rendered":"https:\/\/us.edu.pl\/instytut\/im\/?page_id=3911"},"modified":"2024-12-05T17:11:36","modified_gmt":"2024-12-05T16:11:36","slug":"o-instytucie","status":"publish","type":"page","link":"https:\/\/us.edu.pl\/instytut\/im\/o-instytucie\/","title":{"rendered":"O Instytucie"},"content":{"rendered":"<p>[vc_row][vc_column][vc_column_text]<span style=\"font-size: 12pt; font-family: verdana, geneva, sans-serif; color: #000000;\">Instytut Matematyki Uniwersytetu \u015al\u0105skiego, zlokalizowany w Katowicach przy ulicy Bankowej 14 (w pobli\u017cu Rektoratu), jest jednym z sze\u015bciu instytut\u00f3w badawczych <a href=\"https:\/\/us.edu.pl\/wydzial\/wnst\/\">Wydzia\u0142u Nauk \u015acis\u0142ych i Technicznych<\/a> (WN\u015aiT), kt\u00f3ry powsta\u0142 z dniem 1 pa\u017adziernika 2019 r, w my\u015bl zmiany struktury organizacyjnej Uczelni. Do tego dnia, Instytut by\u0142 cz\u0119\u015bci\u0105 Wydzia\u0142u Matematyki, Fizyki i Chemii.<\/span><\/p>\n<p><span style=\"font-size: 12pt; font-family: verdana, geneva, sans-serif; color: #000000;\">Instytut zatrudnia obecnie <a href=\"https:\/\/us.edu.pl\/instytut\/im\/pracownicy\/\">33 pracownik\u00f3w badawczo-dydaktycznych<\/a>, w tym 6 profesor\u00f3w tytularnych, 13 doktor\u00f3w habilitowanych, 12 doktor\u00f3w i 2 magistr\u00f3w (doktorant\u00f3w) oraz utrzymuje \u015bcis\u0142\u0105 wsp\u00f3\u0142prac\u0119 z 18 pracownikami dydaktycznymi WN\u015aiT (stanowi\u0105cymi cz\u0119\u015b\u0107 kadry Instytutu przed zmianami strukturalnymi), posiadaj\u0105cymi stopnie naukowe w dyscyplinie matematyka lub informatyka.<\/span><\/p>\n<p><span style=\"font-size: 12pt; font-family: verdana, geneva, sans-serif; color: #000000;\">Pracownicy Instytutu prowadz\u0105 badania naukowe w zakresie matematyki oraz matematycznych aspekt\u00f3w informatyki (m.in. logiki rozmytej), pracuj\u0105c indywidualnie lub dzia\u0142aj\u0105c w wyspecjalizowanych <a href=\"https:\/\/us.edu.pl\/instytut\/im\/badanie-naukowe\/zespoly-badawcze\/\">zespo\u0142ach badawczych<\/a>, niejednokro\u0107 w kooperacji z naukowcami z licznych o\u015brodk\u00f3w badawczych w kraju i zagranic\u0105. Zdecydowana wi\u0119kszo\u015b\u0107 prac naukowych pracownik\u00f3w Instytutu Matematyki publikowana jest w presti\u017cowych czasopismach o zasi\u0119gu mi\u0119dzynarodowym, indeksowanych w bazach Scopus, Web of Science itp. Badania prowadzone s\u0105 m.in.w nast\u0119puj\u0105cych obszarach, odpowiadaj\u0105cych w znacznej cz\u0119\u015bci zak\u0142adom funkcjonuj\u0105cym w Instytucie do 2019 r.:<\/span><\/p>\n<ul>\n<li><span style=\"font-size: 12pt; font-family: verdana, geneva, sans-serif; color: #000000;\">algebra i teoria liczb,<\/span><\/li>\n<li><span style=\"font-size: 12pt; font-family: verdana, geneva, sans-serif; color: #000000;\">analiza rzeczywista,<\/span><\/li>\n<li><span style=\"font-size: 12pt; font-family: verdana, geneva, sans-serif; color: #000000;\">biomatematyka,<\/span><\/li>\n<li><span style=\"font-size: 12pt; font-family: verdana, geneva, sans-serif; color: #000000;\">dydaktyka matematyki i informatyki,<\/span><\/li>\n<li><span style=\"font-size: 12pt; font-family: verdana, geneva, sans-serif; color: #000000;\">logika matematyczna,<\/span><\/li>\n<li><span style=\"font-size: 12pt; font-family: verdana, geneva, sans-serif; color: #000000;\">r\u00f3wnania i nier\u00f3wno\u015bci funkcyjne,<\/span><\/li>\n<li><span style=\"font-size: 12pt; font-family: verdana, geneva, sans-serif; color: #000000;\">r\u00f3wnania r\u00f3\u017cniczkowe,<\/span><\/li>\n<li><span style=\"font-size: 12pt; font-family: verdana, geneva, sans-serif; color: #000000;\">statystyka i matematyka finansowa,<\/span><\/li>\n<li><span style=\"font-size: 12pt; font-family: verdana, geneva, sans-serif; color: #000000;\">systemy inteligencji obliczeniowej i logika rozmyta,<\/span><\/li>\n<li><span style=\"font-size: 12pt; font-family: verdana, geneva, sans-serif; color: #000000;\">teoria mnogo\u015bci i topologia,<\/span><\/li>\n<li><span style=\"font-size: 12pt; font-family: verdana, geneva, sans-serif; color: #000000;\">teoria prawdopodobie\u0144stwa i zastosowania matematyki.<\/span><\/li>\n<\/ul>\n<p><span style=\"font-size: 12pt; font-family: verdana, geneva, sans-serif; color: #000000;\">Nieprzerwanie od 1985 r. Instytut Matematyki U\u015a\u00a0wydaje\u00a0w\u0142asne czasopismo naukowe <a href=\"http:\/\/www.math.us.edu.pl\/annales\/\"><em>Annales Mathematicae Silesianae <\/em><\/a>o zasi\u0119gu mi\u0119dzynarodowym, publikuj\u0105ce prace badawcze i przegl\u0105dowe w zakresie szeroko poj\u0119tej matematyki teoretycznej i stosowanej. Wspomniany rok 85 \u00a0jest w istocie jedynie formaln\u0105 dat\u0105 rozpocz\u0119cia dzia\u0142alno\u015bci czasopisma w obecnej formie, gdy\u017c ju\u017c wcze\u015bniej, od 1969 r. pod redakcj\u0105 pracownik\u00f3w Instytutu Matematyki wydawana by\u0142a seria <a href=\"https:\/\/sbc.org.pl\/dlibra\/results?q=Prace+Naukowe+Uniwersytetu+\u015al\u0105skiego+w+Katowicach.+Prace+Matematyczne.&amp;action=SimpleSearchAction&amp;type=-6&amp;p=0\"><em>Prace Matematyczne<\/em><\/a> w czasopi\u015bmie <em>Prace Naukowe Uniwersytetu \u015al\u0105skiego w Katowicach<\/em>. Od 2021 r. czasopismo indeksowane jest w <em>Emerging Sources Citation Index<\/em>, tj. jednym z indeks\u00f3w cytowa\u0144 dost\u0119pnych za po\u015brednictwem bazy <a href=\"https:\/\/apps.webofknowledge.com\/WOS_GeneralSearch_input.do?product=WOS&amp;search_mode=GeneralSearch&amp;SID=C1wWHEUSfzWKSQ1CuMa&amp;preferencesSaved=\">Web of Science<\/a>.<\/span><\/p>\n<p><span style=\"font-size: 12pt; font-family: verdana, geneva, sans-serif; color: #000000;\">W ramach swych obowi\u0105zk\u00f3w dydaktycznych, pracownicy Instytutu Matematyki (oraz wsp\u00f3\u0142pracuj\u0105cy nauczyciele akademiccy WN\u015aiT) prowadz\u0105 zaj\u0119cia na rozmaitych kierunkach studi\u00f3w, m.in. na matematyce, informatyce stosowanej i in\u017cynierskiej, biologii, biotechnologii, ochronie \u015brodowiska, chemii, fizyce, mechatronice, pedagogice oraz zarz\u0105dzaniu zasobami ludzkimi, a tak\u017ce w dzia\u0142aj\u0105cej od pocz\u0105tku 2019 roku <a href=\"https:\/\/us.edu.pl\/szkola-doktorska\/\">Szkole Doktorskiej<\/a>. Ponadto, podejmuj\u0105 si\u0119 opieki naukowej nad adeptami wszystkich trzech stopni studi\u00f3w, promuj\u0105c i recenzuj\u0105c prace licencjackie, magisterskie i doktorskie, jak r\u00f3wnie\u017c zasiadaj\u0105 w komisjach habilitacyjnych, dokonuj\u0105c oceny dorobku naukowego wnioskodawc\u00f3w i rozstrzygaj\u0105c o kwestii przyznania awansu naukowego.<\/span><\/p>\n<p><span style=\"font-size: 12pt; font-family: verdana, geneva, sans-serif; color: #000000;\">Jednym z najbardziej znamiennych osi\u0105gni\u0119\u0107 Instytutu Matematyki U\u015a w obszarze dzia\u0142alno\u015bci dydaktycznej w ci\u0105gu ostatnich lat jest nazwi\u0105zanie w 2014 r. wsp\u00f3\u0142pracy z <a href=\"https:\/\/www.univaq.it\/en\/\">Uniwersytetem l\u2019Aquila<\/a> we W\u0142oszech w ramach programu <a href=\"https:\/\/us.edu.pl\/instytut\/im\/wspolpraca\/intermaths\/\">Realmaths \u2013 International Double Msc Degree Programme in Mathematics for Real World Applications<\/a>. Jest to program studi\u00f3w magisterskich (II stopnia) w zakresie matematyki stosowanej, oferuj\u0105cy studentom uniwersytet\u00f3w zrzeszonych w konsorcjum sp\u0119dzenie jednego roku studi\u00f3w na uniwersytecie partnerskim. Zwie\u0144czeniem studi\u00f3w w ramach tego programu jest uzyskanie dyplom\u00f3w dw\u00f3ch uczelni (jednostki macierzystej i uniwersytetu partnerskiego) poprzez obron\u0119 jednej pracy dyplomowej.<\/span><\/p>\n<p><span style=\"font-size: 12pt; font-family: verdana, geneva, sans-serif; color: #000000;\">Warto tutaj r\u00f3wnie\u017c wspomnie\u0107 o realizowanym od 2018 r. projekcie dydaktycznym <a href=\"http:\/\/www.math.us.edu.pl\/AKNMI\/\"><em>Aktywny i kreatywny nauczyciel matematyki i informatyki<\/em><\/a>, wsp\u00f3\u0142finansowanym przez <a href=\"https:\/\/www.funduszeeuropejskie.gov.pl\/strony\/o-funduszach\/europejski-fundusz-spoleczny\/\">Europejski Fundusz Spo\u0142eczny<\/a> w ramach <a href=\"https:\/\/www.power.gov.pl\">Programu Operacyjnego Wiedza Edukacja Rozw\u00f3j<\/a>, kt\u00f3rego celem jest zdobycie praktycznego do\u015bwiadczenia oraz podniesienie kompetencji pedagogicznych i spo\u0142ecznych student\u00f3w studi\u00f3w stacjonarnych I i II stopnia kierunku matematyka na specjalno\u015bci nauczycielskiej, a tak\u017ce zwi\u0119kszenie jako\u015bci i efektywno\u015bci kszta\u0142cenia poprzez wdro\u017cenie zmodyfikowanych program\u00f3w kszta\u0142cenia.<\/span><\/p>\n<p><span style=\"font-size: 12pt; font-family: verdana, geneva, sans-serif; color: #000000;\">W\u015br\u00f3d najwa\u017cniejszych wydarze\u0144 cyklicznych organizowanych lub wsp\u00f3\u0142organizowanych przez Instytut Matematyki nale\u017cy wymieni\u0107 wymieni\u0107 m.in.<\/span><\/p>\n<ul>\n<li><span style=\"font-size: 12pt; font-family: verdana, geneva, sans-serif; color: #000000;\"><a href=\"https:\/\/us.edu.pl\/instytut\/im\/badanie-naukowe\/wyklad-im-prof-andrzeja-lasoty\/\">Wyk\u0142ad im. Profesora Lasoty<\/a>, organizowany nieprzerwanie od 2008 r. dla uczczenia dzie\u0142a i osoby \u015bp. prof. Andrzeja Lasoty, wybitnego matematyka, d\u0142ugoletniego pracownika Instytutu Matematyki oraz Doktora Honoris Causa U\u015a. W ramach corocznych spotka\u0144 do wyg\u0142oszenia wyk\u0142adu zapraszani s\u0105 uczeni o niepodwa\u017calnych osi\u0105gni\u0119ciach w zakresie teorii lub zastosowa\u0144 nauk \u015bcis\u0142ych.<\/span><\/li>\n<li><span style=\"font-size: 12pt; font-family: verdana, geneva, sans-serif; color: #000000;\"><a href=\"https:\/\/us.edu.pl\/instytut\/im\/badanie-naukowe\/konferencje\/lsim\/\">Letni\u0105 Szko\u0142\u0119 Instytutu Matematyki<\/a> \u2013 doroczn\u0105 konferencj\u0119 organizowan\u0105 przez Instytut, w ramach kt\u00f3rej prezentowane s\u0105 wyniki bada\u0144 pracownik\u00f3w Instytutu Matematyki oraz zapraszanych go\u015bci z krajowych i zagranicznych o\u015brodk\u00f3w naukowych.<\/span><\/li>\n<li><span style=\"font-size: 12pt; font-family: verdana, geneva, sans-serif; color: #000000;\">Mi\u0119dzynarodow\u0105 konferencj\u0119 <a href=\"http:\/\/alant.math.us.edu.pl\">Joint Conferences on Algebra, Logic and Number Theory<\/a>, organizowan\u0105 co dwa lata przez Instytut Matematyki U\u015a, wsp\u00f3lnie Instytutem Matematycznym Polskiej Akademii Nauk lub University of Ostrava w Czechach, po\u015bwi\u0119con\u0105 g\u0142\u00f3wnie algebrze, teorii liczb oraz teorii modeli.<\/span><\/li>\n<li><span style=\"font-size: 12pt; font-family: verdana, geneva, sans-serif; color: #000000;\">Konferencj\u0119 <a href=\"http:\/\/www.applications-of-logic.uni.wroc.pl\">Zastosowania Logiki w Filozofii i Podstawach Matematyki<\/a>, organizowan\u0105 wsp\u00f3lnie przez Instytut Matematyki U\u015a, Uniwersytet Opolski oraz Uniwersytet Wroc\u0142awski.<\/span><\/li>\n<li><span style=\"font-size: 12pt; font-family: verdana, geneva, sans-serif; color: #000000;\">Cykle seminari\u00f3w naukowych\u00a0<a href=\"http:\/\/www.math.us.edu.pl\/K-DWSfe.html\">Katowice-Debrecen Winter Seminars Functional Equations and Inequalities<\/a><em>,<\/em>\u00a0organizowane wsp\u00f3lnie przez Instytut Matematyki U\u015a oraz University of Debrecen na W\u0119grzech, po\u015bwi\u0119conych tematyce r\u00f3wna\u0144 i nier\u00f3wno\u015bci funkcyjnych.<\/span><\/li>\n<li><span style=\"font-size: 12pt; font-family: verdana, geneva, sans-serif; color: #000000;\">Doroczny og\u00f3lnopolski <a href=\"https:\/\/us.edu.pl\/instytut\/im\/badanie-naukowe\/konkurs-im-marka-kuczmy\/\">Konkurs im. Marka Kuczmy<\/a> na najlepsz\u0105 polsk\u0105 prac\u0119 z r\u00f3wna\u0144 funkcyjnych i zagadnie\u0144 pokrewnych, organizowany nieprzerwanie od 1975 roku.<\/span><\/li>\n<li><span style=\"font-size: 12pt; font-family: verdana, geneva, sans-serif; color: #000000;\"><a href=\"https:\/\/us.edu.pl\/wydzial\/wnst\/wspolpraca\/szkoly\/swieto-liczby-pi\/\">\u015awi\u0119to liczby Pi<\/a>, czyli jedno z najwa\u017cniejszych wydarze\u0144 popularnonaukowych promuj\u0105cych studia na kierunkach \u015bcis\u0142ych, organizowane corocznie 14 marca przez Instytut Matematyki we wsp\u00f3\u0142pracy z pozosta\u0142ymi jednostkami WN\u015aiT.<\/span><\/li>\n<\/ul>\n<p>[\/vc_column_text][\/vc_column][vc_column][\/vc_column][\/vc_row]<\/p>","protected":false},"excerpt":{"rendered":"<p>[vc_row][vc_column][vc_column_text]Instytut Matematyki Uniwersytetu \u015al\u0105skiego, zlokalizowany w Katowicach przy ulicy Bankowej 14 (w pobli\u017cu Rektoratu), jest jednym z sze\u015bciu instytut\u00f3w badawczych Wydzia\u0142u Nauk \u015acis\u0142ych i Technicznych (WN\u015aiT), kt\u00f3ry powsta\u0142 z dniem 1 pa\u017adziernika 2019 r, w my\u015bl zmiany struktury organizacyjnej Uczelni. Do tego dnia, Instytut by\u0142 cz\u0119\u015bci\u0105 Wydzia\u0142u Matematyki, Fizyki i Chemii. Instytut zatrudnia obecnie 33 [&#8230;]<\/p>\n<p><a class=\"btn btn-secondary understrap-read-more-link\" href=\"https:\/\/us.edu.pl\/instytut\/im\/o-instytucie\/\">Read More&#8230;<\/a><\/p>\n","protected":false},"author":820,"featured_media":0,"parent":0,"menu_order":0,"comment_status":"closed","ping_status":"closed","template":"page-templates\/page-with-tables.php","meta":{"_expiration-date-status":"","_expiration-date":0,"_expiration-date-type":"","_expiration-date-categories":[],"_expiration-date-options":[]},"acf":[],"_links":{"self":[{"href":"https:\/\/us.edu.pl\/instytut\/im\/wp-json\/wp\/v2\/pages\/3911"}],"collection":[{"href":"https:\/\/us.edu.pl\/instytut\/im\/wp-json\/wp\/v2\/pages"}],"about":[{"href":"https:\/\/us.edu.pl\/instytut\/im\/wp-json\/wp\/v2\/types\/page"}],"author":[{"embeddable":true,"href":"https:\/\/us.edu.pl\/instytut\/im\/wp-json\/wp\/v2\/users\/820"}],"replies":[{"embeddable":true,"href":"https:\/\/us.edu.pl\/instytut\/im\/wp-json\/wp\/v2\/comments?post=3911"}],"version-history":[{"count":10,"href":"https:\/\/us.edu.pl\/instytut\/im\/wp-json\/wp\/v2\/pages\/3911\/revisions"}],"predecessor-version":[{"id":7032,"href":"https:\/\/us.edu.pl\/instytut\/im\/wp-json\/wp\/v2\/pages\/3911\/revisions\/7032"}],"wp:attachment":[{"href":"https:\/\/us.edu.pl\/instytut\/im\/wp-json\/wp\/v2\/media?parent=3911"}],"curies":[{"name":"wp","href":"https:\/\/api.w.org\/{rel}","templated":true}]}}