{"id":4134,"date":"2021-02-28T21:56:34","date_gmt":"2021-02-28T20:56:34","guid":{"rendered":"https:\/\/us.edu.pl\/instytut\/im\/?page_id=4134"},"modified":"2021-04-16T18:37:57","modified_gmt":"2021-04-16T16:37:57","slug":"edycja-stron","status":"publish","type":"page","link":"https:\/\/us.edu.pl\/instytut\/im\/edycja-stron\/","title":{"rendered":"Edycja strony profilowej pracownika &#8211; pierwsze kroki"},"content":{"rendered":"<p>[vc_row][vc_column width=&#8221;2\/3&#8243;][vc_column_text]<span style=\"font-size: 12pt;font-family: 'trebuchet ms', geneva, sans-serif\">System <strong>WordPress<\/strong>, na bazie kt\u00f3rego zbudowana jest nowa\u00a0<strong>witryna Instytutu Matematyki<\/strong> (oraz ca\u0142y serwis internetowy Uniwersytetu \u015al\u0105skiego), umo\u017cliwia edycj\u0119 okre\u015blonych stron oraz tworzenie nowych wszystkim pracownikom U\u015a dysponuj\u0105cym odpowiednimi uprawnieniami.<\/span><\/p>\n<p><span style=\"font-size: 12pt;font-family: 'trebuchet ms', geneva, sans-serif\">W szczeg\u00f3lno\u015bci, ka\u017cdy z pracownik\u00f3w IM oraz pracownik\u00f3w dydaktycznych WN\u015aiT zwi\u0105zanych z kierunkiem matematyka ma <strong>mo\u017cliwo\u015b\u0107 edycji swojej strony profilowej\u00a0<\/strong>wchodz\u0105cej w sk\u0142ad nowej witryny IM (do kt\u00f3rej przej\u015b\u0107 mo\u017cna\u00a0<a href=\"https:\/\/us.edu.pl\/instytut\/im\/strona-glownaim\/pracownicy\/wykaz-alfabetyczny\/\">tutaj<\/a>, klikaj\u0105c w odpowiednie \u0142\u0105cze) oraz utworzenia nowej strony (z dodatkowymi materia\u0142ami), kt\u00f3r\u0105 podpi\u0105\u0107 mo\u017cna do wspomnianej strony profilowej. Na stronach profilowych znajduj\u0105 si\u0119 podstawowe informacje o pracownikach (tj. dane kontaktowe, informacje o stanowisku i specjalno\u015bci, ORCiD) oraz zak\u0142adki, przeznaczone mi\u0119dzy innymi na <strong>CV<\/strong> oraz <strong>spis publikacji<\/strong>. Po utworzeniu i aktywacji konta w systemie WordPress oraz uzyskaniu odpowiednich uprawnie\u0144 do edycji stron, mo\u017cna w szczeg\u00f3lno\u015bci samodzielnie edytowa\u0107 zawarto\u015b\u0107 tych zak\u0142adek (uzupe\u0142niaj\u0105c lub aktualizuj\u0105c swoje CV, list\u0119 publikacji itd.).<\/span>[\/vc_column_text][\/vc_column][vc_column width=&#8221;1\/3&#8243;][vc_single_image image=&#8221;2004&#8243; img_size=&#8221;full&#8221; add_caption=&#8221;yes&#8221; onclick=&#8221;link_image&#8221;][\/vc_column][\/vc_row][vc_row][vc_column][vc_column_text]<span style=\"font-size: 18pt\"><strong><span style=\"font-family: 'trebuchet ms', geneva, sans-serif;color: #003366\">Aktywacja konta w systemie WordPress i edycja stron<\/span><\/strong><\/span><\/p>\n<hr \/>\n<p><span style=\"font-size: 12pt;font-family: 'trebuchet ms', geneva, sans-serif\">Aby <span style=\"color: #000000\"><strong>utworzy\u0107 konto w systemie WordPress oraz otrzyma\u0107 odpowiednie uprawnienia<\/strong><\/span> nale\u017cy na pocz\u0105tek wykona\u0107 nast\u0119puj\u0105ce kroki:<\/span><\/p>\n<ol>\n<li><span style=\"font-family: 'trebuchet ms', geneva, sans-serif;font-size: 12pt\"><span style=\"color: #ff0000\"><strong>Zalogowa\u0107 si\u0119 do wewn\u0119trznej sieci uczelnianej<\/strong><\/span>\u00a0<a href=\"https:\/\/logowanie.us.edu.pl\/cas\/login?service=https%3A%2F%2Fus.edu.pl%2Fpracownik%2Fwp-content%2Fthemes%2Funiwersytet-slaski%2Fcas.php%3Fback%3Dhttps%3A%2F%2Fus.edu.pl%2Fpracownik%2F&amp;renew=true\"><strong>Intranet<\/strong><\/a> za pomoc\u0105 loginu i has\u0142a CSA (czyli takich samych jak np. te do systemu USOS). Samo zalogowanie do tej sieci (bez wykonywania jakichkolwiek dodatkowych czynno\u015bci) powinno spowodowa\u0107 utworzenia konta w systemie WordPress (przy czym, nie pojawi si\u0119 tutaj \u017caden komunikat zwrotny informuj\u0105cy o tym fakcie).<\/span><\/li>\n<li><span style=\"font-family: 'trebuchet ms', geneva, sans-serif;font-size: 12pt\"><strong>Pobra\u0107 i zainstalowa\u0107 klienta Open VPN <\/strong>(post\u0119puj\u0105c zgodnie instrukcj\u0105 zamieszczon\u0105 <strong><a href=\"https:\/\/us.edu.pl\/instytut\/im\/wp-content\/uploads\/sites\/43\/Dokumenty\/Wordpress\/instrukcja_OPENVPN.pdf\">tutaj<\/a><\/strong>), umo\u017cliwiaj\u0105cego nawi\u0105zanie zdalnego po\u0142\u0105czenia z sieci\u0105 uniwersyteck\u0105 (poprzez wprowadzenie loginu i has\u0142a do poczty U\u015a). Klienta mo\u017cna pobra\u0107 klikaj\u0105c w odpowiedni link poni\u017cej:<\/span>\n<ul style=\"list-style-type: square\">\n<li><span style=\"font-size: 12pt;font-family: 'trebuchet ms', geneva, sans-serif\"><a href=\"https:\/\/pliki.us.edu.pl\/site\/download\/WWW_VPN\/openvpn-VPN-DPiSWWW-TCP4-1194-VPN-install-2.4.8-I602-Win10.exe\">dla Windows 10<\/a>,<\/span><\/li>\n<li><span style=\"font-size: 12pt;font-family: 'trebuchet ms', geneva, sans-serif\"><a href=\"https:\/\/pliki.us.edu.pl\/site\/download\/WWW_VPN\/openvpn-VPN-DPiSWWW-TCP4-1194-VPN-install-2.4.8-I602-Win7.exe\">dla Windows 7, 8 oraz 8.1<\/a>,<\/span><\/li>\n<li><span style=\"font-family: 'trebuchet ms', geneva, sans-serif;font-size: 12pt\"><a href=\"https:\/\/pliki.us.edu.pl\/site\/download\/WWW_VPN\/VPN-DPiSWWW-TCP4-1194-VPN-Viscosity.visc.zip\">dla iOS (komputery Mac)<\/a>.<br \/>\n<\/span><\/li>\n<\/ul>\n<\/li>\n<li><span style=\"font-family: 'trebuchet ms', geneva, sans-serif;font-size: 12pt\"><strong>Po otrzymaniu e-maila z zaproszeniem do wsp\u00f3\u0142tworzenia witryny, klikn\u0105\u0107 na zamieszczony w nim link aktywacyjny<\/strong>, b\u0119d\u0105c jednocze\u015bnie po\u0142\u0105czonym z sieci\u0105 uniwersyteck\u0105 przez zainstalowanego wcze\u015bniej klienta VPN (wspomniany e-mail wysy\u0142any jest r\u0119cznie przez administratora witryny, dlatego te\u017c nie przychodzi natychmiast po zalogowaniu do Intranetu).\u00a0Po aktywacji konta i wej\u015bciu na <a href=\"https:\/\/us.edu.pl\/instytut\/im\/\">stron\u0119 IM<\/a>\u00a0(za pomoc\u0105 przegl\u0105darki <strong>Google Chrome<\/strong>), w g\u00f3rnej cz\u0119\u015bci strony powinien pojawi\u0107 si\u0119 dodatkowy pasek zawieraj\u0105cy opcje edycji stron oraz dost\u0119pu do kokpitu WordPress. <\/span><\/li>\n<li><span style=\"font-size: 12pt;font-family: 'trebuchet ms', geneva, sans-serif\"><strong>Otworzy\u0107 kokpit WordPress, <\/strong>wybieraj\u0105c ze wspomnianego paska opcj\u0119 <strong>Moje Witryny \u2192 Instytut Matematyki \u2192 Kokpit.<\/strong>\u00a0UWAGA: System WordPress wykorzystuje pliki cookie. Dlatego te\u017c korzystanie z niego wymaga w\u0142\u0105czenia w przegl\u0105darce odpowiednich zezwole\u0144 (zmiana tych ustawie\u0144 jest mo\u017cliwa z menu przegl\u0105darki: <strong>ustawienia \u2192 zaawansowane \u2192 ustawienia witryn \u2192 pliki cookie i dane stron<\/strong>), przy czym s\u0105 one zwykle domy\u015blnie w\u0142\u0105czone.<\/span><\/li>\n<li><span style=\"font-size: 12pt;font-family: 'trebuchet ms', geneva, sans-serif\"><strong>Na pasku bocznym w kokpicie wybra\u0107 opcj\u0119<\/strong> <strong>Strony<\/strong>, a nast\u0119pnie wyszuka\u0107 odpowiedni\u0105 stron\u0119 profilow\u0105 wpisuj\u0105c swoje nazwisko obok przycisku <strong>Szukaj stron<\/strong>.<\/span><\/li>\n<li><span style=\"font-size: 12pt;font-family: 'trebuchet ms', geneva, sans-serif\"><strong>Najecha\u0107 kursorem myszy na nazw\u0119 strony i klikn\u0105\u0107 opcj\u0119<\/strong> <strong>Edytuj<\/strong>. Je\u017celi taka opcja nie jest dost\u0119pna, oznacza to, \u017ce administrator nie nada\u0142 jeszcze odpowiednich uprawnie\u0144 do edycji strony (kt\u00f3re r\u00f3wnie\u017c nadawane s\u0105 <em>r\u0119cznie)<\/em>. <strong>Odpowiednie uprawnienia nadane zostan\u0105 najprawdopodobniej w przeci\u0105gu kilku dni od aktywacji konta<\/strong>. Panel edycji strony mo\u017cna r\u00f3wnie\u017c otworzy\u0107 w inny spos\u00f3b: wystarczy wej\u015b\u0107 na swoj\u0105 stron\u0119 profilow\u0105 z poziomu przegl\u0105darki (np. korzystaj\u0105c z menu witryny IM), a nast\u0119pnie wybra\u0107 na pasku WordPress opcj\u0119 <strong>Edytuj stron\u0119<\/strong>.<\/span><\/li>\n<\/ol>\n<p><span style=\"font-size: 12pt;font-family: 'trebuchet ms', geneva, sans-serif\">Znacznie dok\u0142adniejszy opis powy\u017cszych czynno\u015bci oraz kr\u00f3tkie om\u00f3wienie sposobu edycji stron oraz korzystania z tzw. biblioteki medi\u00f3w <strong>mo\u017cna znale\u017a\u0107 w instrukcji<\/strong> zamieszczonej <a href=\"https:\/\/us.edu.pl\/instytut\/im\/wp-content\/uploads\/sites\/43\/Dokumenty\/Wordpress\/instrukcja_Wordpress_dczapla_0h@xqzx.pdf\"><strong>tutaj<\/strong><\/a>.<\/span>[\/vc_column_text][\/vc_column][\/vc_row][vc_row][vc_column][vc_column_text]<span style=\"font-size: 18pt\"><strong><span style=\"font-family: 'trebuchet ms', geneva, sans-serif;color: #003366\">\u0141\u0105cza do przydatnych tutoriali<\/span><\/strong><\/span><\/p>\n<hr \/>\n<ul style=\"list-style-type: square\">\n<li><span style=\"font-size: 12pt;font-family: 'trebuchet ms', geneva, sans-serif\"><a href=\"https:\/\/us.edu.pl\/instytut\/im\/wp-content\/uploads\/sites\/43\/Dokumenty\/Wordpress\/instrukcja_Wordpress_dczapla_0h@xqzx.pdf\">Opis aktywacji konta w systemie WordPress i pierwszych krok\u00f3w w edycji stron<\/a><\/span><\/li>\n<li><span style=\"font-size: 12pt;font-family: 'trebuchet ms', geneva, sans-serif\"><a href=\"https:\/\/us.edu.pl\/instytut\/im\/wp-content\/uploads\/sites\/43\/Dokumenty\/Wordpress\/instrukcja_OPENVPN_vC5u.pdf\">Instrukcja instalacji klienta Open VPN<\/a><\/span><\/li>\n<li><span style=\"font-size: 12pt;font-family: 'trebuchet ms', geneva, sans-serif\"><a href=\"https:\/\/us.edu.pl\/instytut\/im\/wp-content\/uploads\/sites\/43\/Dokumenty\/Wordpress\/InstrukcjaWordPress_x2e8kofg.pdf\">Szczeg\u00f3\u0142owa instrukcja obs\u0142ugi systemu WordPress i edycji stron w serwisie Uniwersytetu \u015al\u0105skiego<\/a><\/span><\/li>\n<li><span style=\"font-size: 12pt;font-family: 'trebuchet ms', geneva, sans-serif\"><a href=\"https:\/\/www.dropbox.com\/sh\/lsgdhi8dhmmw301\/AACpm_K-x-JhpClHPn16rasRa?dl=0\">Instrukcje edycji stron w systemie WordPress w formie nagra\u0144 video<\/a><\/span><\/li>\n<\/ul>\n<p>[\/vc_column_text][\/vc_column][\/vc_row]<\/p>","protected":false},"excerpt":{"rendered":"<p>[vc_row][vc_column width=&#8221;2\/3&#8243;][vc_column_text]System WordPress, na bazie kt\u00f3rego zbudowana jest nowa\u00a0witryna Instytutu Matematyki (oraz ca\u0142y serwis internetowy Uniwersytetu \u015al\u0105skiego), umo\u017cliwia edycj\u0119 okre\u015blonych stron oraz tworzenie nowych wszystkim pracownikom U\u015a dysponuj\u0105cym odpowiednimi uprawnieniami. W szczeg\u00f3lno\u015bci, ka\u017cdy z pracownik\u00f3w IM oraz pracownik\u00f3w dydaktycznych WN\u015aiT zwi\u0105zanych z kierunkiem matematyka ma mo\u017cliwo\u015b\u0107 edycji swojej strony profilowej\u00a0wchodz\u0105cej w sk\u0142ad nowej witryny IM [&#8230;]<\/p>\n<p><a class=\"btn btn-secondary understrap-read-more-link\" href=\"https:\/\/us.edu.pl\/instytut\/im\/edycja-stron\/\">Read More&#8230;<\/a><\/p>\n","protected":false},"author":820,"featured_media":0,"parent":0,"menu_order":0,"comment_status":"closed","ping_status":"closed","template":"page-templates\/page-with-tables.php","meta":{"_expiration-date-status":"saved","_expiration-date":0,"_expiration-date-type":"","_expiration-date-categories":[],"_expiration-date-options":[]},"acf":[],"_links":{"self":[{"href":"https:\/\/us.edu.pl\/instytut\/im\/wp-json\/wp\/v2\/pages\/4134"}],"collection":[{"href":"https:\/\/us.edu.pl\/instytut\/im\/wp-json\/wp\/v2\/pages"}],"about":[{"href":"https:\/\/us.edu.pl\/instytut\/im\/wp-json\/wp\/v2\/types\/page"}],"author":[{"embeddable":true,"href":"https:\/\/us.edu.pl\/instytut\/im\/wp-json\/wp\/v2\/users\/820"}],"replies":[{"embeddable":true,"href":"https:\/\/us.edu.pl\/instytut\/im\/wp-json\/wp\/v2\/comments?post=4134"}],"version-history":[{"count":5,"href":"https:\/\/us.edu.pl\/instytut\/im\/wp-json\/wp\/v2\/pages\/4134\/revisions"}],"predecessor-version":[{"id":4236,"href":"https:\/\/us.edu.pl\/instytut\/im\/wp-json\/wp\/v2\/pages\/4134\/revisions\/4236"}],"wp:attachment":[{"href":"https:\/\/us.edu.pl\/instytut\/im\/wp-json\/wp\/v2\/media?parent=4134"}],"curies":[{"name":"wp","href":"https:\/\/api.w.org\/{rel}","templated":true}]}}