{"id":447,"date":"2020-01-30T03:31:38","date_gmt":"2020-01-30T02:31:38","guid":{"rendered":"http:\/\/us.edu.pl\/instytut\/im\/?page_id=447"},"modified":"2024-10-19T10:55:54","modified_gmt":"2024-10-19T08:55:54","slug":"lacza","status":"publish","type":"page","link":"https:\/\/us.edu.pl\/instytut\/im\/strona-glownaim\/lacza\/","title":{"rendered":"Przydatne \u0142\u0105cza"},"content":{"rendered":"<p>[vc_row][vc_column]\r\n                <div class=\"text-modules\">\r\n                    <div class=\"container\">\r\n                        \r\n                        <div class=\"text-modules__content\"><p><span style=\"font-size: 24pt; color: #003366;\">Nauka<\/span><\/p>\n<\/div>\r\n                    <\/div>\r\n                <\/div>[\/vc_column][\/vc_row][vc_row][vc_column css=&#8221;.vc_custom_1581823338449{margin-top: -50px !important;}&#8221;]\r\n                <div class=\"tiles-section\" style=\"background: \">\r\n                    <div class=\"container\">\r\n                        <div class=\"tiles tiles-5\">\r\n\r\n                            <a href=\"https:\/\/www.ciniba.edu.pl\" class=\"tile tile_info\" style=\"background-color: #ffffff;  \">\r\n                                 <div class=\"tile_info__title\">CINiBA<\/div>\r\n                                <div class=\"tile_info__subtitle\">Centrum Informacji Naukowej i Biblioteka Akademicka<\/div>\r\n                            <\/a>\r\n\r\n                            <a href=\"https:\/\/ciniba.edu.pl\/system-e-zgloszenie\/\" class=\"tile tile_info\" style=\"background-color: #ffffff;  \">\r\n                                 <div class=\"tile_info__title\">Bibliografia Dorobku Pracownik\u00f3w U\u015a<\/div>\r\n                                <div class=\"tile_info__subtitle\">System umo\u017cliwiaj\u0105cy zg\u0142aszanie publikacji drog\u0105 elektroniczn\u0105<\/div>\r\n                            <\/a>\r\n\r\n                            <a href=\"https:\/\/opus.us.edu.pl\/index.seam\" class=\"tile tile_info\" style=\"background-color: #ffffff;  \">\r\n                                 <div class=\"tile_info__title\">OPUS<\/div>\r\n                                <div class=\"tile_info__subtitle\">Portal zarz\u0105dzania wiedz\u0105 i potencja\u0142em badawczym<\/div>\r\n                            <\/a>\r\n\r\n                            <a href=\"https:\/\/pp.us.edu.pl\" class=\"tile tile_info\" style=\"background-color: #ffffff;  \">\r\n                                 <div class=\"tile_info__title\">Portal pracownika<\/div>\r\n                                <div class=\"tile_info__subtitle\">Publikacje, projekty i wyniki ankiet studenckich<\/div>\r\n                            <\/a>\r\n\r\n                            <a href=\"http:\/\/bip.us.edu.pl\" class=\"tile tile_info\" style=\"background-color: #ffffff;  \">\r\n                                 <div class=\"tile_info__title\">bip<\/div>\r\n                                <div class=\"tile_info__subtitle\">Biuletyn informacji publicznej U\u015a<\/div>\r\n                            <\/a>\r\n\r\n                            <a href=\"https:\/\/www.gov.pl\/web\/nauka\/komunikat-ministra-nauki-z-dnia-05-stycznia-2024-r-w-sprawie-wykazu-czasopism-naukowych-i-recenzowanych-materialow-z-konferencji-miedzynarodowych\" class=\"tile tile_info\" style=\"background-color: #ffffff;  \">\r\n                                 <div class=\"tile_info__title\">Punktacja czasopism<\/div>\r\n                                <div class=\"tile_info__subtitle\">Wykaz czasopism naukowych MNiSW z dnia 5.01.2024 r.<\/div>\r\n                            <\/a>\r\n\r\n                            <a href=\"https:\/\/zbmath.org\" class=\"tile tile_info\" style=\"background-color: #ffffff;  \">\r\n                                 <div class=\"tile_info__title\">Zentralblatt<\/div>\r\n                                <div class=\"tile_info__subtitle\">Mi\u0119dzynarodowy system recenzencki<\/div>\r\n                            <\/a>\r\n\r\n                            <a href=\"https:\/\/mathscinet.ams.org\/mathscinet\/search.html\" class=\"tile tile_info\" style=\"background-color: #ffffff;  \">\r\n                                 <div class=\"tile_info__title\">MathSciNet Mathematical Reviews<\/div>\r\n                                <div class=\"tile_info__subtitle\">Baza bibliograficzna American Mathematical Society<\/div>\r\n                            <\/a>\r\n\r\n                            <a href=\"https:\/\/www.crossref.org\" class=\"tile tile_info\" style=\"background-color: #ffffff;  \">\r\n                                 <div class=\"tile_info__title\">Crossref<\/div>\r\n                                <div class=\"tile_info__subtitle\">Dane bibliograficzne prac naukowych Rekordy w BibTeX<\/div>\r\n                            <\/a>\r\n\r\n                            <a href=\"https:\/\/mathscinet.ams.org\/msc\/msc2010.html\" class=\"tile tile_info\" style=\"background-color: #ffffff;  \">\r\n                                 <div class=\"tile_info__title\">MSC 2010<\/div>\r\n                                <div class=\"tile_info__subtitle\">2010 Mathematics Subject Classification<\/div>\r\n                            <\/a><\/div>\r\n                    <\/div>\r\n                <\/div>[vc_empty_space]\r\n                <div class=\"text-modules\">\r\n                    <div class=\"container\">\r\n                        \r\n                        <div class=\"text-modules__content\"><p><span style=\"font-size: 24pt; color: #003366;\">Studia<\/span><\/p>\n<\/div>\r\n                    <\/div>\r\n                <\/div>[\/vc_column][\/vc_row][vc_row][vc_column css=&#8221;.vc_custom_1581823428773{margin-top: -50px !important;}&#8221;]\r\n                <div class=\"tiles-section\" style=\"background: \">\r\n                    <div class=\"container\">\r\n                        <div class=\"tiles tiles-5\">\r\n\r\n                            <a href=\"https:\/\/us.edu.pl\/wydzial\/wnst\/\" class=\"tile tile_info\" style=\"background-color: #ffffff;  \">\r\n                                 <div class=\"tile_info__title\">WN\u015aiT<\/div>\r\n                                <div class=\"tile_info__subtitle\">Witryna Wydzia\u0142u Nauk \u015acis\u0142ych i Technicznych U\u015a<\/div>\r\n                            <\/a>\r\n\r\n                            <a href=\"https:\/\/usosweb.us.edu.pl\/\" class=\"tile tile_info\" style=\"background-color: #ffffff;  \">\r\n                                 <div class=\"tile_info__title\">USOS web<\/div>\r\n                                <div class=\"tile_info__subtitle\">Uniwersytecki System Obs\u0142ugi Studi\u00f3w<\/div>\r\n                            <\/a>\r\n\r\n                            <a href=\"http:\/\/plan.ii.us.edu.pl\" class=\"tile tile_info\" style=\"background-color: #ffffff;  \">\r\n                                 <div class=\"tile_info__title\">Plany zaj\u0119\u0107<\/div>\r\n                                <div class=\"tile_info__subtitle\">System planowania zaj\u0119\u0107 i rezerwacji sal dla WN\u015aiT<\/div>\r\n                            <\/a>\r\n\r\n                            <a href=\"https:\/\/apd.us.edu.pl\" class=\"tile tile_info\" style=\"background-color: #ffffff;  \">\r\n                                 <div class=\"tile_info__title\">APD<\/div>\r\n                                <div class=\"tile_info__subtitle\">Archiwum Prac Dyplomowych Uniwersytetu \u015al\u0105skiego w Katowicach<\/div>\r\n                            <\/a>\r\n\r\n                            <a href=\"https:\/\/el.us.edu.pl\/wnst\/\" class=\"tile tile_info\" style=\"background-color: #ffffff;  \">\r\n                                 <div class=\"tile_info__title\">E-learning<\/div>\r\n                                <div class=\"tile_info__subtitle\">Platforma nauczania na odleg\u0142o\u015b\u0107 U\u015a (Moodle)<\/div>\r\n                            <\/a>\r\n\r\n                            <a href=\"https:\/\/informator.us.edu.pl\" class=\"tile tile_info\" style=\"background-color: #ffffff;  \">\r\n                                 <div class=\"tile_info__title\">Karta kierunku & Informator ECTS<\/div>\r\n                                <div class=\"tile_info__subtitle\">Informacje o programach kszta\u0142cenia wszystkich kierunk\u00f3w studi\u00f3w<\/div>\r\n                            <\/a>\r\n\r\n                            <a href=\"https:\/\/katalog.us.edu.pl\" class=\"tile tile_info\" style=\"background-color: #ffffff;  \">\r\n                                 <div class=\"tile_info__title\">Katalog studi\u00f3w<\/div>\r\n                                <div class=\"tile_info__subtitle\">Opisy wszystkich kierunk\u00f3w studi\u00f3w i oferowanych w ich ramach specjalno\u015bci<\/div>\r\n                            <\/a>\r\n\r\n                            <a href=\"http:\/\/www.math.us.edu.pl\/AKNMI\/index.html\" class=\"tile tile_info\" style=\"background-color: #ffffff;  \">\r\n                                 <div class=\"tile_info__title\">AKNMI<\/div>\r\n                                <div class=\"tile_info__subtitle\">Projekt Aktywny i Kreatywny Nauczyciel Matematyki i Informatyki<\/div>\r\n                            <\/a>\r\n\r\n                            <a href=\"http:\/\/bk.us.edu.pl\" class=\"tile tile_info\" style=\"background-color: #ffffff;  \">\r\n                                 <div class=\"tile_info__title\">Biuro Karier U\u015a<\/div>\r\n                                <div class=\"tile_info__subtitle\">Doradztwo zawodowe, coaching kariery i badania kompetencyjne<\/div>\r\n                            <\/a>\r\n\r\n                            <a href=\"https:\/\/us.edu.pl\/organizacja-roku-akademickiego\/\" class=\"tile tile_info\" style=\"background-color: #ffffff;  \">\r\n                                 <div class=\"tile_info__title\">Organizacja roku akademickiego<\/div>\r\n                                <div class=\"tile_info__subtitle\">2023\/2024<\/div>\r\n                            <\/a><\/div>\r\n                    <\/div>\r\n                <\/div>[\/vc_column][\/vc_row]<\/p>","protected":false},"excerpt":{"rendered":"<p>[vc_row][vc_column][\/vc_column][\/vc_row][vc_row][vc_column css=&#8221;.vc_custom_1581823338449{margin-top: -50px !important;}&#8221;][vc_empty_space][\/vc_column][\/vc_row][vc_row][vc_column css=&#8221;.vc_custom_1581823428773{margin-top: -50px !important;}&#8221;][\/vc_column][\/vc_row] [&#8230;]<\/p>\n<p><a class=\"btn btn-secondary understrap-read-more-link\" href=\"https:\/\/us.edu.pl\/instytut\/im\/strona-glownaim\/lacza\/\">Read More&#8230;<\/a><\/p>\n","protected":false},"author":820,"featured_media":0,"parent":5,"menu_order":0,"comment_status":"closed","ping_status":"closed","template":"page-templates\/page-with-tables.php","meta":{"_expiration-date-status":"","_expiration-date":0,"_expiration-date-type":"","_expiration-date-categories":[],"_expiration-date-options":[]},"acf":[],"_links":{"self":[{"href":"https:\/\/us.edu.pl\/instytut\/im\/wp-json\/wp\/v2\/pages\/447"}],"collection":[{"href":"https:\/\/us.edu.pl\/instytut\/im\/wp-json\/wp\/v2\/pages"}],"about":[{"href":"https:\/\/us.edu.pl\/instytut\/im\/wp-json\/wp\/v2\/types\/page"}],"author":[{"embeddable":true,"href":"https:\/\/us.edu.pl\/instytut\/im\/wp-json\/wp\/v2\/users\/820"}],"replies":[{"embeddable":true,"href":"https:\/\/us.edu.pl\/instytut\/im\/wp-json\/wp\/v2\/comments?post=447"}],"version-history":[{"count":10,"href":"https:\/\/us.edu.pl\/instytut\/im\/wp-json\/wp\/v2\/pages\/447\/revisions"}],"predecessor-version":[{"id":6724,"href":"https:\/\/us.edu.pl\/instytut\/im\/wp-json\/wp\/v2\/pages\/447\/revisions\/6724"}],"up":[{"embeddable":true,"href":"https:\/\/us.edu.pl\/instytut\/im\/wp-json\/wp\/v2\/pages\/5"}],"wp:attachment":[{"href":"https:\/\/us.edu.pl\/instytut\/im\/wp-json\/wp\/v2\/media?parent=447"}],"curies":[{"name":"wp","href":"https:\/\/api.w.org\/{rel}","templated":true}]}}