{"id":5656,"date":"2023-03-10T23:37:09","date_gmt":"2023-03-10T22:37:09","guid":{"rendered":"https:\/\/us.edu.pl\/instytut\/im\/?page_id=5656"},"modified":"2023-05-19T00:23:09","modified_gmt":"2023-05-18T22:23:09","slug":"sp-dr-anna-kucia","status":"publish","type":"page","link":"https:\/\/us.edu.pl\/instytut\/im\/pamietamy\/sp-dr-anna-kucia\/","title":{"rendered":"\u015ap. dr Anna Kucia"},"content":{"rendered":"<p>[vc_row][vc_column]\r\n                <div class=\"text-modules \">\r\n                    <div class=\"container\">\r\n                        <h3 class=\"section-title section-title_border-bottom\">Pami\u0119tamy o...<\/h3> <h3 class=\"subtitle text-modules__subtitle\">Doktor Anna Kucia (1946 - 2021)<\/h3>\r\n                        <div class=\"row m-0\">\r\n                            <div class=\"text-modules__content\">\r\n                                <span style=\"color: #000000; font-size: 12pt; font-family: 'trebuchet ms', geneva, sans-serif;\">Dr Anna Kucia urodzi\u0142a si\u0119 28 sierpnia 1946 roku w Chorzowie. W roku 1964 zyska\u0142a \u015bwiadectwo dojrza\u0142o\u015bci w tamtejszym Liceum Og\u00f3lnokszta\u0142c\u0105cym im. Marii Curie Sk\u0142odowskiej. W tym samym roku zda\u0142a egzamin wst\u0119pny na studia matematyczne na Uniwersytecie \u015al\u0105skim w Katowicach, kt\u00f3re uko\u0144czy\u0142a w roku 1969 uzyskuj\u0105c stopie\u0144 magistra matematyki za prace\u0328 <em>Przestrzenie jednostajne<\/em>. W roku 1976 zawar\u0142a zwi\u0105zek ma\u0142\u017ce\u0144ski z Andrzejem Nowakiem, p\u00f3\u017aniej profesorem matematyki Uniwersytetu \u015al\u0105skiego. Zamieszka\u0142a w Sosnowcu. Po uzyskaniu magisterium zosta\u0142a zatrudniona jako pracownik naukowy Instytutu Matematyki US\u0301 w Zak\u0142adzie Topologii. W roku 1978 uzyska\u0142a doktorat za prace\u0328 <em>Ultrafiltry na zbiorze liczb naturalnych<\/em>, po czym obj\u0119\u0142a stanowisko adiunkta.<\/span><\/p>\n<p><span style=\"color: #000000; font-size: 12pt; font-family: 'trebuchet ms', geneva, sans-serif;\">By\u0142a wysoce wymagaj\u0105ca wobec student\u00f3w. Powierzano jej liczne wyk\u0142ady, w tym wyk\u0142ady z analizy matematycznej dla fizyk\u00f3w, z topologii oraz funkcji rzeczywistych dla matematyk\u00f3w.<\/span><\/p>\n<p><span style=\"color: #000000; font-size: 12pt; font-family: 'trebuchet ms', geneva, sans-serif;\">Oddawa\u0142a si\u0119 pracy naukowej w zespole wspomnianego Zak\u0142adu Topologii. Przebywa\u0142a na wielomiesi\u0119cznych pobytach naukowych w Instytucie Matematycznym PAN w Warszawie oraz odby\u0142a p\u00f3\u0142roczny sta\u017c\u0307 naukowy w Moskwie na Uniwersytecie \u0141omonosowa. By\u0142a cz\u0142onkiem Polskiego Towarzystwa Matematycznego. Aktywnie uczestniczy\u0142a w pracach go\u0301rnos\u0301la\u0328skiego oddzia\u0142u tego Towarzystwa, wykonuj\u0105c na jego rzecz opracowania o charakterze naukowym oraz bior\u0105c udzia\u0142 w organizowanych przeze\u0144 zjazdach. Uczestniczy\u0142a r\u00f3wnie\u017c w mi\u0119dzynarodowych sympozjach topologicznych, m. in. w Pradze, gdzie jej prace spotka\u0142y si\u0119 z wysokim uznaniem specjalist\u00f3w.<\/span><\/p>\n<p><span style=\"color: #000000; font-size: 12pt; font-family: 'trebuchet ms', geneva, sans-serif;\">Teorii mnogo\u015bci i topologii mnogo\u015bciowej dr Kucia po\u015bwieci\u0142a 7 swoich prac, w kt\u00f3rych opr\u00f3cz problem\u00f3w zwi\u0105zanych z ultrafiltrami i kompaktyfikacj\u0105 \u010cecha-Stone\u2019a zbioru liczb naturalnych zajmowa\u0142a si\u0105 nadal strukturami jednostajnymi. Na uwag\u0119\u0328 zas\u0142uguje tu wynik uzyskany wsp\u00f3lnie z W\u0142adys\u0142awem Kulpa\u0328 o pewnym warunku implikuj\u0105cym parazwarto\u015b\u0107. Prace dr Kuci cytowane by\u0142y przez wielu autor\u00f3w; np. wynik dotycz\u0105cy jednostajno\u015bci w monografii Engelkinga, a rozwi\u0105zanie problemu postawionego przez \u015awi\u0105tkowskiego w pracach M. Kuczmy.<\/span><\/p>\n<p><span style=\"color: #000000; font-size: 12pt; font-family: 'trebuchet ms', geneva, sans-serif;\">Zainteresowania dr Kuci ewoluowa\u0142y z latami ku problemom teorii miary i analizy w oparciu o dalekie ich podstawy w opisowej teorii mnogo\u015bci i og\u00f3lnej teorii miary. Du\u017ce zainteresowanie wzbudzi\u0142a jej praca (Fund. Math. 1990) na temat twierdze\u0144 typu Dragoniego Scorzy, kt\u00f3re uwidacznia\u0142y pewna\u0328 luk\u0119 wok\u00f3\u0142 znanego twierdzenia \u0141uzina, pozwalaj\u0105c na uzyskanie zbior\u00f3w bliskich ca\u0142o\u015bci, na kt\u00f3rych dana funkcja jest ci\u0105g\u0142a, przy innych ni\u017c u \u0141uzina wymaganiach. Dr Kucia znalaz\u0142a nowe warianty tych twierdze\u0144, maj\u0105ce znaczenie w teorii multifunkcji, ku kt\u00f3rej wkr\u00f3tce skierowa\u0142a swe zainteresowania (w szczeg\u00f3lno\u015bci ku twierdzeniom typu Carath\u00e9odory\u2019ego o selektorach multifunkcji mierzalnych). Jej artyku\u0142y z tego zakresu spotyka\u0142y si\u0119 z du\u017cym uznaniem. Odniesienia do nich znalaz\u0142y si\u0119 np. w pracy przegl\u0105dowej J. Appella (1995). Cytowane by\u0142y r\u00f3wnie\u017c m. in. przez Grandego, Zygmunta, \u015al\u0119zaka, Ody\u0144ca i w monografii L. G\u00f3rniewicza. Dr Kucia uczestniczy\u0142a r\u00f3wnie\u017c\u0307 w programie uniwersyteckim dotycz\u0105cym multifunkcji, obejmuj\u0105cym wspomniane tematy. W ich zakresie mia\u0142a r\u00f3wnie\u017c\u0307 wsp\u00f3lne publikacje z prof. Andrzejem Nowakiem.<\/span><\/p>\n<p><span style=\"color: #000000; font-size: 12pt; font-family: 'trebuchet ms', geneva, sans-serif;\">Dr Anna Kucia zauwa\u017cy\u0142a, \u017ce twierdzenia typu Carath\u00e9odory\u2019ego o selektorach multifunkcji mierzalnych mo\u017cna uzyska\u0107 ze znanych twierdze\u0144 Michaela szczebla topologii og\u00f3lnej, opieraj\u0105c si\u0119 na dawnym (1938) twierdzeniu Marczewskiego, znanym jako twierdzenie o funkcjach charakterystycznych. Po\u015bwi\u0119ci\u0142a temu swoj\u0105 obszern\u0105, pe\u0142n\u0105 dalszych przemy\u015ble\u0144 prac\u0119 [<em>Some results on Carath\u00e9odory selections and extensions<\/em>, Journal of Math. Analysis 1998] przedstawion\u0105 do publikacji przez Dorothy Maharam.<\/span><\/p>\n<p><span style=\"color: #000000; font-size: 12pt; font-family: 'trebuchet ms', geneva, sans-serif;\">Na dorobek dr Anny Kuci sk\u0142ada si\u0119 31 prac naukowych w najlepszym stylu matematycznym, opublikowanych w renomowanych czasopismach matematycznych. Jej prace uwa\u017cane s\u0105 za trudne, celuj\u0105 w konkret matematyczny i cechuje je precyzja przedstawienia. Jej wysoka fachowo\u015b\u0107, wnikliwo\u015b\u0107 oraz uwaga przywi\u0105zywana do szczeg\u00f3\u0142\u00f3w by\u0142y wysoko cenione przez redaktor\u00f3w czasopism matematycznych kieruj\u0105cych ku dr Kuci prace do recenzji. Te niezapisane opinie niech b\u0119d\u0105 dope\u0142nieniem sylwetki naukowej dr Anny Kuci.<\/span><\/p>\n<p><span style=\"color: #000000; font-size: 12pt; font-family: 'trebuchet ms', geneva, sans-serif;\">W roku 2013 przesz\u0142a na emerytur\u0119. Zmar\u0142a w Sosnowcu 10 maja 2021 roku.<\/span><\/p>\n<p><span style=\"font-family: 'trebuchet ms', geneva, sans-serif;\"><strong><span style=\"color: #000000; font-size: 12pt;\">Biogram zredagowany na podstawie tekstu Prof. Jerzego Mioduszewskiego (z kwietnia 1997 r., uaktualnionego w listopadzie 2022 r.)<\/span><\/strong><\/span> \r\n                                <div class=\"mt-3\"><\/div>\r\n                            <\/div>\r\n                            \r\n                            <div class=\"text-modules__img\"><img src=\"https:\/\/us.edu.pl\/instytut\/im\/wp-content\/uploads\/sites\/43\/Pamietamy-o\/AKucia-3.png\" alt=\"img\"><\/div>\r\n                        <\/div>\r\n                    <\/div>\r\n                <\/div>[\/vc_column][\/vc_row]<\/p>","protected":false},"excerpt":{"rendered":"<p>[vc_row][vc_column][\/vc_column][\/vc_row] [&#8230;]<\/p>\n<p><a class=\"btn btn-secondary understrap-read-more-link\" href=\"https:\/\/us.edu.pl\/instytut\/im\/pamietamy\/sp-dr-anna-kucia\/\">Read More&#8230;<\/a><\/p>\n","protected":false},"author":820,"featured_media":0,"parent":2381,"menu_order":0,"comment_status":"closed","ping_status":"closed","template":"","meta":{"_expiration-date-status":"","_expiration-date":0,"_expiration-date-type":"","_expiration-date-categories":[],"_expiration-date-options":[]},"acf":[],"_links":{"self":[{"href":"https:\/\/us.edu.pl\/instytut\/im\/wp-json\/wp\/v2\/pages\/5656"}],"collection":[{"href":"https:\/\/us.edu.pl\/instytut\/im\/wp-json\/wp\/v2\/pages"}],"about":[{"href":"https:\/\/us.edu.pl\/instytut\/im\/wp-json\/wp\/v2\/types\/page"}],"author":[{"embeddable":true,"href":"https:\/\/us.edu.pl\/instytut\/im\/wp-json\/wp\/v2\/users\/820"}],"replies":[{"embeddable":true,"href":"https:\/\/us.edu.pl\/instytut\/im\/wp-json\/wp\/v2\/comments?post=5656"}],"version-history":[{"count":8,"href":"https:\/\/us.edu.pl\/instytut\/im\/wp-json\/wp\/v2\/pages\/5656\/revisions"}],"predecessor-version":[{"id":5790,"href":"https:\/\/us.edu.pl\/instytut\/im\/wp-json\/wp\/v2\/pages\/5656\/revisions\/5790"}],"up":[{"embeddable":true,"href":"https:\/\/us.edu.pl\/instytut\/im\/wp-json\/wp\/v2\/pages\/2381"}],"wp:attachment":[{"href":"https:\/\/us.edu.pl\/instytut\/im\/wp-json\/wp\/v2\/media?parent=5656"}],"curies":[{"name":"wp","href":"https:\/\/api.w.org\/{rel}","templated":true}]}}