{"id":7247,"date":"2025-01-21T00:54:56","date_gmt":"2025-01-20T23:54:56","guid":{"rendered":"https:\/\/us.edu.pl\/instytut\/im\/?page_id=7247"},"modified":"2025-01-21T16:50:54","modified_gmt":"2025-01-21T15:50:54","slug":"sp-prof-jan-ligeza","status":"publish","type":"page","link":"https:\/\/us.edu.pl\/instytut\/im\/pamietamy\/sp-prof-jan-ligeza\/","title":{"rendered":"\u015ap. dr hab. Jan Lig\u0119za, Prof. U\u015a"},"content":{"rendered":"<p>[vc_row][vc_column]\r\n                <div class=\"text-modules \">\r\n                    <div class=\"container\">\r\n                        <h3 class=\"section-title section-title_border-bottom\">Pami\u0119tamy o...<\/h3> <h3 class=\"subtitle text-modules__subtitle\">Dr hab. Jan Lig\u0119za, Profesor U\u015a (1944 - 2025)<\/h3>\r\n                        <div class=\"row m-0\">\r\n                            <div class=\"text-modules__content\">\r\n                                <\/p>\n<div class=\"page\" title=\"Page 1\">\n<div class=\"layoutArea\">\n<div class=\"column\">\n<p><span style=\"font-size: 12pt; color: #000000; font-family: verdana, geneva, sans-serif;\">Profesor Jan Lig\u0119za urodzi\u0142 si\u0119 7 maja 1944 r. w Zabrodziu w gminie \u017barnowiec oraz zmar\u0142 10 stycznia 2025 r. w Katowicach.<\/span><\/p>\n<p><span style=\"font-size: 12pt; color: #000000; font-family: verdana, geneva, sans-serif;\">Jan Lig\u0119za uko\u0144czy\u0142 studia matematyczne na Wydziale Matematyki, Fizyki i Chemii Wy\u017cszej Szko\u0142y Pedagogicznej w Katowicach, uzyskuj\u0105c w 1968 roku tytu\u0142 magistra. Pierwszego wrze\u015bnia 1968 roku, bezpo\u015brednio po uko\u0144czeniu studi\u00f3w, rozpocz\u0105\u0142 prac\u0119 w Uniwersytecie \u015al\u0105skim, gdzie przeszed\u0142 wszystkie szczeble kariery zawodowej. Jan Lig\u0119za doktoryzowa\u0142 si\u0119 w 1975 roku na postawie rozprawy O rozwi\u0105zaniach uog\u00f3lnionych r\u00f3wna\u0144 r\u00f3\u017cniczkowych zwyczajnych napisanej pod kierunkiem Tadeusza D\u0142otko. W roku 1987 habilitowa\u0142 si\u0119 na podstawie rozprawy Weak solutions of ordinary differential equations opublikowanej przez Wydawnictwo Uniwersytetu \u015al\u0105skiego. Od 1992 roku pe\u0142ni\u0142 w Instytucie Matematyki funkcj\u0119 profesora Uniwersytetu \u015al\u0105skiego. <\/span><\/p>\n<p><span style=\"font-size: 12pt; color: #000000; font-family: verdana, geneva, sans-serif;\">Przez ca\u0142y okres pracy zawodowej czynnie uczestniczy\u0142 w pracach Zak\u0142adu R\u00f3wna\u0144 R\u00f3\u017cniczkowych Instytutu Matematyki U\u015a. Profesor Lig\u0119za by\u0142 tak\u017ce mocno zwi\u0105zany, szczeg\u00f3lnie w pocz\u0105tkowym okresie dzia\u0142alno\u015bci, z Katowickim Oddzia\u0142em Instytutu Matematycznego PAN kierowanym przez Profesora Jana Mikusi\u0144skiego. Wsp\u00f3\u0142pracowa\u0142 naukowo z Profesorami: Piotrem Antosikiem, Tadeuszem D\u0142otko, W\u0142adys\u0142awem Kieratem oraz Kolegami z Zak\u0142adu R\u00f3wna\u0144 R\u00f3\u017cniczkowych: Zdzis\u0142awem Wyderk\u0105, Urszul\u0105 Sztab\u0105 i Markiem Pi\u0119tk\u0105. Wsp\u00f3\u0142pracowa\u0142 r\u00f3wnie\u017c z czeskimi matematykami Stefanem Schwabikiem oraz Milanem Tvrdym. <\/span><br \/>\n<span style=\"font-size: 12pt; color: #000000; font-family: verdana, geneva, sans-serif;\">Za swoj\u0105 dzia\u0142alno\u015b\u0107 naukow\u0105 Profesor Lig\u0119za otrzyma\u0142 m.in. nagrod\u0119 Ministra Nauki Szkolnictwa Wy\u017cszego i Techniki oraz kilkakrotnie nagrody Rektora Uniwersytetu \u015al\u0105skiego w Katowicach. By\u0142 cz\u0142onkiem Polskiego Towarzystwa Matematycznego. <\/span><\/p>\n<p><span style=\"font-size: 12pt; color: #000000; font-family: verdana, geneva, sans-serif;\">Profesor Lig\u0119za by\u0142 cenionym pracownikiem Instytutu Matematyki. Zawsze spokojny i u\u015bmiechni\u0119ty, by\u0142 lubiany i szanowany przez wszystkich pracownik\u00f3w. Ka\u017cdy m\u00f3g\u0142 Go poprosi\u0107 o pomoc i rad\u0119, ch\u0119tnie dzieli\u0142 si\u0119 tak\u017ce swoj\u0105 wiedz\u0105 matematyczn\u0105, przedstawiaj\u0105c referaty na seminariach w Instytucie Matematyki oraz w Oddziale IM PAN. By\u0142 r\u00f3wnie\u017c \u201em\u0119\u017cem zaufania\u201d, przewodnicz\u0105c kilkakrotnie Wydzia\u0142owej Komisji Wyborczej. Pozostanie w naszej pami\u0119ci jako Cz\u0142owiek oddany pracy naukowej i dydaktycznej, bardzo zr\u00f3wnowa\u017cony i \u017cyczliwie patrz\u0105cy na \u015bwiat, pomocny dla m\u0142odszych koleg\u00f3w. B\u0119dzie nam Go bardzo brakowa\u0142o.<\/span><\/p>\n<p><span style=\"font-size: 12pt; color: #000000; font-family: verdana, geneva, sans-serif;\">Jan Lig\u0119za specjalizowa\u0142 si\u0119 w teorii r\u00f3wna\u0144 r\u00f3\u017cniczkowych zwyczajnych, ze szczeg\u00f3lnym uwzgl\u0119dnieniem teorii s\u0142abych rozwi\u0105za\u0144 i element\u00f3w teorii dystrybucji. Interesowa\u0142 si\u0119, w szczeg\u00f3lno\u015bci, rozwi\u0105zaniami dystrybucyjnymi, rozwi\u0105zaniami nale\u017c\u0105cymi do algebry Colombeau, problemem mno\u017cenia dystrybucji oraz kwesti\u0105 dodatnio\u015bci rozwi\u0105za\u0144 r\u00f3wna\u0144 r\u00f3\u017cniczkowych zwyczajnych.<\/span><\/p>\n<p><span style=\"font-family: verdana, geneva, sans-serif; font-size: 12pt;\"><a href=\"https:\/\/us.edu.pl\/instytut\/im\/wp-content\/uploads\/sites\/43\/Pamietamy-o\/Ligeza\/JanLigeza-publikacje.pdf\" target=\"_blank\" rel=\"noopener\">Lista publikacji naukowych Prof. Jana Lig\u0119zy<\/a><\/span><\/p>\n<\/div>\n<p><span style=\"font-family: verdana, geneva, sans-serif; font-size: 12pt;\"><strong>OPRACOWA\u0141: prof. dr hab. Tomasz D\u0142otko (stycze\u0144, 2025)<\/strong><\/span><\/p>\n<\/div>\n<\/div>\n<div class=\"mt-3\"><\/div>\r\n                            <\/div>\r\n                            \r\n                            <div class=\"text-modules__img\"><img src=\"https:\/\/us.edu.pl\/instytut\/im\/wp-content\/uploads\/sites\/43\/Pamietamy-o\/LigezaJan-221x300.png\" alt=\"img\"><\/div>\r\n                        <\/div>\r\n                    <\/div>\r\n                <\/div>[\/vc_column][\/vc_row]<\/p>","protected":false},"excerpt":{"rendered":"<p>[vc_row][vc_column][\/vc_column][\/vc_row] [&#8230;]<\/p>\n<p><a class=\"btn btn-secondary understrap-read-more-link\" href=\"https:\/\/us.edu.pl\/instytut\/im\/pamietamy\/sp-prof-jan-ligeza\/\">Read More&#8230;<\/a><\/p>\n","protected":false},"author":820,"featured_media":0,"parent":2381,"menu_order":0,"comment_status":"closed","ping_status":"closed","template":"","meta":{"_expiration-date-status":"","_expiration-date":0,"_expiration-date-type":"","_expiration-date-categories":[],"_expiration-date-options":[]},"acf":[],"_links":{"self":[{"href":"https:\/\/us.edu.pl\/instytut\/im\/wp-json\/wp\/v2\/pages\/7247"}],"collection":[{"href":"https:\/\/us.edu.pl\/instytut\/im\/wp-json\/wp\/v2\/pages"}],"about":[{"href":"https:\/\/us.edu.pl\/instytut\/im\/wp-json\/wp\/v2\/types\/page"}],"author":[{"embeddable":true,"href":"https:\/\/us.edu.pl\/instytut\/im\/wp-json\/wp\/v2\/users\/820"}],"replies":[{"embeddable":true,"href":"https:\/\/us.edu.pl\/instytut\/im\/wp-json\/wp\/v2\/comments?post=7247"}],"version-history":[{"count":9,"href":"https:\/\/us.edu.pl\/instytut\/im\/wp-json\/wp\/v2\/pages\/7247\/revisions"}],"predecessor-version":[{"id":7288,"href":"https:\/\/us.edu.pl\/instytut\/im\/wp-json\/wp\/v2\/pages\/7247\/revisions\/7288"}],"up":[{"embeddable":true,"href":"https:\/\/us.edu.pl\/instytut\/im\/wp-json\/wp\/v2\/pages\/2381"}],"wp:attachment":[{"href":"https:\/\/us.edu.pl\/instytut\/im\/wp-json\/wp\/v2\/media?parent=7247"}],"curies":[{"name":"wp","href":"https:\/\/api.w.org\/{rel}","templated":true}]}}