{"id":807,"date":"2020-02-08T03:44:51","date_gmt":"2020-02-08T02:44:51","guid":{"rendered":"http:\/\/us.edu.pl\/instytut\/im\/?page_id=807"},"modified":"2020-12-29T19:42:26","modified_gmt":"2020-12-29T18:42:26","slug":"kontakt","status":"publish","type":"page","link":"https:\/\/us.edu.pl\/instytut\/im\/strona-glownaim\/kontakt\/","title":{"rendered":"Kontakt"},"content":{"rendered":"<p>[vc_row css=&#8221;.vc_custom_1579292919996{margin-right: 150px !important;}&#8221;][vc_column width=&#8221;2\/5&#8243;][vc_column_text]<\/p>\n<h3><strong><span style=\"font-size: 18pt;font-family: 'trebuchet ms', geneva, sans-serif;color: #003366\">Uniwersytet \u015al\u0105ski w Katowicach<br \/>\n<\/span><\/strong><span style=\"color: #003366;font-family: 'trebuchet ms', geneva, sans-serif;font-size: 18pt\">Instytut Matematyki<\/span><br \/>\n<span style=\"color: #003366;font-family: 'trebuchet ms', geneva, sans-serif;font-size: 14pt\">Wydzia\u0142 Nauk \u015acis\u0142ych\u00a0i Technicznych<\/span><\/h3>\n<p><span style=\"font-size: 12pt;font-family: 'trebuchet ms', geneva, sans-serif;color: #000000\">ul. Bankowa 14<br \/>\n40-007 Katowice<br \/>\n<\/span><\/p>\n<h3><span style=\"font-size: 14pt;color: #003366\"><span style=\"font-family: 'trebuchet ms', geneva, sans-serif\">Biuro Ewaluacji i Obs\u0142ugi Instytutu<\/span><\/span><\/h3>\n<ul style=\"list-style-type: square\">\n<li><span style=\"font-family: 'trebuchet ms', geneva, sans-serif;font-size: 12pt;color: #000000\">lic. Karina \u0141\u0119tocha,\u00a0tel. <a href=\"tel:+48323592082\"><strong>+48 32 359 20 82<\/strong><\/a>\u00a0<\/span><\/li>\n<li><span style=\"font-size: 12pt;font-family: 'trebuchet ms', geneva, sans-serif;color: #000000\">mgr Sabina Wolna, tel. <a href=\"tel:+48323591670\"><strong>+48\u00a032 359 16 70<\/strong><\/a><b><br \/>\n<\/b><\/span><\/li>\n<\/ul>\n<p><span style=\"font-size: 12pt;font-family: 'trebuchet ms', geneva, sans-serif\"><a href=\"https:\/\/us.edu.pl\/instytut\/im\/strona-glownaim\/sekretariaty\/\">wi\u0119cej&#8230;<\/a><\/span><\/p>\n<p><span style=\"font-size: 12pt;font-family: 'trebuchet ms', geneva, sans-serif;color: #000000\">e-mail: <a style=\"color: #000000\" href=\"mailto:im@math.us.edu.pl\"><span style=\"color: #000080\">im@math.us.edu.pl<\/span><\/a><\/span><\/p>\n<p>[\/vc_column_text][\/vc_column][vc_column width=&#8221;3\/5&#8243;][vc_single_image image=&#8221;1986&#8243; img_size=&#8221;full&#8221; onclick=&#8221;custom_link&#8221; link=&#8221;http:\/\/us.edu.pl\/instytut\/im\/strona-glownaim\/mapa&#8221;][vc_column_text css=&#8221;.vc_custom_1589567819583{margin-top: -20px !important;}&#8221;]<span style=\"color: #003366\"><a style=\"color: #003366\" href=\"http:\/\/us.edu.pl\/instytut\/im\/strona-glownaim\/mapa\">Kliknij aby uaktywni\u0107 map\u0119 i zobaczy\u0107 szczeg\u00f3\u0142y dojazdu&#8230;<\/a><\/span>[\/vc_column_text][\/vc_column][\/vc_row]<\/p>","protected":false},"excerpt":{"rendered":"<p>[vc_row css=&#8221;.vc_custom_1579292919996{margin-right: 150px !important;}&#8221;][vc_column width=&#8221;2\/5&#8243;][vc_column_text] Uniwersytet \u015al\u0105ski w Katowicach Instytut Matematyki Wydzia\u0142 Nauk \u015acis\u0142ych\u00a0i Technicznych ul. Bankowa 14 40-007 Katowice Biuro Ewaluacji i Obs\u0142ugi Instytutu lic. Karina \u0141\u0119tocha,\u00a0tel. +48 32 359 20 82\u00a0 mgr Sabina Wolna, tel. +48\u00a032 359 16 70 wi\u0119cej&#8230; e-mail: im@math.us.edu.pl [\/vc_column_text][\/vc_column][vc_column width=&#8221;3\/5&#8243;][vc_single_image image=&#8221;1986&#8243; img_size=&#8221;full&#8221; onclick=&#8221;custom_link&#8221; link=&#8221;http:\/\/us.edu.pl\/instytut\/im\/strona-glownaim\/mapa&#8221;][vc_column_text css=&#8221;.vc_custom_1589567819583{margin-top: -20px !important;}&#8221;]Kliknij aby uaktywni\u0107 [&#8230;]<\/p>\n<p><a class=\"btn btn-secondary understrap-read-more-link\" href=\"https:\/\/us.edu.pl\/instytut\/im\/strona-glownaim\/kontakt\/\">Read More&#8230;<\/a><\/p>\n","protected":false},"author":820,"featured_media":0,"parent":5,"menu_order":0,"comment_status":"closed","ping_status":"closed","template":"page-templates\/page-with-tables.php","meta":{"_expiration-date-status":"saved","_expiration-date":0,"_expiration-date-type":"","_expiration-date-categories":[],"_expiration-date-options":[]},"acf":[],"_links":{"self":[{"href":"https:\/\/us.edu.pl\/instytut\/im\/wp-json\/wp\/v2\/pages\/807"}],"collection":[{"href":"https:\/\/us.edu.pl\/instytut\/im\/wp-json\/wp\/v2\/pages"}],"about":[{"href":"https:\/\/us.edu.pl\/instytut\/im\/wp-json\/wp\/v2\/types\/page"}],"author":[{"embeddable":true,"href":"https:\/\/us.edu.pl\/instytut\/im\/wp-json\/wp\/v2\/users\/820"}],"replies":[{"embeddable":true,"href":"https:\/\/us.edu.pl\/instytut\/im\/wp-json\/wp\/v2\/comments?post=807"}],"version-history":[{"count":24,"href":"https:\/\/us.edu.pl\/instytut\/im\/wp-json\/wp\/v2\/pages\/807\/revisions"}],"predecessor-version":[{"id":3847,"href":"https:\/\/us.edu.pl\/instytut\/im\/wp-json\/wp\/v2\/pages\/807\/revisions\/3847"}],"up":[{"embeddable":true,"href":"https:\/\/us.edu.pl\/instytut\/im\/wp-json\/wp\/v2\/pages\/5"}],"wp:attachment":[{"href":"https:\/\/us.edu.pl\/instytut\/im\/wp-json\/wp\/v2\/media?parent=807"}],"curies":[{"name":"wp","href":"https:\/\/api.w.org\/{rel}","templated":true}]}}