{"id":129,"date":"2020-01-20T18:23:09","date_gmt":"2020-01-20T17:23:09","guid":{"rendered":"http:\/\/us.edu.pl\/instytut\/inok\/?page_id=129"},"modified":"2021-06-16T10:15:09","modified_gmt":"2021-06-16T08:15:09","slug":"wspolpraca","status":"publish","type":"page","link":"https:\/\/us.edu.pl\/instytut\/inok\/wspolpraca\/","title":{"rendered":"wsp\u00f3\u0142praca"},"content":{"rendered":"<p>[vc_row][vc_column]\r\n                <div class=\"text-modules\">\r\n                    <div class=\"container\">\r\n                        \r\n                        <div class=\"text-modules__content\"><p><strong><span style=\"font-size: 12pt\">Mi\u0119dzynarodowa wsp\u00f3\u0142praca dydaktyczna w ramach programu Erasmus+ z nast\u0119puj\u0105cymi instytucjami:<\/span><\/strong><\/p>\n<ul>\n<li><span style=\"font-size: 12pt\">Uniwersytet \u015al\u0105ski &#8211; Opawa (Slezsk\u00e1 univerzita v Opav\u011b. Filozoficko-p\u0159\u00edrodov\u011bdeck\u00e1 fakulta, \u00dastav bohemistiky a knihovnictv\u00ed),<\/span><\/li>\n<li><span style=\"font-size: 12pt\">Uniwersytet Karola &#8211; Praga,<\/span><\/li>\n<li><span style=\"font-size: 12pt\">Uniwersytet Kome\u0144skiego &#8211; Bratys\u0142awa (Univerzita Komensk\u00e9ho v Bratislave. Katedra kni\u017eni\u010dnej a informa\u010dnej vedy),<\/span><\/li>\n<li><span style=\"font-size: 12pt\">Uniwersytet Pavla Josefa Safarika &#8211; Presz\u00f3w,<\/span><\/li>\n<li><span style=\"font-size: 12pt\">Uniwersytet \u0141otewski &#8211; Ryga (Latvijas Universitate. Socialo zinatnu fakultate, Informacijas un biblioteku studiju nodala),<\/span><\/li>\n<li><span style=\"font-size: 12pt\">\u0141otewska Akademia Kultury &#8211; Ryga,<\/span><\/li>\n<li><span style=\"font-size: 12pt\">Wy\u017csza Szko\u0142a Zawodowa &#8211; Lipsk (Hochschule f\u00fcr Technik, Wirtschaft und Kultur Leipzig. Fakult\u00e4t Medien), <\/span><\/li>\n<li><span style=\"font-size: 12pt\">Wy\u017csza Szko\u0142a Zawodowa &#8211; Kolonia (Fachhochschule K\u00f6ln. Institut f\u00fcr Informationswissenschaft),<br \/>\n<\/span><\/li>\n<li><span style=\"font-size: 12pt\">Uniwersytet w Lubljanie (Univerza v Ljubljani. Oddelek za Bibliotekarstvo, Informacijsko Znanost in Knjigarstvo).<\/span><\/li>\n<\/ul>\n<p><strong><span style=\"font-size: 12pt\">Instytucje krajowe:<\/span><\/strong><\/p>\n<ul>\n<li><span style=\"font-size: 12pt\">Polski Instytut Sztuki Filmowej,<\/span><\/li>\n<li><span style=\"font-size: 12pt\">XIV Liceum Og\u00f3lnokszta\u0142c\u0105ce im. mjr Henryka Sucharskiego w Katowicach,<\/span><\/li>\n<li><span style=\"font-size: 12pt\">Poczta Polska Sp\u00f3\u0142ka Akcyjna.<\/span><\/li>\n<\/ul>\n<p>\n<\/div>\r\n                    <\/div>\r\n                <\/div>[\/vc_column][\/vc_row]<\/p>","protected":false},"excerpt":{"rendered":"<p>[vc_row][vc_column][\/vc_column][\/vc_row] [&#8230;]<\/p>\n<p><a class=\"btn btn-secondary understrap-read-more-link\" href=\"https:\/\/us.edu.pl\/instytut\/inok\/wspolpraca\/\">Read More&#8230;<\/a><\/p>\n","protected":false},"author":1658,"featured_media":0,"parent":0,"menu_order":0,"comment_status":"closed","ping_status":"closed","template":"","meta":{"_expiration-date-status":"saved","_expiration-date":0,"_expiration-date-type":"","_expiration-date-categories":[],"_expiration-date-options":[]},"acf":[],"_links":{"self":[{"href":"https:\/\/us.edu.pl\/instytut\/inok\/wp-json\/wp\/v2\/pages\/129"}],"collection":[{"href":"https:\/\/us.edu.pl\/instytut\/inok\/wp-json\/wp\/v2\/pages"}],"about":[{"href":"https:\/\/us.edu.pl\/instytut\/inok\/wp-json\/wp\/v2\/types\/page"}],"author":[{"embeddable":true,"href":"https:\/\/us.edu.pl\/instytut\/inok\/wp-json\/wp\/v2\/users\/1658"}],"replies":[{"embeddable":true,"href":"https:\/\/us.edu.pl\/instytut\/inok\/wp-json\/wp\/v2\/comments?post=129"}],"version-history":[{"count":4,"href":"https:\/\/us.edu.pl\/instytut\/inok\/wp-json\/wp\/v2\/pages\/129\/revisions"}],"predecessor-version":[{"id":825,"href":"https:\/\/us.edu.pl\/instytut\/inok\/wp-json\/wp\/v2\/pages\/129\/revisions\/825"}],"wp:attachment":[{"href":"https:\/\/us.edu.pl\/instytut\/inok\/wp-json\/wp\/v2\/media?parent=129"}],"curies":[{"name":"wp","href":"https:\/\/api.w.org\/{rel}","templated":true}]}}