{"id":133,"date":"2020-01-20T18:24:33","date_gmt":"2020-01-20T17:24:33","guid":{"rendered":"http:\/\/us.edu.pl\/instytut\/inok\/?page_id=133"},"modified":"2026-03-03T14:15:17","modified_gmt":"2026-03-03T13:15:17","slug":"instytut-dawniej-i-dzis","status":"publish","type":"page","link":"https:\/\/us.edu.pl\/instytut\/inok\/o-instytucie\/instytut-dawniej-i-dzis\/","title":{"rendered":"instytut dawniej i dzi\u015b"},"content":{"rendered":"<p>[vc_row el_class=&#8221;container&#8221;][vc_column width=&#8221;2\/3&#8243;]\r\n                <div class=\"text-modules\">\r\n                    <div class=\"container\">\r\n                        \r\n                        <div class=\"text-modules__content\"><p><span style=\"font-size: 12pt;\"><strong>Instytut Nauk o Kulturze<\/strong> powsta\u0142 1 pa\u017adziernika 2019 roku w wyniku wprowadzenia nowej struktury Uniwersytetu \u015al\u0105skiego, powo\u0142uj\u0105cego jako jednostki uczelni instytuty odpowiadaj\u0105ce dyscyplinom naukowym okre\u015blonym w Rozporz\u0105dzeniu Ministra Nauki i Szkolnictwa Wy\u017cszego z dnia 20 wrze\u015bnia 2018 roku w sprawie dziedzin nauki i dyscyplin naukowych oraz dyscyplin artystycznych.<\/span><\/p>\n<p><span style=\"font-size: 12pt;\">Instytut Nauk o Kulturze tworz\u0105 obecnie pracownicy dawnych jednostek Uniwersytetu \u015al\u0105skiego w Katowicach:<\/span><\/p>\n<p><span style=\"font-size: 12pt;\"><strong>Instytutu Nauk o Kulturze i Studi\u00f3w Interdyscyplinarnych, <\/strong>kt\u00f3ry zosta\u0142 powo\u0142any <\/span><span style=\"font-size: 12pt;\">23 grudnia 1991 roku jako Instytut Nauk o Kulturze w ramach Wydzia\u0142u Filologicznego Uniwersytetu \u015al\u0105skiego w Katowicach. W grudniu 2012 roku zmieni\u0142 nazw\u0119 na Instytut Nauk o Kulturze i Studi\u00f3w Interdyscyplinarnych, co oddawa\u0142o charakterystyk\u0119 bada\u0144 prowadzonych przez pracownik\u00f3w, koncentruj\u0105cych si\u0119 na problematyce kulturowej w perspektywie r\u00f3\u017cnych subdyscyplin: medioznawstwa, antropologii, komunikologii, estetyki, teatrologii, literaturoznawstwa i medioznawstwa. Na struktur\u0119 INKSI w 2019 roku sk\u0142ada\u0142o si\u0119 sze\u015b\u0107 zak\u0142ad\u00f3w naukowo-dydaktycznych: Zak\u0142ad Teorii i Historii Kultury, Zak\u0142ad Filmoznawstwa i Wiedzy o Mediach, Zak\u0142ad Teatru i Dramatu, Zak\u0142ad Kultury Literackiej, Zak\u0142ad Komunikacji Kulturowej, Zak\u0142ad Estetyki i Antropologii Przestrzeni.<\/span><\/p>\n<p><span style=\"font-size: 12pt;\"><strong>Instytutu Etnologii i Antropologii Kulturowej, <\/strong>kt\u00f3rego zal\u0105\u017ckiem by\u0142 powo\u0142any w 1995 r. Zak\u0142ad Etnologii, przekszta\u0142cony z czasem w Katedr\u0119 Etnologii w Instytucie Nauk Spo\u0142ecznych i Nauk o Kulturze, a p\u00f3\u017aniej w Instytut Etnologii i Antropologii Kulturowej na dawnym Wydziale Etnologii i Nauk o Edukacji. Jednym z istotnych wyr\u00f3\u017cnik\u00f3w etnologicznego o\u015brodka s\u0105 badania etnologiczne z u\u017cyciem materia\u0142\u00f3w atlasowych. Na struktur\u0119 IEiAK w 2019 roku sk\u0142ada\u0142y si\u0119 dwa zak\u0142ady naukowo-dydaktyczne: Zak\u0142ad Teorii i Bada\u0144 Antropologicznych, Zak\u0142ad Studi\u00f3w Globalnych.<\/span><\/p>\n<p><span style=\"font-size: 12pt;\"><strong>Instytutu Bibliotekoznawstwa i Informacji Naukowej,<\/strong> kt\u00f3ry powsta\u0142 w grudniu 1991 roku na Wydziale Filologicznym Uniwersytetu \u015al\u0105skiego w Katowicach. Na struktur\u0119 IBiIN w 2019 r. sk\u0142ada\u0142y si\u0119 cztery zak\u0142ady naukowo-dydaktyczne: Zak\u0142ad Bibliotekoznawstwa, Zak\u0142ad Historii Ksi\u0105\u017cki i Bibliotek, Zak\u0142ad Kultury Czytelniczej i Informacyjnej, Zak\u0142ad Zarz\u0105dzania Informacj\u0105.<\/span><\/p>\n<p><span style=\"font-size: 12pt;\">Pracownicy Instytutu posiadaj\u0105 wzajemnie dope\u0142niaj\u0105ce si\u0119 kompetencje pozwalaj\u0105ce na badania komparatystyczne, por\u00f3wnawcze, badania terenowe (na \u015al\u0105sku oraz w r\u00f3\u017cnych cz\u0119\u015bciach \u015bwiata), zak\u0142adaj\u0105ce integrowanie wiedzy historycznej z wiedz\u0105 na temat wsp\u00f3\u0142czesnych zjawisk kultury, lokuj\u0105ce si\u0119 w g\u0142\u00f3wnych \u015bwiatowych trendach, zw\u0142aszcza w zakresie:<\/span><\/p>\n<ul>\n<li><span style=\"font-size: 12pt;\">cyberkultury, humanistyki cyfrowej, problematyki intermedialno\u015bci, antropologii oraz designu medi\u00f3w, edukacji multimedialnej, analizy rzeczywisto\u015bci kulturowej po automatyzacji \u2013 w dobie, gdy cybernetyka zast\u0119puje filozofi\u0119, a sztuczna inteligencja wyznacza kierunki technologizacji,<\/span><\/li>\n<li><span style=\"font-size: 12pt;\">dziedzictwa kulturowego, historycznych modeli \u017cycia i warto\u015bci kultury zastanej, teoretycznej refleksji skupionej na zagadnieniach zwi\u0105zanych z kultur\u0105 i cywilizacj\u0105, a tak\u017ce diagnozy wsp\u00f3\u0142czesnej kondycji cz\u0142owieka w kontek\u015bcie praktyk postindustrialnych i posthumanistycznych, tak\u017ce r\u00f3\u017cnego rodzaju przestrzeni (np. pograniczy politycznych i kulturowych),<\/span><\/li>\n<li><span style=\"font-size: 12pt;\">zjawisk kulturowych zachodz\u0105cych w ekosystemach opartych z jednej strony na harmonijnym funkcjonowaniu cz\u0142owieka ze \u015brodowiskiem przyrodniczym (np. tereny g\u00f3rskie), a z drugiej \u2013 zjawisk zachodz\u0105cych w obr\u0119bie przestrzeni postindustrialnych,<\/span><\/li>\n<li><span style=\"font-size: 12pt;\">jako\u015bci informacji i jej wp\u0142ywu na zdrowie u\u017cytkownik\u00f3w (higiena informacji), barier informacyjnych oraz praktyk pozwalaj\u0105cych je prze\u0142amywa\u0107, z wyra\u017anym ukierunkowaniem\u00a0 na u\u017cytkownika informacji jako interesariusza instytucji informacji, nauki i kultury, zgodnie z wyra\u017anym w nauce skupieniem uwagi na potrzebach informacyjnych,<\/span><\/li>\n<li><span style=\"font-size: 12pt;\">zjawiska performansu i jego obecno\u015bci w r\u00f3\u017cnych dziedzinach \u017cycia (artystycznego, religijnego, spo\u0142eczno-politycznego, rozrywkowego) \u2013 badania powi\u0105zane s\u0105 z tendencjami obserwowanymi w obszarze nauk humanistycznych w wyniku zwrotu performatywnego.<\/span><\/li>\n<\/ul>\n<p><span style=\"font-size: 12pt;\">Unikalno\u015b\u0107 prowadzonych bada\u0144 wynika, z jednej strony, z kilkudziesi\u0119cioletniej tradycji \u015bl\u0105skich bada\u0144 kulturoznawczych, filmoznawczych, teatrologicznych, etnograficznych, z drugiej \u2013 z oryginalnych, autorskich podej\u015b\u0107 badawczych pracownik\u00f3w Instytutu o znacznym potencjale rozpoznawalno\u015bci w kraju i za granic\u0105, podej\u015b\u0107 dotycz\u0105cych zw\u0142aszcza kultury cybernetycznej i designu medi\u00f3w, komunikacji multimedialnej, polskiej teorii kultury w perspektywie \u015bwiatowych studi\u00f3w kulturologicznych, mi\u0119dzydyscyplinowych bada\u0144 terenowych (aktualnie w Sudanie), <em>Polskiego Atlasu Etnograficznego<\/em>, ochrony \u015bwiatowego i polskiego dziedzictwa kulturowego (tradycyjnego i elektronicznego) w perspektywie bibliologicznej, informacyjnej i chemicznej, performatywnych praktyk pisania dla wsp\u00f3\u0142czesnego teatru. Pracownicy Instytutu Nauk o Kulturze w swoich badaniach skupiaj\u0105 si\u0119 tak\u017ce na analizie zjawisk w mikroskali.<\/span><\/p>\n<\/div>\r\n                    <\/div>\r\n                <\/div>[\/vc_column][vc_column width=&#8221;1\/3&#8243;]\r\n                <div class=\"text-modules\">\r\n                    <div class=\"container\">\r\n                        \r\n                        <div class=\"text-modules__content\"><\/p>\n<p>&nbsp;<\/p>\n<p>&nbsp;<\/p>\n<p>&nbsp;<\/p>\n<p>&nbsp;<\/p>\n<p style=\"text-align: center;\"><span style=\"font-size: 18pt;\"><strong>CZASOPISMA<\/strong><\/span><\/p>\n<p style=\"text-align: center;\"><span style=\"font-size: 12pt;\"><a title=\"&quot;Studia Etnologiczne i Antropologiczne&quot;\" href=\"https:\/\/www.facebook.com\/profile.php?id=100064033417551\" target=\"_blank\" rel=\"noopener\"><strong><em>&#8222;Studia Etnologiczne i Antropologiczne&#8221;<\/em><\/strong><\/a> <\/span><\/p>\n<p style=\"text-align: center;\">to specjalistyczne czasopismo naukowe<\/p>\n<p style=\"text-align: center;\">o profilu etnologicznym<\/p>\n<p>&nbsp;<\/p>\n<p>&nbsp;<\/p>\n<p>&nbsp;<\/p>\n<p style=\"text-align: center;\"><span style=\"font-size: 18pt;\"><strong>SERIE<\/strong><\/span><\/p>\n<h1 class=\"x1heor9g x1qlqyl8 x1pd3egz x1a2a7pz\" style=\"text-align: center;\"><span style=\"font-size: 12pt;\"><a title=\"Laboratorium kultury\" href=\"https:\/\/www.facebook.com\/laboratoriumkultury\" target=\"_blank\" rel=\"noopener\">Laboratorium kultury<\/a><\/span><\/h1>\n<h1 class=\"x1heor9g x1qlqyl8 x1pd3egz x1a2a7pz\" style=\"text-align: center;\"><a title=\"Oikos. Komparatystyka Literacka i Kulturowa\" href=\"https:\/\/www.facebook.com\/oikos.komparatystyka\" target=\"_blank\" rel=\"noopener\"><span style=\"font-size: 14pt;\"><span style=\"font-size: 12pt;\">Oikos. Komparatystyka Literacka i Kulturowa<\/span><\/span><\/a><\/h1>\n<p>&nbsp;<\/p>\n<p>&nbsp;<\/p>\n<p>&nbsp;<\/p>\n<p style=\"text-align: center;\"><span style=\"font-size: 18pt;\"><strong>ZESPO\u0141Y BADAWCZE<\/strong><\/span><\/p>\n<h1 style=\"text-align: center;\"><strong><span style=\"font-size: 12pt;\"><a title=\"Memetyka\" href=\"https:\/\/www.facebook.com\/Memetyka\/\" target=\"_blank\" rel=\"noopener\">Memetyka<\/a><\/span><\/strong><\/h1>\n<p style=\"text-align: center;\"><strong><a title=\"Zak\u0142ad Teatru i Dramatu Uniwersytetu \u015al\u0105skiego\" href=\"https:\/\/www.facebook.com\/us.ztid\" target=\"_blank\" rel=\"noopener\"><span style=\"font-size: 12pt;\">Zak\u0142ad Teatru i Dramatu Uniwersytetu \u015al\u0105skiego<\/span><\/a><\/strong><\/p>\n<h1 style=\"text-align: center;\"><span style=\"font-size: 12pt;\"><a href=\"https:\/\/antropos.us.edu.pl\/\" target=\"_blank\" rel=\"noopener\"><strong>Zesp\u00f3\u0142 Bada\u0144 Etnograficznych i Antropologicznych<\/strong><\/a><\/span><\/h1>\n<h1 class=\"x1heor9g x1qlqyl8 x1pd3egz x1a2a7pz\" style=\"text-align: center;\"><a title=\"Zesp\u00f3\u0142 Teorii i Historii Kultury\" href=\"https:\/\/www.facebook.com\/teoretyczni\" target=\"_blank\" rel=\"noopener\"><span style=\"font-size: 12pt;\"><strong>Zesp\u00f3\u0142 Teorii i Historii Kultury<\/strong><\/span><\/a><\/h1>\n<p>\n<\/div>\r\n                    <\/div>\r\n                <\/div>[\/vc_column][\/vc_row][vc_row][vc_column]\r\n                <div class=\"text-modules\">\r\n                    <div class=\"container\">\r\n                        <h3 class=\"page-title text__title\">INoK dzisiaj<\/h3>\r\n                        <div class=\"text-modules__content\"><p><span style=\"font-size: 12pt;\">Instytut Etnologii i Antropologii Kulturowej w Cieszynie [redakcja: dr hab. Agnieszka Pie\u0144czak, prof. U\u015a]<\/span><\/p>\n<p><span style=\"font-size: 12pt;\"><a href=\"https:\/\/www.facebook.com\/EtnologiaCieszyn\" target=\"_blank\" rel=\"noopener\">https:\/\/www.facebook.com\/EtnologiaCieszyn<\/a><\/span><\/p>\n<p><span style=\"font-size: 12pt;\">Instytut Bibliotekoznawstwa i Informacji Naukowej [redakcja: dr Joanna Kami\u0144ska, dr Karol Makles, dr hab. Jacek Tomaszczyk, prof. U\u015a]<br \/>\n<\/span><\/p>\n<p><span style=\"font-size: 12pt;\"><a href=\"https:\/\/www.facebook.com\/ibinus\/\" target=\"_blank\" rel=\"noopener noreferrer\">https:\/\/www.facebook.com\/ibinus\/<\/a><\/span><\/p>\n<p><span style=\"font-size: 12pt;\">Instytut Nauk o Kulturze [redakcja: dr hab. Magdalena Kempna-Pieni\u0105\u017cek, prof. U\u015a, dr Julia Legomska, prof. U\u015a, dr Adam Pisarek]<\/span><\/p>\n<p><span style=\"font-size: 12pt;\"><a href=\"https:\/\/www.facebook.com\/kulturoznawstwo.kulturymediow.US\" target=\"_blank\" rel=\"noopener noreferrer\">https:\/\/pl-pl.facebook.com\/Kulturoznawstwo.US<\/a><\/span><\/p>\n<\/div>\r\n                    <\/div>\r\n                <\/div>[\/vc_column][\/vc_row]<\/p>","protected":false},"excerpt":{"rendered":"<p>[vc_row el_class=&#8221;container&#8221;][vc_column width=&#8221;2\/3&#8243;][\/vc_column][vc_column width=&#8221;1\/3&#8243;][\/vc_column][\/vc_row][vc_row][vc_column][\/vc_column][\/vc_row] [&#8230;]<\/p>\n<p><a class=\"btn btn-secondary understrap-read-more-link\" href=\"https:\/\/us.edu.pl\/instytut\/inok\/o-instytucie\/instytut-dawniej-i-dzis\/\">Read More&#8230;<\/a><\/p>\n","protected":false},"author":32,"featured_media":0,"parent":123,"menu_order":0,"comment_status":"closed","ping_status":"closed","template":"","meta":{"_expiration-date-status":"saved","_expiration-date":0,"_expiration-date-type":"","_expiration-date-categories":[],"_expiration-date-options":[]},"acf":[],"_links":{"self":[{"href":"https:\/\/us.edu.pl\/instytut\/inok\/wp-json\/wp\/v2\/pages\/133"}],"collection":[{"href":"https:\/\/us.edu.pl\/instytut\/inok\/wp-json\/wp\/v2\/pages"}],"about":[{"href":"https:\/\/us.edu.pl\/instytut\/inok\/wp-json\/wp\/v2\/types\/page"}],"author":[{"embeddable":true,"href":"https:\/\/us.edu.pl\/instytut\/inok\/wp-json\/wp\/v2\/users\/32"}],"replies":[{"embeddable":true,"href":"https:\/\/us.edu.pl\/instytut\/inok\/wp-json\/wp\/v2\/comments?post=133"}],"version-history":[{"count":11,"href":"https:\/\/us.edu.pl\/instytut\/inok\/wp-json\/wp\/v2\/pages\/133\/revisions"}],"predecessor-version":[{"id":4339,"href":"https:\/\/us.edu.pl\/instytut\/inok\/wp-json\/wp\/v2\/pages\/133\/revisions\/4339"}],"up":[{"embeddable":true,"href":"https:\/\/us.edu.pl\/instytut\/inok\/wp-json\/wp\/v2\/pages\/123"}],"wp:attachment":[{"href":"https:\/\/us.edu.pl\/instytut\/inok\/wp-json\/wp\/v2\/media?parent=133"}],"curies":[{"name":"wp","href":"https:\/\/api.w.org\/{rel}","templated":true}]}}