{"id":135,"date":"2020-01-20T18:25:08","date_gmt":"2020-01-20T17:25:08","guid":{"rendered":"http:\/\/us.edu.pl\/instytut\/inok\/?page_id=135"},"modified":"2026-03-17T10:52:40","modified_gmt":"2026-03-17T09:52:40","slug":"rada-naukowa","status":"publish","type":"page","link":"https:\/\/us.edu.pl\/instytut\/inok\/o-instytucie\/rada-naukowa\/","title":{"rendered":"rada naukowa"},"content":{"rendered":"<p>[vc_row el_class=&#8221;container&#8221;][vc_column width=&#8221;1\/2&#8243; el_class=&#8221;container&#8221;]\r\n                <div class=\"text-modules\">\r\n                    <div class=\"container\">\r\n                        \r\n                        <div class=\"text-modules__content\"><p><span style=\"color: #000080; font-size: 12pt;\"><strong>Sk\u0142ad Rady Naukowej Instytutu Nauk o Kulturze<br \/>\n<\/strong><\/span><span style=\"color: #000080; font-size: 12pt;\"><strong>na kadencj\u0119 2022-2026<\/strong><\/span><\/p>\n<p><strong><span style=\"font-size: 12pt;\">DYREKCJA:<\/span><\/strong><\/p>\n<p><span style=\"font-size: 12pt;\">dr hab. Beata Gontarz, prof. U\u015a &#8211; PRZEWODNICZ\u0104CA<\/span><br \/>\n<span style=\"font-size: 12pt;\">dr hab. Ilona Copik, prof. U\u015a<\/span><br \/>\n<span style=\"font-size: 12pt;\">dr hab. Kinga Czerwi\u0144ska, prof. U\u015a<\/span><\/p>\n<p><strong><span style=\"font-size: 12pt;\">PROFESOROWIE TYTULARNI:<\/span><\/strong><\/p>\n<p><span style=\"font-size: 12pt;\">prof. dr hab. Aleksandra Kunce<\/span><br \/>\n<span style=\"font-size: 12pt;\">prof. dr hab. Ewa W\u0105chocka<\/span><br \/>\n<span style=\"font-size: 12pt;\">prof. dr hab. Piotr Zawojski<\/span><\/p>\n<p><strong><span style=\"font-size: 12pt;\">CZ\u0141ONKOWIE RADY WY\u0141ONIENI NA PODSTAWIE DOROBKU:<\/span><\/strong><\/p>\n<p><span style=\"font-size: 12pt;\">dr hab. Anna Malinowska, prof. U\u015a<\/span><br \/>\n<span style=\"font-size: 12pt;\">dr hab. Agnieszka Go\u0142da, prof. U\u015a<\/span><br \/>\n<span style=\"font-size: 12pt;\">dr hab. Beata Popczyk-Szcz\u0119sna, prof. U\u015a<\/span><br \/>\n<span style=\"font-size: 12pt;\">dr hab. Ma\u0142gorzata Rygielska, prof. U\u015a<\/span><br \/>\n<span style=\"font-size: 12pt;\">dr Adam Pisarek<\/span><br \/>\n<span style=\"font-size: 12pt;\">dr Magdalena Figza\u0142-Janikowska<\/span><br \/>\n<span style=\"font-size: 12pt;\">dr Marlena G\u0119borska<\/span><br \/>\n<span style=\"font-size: 12pt;\">dr hab. Jolanta Gwio\u017adzik, prof. U\u015a<\/span><br \/>\n<span style=\"font-size: 12pt;\">dr hab. Agnieszka Pie\u0144czak, prof. U\u015a<\/span><br \/>\n<span style=\"font-size: 12pt;\">dr Barbara Orze\u0142<\/span><br \/>\n<span style=\"font-size: 12pt;\">dr Agnieszka Tambor<\/span><br \/>\n<span style=\"font-size: 12pt;\">dr Kamila G\u0119sikowska<\/span><br \/>\n<span style=\"font-size: 12pt;\">dr hab. Justyna Budzik<\/span><br \/>\n<span style=\"font-size: 12pt;\">dr hab. Magdalena Kempna-Pieni\u0105\u017cek, prof. U\u015a<\/span><br \/>\n<span style=\"font-size: 12pt;\">dr hab. Jacek Tomaszczyk, prof. U\u015a<\/span><br \/>\n<span style=\"font-size: 12pt;\">dr hab. Barbara Kita, prof. U\u015a<\/span><\/p>\n<\/div>\r\n                    <\/div>\r\n                <\/div>[\/vc_column][vc_column width=&#8221;1\/2&#8243;]\r\n                <div class=\"text-modules\">\r\n                    <div class=\"container\">\r\n                        \r\n                        <div class=\"text-modules__content\"><p><strong><span style=\"font-size: 14pt;\">Terminy posiedze\u0144 Rady Naukowej INoK:<\/span><\/strong><\/p>\n<p><span style=\"font-size: 12pt;\">23 wrze\u015bnia 2025 r.,<br \/>\n<\/span><span style=\"font-size: 12pt;\">28 pa\u017adziernika,<br \/>\n<\/span><span style=\"font-size: 10pt;\">[18 listopada],<\/span><span style=\"font-size: 12pt;\"><br \/>\n<\/span><span style=\"font-size: 12pt;\">16 grudnia,<br \/>\n20 stycznia 2026 r.<span style=\"font-size: 12pt;\">,\u00a0<\/span><br \/>\n17 marca,<br \/>\n<span style=\"font-size: 18pt; color: #800080;\"><strong><span style=\"color: #5ec92c;\">21 kwietnia<\/span><\/strong><\/span>, godz. 10.00,<br \/>\n<span style=\"font-size: 10pt;\"><span style=\"font-size: 12pt;\">19 maja,<\/span><br \/>\n<\/span><\/span><span style=\"font-size: 12pt;\">23 czerwca.<br \/>\n<\/span><\/p>\n<p><strong><span style=\"font-size: 12pt;\">W roku akademickim 2025\/2026 posiedzenia odbywaj\u0105 si\u0119 w trybie zdalnym.<\/span><\/strong><\/p>\n<\/div>\r\n                    <\/div>\r\n                <\/div>\r\n                <div class=\"text-modules\">\r\n                    <div class=\"container\">\r\n                        \r\n                        <div class=\"text-modules__content\"><\/p>\n<p><strong><span style=\"font-size: 12pt;\">\u00a0<\/span><\/strong><\/p>\n<\/div>\r\n                    <\/div>\r\n                <\/div>[\/vc_column][\/vc_row]<\/p>","protected":false},"excerpt":{"rendered":"<p>[vc_row el_class=&#8221;container&#8221;][vc_column width=&#8221;1\/2&#8243; el_class=&#8221;container&#8221;][\/vc_column][vc_column width=&#8221;1\/2&#8243;][\/vc_column][\/vc_row] [&#8230;]<\/p>\n<p><a class=\"btn btn-secondary understrap-read-more-link\" href=\"https:\/\/us.edu.pl\/instytut\/inok\/o-instytucie\/rada-naukowa\/\">Read More&#8230;<\/a><\/p>\n","protected":false},"author":1658,"featured_media":0,"parent":123,"menu_order":0,"comment_status":"closed","ping_status":"closed","template":"","meta":{"_expiration-date-status":"saved","_expiration-date":0,"_expiration-date-type":"","_expiration-date-categories":[],"_expiration-date-options":[]},"acf":[],"_links":{"self":[{"href":"https:\/\/us.edu.pl\/instytut\/inok\/wp-json\/wp\/v2\/pages\/135"}],"collection":[{"href":"https:\/\/us.edu.pl\/instytut\/inok\/wp-json\/wp\/v2\/pages"}],"about":[{"href":"https:\/\/us.edu.pl\/instytut\/inok\/wp-json\/wp\/v2\/types\/page"}],"author":[{"embeddable":true,"href":"https:\/\/us.edu.pl\/instytut\/inok\/wp-json\/wp\/v2\/users\/1658"}],"replies":[{"embeddable":true,"href":"https:\/\/us.edu.pl\/instytut\/inok\/wp-json\/wp\/v2\/comments?post=135"}],"version-history":[{"count":12,"href":"https:\/\/us.edu.pl\/instytut\/inok\/wp-json\/wp\/v2\/pages\/135\/revisions"}],"predecessor-version":[{"id":4365,"href":"https:\/\/us.edu.pl\/instytut\/inok\/wp-json\/wp\/v2\/pages\/135\/revisions\/4365"}],"up":[{"embeddable":true,"href":"https:\/\/us.edu.pl\/instytut\/inok\/wp-json\/wp\/v2\/pages\/123"}],"wp:attachment":[{"href":"https:\/\/us.edu.pl\/instytut\/inok\/wp-json\/wp\/v2\/media?parent=135"}],"curies":[{"name":"wp","href":"https:\/\/api.w.org\/{rel}","templated":true}]}}