{"id":147,"date":"2020-01-20T18:29:00","date_gmt":"2020-01-20T17:29:00","guid":{"rendered":"http:\/\/us.edu.pl\/instytut\/inok\/?page_id=147"},"modified":"2026-03-03T14:12:49","modified_gmt":"2026-03-03T13:12:49","slug":"projekty-badawcze-i-grantowe","status":"publish","type":"page","link":"https:\/\/us.edu.pl\/instytut\/inok\/nauka\/projekty-badawcze-i-grantowe\/","title":{"rendered":"projekty badawcze i grantowe"},"content":{"rendered":"<p>[vc_row][vc_column]\r\n                <div class=\"text-modules\">\r\n                    <div class=\"container\">\r\n                        \r\n                        <div class=\"text-modules__content\"><\/p>\n<p style=\"text-align: center;\"><strong><span style=\"font-size: 14pt; color: #008000;\">Aktualne projekty<\/span><\/strong><\/p>\n<p><span style=\"font-size: 12pt;\"><em><strong>Teatr \u015al\u0105ski w archiwach i przekazach ustnych<br \/>\n<\/strong><\/em><span style=\"color: #000000;\">kierownik:<\/span> <span style=\"color: #000080;\"><strong>dr hab. Dorota Fox, prof. U\u015a<\/strong><strong><br \/>\n<\/strong><span style=\"color: #000000;\">projekt ustanowiony przez ministra. Ministerstwo Nauki i Szkolnictwa Wy\u017cszego<br \/>\nczas realizacji: od 21 X 2025 r. do 21 X 2029 r.<\/span><\/span><\/span><\/p>\n<p><span style=\"font-size: 12pt;\"><strong><em>Procesy demokratyzacyjne w teatrach instytucjonalnych w Polsce. Procedury, mechanizmy i relacje w\u0142adzy<br \/>\n<\/em><\/strong><span style=\"color: #000000;\">wnioskodawca\/kierownik:<\/span> <strong><span style=\"color: #000080;\">d<\/span><\/strong><span class=\"single-img\"><strong><span style=\"color: #0000ff;\"><span style=\"color: #000080;\">r Aneta G\u0142owacka, prof. U\u015a<\/span><\/span><\/strong>, <\/span><span style=\"color: #000000;\">wykonawcy:<\/span> <span style=\"color: #000080;\"><strong>dr hab. Ewa D\u0105bek-Derda, prof. U\u015a, dr hab. Dorota Fox, prof. U\u015a, dr hab. Beata Popczyk-Szcz\u0119sna, prof. U\u015a<\/strong><\/span><br \/>\n<span style=\"color: #000000;\">grant Narodowego Centrum Nauki w ramach programu SONATA 17<\/span> [<a href=\"https:\/\/projekty.ncn.gov.pl\/index.php?projekt_id=541049\" target=\"_blank\" rel=\"noopener\">2021\/43\/D\/HS2\/01722<\/a>]<br \/>\n<span style=\"color: #000000;\">czas realizacji: od 3 X 2022 r. do 2 X 2026 r.<\/span><\/span><\/p>\n<p><span style=\"font-size: 12pt;\"><strong><em>Bibliotheca Bavoroviana Leopoliensis &#8211; baza danych inkunabu\u0142\u00f3w oraz druk\u00f3w z lat 1701-1830 w zbiorach lwowskich i ksi\u0105\u017cek przemieszczonych po 1939 r. Stan, opracowanie naukowe i ocena konserwatorska<br \/>\n<\/em><\/strong><span style=\"color: #000000;\">kierownik:<\/span><\/span><span style=\"font-size: 12pt;\"> <span style=\"color: #000080;\"><strong>dr hab. Jolanta Gwio\u017adzik, prof. U\u015a<br \/>\n<\/strong><\/span><\/span><span style=\"color: #000000;\"><span style=\"font-size: 12pt;\">grant Ministerstwa Nauki i Szkolnictwa Wy\u017cszego w ramach Narodowego Programu Rozwoju Humanistyki, modu\u0142: Dziedzictwo narodowe II\/2023 [decyzja <a href=\"https:\/\/www.gov.pl\/web\/nauka\/ogloszenie-wynikow-konkursu-nprh-dziedzictwo-narodowe--konkurs-12--ii-rozstrzygniecie\" target=\"_blank\" rel=\"noopener\">NPRH\/DN\/SP\/0100\/2023\/12<\/a>]<br \/>\n<\/span><span style=\"font-size: 12pt;\">czas realizacji: od 11 III 2024 r. do 11 III 2029 r.<\/span><\/span><\/p>\n<p><span style=\"font-size: 12pt;\"><strong><em>Dziedzictwo ksi\u0105\u017cki dawnej Rzeczypospolitej. Druki z lat 1459-1600 w zbiorach paulin\u00f3w prowincji polskiej<br \/>\n<\/em><\/strong><span style=\"color: #000000;\">wnioskodawca i kierownik:<\/span> dr hab. Leonard Ogierman, prof. U\u015a<span style=\"color: #000000;\"><span class=\"single-img\">, <\/span>wykonawca: o. prof. dr hab. Remigiusz Deg\u00f3rski, <\/span><span style=\"color: #000080;\"><strong>dr hab. Jolanta Gwio\u017adzik, prof. U\u015a<\/strong><span style=\"color: #000000;\">, o. dr Jaros\u0142aw \u0141uniewski, <\/span><span style=\"color: #0000ff;\">mgr Tadeusz Maci\u0105g<\/span><span style=\"color: #0000ff;\"><span style=\"color: #000000;\">,<\/span> <\/span><strong>dr Karol Makles<\/strong><\/span>, <span style=\"color: #0000ff;\">mgr Agata Sowi\u0144ska<\/span><br \/>\n<span style=\"color: #000000;\">grant Ministerstwa Nauki i Szkolnictwa Wy\u017cszego w ramach Narodowego Programu Rozwoju Humanistyki [NPRH 11H 18 0393 86]<\/span><br \/>\n<span style=\"color: #000000;\">czas realizacji: od 21 XII 2018 r. do 20 XII 2026 r.<\/span><\/span><\/p>\n<p><span style=\"font-size: 12pt;\"><em><strong>Szczepa\u0144ski. Reaktywacja<br \/>\n<\/strong><\/em><span style=\"color: #000000;\">kierownik:<\/span> <span style=\"color: #000080;\"><strong>dr hab. Ma\u0142gorzata Krakowiak, prof. U\u015a<\/strong><strong><br \/>\n<\/strong><span style=\"color: #000000;\">projekt ustanowiony przez ministra. Ministerstwo Nauki i Szkolnictwa Wy\u017cszego<br \/>\nczas realizacji: od 21 X 2025 r. do 21 X 2027 r.<\/span><\/span><\/span><\/p>\n<p><span style=\"font-size: 12pt;\"><em><strong>Dziedzictwo i potencja\u0142 kulturowy polskiego Obszaru Warownego \u201e\u015al\u0105sk&#8221; (dziedzictwo my\u015bli fortyfikacyjnej, unikatowy krajobraz urbanizacyjny, budowanie wsp\u00f3lnoty do\u015bwiadczenia i pami\u0119ci)<br \/>\n<\/strong><\/em><span style=\"color: #000000;\">kierownik:<\/span> <span style=\"color: #000080;\"><strong>prof. <\/strong><\/span><span style=\"color: #000080;\"><strong>dr hab. Aleksandra Kunce<\/strong><strong><br \/>\n<\/strong><span style=\"color: #000000;\">projekt ustanowiony przez ministra. Ministerstwo Nauki i Szkolnictwa Wy\u017cszego<br \/>\nczas realizacji: od 21 X 2025 r. do 21 X 2029 r.<\/span><\/span><\/span><\/p>\n<p><span style=\"font-size: 12pt;\"><strong><em>Testery mi\u0142o\u015bci. Technologiczne prototypy profilowania uczu\u0107, osobowo\u015bci i relacji (studium kulturowe) = Love Tester Machines: Prototype Technologies for Profiling Personalities, Feelings, and Relationships (Cultural Research)<br \/>\n<\/em><\/strong><span style=\"color: #000000;\">kierownik:<\/span> <strong><span style=\"color: #000080;\">dr hab. Ania Malinowska, prof. U\u015a<\/span><br \/>\n<\/strong><span style=\"color: #000000;\">grant Narodowego Centrum Nauki w ramach programu OPUS 25 [UMO-2023\/49\/B\/HS2\/00054]<br \/>\n<\/span><\/span><span style=\"color: #000000;\"><span style=\"font-size: 12pt;\">czas realizacji: od 12 I 2024 r. do 11 I 2027 r.<\/span><\/span><\/p>\n<p><span style=\"font-size: 12pt;\"><em><strong>Mapowanie percepcji. Projektowanie narracji inkluzywnych w przestrzeniach muzealnych<br \/>\n<\/strong><\/em><\/span><span style=\"font-size: 12pt;\"><span style=\"color: #000000;\">kierownik:<\/span> <span style=\"color: #000080;\"><strong>dr hab. Katarzyna Marcol, prof. U\u015a<\/strong><span style=\"color: #000000;\">, doktorant<span class=\"single-img\"> b\u0119d\u0105cy wnioskodawc\u0105 i kierownikiem projektu<\/span>: <\/span><strong>mgr Dagmara Stanosz<br \/>\n<\/strong><span style=\"color: #000000;\">projekt ustanowiony przez ministra &#8211; <strong>DOKTORAT WDRO\u017bENIOWY VII EDYCJA<\/strong>. Ministerstwo Edukacji i Nauki<br \/>\nczas realizacji: od 1 X 2023 r. do 30 IX 2027 r.<\/span><\/span><\/span><\/p>\n<p><span style=\"font-size: 12pt;\"><em><strong>Formacje i transformacje estetyki teatru telewizji Henryka Baranowskiego &#8211; interdyscyplinarno\u015b\u0107 w badaniach utwor\u00f3w audiowizualnych<br \/>\n<\/strong><\/em><span style=\"color: #000000;\">kierownik:<\/span> <span style=\"color: #000080;\"><strong>prof. dr hab. Piotr Zawojski<\/strong><span style=\"color: #000000;\">, doktorant: <\/span><strong><span style=\"color: #000080;\">mgr Magdalena Nowacka-Flakiewicz<\/span><br \/>\n<\/strong><span style=\"color: #000000;\">projekt ustanowiony przez ministra &#8211; <strong>DOKTORAT WDRO\u017bENIOWY VI EDYCJA<\/strong>. Ministerstwo Edukacji i Nauki<br \/>\nczas realizacji: od 1 X 2022 r. do 31 X 2026 r.<\/span><\/span><\/span><\/p>\n<p style=\"text-align: center;\"><span style=\"font-size: 12pt;\"><span style=\"color: #00ffff;\"><strong><span style=\"color: #003300;\">PATENTY<\/span><br \/>\n<\/strong><\/span><span style=\"color: #000080;\"><strong>dr Agnieszka Bangrowska<\/strong><\/span>, dr hab. Joanna Feder-Kubis [Politechnika Wroc\u0142awska &#8211; Wydzia\u0142 Chemiczny], <strong>dr hab. Monika Geppert-Rybczy\u0144ska, prof. U\u015a [WN\u015aiT U\u015a], prof. dr hab. Robert Musio\u0142 [WN\u015aiT U\u015a]<\/strong><br \/>\nPotwierdzenie: Urz\u0105d Patentowy RP w dniu 2021-06-22 udziela patentu na wynalazek pt: <strong><em>Preparat przeciwgrzybiczy oraz jego zastosowanie<\/em><\/strong>.<br \/>\n<\/span><span style=\"font-size: 12pt;\">Zg\u0142oszenie: P. 427604, zg\u0142aszaj\u0105cy: Uniwersytet \u015al\u0105ski w Katowicach<br \/>\n<\/span><\/p>\n<p style=\"text-align: center;\"><span style=\"font-size: 12pt;\"><span style=\"color: #000080;\"><strong>dr Agnieszka Bangrowska<\/strong><\/span>, <strong>dr hab. Robert Musio\u0142, prof. U\u015a<\/strong> [<strong>WN\u015aiT U\u015a<\/strong>]<\/span><br \/>\n<span style=\"font-size: 12pt;\">Potwierdzenie: Urz\u0105d Patentowy RP w dniu 2019-12-27 udziela patentu na wynalazek pt: <strong><em>Preparat grzybob\u00f3jczy, zw\u0142aszcza do konserwacji materia\u0142\u00f3w bibliotecznych i archiwalnych<\/em><\/strong>.<\/span><br \/>\n<span style=\"font-size: 12pt;\">Zg\u0142oszenie: P. 425468 [WIPO ST 10\/C PL425468], zg\u0142aszaj\u0105cy: Uniwersytet \u015al\u0105ski w Katowicach<\/span><\/p>\n<p>\n<\/div>\r\n                    <\/div>\r\n                <\/div>[\/vc_column][\/vc_row][vc_row][vc_column]\r\n                <div class=\"text-modules\">\r\n                    <div class=\"container\">\r\n                        \r\n                        <div class=\"text-modules__content\"><\/p>\n<p style=\"text-align: center;\"><span style=\"font-size: 12pt;\"><strong><span style=\"color: #008000;\"><span style=\"color: #800080;\">projekty zako\u0144czone<\/span><\/span><\/strong><\/span><\/p>\n<p><span style=\"font-size: 10pt;\"><strong><em>Udomowienie wysp &#8211; Polacy na Wyspach Owczych<br \/>\n<\/em><\/strong><span style=\"color: #000000;\">kierownik:<\/span> <span style=\"color: #000080;\"><strong>dr Ewa Kozik<\/strong><\/span><strong><br \/>\n<\/strong><span style=\"color: #000000;\">grant Narodowego Centrum Nauki w ramach programu MINIATURA 8<\/span><\/span><br \/>\n<span style=\"font-size: 10pt; color: #000000;\">czas realizacji: od 10 XII 2024 r. do 9 XII 2025 r.<\/span><\/p>\n<p><span style=\"font-size: 10pt;\"><strong><em>Sztuka jako forma \u017cycia. Proces tw\u00f3rczy i reprezentacje do\u015bwiadcze\u0144 granicznych w XX i XXI wieku<br \/>\n<\/em><\/strong><span style=\"color: #000000;\">kierownik:<\/span> <span style=\"color: #000080;\"><strong>dr Pawe\u0142 Paszek<\/strong><\/span><strong><br \/>\n<\/strong><span style=\"color: #000000;\">grant Narodowego Centrum Nauki w ramach programu MINIATURA 8<\/span><\/span><br \/>\n<span style=\"font-size: 10pt; color: #000000;\">czas realizacji: od 10 XII 2024 r. do 9 XII 2025 r.<\/span><\/p>\n<p><span style=\"font-size: 10pt;\"><strong><em>Spotka\u0107 (nie)obecnych. Dziedzictwo powojennej spo\u0142eczno\u015bci \u017cydowskiej w Bytomiu: projekt \u015bcie\u017cki dydaktycznej<br \/>\n<\/em><\/strong><span style=\"color: #000000;\">kierownik:<\/span> <span style=\"color: #000080;\"><strong>d<\/strong><\/span><span class=\"single-img\"><strong><span style=\"color: #0000ff;\"><span style=\"color: #000080;\">r hab. Anna Gom\u00f3\u0142a, prof. U\u015a<\/span><\/span><\/strong><span style=\"color: #000000;\">, doktorant b\u0119d\u0105cy wnioskodawc\u0105 i kierownikiem projektu:<\/span> <span style=\"color: #000080;\"><strong>mgr<\/strong> <strong>Magdalena Pospiesza\u0142owska<\/strong><\/span><span style=\"color: #000000;\">, <\/span><\/span><span style=\"color: #000000;\">wnioskodawca w projekcie:<\/span> <strong>dr hab. Iwona Aneta Jelonek, prof. U\u015a<\/strong><span style=\"color: #000000;\">\u00a0<\/span><span class=\"single-img\">[<strong>Instytut Nauk o Ziemi<\/strong><\/span><strong><span class=\"single-img\">]<\/span><\/strong><br \/>\n<span style=\"color: #000000;\">projekt ustanowiony przez ministra &#8211; <strong>DOKTORAT WDRO\u017bENIOWY V EDYCJA<\/strong>. Ministerstwo Edukacji i Nauki<\/span><br \/>\n<span style=\"color: #000000;\">czas realizacji: od 1 X 2021 r. do 30 IX 2025 r.<\/span><\/span><\/p>\n<p><span style=\"font-size: 10pt;\"><strong><em>NesT \u2013 Networking Ecologically Smart Territories<br \/>\n<\/em><\/strong>kierownik:\u00a0<strong>d<\/strong><span class=\"single-img\"><strong>r hab. Micha\u0142 Krzykawski, prof. U\u015a<\/strong>\u00a0[<strong>Instytut Literaturoznawstwa<\/strong>],\u00a0<\/span>wykonawcy:\u00a0<strong>dr Margret [Malgorzata] Grebowicz, prof. U\u015a<\/strong>,\u00a0<strong>dr hab. Ania Malinowska, prof. U\u015a<\/strong><strong>,\u00a0dr Karolina Lebek\u00a0<\/strong><span class=\"single-img\">[<\/span><strong><span class=\"single-img\">Instytut Literaturoznawstwa<\/span><\/strong><span class=\"single-img\">]<\/span><strong><br \/>\n<\/strong>projekt zagraniczny UE \u2013 KOMISJA EUROPEJSKA; konkurs H2020-MSCA-RISE-2020<\/span><br \/>\n<span style=\"font-size: 10pt;\">czas realizacji: od 1 IX 2021 r. do 28 II 2025 r.<\/span><\/p>\n<p><span style=\"font-size: 12pt;\"><em><strong><span style=\"font-size: 10pt;\">Polski Atlas Etnograficzny \u2013 opracowanie naukowe, elektroniczny katalog danych, publikacja zasob\u00f3w w sieci Internet, etap II<\/span><br \/>\n<\/strong><\/em><span style=\"font-size: 10pt;\"><span style=\"color: #000000;\">kierownik:<\/span> <strong><span style=\"color: #000080;\">dr hab. Agnieszka Pie\u0144czak, prof. U\u015a<\/span><br \/>\n<\/strong><span style=\"color: #000000;\">grant Ministerstwa Nauki i Szkolnictwa Wy\u017cszego w ramach Narodowego Programu Rozwoju Humanistyki, modu\u0142: Dziedzictwo narodowe II\/2018 [decyzja 0068\/NPRH8\/H11\/87\/2019]<br \/>\nczas realizacji: od 4 VI 2020 r. do 3 XII 2024 r.<\/span><\/span><\/span><\/p>\n<p style=\"text-align: left;\"><span style=\"font-size: 10pt;\"><strong><em>Poruszaj\u0105c si\u0119 z ziemi\u0105, wod\u0105 i niebem: uciele\u015bnianie wyobra\u017ani przestrzennej w ta\u0144cu i praktykach ruchowych narod\u00f3w indygennych w Kanadzie.<br \/>\n<\/em><\/strong><span style=\"color: #000080;\"><span style=\"color: #000000;\">kierownik:<\/span> <strong>dr Sabina Sen-Podstawska<\/strong><\/span><br \/>\n<span style=\"color: #000000;\">grant Narodowego Centrum Nauki w ramach programu MINIATURA 7<\/span><br \/>\n<span style=\"color: #000000;\">czas realizacji: od 8 VIII 2023 r. do 7 IX 2024 r.<\/span><\/span><\/p>\n<p><span style=\"font-size: 10pt;\"><strong><em>Technologie mi\u0142o\u015bci. Kultury uczu\u0107 i intymno\u015bci w dobie afektywnych medi\u00f3w<br \/>\n<\/em><\/strong><span style=\"color: #000000;\">kierownik:<\/span> <strong><span style=\"color: #000080;\">dr hab. Ania Malinowska, prof. U\u015a<\/span><br \/>\n<\/strong><span style=\"color: #000000;\">grant Narodowego Centrum Nauki w ramach programu OPUS [UMO-2020\/37\/B\/HS2\/01455]<\/span><\/span><br \/>\n<span style=\"font-size: 10pt; color: #000000;\">czas realizacji: od 11 I 2021 r. do 10 I 2024 r.<\/span><\/p>\n<p><span style=\"font-size: 10pt;\"><em><strong>Cyfrowy umys\u0142 i konektywna inteligencja: czego mo\u017cemy si\u0119 dowiedzie\u0107 dzi\u0119ki eksperymentom z zakresu sztuki nowych medi\u00f3w<br \/>\n<\/strong><\/em><span style=\"color: #000000;\">kierownik:<\/span> <strong><span style=\"color: #000080;\">dr Anna Maj<\/span><\/strong><\/span><br \/>\n<span style=\"font-size: 10pt;\">METROPOLITALNY FUNDUSZ WSPIERANIA NAUKI<\/span><br \/>\n<span style=\"font-size: 10pt;\"><span style=\"color: #000000;\">czas realizacji: od <\/span>13 X 2023 r. do 29 XII 2023 r.<\/span><\/p>\n<p><span style=\"font-size: 10pt;\"><strong><em>&#8222;Dobry Pasterz&#8221; z Masida. Obraz w kontek\u015bcie zmieniaj\u0105cego si\u0119 krajobrazu kulturowego Trzeciej Katarakty Nilu<br \/>\n<\/em><\/strong><span style=\"color: #000000;\">kierownik: dr Dobrochna Zieli\u0144ska [Wydzia\u0142 Archeologii Uniwersytetu Warszawskiego], wykonawca:<\/span><strong><span style=\"color: #000080;\"> dr hab. Maciej Kurcz, prof. U\u015a<\/span><br \/>\n<\/strong><span style=\"color: #000000;\">grant Narodowego Centrum Nauki w ramach programu OPUS [UMO-2019\/35\/B\/HS3\/02440]<br \/>\nczas realizacji: od 14 VII 2020 r. do 13 VII 2024 r.<\/span><\/span><\/p>\n<p><span style=\"font-size: 10pt;\"><strong><em><span style=\"font-size: 10pt;\">Soba \u2013 serce kr\u00f3lestwa Alwy. Organizacj<\/span>a przestrzenna \u015bredniowiecznej stolicy na Nilem B\u0142\u0119kitnym<br \/>\n<\/em><\/strong>kierownik: dr Mariusz Drzewiecki [Centrum Archeologii \u015ar\u00f3dziemnomorskiej UW], wykonawca w projekcie:<strong><span style=\"color: #000080;\"> dr hab. Maciej Kurcz, prof. U\u015a<\/span><br \/>\n<\/strong>grant Narodowego Centrum Nauki w ramach programu OPUS [UMO-2018\/29\/B\/HS3\/02533]<br \/>\nczas realizacji: od 6 II 2019 r. do 5 II 2022 r.<\/span><\/p>\n<\/div>\r\n                    <\/div>\r\n                <\/div>[\/vc_column][\/vc_row]<\/p>","protected":false},"excerpt":{"rendered":"<p>[vc_row][vc_column][\/vc_column][\/vc_row][vc_row][vc_column][\/vc_column][\/vc_row] [&#8230;]<\/p>\n<p><a class=\"btn btn-secondary understrap-read-more-link\" href=\"https:\/\/us.edu.pl\/instytut\/inok\/nauka\/projekty-badawcze-i-grantowe\/\">Read More&#8230;<\/a><\/p>\n","protected":false},"author":1658,"featured_media":0,"parent":125,"menu_order":0,"comment_status":"closed","ping_status":"closed","template":"","meta":{"_expiration-date-status":"saved","_expiration-date":0,"_expiration-date-type":"","_expiration-date-categories":[],"_expiration-date-options":[]},"acf":[],"_links":{"self":[{"href":"https:\/\/us.edu.pl\/instytut\/inok\/wp-json\/wp\/v2\/pages\/147"}],"collection":[{"href":"https:\/\/us.edu.pl\/instytut\/inok\/wp-json\/wp\/v2\/pages"}],"about":[{"href":"https:\/\/us.edu.pl\/instytut\/inok\/wp-json\/wp\/v2\/types\/page"}],"author":[{"embeddable":true,"href":"https:\/\/us.edu.pl\/instytut\/inok\/wp-json\/wp\/v2\/users\/1658"}],"replies":[{"embeddable":true,"href":"https:\/\/us.edu.pl\/instytut\/inok\/wp-json\/wp\/v2\/comments?post=147"}],"version-history":[{"count":11,"href":"https:\/\/us.edu.pl\/instytut\/inok\/wp-json\/wp\/v2\/pages\/147\/revisions"}],"predecessor-version":[{"id":4338,"href":"https:\/\/us.edu.pl\/instytut\/inok\/wp-json\/wp\/v2\/pages\/147\/revisions\/4338"}],"up":[{"embeddable":true,"href":"https:\/\/us.edu.pl\/instytut\/inok\/wp-json\/wp\/v2\/pages\/125"}],"wp:attachment":[{"href":"https:\/\/us.edu.pl\/instytut\/inok\/wp-json\/wp\/v2\/media?parent=147"}],"curies":[{"name":"wp","href":"https:\/\/api.w.org\/{rel}","templated":true}]}}