{"id":118,"date":"2019-11-07T20:29:07","date_gmt":"2019-11-07T19:29:07","guid":{"rendered":"http:\/\/us.edu.pl\/instytut\/inos\/?page_id=118"},"modified":"2022-12-19T12:33:30","modified_gmt":"2022-12-19T11:33:30","slug":"dyrekcja-instytutu","status":"publish","type":"page","link":"https:\/\/us.edu.pl\/instytut\/inos\/o-instytucie\/dyrekcja-instytutu\/","title":{"rendered":"Dyrekcja Instytutu"},"content":{"rendered":"<p>[vc_row][vc_column]\r\n\r\n            <div class=\"blocks\" style=\"text-align: \">\r\n               <div class=\"container\">\r\n                  \r\n                  <div class=\"row m-0 blocks_3\">\r\n                  \r\n                     <a href=\"https:\/\/us.edu.pl\/instytut\/inos\/osoby\/bogumila-mika\/\" class=\"thumbnail blocks__item\" style=\"background-image: url(https:\/\/us.edu.pl\/instytut\/inos\/wp-content\/uploads\/sites\/29\/Nieprzypisane\/Bogumi\u0142a-Mika_DSC_1636-1024x1006.jpeg)\">\r\n                        <span>wi\u0119cej<\/span>\r\n                        <div class=\"blocks__bottom\">\r\n                        <div class=\"blocks__title\">dr hab. Bogumi\u0142a Mika, prof. U\u015a<\/div>\r\n                        <div class=\"blocks__subtitle\">dyrektor Instytutu Nauk o Sztuce<\/div>\r\n                        <\/div>\r\n                     <\/a>\r\n                  \r\n                     <a href=\"https:\/\/us.edu.pl\/instytut\/inos\/osoby\/miroslawa-sobczynska-szczepanska\/\" class=\"thumbnail blocks__item\" style=\"background-image: url(https:\/\/us.edu.pl\/instytut\/inos\/wp-content\/uploads\/sites\/29\/Nieprzypisane\/Miros\u0142awa-Sobczy\u0144ska.jpeg)\">\r\n                        <span>wi\u0119cej<\/span>\r\n                        <div class=\"blocks__bottom\">\r\n                        <div class=\"blocks__title\">dr Miros\u0142awa Sobczy\u0144ska-Szczepa\u0144ska, prof. U\u015a<\/div>\r\n                        <div class=\"blocks__subtitle\">zast\u0119pca dyrektora Instytutu Nauk o Sztuce<\/div>\r\n                        <\/div>\r\n                     <\/a><\/div>     \r\n               <\/div>\r\n            <\/div>[\/vc_column][\/vc_row][vc_row][vc_column][\/vc_column][\/vc_row]<\/p>","protected":false},"excerpt":{"rendered":"<p>[vc_row][vc_column][\/vc_column][\/vc_row][vc_row][vc_column][\/vc_column][\/vc_row] [&#8230;]<\/p>\n<p><a class=\"btn btn-secondary understrap-read-more-link\" href=\"https:\/\/us.edu.pl\/instytut\/inos\/o-instytucie\/dyrekcja-instytutu\/\">Read More&#8230;<\/a><\/p>\n","protected":false},"author":1,"featured_media":0,"parent":135,"menu_order":0,"comment_status":"closed","ping_status":"closed","template":"","meta":{"_expiration-date-status":"saved","_expiration-date":0,"_expiration-date-type":"","_expiration-date-categories":[],"_expiration-date-options":[]},"acf":[],"_links":{"self":[{"href":"https:\/\/us.edu.pl\/instytut\/inos\/wp-json\/wp\/v2\/pages\/118"}],"collection":[{"href":"https:\/\/us.edu.pl\/instytut\/inos\/wp-json\/wp\/v2\/pages"}],"about":[{"href":"https:\/\/us.edu.pl\/instytut\/inos\/wp-json\/wp\/v2\/types\/page"}],"author":[{"embeddable":true,"href":"https:\/\/us.edu.pl\/instytut\/inos\/wp-json\/wp\/v2\/users\/1"}],"replies":[{"embeddable":true,"href":"https:\/\/us.edu.pl\/instytut\/inos\/wp-json\/wp\/v2\/comments?post=118"}],"version-history":[{"count":10,"href":"https:\/\/us.edu.pl\/instytut\/inos\/wp-json\/wp\/v2\/pages\/118\/revisions"}],"predecessor-version":[{"id":1075,"href":"https:\/\/us.edu.pl\/instytut\/inos\/wp-json\/wp\/v2\/pages\/118\/revisions\/1075"}],"up":[{"embeddable":true,"href":"https:\/\/us.edu.pl\/instytut\/inos\/wp-json\/wp\/v2\/pages\/135"}],"wp:attachment":[{"href":"https:\/\/us.edu.pl\/instytut\/inos\/wp-json\/wp\/v2\/media?parent=118"}],"curies":[{"name":"wp","href":"https:\/\/api.w.org\/{rel}","templated":true}]}}