{"id":135,"date":"2019-11-07T21:13:39","date_gmt":"2019-11-07T20:13:39","guid":{"rendered":"http:\/\/us.edu.pl\/instytut\/inos\/?page_id=135"},"modified":"2020-11-02T17:07:49","modified_gmt":"2020-11-02T16:07:49","slug":"o-instytucie","status":"publish","type":"page","link":"https:\/\/us.edu.pl\/instytut\/inos\/o-instytucie\/","title":{"rendered":"O instytucie"},"content":{"rendered":"<p>[vc_row el_class=&#8221;container&#8221;][vc_column width=&#8221;2\/3&#8243; el_class=&#8221;container&#8221;]\r\n                <div class=\"text-modules\">\r\n                    <div class=\"container\">\r\n                        \r\n                        <div class=\"text-modules__content\"><p><span style=\"font-size: 12pt\"><strong><img class=\"size-medium wp-image-421 alignnone aligncenter\" src=\"http:\/\/us.edu.pl\/instytut\/inos\/wp-content\/uploads\/sites\/29\/Nieprzypisane\/uniwersytet-slaski_WH_INS_logo_poziome_rgb-1-300x51.jpg\" alt=\"\" width=\"300\" height=\"51\" srcset=\"https:\/\/us.edu.pl\/instytut\/inos\/wp-content\/uploads\/sites\/29\/Nieprzypisane\/uniwersytet-slaski_WH_INS_logo_poziome_rgb-1-300x51.jpg 300w, https:\/\/us.edu.pl\/instytut\/inos\/wp-content\/uploads\/sites\/29\/Nieprzypisane\/uniwersytet-slaski_WH_INS_logo_poziome_rgb-1-768x129.jpg 768w, https:\/\/us.edu.pl\/instytut\/inos\/wp-content\/uploads\/sites\/29\/Nieprzypisane\/uniwersytet-slaski_WH_INS_logo_poziome_rgb-1-1024x172.jpg 1024w, https:\/\/us.edu.pl\/instytut\/inos\/wp-content\/uploads\/sites\/29\/Nieprzypisane\/uniwersytet-slaski_WH_INS_logo_poziome_rgb-1-575x97.jpg 575w\" sizes=\"(max-width: 300px) 100vw, 300px\" \/><\/strong><\/span>\u00a0 \u00a0<a href=\"https:\/\/www.facebook.com\/inosus\/\"><img class=\"alignnone wp-image-481 aligncenter\" src=\"http:\/\/us.edu.pl\/instytut\/inos\/wp-content\/uploads\/sites\/29\/Nieprzypisane\/1200px-Facebook.svg-300x113.png\" alt=\"\" width=\"194\" height=\"73\" srcset=\"https:\/\/us.edu.pl\/instytut\/inos\/wp-content\/uploads\/sites\/29\/Nieprzypisane\/1200px-Facebook.svg-300x113.png 300w, https:\/\/us.edu.pl\/instytut\/inos\/wp-content\/uploads\/sites\/29\/Nieprzypisane\/1200px-Facebook.svg-768x289.png 768w, https:\/\/us.edu.pl\/instytut\/inos\/wp-content\/uploads\/sites\/29\/Nieprzypisane\/1200px-Facebook.svg-1024x385.png 1024w, https:\/\/us.edu.pl\/instytut\/inos\/wp-content\/uploads\/sites\/29\/Nieprzypisane\/1200px-Facebook.svg-575x216.png 575w, https:\/\/us.edu.pl\/instytut\/inos\/wp-content\/uploads\/sites\/29\/Nieprzypisane\/1200px-Facebook.svg.png 1200w\" sizes=\"(max-width: 194px) 100vw, 194px\" \/><\/a><\/p>\n<\/div>\r\n                    <\/div>\r\n                <\/div>\r\n                <div class=\"text-modules\">\r\n                    <div class=\"container\">\r\n                        \r\n                        <div class=\"text-modules__content\"><p><strong>Instytut Nauk o Sztuce<\/strong> powsta\u0142 1 pa\u017adziernika 2019 r. w wyniku reformy struktury organizacyjnej Uniwersytetu \u015al\u0105skiego przeprowadzonej w oparciu o Ustaw\u0119 Prawo o szkolnictwie wy\u017cszym i nauce (Ustawa 2.0). W jego sk\u0142ad weszli pracownicy Uniwersytetu \u2013 historycy sztuki, muzykolodzy, kulturoznawcy i filmoznawcy \u2013 kt\u00f3rzy zadeklarowali przynale\u017cno\u015b\u0107 do dyscypliny nauki o sztuce. Na stanowisko dyrektora Instytutu zosta\u0142a powo\u0142ana dr hab. Bogumi\u0142a Mika.<\/p>\n<p>Instytut Nauk o Sztuce wi\u0105\u017ce sw\u00f3j rozw\u00f3j przede wszystkim z badaniami nad specyficznymi dla G\u00f3rnego \u015al\u0105ska zjawiskami sztuki i kultury wizualnej z okresu od XIX wieku do czas\u00f3w wsp\u00f3\u0142czesnych. Determinantami profilu bada\u0144 s\u0105 dwa procesy, kt\u00f3re w tym regionie zaznaczy\u0142y si\u0119 ze szczeg\u00f3ln\u0105 si\u0142\u0105: industrializacja oraz rywalizacja nacjonalizm\u00f3w niemieckiego i polskiego, a tak\u017ce zwi\u0105zanych z nimi kultur pami\u0119ci. Taka tematyka sprzyja w\u0142\u0105czeniu perspektyw badawczych zwi\u0105zanych z <em>memory studies<\/em>, analiz\u0105 dyskursu i\u00a0heritologi\u0105. Obecnie INoS zabiega o stworzenie na U\u015a interdyscyplinarnego centrum bada\u0144 nad dziedzictwem przemys\u0142owym, kt\u00f3re, wychodz\u0105c od G\u00f3rnego \u015al\u0105ska, docelowo obejmie zakresem studi\u00f3w ca\u0142\u0105 Polsk\u0119 i Europ\u0119 \u015arodkow\u0105.<\/p>\n<p>Instytut Nauk o Sztuce podejmuje wsp\u00f3\u0142prac\u0119 z instytucjami kultury, szko\u0142ami \u015brednimi, centrami badawczymi, organizacjami pozarz\u0105dowymi oraz innymi uniwersytetami. Partnerstwo ma na celu wzajemne wspieranie aktywno\u015bci na rynku lokalnym oraz mi\u0119dzynarodowym, poprzez organizacj\u0119 wydarze\u0144 kulturalnych oraz akademickich. W celu nawi\u0105zania wsp\u00f3\u0142pracy z Instytutem Nauk o Sztuce U\u015a prosimy o kontakt mailowy: <a href=\"mailto:inos.wh@us.edu.pl\">inos.wh@us.edu.pl<\/a><\/p>\n<\/div>\r\n                    <\/div>\r\n                <\/div>[\/vc_column][\/vc_row]<\/p>","protected":false},"excerpt":{"rendered":"<p>[vc_row el_class=&#8221;container&#8221;][vc_column width=&#8221;2\/3&#8243; el_class=&#8221;container&#8221;][\/vc_column][\/vc_row] [&#8230;]<\/p>\n<p><a class=\"btn btn-secondary understrap-read-more-link\" href=\"https:\/\/us.edu.pl\/instytut\/inos\/o-instytucie\/\">Read More&#8230;<\/a><\/p>\n","protected":false},"author":32,"featured_media":0,"parent":0,"menu_order":0,"comment_status":"closed","ping_status":"closed","template":"","meta":{"_expiration-date-status":"saved","_expiration-date":0,"_expiration-date-type":"","_expiration-date-categories":[],"_expiration-date-options":[]},"acf":[],"_links":{"self":[{"href":"https:\/\/us.edu.pl\/instytut\/inos\/wp-json\/wp\/v2\/pages\/135"}],"collection":[{"href":"https:\/\/us.edu.pl\/instytut\/inos\/wp-json\/wp\/v2\/pages"}],"about":[{"href":"https:\/\/us.edu.pl\/instytut\/inos\/wp-json\/wp\/v2\/types\/page"}],"author":[{"embeddable":true,"href":"https:\/\/us.edu.pl\/instytut\/inos\/wp-json\/wp\/v2\/users\/32"}],"replies":[{"embeddable":true,"href":"https:\/\/us.edu.pl\/instytut\/inos\/wp-json\/wp\/v2\/comments?post=135"}],"version-history":[{"count":6,"href":"https:\/\/us.edu.pl\/instytut\/inos\/wp-json\/wp\/v2\/pages\/135\/revisions"}],"predecessor-version":[{"id":720,"href":"https:\/\/us.edu.pl\/instytut\/inos\/wp-json\/wp\/v2\/pages\/135\/revisions\/720"}],"wp:attachment":[{"href":"https:\/\/us.edu.pl\/instytut\/inos\/wp-json\/wp\/v2\/media?parent=135"}],"curies":[{"name":"wp","href":"https:\/\/api.w.org\/{rel}","templated":true}]}}