{"id":145,"date":"2019-11-07T21:19:55","date_gmt":"2019-11-07T20:19:55","guid":{"rendered":"http:\/\/us.edu.pl\/instytut\/inos\/?page_id=145"},"modified":"2022-12-18T10:41:14","modified_gmt":"2022-12-18T09:41:14","slug":"wspolpraca","status":"publish","type":"page","link":"https:\/\/us.edu.pl\/instytut\/inos\/wspolpraca\/","title":{"rendered":"wsp\u00f3\u0142praca"},"content":{"rendered":"<p>[vc_row el_class=&#8221;container&#8221;][vc_column width=&#8221;2\/3&#8243;]\r\n                <div class=\"text-modules\">\r\n                    <div class=\"container\">\r\n                        \r\n                        <div class=\"text-modules__content\"><p>Instytut Nauk o Sztuce podejmuje wsp\u00f3\u0142prac\u0119 instytucjami kultury, szko\u0142ami \u015brednimi, centrami badawczymi, organizacjami pozarz\u0105dowymi oraz innymi uniwersytetami. Partnerstwo ma na celu wzajemne wspieranie aktywno\u015bci na rynku lokalnym oraz mi\u0119dzynarodowym, poprzez organizacj\u0119 wydarze\u0144 kulturalnych oraz akademickich. W celu nawi\u0105zania wsp\u00f3\u0142pracy z Instytutem Nauk o Sztuce U\u015a prosimy o kontakt mailowy: <a href=\"mailto:inos.wh@us.edu.pl\">inos.wh@us.edu.pl<\/a><\/p>\n<p style=\"padding-left: 80px;\"><a href=\"https:\/\/www.facebook.com\/inosus\"><img class=\"aligncenter\" src=\"https:\/\/us.edu.pl\/instytut\/inos\/wp-content\/uploads\/sites\/29\/Nieprzypisane\/Unknown-3-300x168.jpeg\" alt=\"\" width=\"232\" height=\"130\" \/><\/a><\/p>\n<h3>Wsp\u00f3\u0142praca z instytucjami:<\/h3>\n<ul>\n<li><a href=\"https:\/\/muzeumslaskie.pl\/pl\/\">Muzeum \u015al\u0105skie<\/a><\/li>\n<li><a href=\"https:\/\/muzeum.bytom.pl\">Muzeum G\u00f3rno\u015bl\u0105skie<\/a><\/li>\n<li><a href=\"http:\/\/muzeumgpe-chorzow.pl\/pl\/\">Muzeum &#8222;G\u00f3rno\u015bl\u0105ski Park Etnograficzny w Chorzowie&#8221;<\/a><\/li>\n<li><a href=\"https:\/\/www.mhk.katowice.pl\">Muzeum Historii Katowic<\/a><\/li>\n<li><a href=\"https:\/\/www.asp.katowice.pl\">Akademia Sztuk Pi\u0119knych w Katowicach<\/a><\/li>\n<li><a href=\"https:\/\/issuu.com\/modnyslask\">Modny \u015al\u0105sk<\/a><\/li>\n<li><a href=\"https:\/\/www.antykikatowice.com.pl\/galeria\">Antyki P. i S. Chmielewscy S.C.<\/a><\/li>\n<li><a href=\"http:\/\/www.writv.us.edu.pl\/pl\/\">Szko\u0142a filmowa im. Krzysztofa Kie\u015blowskiego Uniwersytetu \u015al\u0105skiego<\/a><\/li>\n<li><a href=\"https:\/\/us.edu.pl\/wydzial\/wsne\/\">Wydzia\u0142 Sztuki i Nauk o Edukacji<\/a><\/li>\n<\/ul>\n<h3>Oferta us\u0142ug z zakresu dokumentacji obiekt\u00f3w architektonicznych i dzie\u0142 sztuki \u015bwiadczonych przez pracowni\u0119 fotograficzn\u0105 Instytutu Nauk o Sztuce:<\/h3>\n<ul>\n<li style=\"list-style-type: none;\">\n<ul>\n<li><span style=\"font-weight: 400;\">Zdj\u0119cia lotnicze z wykorzystaniem bezza\u0142ogowych statk\u00f3w powietrznych (UAV): <\/span><br style=\"font-weight: 400;\" \/><span style=\"font-weight: 400;\">&#8211; naloty fotogrametryczne dla kompleks\u00f3w architektonicznych;<\/span><br style=\"font-weight: 400;\" \/><span style=\"font-weight: 400;\">&#8211; wykonywanie ortofotomapy oraz przybli\u017cone pomiary fotogrametryczne <\/span><span style=\"font-weight: 400;\">\u00a0<\/span><span style=\"font-weight: 400;\">na potrzeby jednostek badawczych U\u015a (posiadamy wersj\u0105 niekomercyjn\u0105 oprogramowania);<\/span><br style=\"font-weight: 400;\" \/><span style=\"font-weight: 400;\">&#8211; tworzenie map 3D <\/span><span style=\"font-weight: 400;\">\u00a0<\/span><span style=\"font-weight: 400;\">budynk\u00f3w za pomoc\u0105 technik fotogrametrycznych na potrzeby jednostek badawczych U\u015a (posiadamy wersj\u0105 niekomercyjn\u0105 oprogramowania);<\/span><br style=\"font-weight: 400;\" \/><span style=\"font-weight: 400;\">&#8211; tworzenie panoram sferycznych na zewn\u0105trz i wewn\u0105trz budynk\u00f3w<\/span><\/li>\n<li>Us\u0142ugi fotograficzne<br \/>\n&#8211; fotografia dzie\u0142 malarskich in situ, z zachowaniem wierno\u015bci kolorymetrycznej (w miar\u0119 mo\u017cliwo\u015bci zachowania jednolitego o\u015bwietlenia)<br \/>\n&#8211;\u00a0wysokorozdzielcza fotografia dzie\u0142 malarskich (do 250 MP) \u2013 w przypadku zakupu aparatu Sony \u03b17R 5 i obiektywu &#8211; Sony FE 24\u201370 mm F2.8 GM,fotografia dzie\u0142 sztuki.<br style=\"font-weight: 400;\" \/><span style=\"font-weight: 400;\">&#8211; fotografia dzie\u0142 sztuki.<\/span><\/li>\n<\/ul>\n<\/li>\n<\/ul>\n<p style=\"font-weight: 400;\">Us\u0142ugi wyceniamy indywidualnie, bior\u0105c pod uwag\u0119 stopie\u0144 ich z\u0142o\u017cono\u015bci oraz <span style=\"font-weight: 400;\">konieczny nak\u0142ad pracy. K<\/span>ontakt:\u00a0<a href=\"mailto:miroslawa.sobczynska-szczepanska@us.edu.pl\">miroslawa.sobczynska-szczepanska@us.edu.pl<\/a><\/p>\n<h3>Wsp\u00f3\u0142praca w ramach programu Erasmus+<\/h3>\n<ul style=\"list-style-type: square;\">\n<li><a href=\"https:\/\/www.fh-studiengang.de\/hochschulen\/freie-universitaet-berlin.html?gclid=Cj0KCQiA4NTxBRDxARIsAHyp6gBEGN_rjZ3GhJEVM0VgiIdn0BSFeFc_7UIl6wrStkzuiTqDy-bfJY4aAo2BEALw_wcB\">Freie Universit\u00e4t Berlin<\/a><\/li>\n<li><a href=\"https:\/\/www.unifi.it\">Universit\u00e0 degli Studi di Firenze<\/a><\/li>\n<li><a href=\"https:\/\/www.poliba.it\">Politecnico di Bari<\/a><\/li>\n<li><a href=\"https:\/\/www.uji.es\">Universitat Jaume I (Castell\u00f3n de la Plana)<\/a><\/li>\n<li><a href=\"http:\/\/www.uva.es\/export\/sites\/uva\/\">Universidad de Valladolid<\/a><\/li>\n<li><a href=\"https:\/\/www.us.es\">Universidad de Sevilla<\/a><\/li>\n<li><a href=\"https:\/\/www.uv.es\">Universitat de Val\u00e8ncia<\/a><\/li>\n<\/ul>\n<p>\n<\/div>\r\n                    <\/div>\r\n                <\/div>[\/vc_column][vc_column width=&#8221;1\/3&#8243;][\/vc_column][\/vc_row]<\/p>","protected":false},"excerpt":{"rendered":"<p>[vc_row el_class=&#8221;container&#8221;][vc_column width=&#8221;2\/3&#8243;][\/vc_column][vc_column width=&#8221;1\/3&#8243;][\/vc_column][\/vc_row] [&#8230;]<\/p>\n<p><a class=\"btn btn-secondary understrap-read-more-link\" href=\"https:\/\/us.edu.pl\/instytut\/inos\/wspolpraca\/\">Read More&#8230;<\/a><\/p>\n","protected":false},"author":32,"featured_media":0,"parent":0,"menu_order":0,"comment_status":"closed","ping_status":"closed","template":"","meta":{"_expiration-date-status":"saved","_expiration-date":0,"_expiration-date-type":"","_expiration-date-categories":[],"_expiration-date-options":[]},"acf":[],"_links":{"self":[{"href":"https:\/\/us.edu.pl\/instytut\/inos\/wp-json\/wp\/v2\/pages\/145"}],"collection":[{"href":"https:\/\/us.edu.pl\/instytut\/inos\/wp-json\/wp\/v2\/pages"}],"about":[{"href":"https:\/\/us.edu.pl\/instytut\/inos\/wp-json\/wp\/v2\/types\/page"}],"author":[{"embeddable":true,"href":"https:\/\/us.edu.pl\/instytut\/inos\/wp-json\/wp\/v2\/users\/32"}],"replies":[{"embeddable":true,"href":"https:\/\/us.edu.pl\/instytut\/inos\/wp-json\/wp\/v2\/comments?post=145"}],"version-history":[{"count":10,"href":"https:\/\/us.edu.pl\/instytut\/inos\/wp-json\/wp\/v2\/pages\/145\/revisions"}],"predecessor-version":[{"id":1072,"href":"https:\/\/us.edu.pl\/instytut\/inos\/wp-json\/wp\/v2\/pages\/145\/revisions\/1072"}],"wp:attachment":[{"href":"https:\/\/us.edu.pl\/instytut\/inos\/wp-json\/wp\/v2\/media?parent=145"}],"curies":[{"name":"wp","href":"https:\/\/api.w.org\/{rel}","templated":true}]}}