{"id":244,"date":"2019-11-09T14:23:22","date_gmt":"2019-11-09T13:23:22","guid":{"rendered":"http:\/\/us.edu.pl\/instytut\/inos\/?page_id=244"},"modified":"2024-03-14T02:45:04","modified_gmt":"2024-03-14T01:45:04","slug":"instytut-dawniej-i-dzis","status":"publish","type":"page","link":"https:\/\/us.edu.pl\/instytut\/inos\/o-instytucie\/instytut-dawniej-i-dzis\/","title":{"rendered":"Instytut dawniej i dzi\u015b"},"content":{"rendered":"<p>[vc_row el_class=&#8221;container&#8221;][vc_column width=&#8221;2\/3&#8243;]\r\n                <div class=\"text-modules\">\r\n                    <div class=\"container\">\r\n                        \r\n                        <div class=\"text-modules__content\"><p><span style=\"font-size: 12pt;\"><strong>Instytut Nauk o Sztuce<\/strong> powsta\u0142 1 pa\u017adziernika 2019 r. w wyniku reformy struktury organizacyjnej Uniwersytetu \u015al\u0105skiego przeprowadzonej w oparciu o Ustaw\u0119 Prawo o\u00a0szkolnictwie wy\u017cszym i nauce (<em>Ustawa 2.0<\/em>). W jego sk\u0142ad weszli pracownicy Uniwersytetu \u2013 historycy sztuki, muzykolodzy, kulturoznawcy i filmoznawcy \u2013 kt\u00f3rzy zadeklarowali przynale\u017cno\u015b\u0107 do dyscypliny nauki o sztuce. Na stanowisko dyrektora Instytutu zosta\u0142a powo\u0142ana dr hab. Bogumi\u0142a Mika.<\/span><\/p>\n<p><span style=\"font-size: 12pt;\">Trzon Instytutu Nauk o Sztuce stanowi\u0105 pracownicy dawnego Zak\u0142adu Historii Sztuki, za\u0142o\u017conego w 1978 r. dzi\u0119ki staraniom prof. dr hab. Ewy Chojeckiej. Powo\u0142any jako jednostka organizacyjna Instytutu Literatury i Kultury Polskiej na Wydziale Filologicznym, w 1981 r. zosta\u0142 w\u0142\u0105czony w struktury Wydzia\u0142u Nauk Spo\u0142ecznych. Opr\u00f3cz zaj\u0119\u0107 dydaktycznych z zakresu wiedzy o sztuce dla student\u00f3w kulturoznawstwa, filologii polskiej, bibliotekoznawstwa, pracownicy Zak\u0142adu od samego pocz\u0105tku prowadzili pod kierunkiem prof. Chojeckiej dzia\u0142alno\u015b\u0107 naukowo-badawcz\u0105 charakteryzuj\u0105c\u0105 si\u0119 odej\u015bciem od dominuj\u0105cej w\u00f3wczas w \u015brodowisku polskim metody ikonologicznej i podejmowaniem interdyscyplinarnych program\u00f3w naukowych, pozwalaj\u0105cych przewarto\u015bciowa\u0107 pogl\u0105dy na zjawiska artystyczne XIX wieku, w szczeg\u00f3lno\u015bci szeroko poj\u0119tego historyzmu, sztuk\u0119 prze\u0142omu XIX i XX wieku oraz wielorakie przejawy sztuki XX stulecia. Uwzgl\u0119dniaj\u0105c ca\u0142e instrumentarium metodologiczne wypracowane przez histori\u0119 sztuki i nauki pokrewne (socjologi\u0119, psychologi\u0119 sztuki, filozofi\u0119), Zak\u0142ad Historii Sztuki obj\u0105\u0142 badaniami przede wszystkim sztuk\u0119 i kultur\u0119 artystyczn\u0105 G\u00f3rnego \u015al\u0105ska od \u015bredniowiecza do czas\u00f3w wsp\u00f3\u0142czesnych. Ze wzgl\u0119du na specyficzne uwarunkowania historyczno-polityczne regionu, nacisk po\u0142o\u017cono g\u0142\u00f3wnie na wiek XIX i XX. W kr\u0119gu zainteresowa\u0144 naukowych znalaz\u0142y si\u0119 zjawiska artystyczne wykraczaj\u0105ce poza wytyczony przez badaczy czas\u00f3w mi\u0119dzywojnia (zar\u00f3wno polskich, jak i niemieckich) zakres problem\u00f3w uznanych i kontynuowanych przez powojenne gremia polskich historyk\u00f3w sztuki. Celem by\u0142o stworzenie samodzielnego, ca\u0142o\u015bciowego obrazu zjawisk kulturowych G\u00f3rnego \u015al\u0105ska, kt\u00f3ry \u2013 niezale\u017cnie od optyki aktualnych koniunktur politycznych, czy nastroj\u00f3w narodowych i spo\u0142ecznych \u2013 wydobywa\u0142 istotne dla tej ziemi procesy artystyczne. Podsumowaniem wieloletnich bada\u0144 nad sztuk\u0105 regionu prowadzonych w ZHS jest monografia <em>Sztuka G\u00f3rnego \u015al\u0105ska od \u015bredniowieczna do ko\u0144ca XX wieku<\/em>, wydana w 2004 r. i wznowiona pi\u0119\u0107 lat p\u00f3\u017aniej. Stanowi ona pierwsze uj\u0119cie g\u00f3rno\u015bl\u0105skich dziej\u00f3w artystycznych w ich pe\u0142nym terytorialnym zakresie. Badacze z Zak\u0142adu Historii Sztuki, buduj\u0105c model sztuki regionu, nie stracili z oczu samego dzie\u0142a sztuki i jego jako\u015bci estetycznej niezale\u017cnej od racji polityczno\u2013spo\u0142ecznych. Z\u0142o\u017cony krajobraz artystyczny G\u00f3rnego \u015al\u0105ska zosta\u0142 oceniony naukowo wedle kryteri\u00f3w suwerennych. Towarzysz\u0105ce mu uwarunkowania historyczno-polityczne uwzgl\u0119dniono jako t\u0142o, nie za\u015b jako determinant\u0119 warto\u015bciuj\u0105c\u0105 substancj\u0119 zabytkow\u0105.<\/span><\/p>\n<p><span style=\"font-size: 12pt;\">Od pocz\u0105tku istnienia Zak\u0142ad Historii Sztuki swoimi dzia\u0142aniami stara\u0142 si\u0119 w\u0142\u0105czy\u0107 w nurt bada\u0144 polskich o szerokim mi\u0119dzynarodowym odniesieniu. Tradycj\u0105 sta\u0142y si\u0119 organizowane od 1981 r. Seminaria Sztuki G\u00f3rno\u015bl\u0105skiej, na kt\u00f3rych wyniki swoich prac przedstawiali badacze z ca\u0142ej Polski. Zak\u0142ad nawi\u0105za\u0142 blisk\u0105 wsp\u00f3\u0142prac\u0119 z krajowymi o\u015brodkami naukowymi, szczeg\u00f3lnie ze \u015brodowiskami naukowymi Wroc\u0142awia (Uniwersytet Wroc\u0142awski, Wydzia\u0142 Architektury Politechniki Wroc\u0142awskiej, Muzeum Architektury, Muzeum Narodowe), a tak\u017ce z o\u015brodkami zagranicznymi, m.in. Zentralinstitut f\u00fcr Kunstgeschichte w Monachium, Instytutami Historii Sztuki obydwu uniwersytet\u00f3w berli\u0144skich \u2013 Freie Universit\u00e4t oraz Humboldt-Universit\u00e4t, Herder \u2013 Institut w Marburgu, University of East Anglia w Norwich.<\/span><\/p>\n<p><span style=\"font-size: 12pt;\">Zesp\u00f3\u0142 ZHS przygotowa\u0142 program kszta\u0142cenia, w oparciu o kt\u00f3ry w 2008 r. uruchomiono studia I\u00a0stopnia. Zwi\u0105zane z tym powi\u0119kszenie kadry naukowej umo\u017cliwi\u0142o poszerzenie spektrum bada\u0144 o kolejne obszary, takie jak sztuka nowo\u017cytna Europy \u015arodkowej i XV-wieczna sztuka Burgundii.<\/span><\/p>\n<p><span style=\"font-size: 12pt;\">Muzykolodzy pracuj\u0105cy wcze\u015bniej na Wydziale Artystycznym w Cieszynie podejmowali badania nad sztuk\u0105 d\u017awi\u0119ku z uwzgl\u0119dnieniem perspektyw: historycznej (zw\u0142aszcza muzyka dawna i tw\u00f3rczo\u015b\u0107 XX wieku), analitycznej, folklorystycznej i socjologicznej. Historycy sztuki z cieszy\u0144skiej filii skupiali swe zainteresowania badawcze wok\u00f3\u0142\u00a0 kulturologicznie zorientowanej teorii i historii sztuki, zajmuj\u0105c si\u0119 przede wszystkim sztuk\u0105 XIX i\u00a0XX wieku.<\/span><\/p>\n<p><span style=\"font-size: 12pt;\">W lipcu 2022 roku, Instytut Nauk o Sztuce U\u015a w ramach ewaluacji za lata 2017-2021 dokonanej przez\u00a0Komisj\u0119 Ewaluacji Nauki przy Ministerstwie Szkolnictwa i Nauki otrzyma\u0142 kategori\u0119 A. Ocenie podlega\u0142y publikacje naukowe pracownik\u00f3w, projekty badawcze oraz wp\u0142yw wynik\u00f3w bada\u0144 na spo\u0142ecze\u0144stwo. Nale\u017cy podkre\u015bli\u0107 \u017ce instytut w pierwszym kryterium otrzyma\u0142 najwy\u017csz\u0105 w Polsce ocen\u0119 za poziom prowadzonej dzia\u0142alno\u015bci naukowej.<\/span><\/p>\n<div class=\"wpb_column vc_column_container vc_col-sm-4\">\n<div class=\"vc_column-inner\">\n<div class=\"wpb_wrapper\">\n<div class=\"text-modules\">\n<div class=\"container\">\n<div class=\"text-modules__content\"><\/div>\n<\/div>\n<\/div>\n<\/div>\n<\/div>\n<\/div>\n<p>\n<\/div>\r\n                    <\/div>\r\n                <\/div>[\/vc_column][vc_column width=&#8221;1\/3&#8243;]\r\n                <div class=\"text-modules\">\r\n                    <div class=\"container\">\r\n                        \r\n                        <div class=\"text-modules__content\"><p><img class=\"alignnone size-medium wp-image-1019\" src=\"https:\/\/us.edu.pl\/instytut\/inos\/wp-content\/uploads\/sites\/29\/Bez-kategorii\/katA-2-300x225.png\" alt=\"\" width=\"300\" height=\"225\" srcset=\"https:\/\/us.edu.pl\/instytut\/inos\/wp-content\/uploads\/sites\/29\/Bez-kategorii\/katA-2-300x225.png 300w, https:\/\/us.edu.pl\/instytut\/inos\/wp-content\/uploads\/sites\/29\/Bez-kategorii\/katA-2-1024x768.png 1024w, https:\/\/us.edu.pl\/instytut\/inos\/wp-content\/uploads\/sites\/29\/Bez-kategorii\/katA-2-768x576.png 768w, https:\/\/us.edu.pl\/instytut\/inos\/wp-content\/uploads\/sites\/29\/Bez-kategorii\/katA-2-1536x1152.png 1536w, https:\/\/us.edu.pl\/instytut\/inos\/wp-content\/uploads\/sites\/29\/Bez-kategorii\/katA-2-575x431.png 575w, https:\/\/us.edu.pl\/instytut\/inos\/wp-content\/uploads\/sites\/29\/Bez-kategorii\/katA-2.png 1890w\" sizes=\"(max-width: 300px) 100vw, 300px\" \/><\/p>\n<\/div>\r\n                    <\/div>\r\n                <\/div>[\/vc_column][\/vc_row]<\/p>","protected":false},"excerpt":{"rendered":"<p>[vc_row el_class=&#8221;container&#8221;][vc_column width=&#8221;2\/3&#8243;][\/vc_column][vc_column width=&#8221;1\/3&#8243;][\/vc_column][\/vc_row] [&#8230;]<\/p>\n<p><a class=\"btn btn-secondary understrap-read-more-link\" href=\"https:\/\/us.edu.pl\/instytut\/inos\/o-instytucie\/instytut-dawniej-i-dzis\/\">Read More&#8230;<\/a><\/p>\n","protected":false},"author":32,"featured_media":0,"parent":135,"menu_order":0,"comment_status":"closed","ping_status":"closed","template":"","meta":{"_expiration-date-status":"saved","_expiration-date":0,"_expiration-date-type":"","_expiration-date-categories":[],"_expiration-date-options":[]},"acf":[],"_links":{"self":[{"href":"https:\/\/us.edu.pl\/instytut\/inos\/wp-json\/wp\/v2\/pages\/244"}],"collection":[{"href":"https:\/\/us.edu.pl\/instytut\/inos\/wp-json\/wp\/v2\/pages"}],"about":[{"href":"https:\/\/us.edu.pl\/instytut\/inos\/wp-json\/wp\/v2\/types\/page"}],"author":[{"embeddable":true,"href":"https:\/\/us.edu.pl\/instytut\/inos\/wp-json\/wp\/v2\/users\/32"}],"replies":[{"embeddable":true,"href":"https:\/\/us.edu.pl\/instytut\/inos\/wp-json\/wp\/v2\/comments?post=244"}],"version-history":[{"count":10,"href":"https:\/\/us.edu.pl\/instytut\/inos\/wp-json\/wp\/v2\/pages\/244\/revisions"}],"predecessor-version":[{"id":1174,"href":"https:\/\/us.edu.pl\/instytut\/inos\/wp-json\/wp\/v2\/pages\/244\/revisions\/1174"}],"up":[{"embeddable":true,"href":"https:\/\/us.edu.pl\/instytut\/inos\/wp-json\/wp\/v2\/pages\/135"}],"wp:attachment":[{"href":"https:\/\/us.edu.pl\/instytut\/inos\/wp-json\/wp\/v2\/media?parent=244"}],"curies":[{"name":"wp","href":"https:\/\/api.w.org\/{rel}","templated":true}]}}