{"id":1781,"date":"2020-02-18T13:57:49","date_gmt":"2020-02-18T12:57:49","guid":{"rendered":"http:\/\/us.edu.pl\/instytut\/inoz\/?page_id=1781"},"modified":"2020-02-18T14:04:23","modified_gmt":"2020-02-18T13:04:23","slug":"polsko-chinskie-centrum-badan-srodowiskowych","status":"publish","type":"page","link":"https:\/\/us.edu.pl\/instytut\/inoz\/en\/badania\/centra-badawcze\/polsko-chinskie-centrum-badan-srodowiskowych\/","title":{"rendered":"(Polski) POLSKO-CHI\u0143SKIE CENTRUM BADA\u0143 \u015aRODOWISKOWYCH"},"content":{"rendered":"<p class=\"qtranxs-available-languages-message qtranxs-available-languages-message-en\">Sorry, this entry is only available in <a href=\"https:\/\/us.edu.pl\/instytut\/inoz\/pl\/wp-json\/wp\/v2\/pages\/1781\" class=\"qtranxs-available-language-link qtranxs-available-language-link-pl\" title=\"Polski\">Polish<\/a>.<\/p>","protected":false},"excerpt":{"rendered":"<p>Sorry, this entry is only available in Polish. [&#8230;]<\/p>\n<p><a class=\"btn btn-secondary understrap-read-more-link\" href=\"https:\/\/us.edu.pl\/instytut\/inoz\/en\/badania\/centra-badawcze\/polsko-chinskie-centrum-badan-srodowiskowych\/\">Read More&#8230;<\/a><\/p>\n","protected":false},"author":115,"featured_media":0,"parent":207,"menu_order":0,"comment_status":"closed","ping_status":"closed","template":"","meta":{"_expiration-date-status":"saved","_expiration-date":0,"_expiration-date-type":"","_expiration-date-categories":[],"_expiration-date-options":[]},"acf":[],"_links":{"self":[{"href":"https:\/\/us.edu.pl\/instytut\/inoz\/en\/wp-json\/wp\/v2\/pages\/1781"}],"collection":[{"href":"https:\/\/us.edu.pl\/instytut\/inoz\/en\/wp-json\/wp\/v2\/pages"}],"about":[{"href":"https:\/\/us.edu.pl\/instytut\/inoz\/en\/wp-json\/wp\/v2\/types\/page"}],"author":[{"embeddable":true,"href":"https:\/\/us.edu.pl\/instytut\/inoz\/en\/wp-json\/wp\/v2\/users\/115"}],"replies":[{"embeddable":true,"href":"https:\/\/us.edu.pl\/instytut\/inoz\/en\/wp-json\/wp\/v2\/comments?post=1781"}],"version-history":[{"count":2,"href":"https:\/\/us.edu.pl\/instytut\/inoz\/en\/wp-json\/wp\/v2\/pages\/1781\/revisions"}],"predecessor-version":[{"id":1784,"href":"https:\/\/us.edu.pl\/instytut\/inoz\/en\/wp-json\/wp\/v2\/pages\/1781\/revisions\/1784"}],"up":[{"embeddable":true,"href":"https:\/\/us.edu.pl\/instytut\/inoz\/en\/wp-json\/wp\/v2\/pages\/207"}],"wp:attachment":[{"href":"https:\/\/us.edu.pl\/instytut\/inoz\/en\/wp-json\/wp\/v2\/media?parent=1781"}],"curies":[{"name":"wp","href":"https:\/\/api.w.org\/{rel}","templated":true}]}}