{"id":71,"date":"2019-10-25T09:14:47","date_gmt":"2019-10-25T07:14:47","guid":{"rendered":"http:\/\/us.edu.pl\/instytut\/inoz\/?page_id=71"},"modified":"2019-10-31T11:08:44","modified_gmt":"2019-10-31T10:08:44","slug":"mapa-strony","status":"publish","type":"page","link":"https:\/\/us.edu.pl\/instytut\/inoz\/en\/mapa-strony\/","title":{"rendered":"Sitemap"},"content":{"rendered":"<p>[vc_row][vc_column]\r\n                <div class=\"text-modules\">\r\n                    <div class=\"container\">\r\n                        \r\n                        <div class=\"text-modules__content\"><div class=\"wsp-container\"><h2 class=\"wsp-pages-title\">Pages<\/h2>\n<ul class=\"wsp-pages-list\">\n<li class=\"page_item page-item-4870\"><a href=\"https:\/\/us.edu.pl\/instytut\/inoz\/en\/english-test02\/\">Test02<\/a><\/li>\n<li class=\"page_item page-item-8\"><a href=\"https:\/\/us.edu.pl\/instytut\/inoz\/en\/\">Home<\/a><\/li>\n<li class=\"page_item page-item-6929\"><a href=\"https:\/\/us.edu.pl\/instytut\/inoz\/en\/instytut-w-liczbach\/\">(Polski) Instytut w liczbach<\/a><\/li>\n<li class=\"page_item page-item-2844\"><a href=\"https:\/\/us.edu.pl\/instytut\/inoz\/en\/pracownicy-wnp\/\">(Polski) Pracownicy WNP<\/a><\/li>\n<li class=\"page_item page-item-4387\"><a href=\"https:\/\/us.edu.pl\/instytut\/inoz\/en\/publiczne-obrony-doktoratow\/\">(Polski) Publiczne obrony doktorat\u00f3w<\/a><\/li>\n<li class=\"page_item page-item-568\"><a href=\"https:\/\/us.edu.pl\/instytut\/inoz\/en\/ogrodek-meteorologiczny-us\/\">Weather Station<\/a><\/li>\n<li class=\"page_item page-item-5433\"><a href=\"https:\/\/us.edu.pl\/instytut\/inoz\/en\/kalendarz-typow-cyrkulacji\/\">Calendar of circulation types<\/a><\/li>\n<li class=\"page_item page-item-2106\"><a href=\"https:\/\/us.edu.pl\/instytut\/inoz\/en\/pracownikinoz\/\">Employees<\/a><\/li>\n<li class=\"page_item page-item-4926\"><a href=\"https:\/\/us.edu.pl\/instytut\/inoz\/en\/rada-instytutu\/\">Scientific Board<\/a><\/li>\n<li class=\"page_item page-item-67\"><a href=\"https:\/\/us.edu.pl\/instytut\/inoz\/en\/kontakt\/\">Contact<\/a><\/li>\n<li class=\"page_item page-item-5189\"><a href=\"https:\/\/us.edu.pl\/instytut\/inoz\/en\/wspolpraca-z-otoczeniem-spoleczno-gospodarczym\/\">(Polski) Wsp\u00f3\u0142praca z otoczeniem spo\u0142eczno-gospodarczym<\/a><\/li>\n<li class=\"page_item page-item-71\"><a href=\"https:\/\/us.edu.pl\/instytut\/inoz\/en\/mapa-strony\/\">Sitemap<\/a><\/li>\n<li class=\"page_item page-item-5195\"><a href=\"https:\/\/us.edu.pl\/instytut\/inoz\/en\/prace-badawcze-zlecone\/\">(Polski) Prace badawcze zlecone<\/a><\/li>\n<li class=\"page_item page-item-6475\"><a href=\"https:\/\/us.edu.pl\/instytut\/inoz\/en\/habilitacje\/\">(Polski) Habilitacje<\/a><\/li>\n<li class=\"page_item page-item-77\"><a href=\"https:\/\/us.edu.pl\/instytut\/inoz\/en\/wszystko\/\">All<\/a><\/li>\n<li class=\"page_item page-item-5199\"><a href=\"https:\/\/us.edu.pl\/instytut\/inoz\/en\/wspolpraca-2\/\">(Polski) wsp\u00f3\u0142praca<\/a><\/li>\n<li class=\"page_item page-item-6223\"><a href=\"https:\/\/us.edu.pl\/instytut\/inoz\/en\/geologia-ogolna\/\">(Polski) GEOLOGIA og\u00f3lna na Wydziale Nauk o Ziemi &gt; Przyrodniczych w Sosnowcu, Uniwersytetu \u015al\u0105skiego w Katowicach od 1974 do 2024 roku<\/a><\/li>\n<li class=\"page_item page-item-6487\"><a href=\"https:\/\/us.edu.pl\/instytut\/inoz\/en\/akty-prawne-awanse-naukowe\/\">(Polski) Akty Prawne &#8211; awanse naukowe<\/a><\/li>\n<li class=\"page_item page-item-4953\"><a href=\"https:\/\/us.edu.pl\/instytut\/inoz\/en\/dla-pracownika-postepowania-awansowe\/\">(Polski) Post\u0119powania awansowe<\/a><\/li>\n<li class=\"page_item page-item-4954\"><a href=\"https:\/\/us.edu.pl\/instytut\/inoz\/en\/dla-pracownika-przydatne-linki\/\">(Polski) Przydatne linki<\/a><\/li>\n<li class=\"page_item page-item-354\"><a href=\"https:\/\/us.edu.pl\/instytut\/inoz\/en\/test\/\">(Polski) test<\/a><\/li>\n<li class=\"page_item page-item-6766\"><a href=\"https:\/\/us.edu.pl\/instytut\/inoz\/en\/warsztaty-geomorfologiczne\/\">(Polski) warsztaty geomorfologiczne<\/a><\/li>\n<li class=\"page_item page-item-5231\"><a href=\"https:\/\/us.edu.pl\/instytut\/inoz\/en\/zespoly-badawcze-powolane-w-2026\/\">(Polski) Zespo\u0142y badawcze powo\u0142ane w 2026<\/a><\/li>\n<li class=\"page_item page-item-1178\"><a href=\"https:\/\/us.edu.pl\/instytut\/inoz\/en\/kola-naukowe\/\">(Polski) towarzystwa i ko\u0142a naukowe<\/a><\/li>\n<li class=\"page_item page-item-2473\"><a href=\"https:\/\/us.edu.pl\/instytut\/inoz\/en\/test2\/\">(Polski) TEST2<\/a><\/li>\n<li class=\"page_item page-item-6835\"><a href=\"https:\/\/us.edu.pl\/instytut\/inoz\/en\/akty-prawne-panstwowe\/\">(Polski) Akty prawne pa\u0144stwowe<\/a><\/li>\n<li class=\"page_item page-item-6837\"><a href=\"https:\/\/us.edu.pl\/instytut\/inoz\/en\/akty-prawne-uniwersytetu-slaskiego-w-katowicach\/\">(Polski) Akty prawne Uniwersytetu \u015al\u0105skiego w Katowicach<\/a><\/li>\n<li class=\"page_item page-item-6839\"><a href=\"https:\/\/us.edu.pl\/instytut\/inoz\/en\/druki-wszczecie-postepowania-doktorskiego\/\">(Polski) Druki &#8211; wszcz\u0119cie post\u0119powania doktorskiego<\/a><\/li>\n<li class=\"page_item page-item-6841\"><a href=\"https:\/\/us.edu.pl\/instytut\/inoz\/en\/druki-wyznaczenie-promotora-tryb-eksternistyczny\/\">(Polski) Druki &#8211; wyznaczenie promotora (tryb eksternistyczny)<\/a><\/li>\n<li class=\"page_item page-item-193 page_item_has_children\"><a href=\"https:\/\/us.edu.pl\/instytut\/inoz\/en\/instytut\/\">institute<\/a>\n<ul class='children'>\n\t<li class=\"page_item page-item-4929\"><a href=\"https:\/\/us.edu.pl\/instytut\/inoz\/en\/instytut\/sklad-rada-instytutu\/\">Members Scientific Board<\/a><\/li>\n\t<li class=\"page_item page-item-4932\"><a href=\"https:\/\/us.edu.pl\/instytut\/inoz\/en\/instytut\/zalaczniki-rada-instytutu\/\">Scientific Board<\/a><\/li>\n\t<li class=\"page_item page-item-4971\"><a href=\"https:\/\/us.edu.pl\/instytut\/inoz\/en\/instytut\/biuro-ewaluacji-i-obslugi-instytutu-obsluga-administracyjna\/\">Administrative support<\/a><\/li>\n\t<li class=\"page_item page-item-4972\"><a href=\"https:\/\/us.edu.pl\/instytut\/inoz\/en\/instytut\/biuro-ewaluacji-i-obslugi-instytutu-druki-do-pobrania\/\">Forms to download<\/a><\/li>\n\t<li class=\"page_item page-item-4973\"><a href=\"https:\/\/us.edu.pl\/instytut\/inoz\/en\/instytut\/biuro-ewaluacji-i-obslugi-instytutu-obsluga-zespolow\/\">Support for teams<\/a><\/li>\n\t<li class=\"page_item page-item-1211\"><a href=\"https:\/\/us.edu.pl\/instytut\/inoz\/en\/instytut\/historia\/\">The history of the Institute of Earth Sciences<\/a><\/li>\n\t<li class=\"page_item page-item-195\"><a href=\"https:\/\/us.edu.pl\/instytut\/inoz\/en\/instytut\/wladze-instytutu\/\">Institute leadership<\/a><\/li>\n\t<li class=\"page_item page-item-199\"><a href=\"https:\/\/us.edu.pl\/instytut\/inoz\/en\/instytut\/rada-instytutu\/\">Scientific Board<\/a><\/li>\n\t<li class=\"page_item page-item-201\"><a href=\"https:\/\/us.edu.pl\/instytut\/inoz\/en\/instytut\/biuro-obslugi-instytutu\/\">institute&#8217;s evaluation and service office<\/a><\/li>\n<\/ul>\n<\/li>\n<li class=\"page_item page-item-4291\"><a href=\"https:\/\/us.edu.pl\/instytut\/inoz\/en\/dla-pracownika\/\">(Polski) Dla pracownika<\/a><\/li>\n<li class=\"page_item page-item-6087\"><a href=\"https:\/\/us.edu.pl\/instytut\/inoz\/en\/nasz-przewodnik-po-geomorfologii-codziennej\/\">(Polski) Nasz przewodnik po geomorfologii codziennej<\/a><\/li>\n<li class=\"page_item page-item-203 page_item_has_children\"><a href=\"https:\/\/us.edu.pl\/instytut\/inoz\/en\/badania\/\">research<\/a>\n<ul class='children'>\n\t<li class=\"page_item page-item-205\"><a href=\"https:\/\/us.edu.pl\/instytut\/inoz\/en\/badania\/zespoly-badawcze\/\">Research Teams<\/a><\/li>\n\t<li class=\"page_item page-item-207 page_item_has_children\"><a href=\"https:\/\/us.edu.pl\/instytut\/inoz\/en\/badania\/centra-badawcze\/\">Research Centres<\/a>\n\t<ul class='children'>\n\t\t<li class=\"page_item page-item-1781\"><a href=\"https:\/\/us.edu.pl\/instytut\/inoz\/en\/badania\/centra-badawcze\/polsko-chinskie-centrum-badan-srodowiskowych\/\">(Polski) POLSKO-CHI\u0143SKIE CENTRUM BADA\u0143 \u015aRODOWISKOWYCH<\/a><\/li>\n\t<\/ul>\n<\/li>\n\t<li class=\"page_item page-item-209\"><a href=\"https:\/\/us.edu.pl\/instytut\/inoz\/en\/badania\/laboratoria-i-aparatura\/\">Laboratories and Apparatus<\/a><\/li>\n\t<li class=\"page_item page-item-211\"><a href=\"https:\/\/us.edu.pl\/instytut\/inoz\/en\/badania\/granty\/\">Scientific Projects<\/a><\/li>\n\t<li class=\"page_item page-item-213\"><a href=\"https:\/\/us.edu.pl\/instytut\/inoz\/en\/badania\/doktoraty\/\">PhD thesis<\/a><\/li>\n<\/ul>\n<\/li>\n<li class=\"page_item page-item-215\"><a href=\"https:\/\/us.edu.pl\/instytut\/inoz\/en\/wspolpraca\/\">cooperation<\/a><\/li>\n<li class=\"page_item page-item-6879\"><a href=\"https:\/\/us.edu.pl\/instytut\/inoz\/en\/stacja-meteo\/\">Meteorology Station<\/a><\/li>\n<li class=\"page_item page-item-5344\"><a href=\"https:\/\/us.edu.pl\/instytut\/inoz\/en\/historyczne-mapy-geologiczne\/\">(Polski) Historyczne mapy geologiczne<\/a><\/li>\n<li class=\"page_item page-item-4331\"><a href=\"https:\/\/us.edu.pl\/instytut\/inoz\/en\/newsletter-inoz\/\">(Polski) Newsletter INoZ<\/a><\/li>\n<\/ul>\n<\/div>\n<\/div>\r\n                    <\/div>\r\n                <\/div>[\/vc_column][\/vc_row]<\/p>\n","protected":false},"excerpt":{"rendered":"<p>[vc_row][vc_column][\/vc_column][\/vc_row] [&#8230;]<\/p>\n<p><a class=\"btn btn-secondary understrap-read-more-link\" href=\"https:\/\/us.edu.pl\/instytut\/inoz\/en\/mapa-strony\/\">Read More&#8230;<\/a><\/p>\n","protected":false},"author":29,"featured_media":0,"parent":0,"menu_order":0,"comment_status":"closed","ping_status":"closed","template":"page-templates\/sitemap-template.php","meta":{"_expiration-date-status":"saved","_expiration-date":0,"_expiration-date-type":"","_expiration-date-categories":[],"_expiration-date-options":[]},"acf":[],"_links":{"self":[{"href":"https:\/\/us.edu.pl\/instytut\/inoz\/en\/wp-json\/wp\/v2\/pages\/71"}],"collection":[{"href":"https:\/\/us.edu.pl\/instytut\/inoz\/en\/wp-json\/wp\/v2\/pages"}],"about":[{"href":"https:\/\/us.edu.pl\/instytut\/inoz\/en\/wp-json\/wp\/v2\/types\/page"}],"author":[{"embeddable":true,"href":"https:\/\/us.edu.pl\/instytut\/inoz\/en\/wp-json\/wp\/v2\/users\/29"}],"replies":[{"embeddable":true,"href":"https:\/\/us.edu.pl\/instytut\/inoz\/en\/wp-json\/wp\/v2\/comments?post=71"}],"version-history":[{"count":2,"href":"https:\/\/us.edu.pl\/instytut\/inoz\/en\/wp-json\/wp\/v2\/pages\/71\/revisions"}],"predecessor-version":[{"id":98,"href":"https:\/\/us.edu.pl\/instytut\/inoz\/en\/wp-json\/wp\/v2\/pages\/71\/revisions\/98"}],"wp:attachment":[{"href":"https:\/\/us.edu.pl\/instytut\/inoz\/en\/wp-json\/wp\/v2\/media?parent=71"}],"curies":[{"name":"wp","href":"https:\/\/api.w.org\/{rel}","templated":true}]}}