{"id":1781,"date":"2020-02-18T13:57:49","date_gmt":"2020-02-18T12:57:49","guid":{"rendered":"http:\/\/us.edu.pl\/instytut\/inoz\/?page_id=1781"},"modified":"2020-02-18T14:04:23","modified_gmt":"2020-02-18T13:04:23","slug":"polsko-chinskie-centrum-badan-srodowiskowych","status":"publish","type":"page","link":"https:\/\/us.edu.pl\/instytut\/inoz\/badania\/centra-badawcze\/polsko-chinskie-centrum-badan-srodowiskowych\/","title":{"rendered":"POLSKO-CHI\u0143SKIE CENTRUM BADA\u0143 \u015aRODOWISKOWYCH"},"content":{"rendered":"<p>[vc_row][vc_column]\r\n                <div class=\"text-modules\">\r\n                    <div class=\"container\">\r\n                        <h3 class=\"page-title text__title\">POLSKO-CHI\u0143SKIE CENTRUM BADA\u0143 \u015aRODOWISKOWYCH<\/h3>\r\n                        <div class=\"text-modules__content\"><p>W styczniu 2020 roku uchwa\u0142\u0105 Senatu U\u015a za\u0142o\u017cone zosta\u0142o POLSKO-CHI\u0143SKIE CENTRUM BADA\u0143 \u015aRODOWISKOWYCH. G\u0142\u00f3wny temat badawczy zaplanowany do realizacji przez Centrum to: \u201eWp\u0142yw zmian klimatu na kszta\u0142towanie \u015brodowiska i osadnictwa obszar\u00f3w po\u0142o\u017conych w strefie klimatu umiarkowanego morskiego, umiarkowanego kontynentalnego oraz zwrotnikowego\u201d. Temat b\u0119dzie realizowany przez pracownik\u00f3w U\u015a reprezentuj\u0105cych dwie dziedziny i trzy dyscypliny naukowe:<\/p>\n<ul>\n<li>dziedzina nauk \u015bcis\u0142ych i przyrodniczych, dyscyplina \u2013 nauki o Ziemi i \u015brodowisku,<\/li>\n<li>dziedzina nauk \u015bcis\u0142ych i przyrodniczych, dyscyplina \u2013 nauki biologiczne,<\/li>\n<li>dziedzina nauk spo\u0142ecznych, dyscyplina \u2013 geografia spo\u0142eczno-ekonomiczna i gospodarka przestrzenna.<\/li>\n<\/ul>\n<p>W ramach prac prowadzonych przez Centrum realizowane b\u0119d\u0105 nast\u0119puj\u0105ce cz\u0105stkowe tematy badawcze:<\/p>\n<ul>\n<li>Analiza zapisu zmian klimatycznych w przyrostach rocznych drzew rosn\u0105cych w strefie klimatu umiarkowanego morskiego, umiarkowanego kontynentalnego oraz zwrotnikowego.<\/li>\n<li>Analiza magnitudy i cz\u0119stotliwo\u015bci wyst\u0119powania niszczycielskich ruch\u00f3w masowych w warunkach zmieniaj\u0105cego si\u0119 klimatu.<\/li>\n<li>Analiza kszta\u0142towania si\u0119 zasob\u00f3w wodnych w strefie klimatu umiarkowanego morskiego, umiarkowanego kontynentalnego oraz zwrotnikowego.<\/li>\n<li>Analiza cech anatomii drewna drzew i krzew\u00f3w (np. listwy mrozowe, drewno reakcyjne, wzrost dekoncentryczny, traumatyczne kana\u0142y \u017cywiczne) wykszta\u0142conych w wyniku wyst\u0119powania ekstremalnych proces\u00f3w \u015brodowiskowych, np. burz py\u0142owych, ekstremalnych mroz\u00f3w, wiatro\u0142om\u00f3w, susz.<\/li>\n<li>Wp\u0142yw zmian klimatycznych na rozw\u00f3j osadnictwa w obszarach g\u00f3rskich, w strefie klimatu umiarkowanego morskiego, umiarkowanego kontynentalnego oraz zwrotnikowego.<\/li>\n<\/ul>\n<p>Centrum nawi\u0105zuje obecnie formaln\u0105 wsp\u00f3\u0142prac\u0119 z kilkoma instytucjami naukowymi z Chin:<br \/>\n\u2212 Institute of Geography and Ecology, Chinese Academy of Sciences, Urumqi, Xinjiang,<br \/>\n\u2212 Chengdu Center of China Geological Survey, Chengdu, Syczuan,<br \/>\n\u2212 State Key Laboratory of Geohazard Prevention and Geoenvironment Protection, Chengdu University of Technology, Chengdu, Syczuan.<br \/>\nW ramach dzia\u0142ania Centrum zaplanowano realizacj\u0119 projekt\u00f3w z jednostkami badawczymi z Chin, powstan\u0105 tak\u017ce wsp\u00f3lne publikacje. W ramach dzia\u0142alno\u015bci Centrum zaplanowano tak\u017ce szereg wyjazd\u00f3w polskich badaczy do Chin, b\u0119dziemy tak\u017ce go\u015bci\u0107 chi\u0144skich naukowc\u00f3w na Uniwersytecie \u015al\u0105skim.<\/p>\n<\/div>\r\n                    <\/div>\r\n                <\/div>[\/vc_column][\/vc_row]<\/p>","protected":false},"excerpt":{"rendered":"<p>[vc_row][vc_column][\/vc_column][\/vc_row] [&#8230;]<\/p>\n<p><a class=\"btn btn-secondary understrap-read-more-link\" href=\"https:\/\/us.edu.pl\/instytut\/inoz\/badania\/centra-badawcze\/polsko-chinskie-centrum-badan-srodowiskowych\/\">Read More&#8230;<\/a><\/p>\n","protected":false},"author":115,"featured_media":0,"parent":207,"menu_order":0,"comment_status":"closed","ping_status":"closed","template":"","meta":{"_expiration-date-status":"saved","_expiration-date":0,"_expiration-date-type":"","_expiration-date-categories":[],"_expiration-date-options":[]},"acf":[],"_links":{"self":[{"href":"https:\/\/us.edu.pl\/instytut\/inoz\/wp-json\/wp\/v2\/pages\/1781"}],"collection":[{"href":"https:\/\/us.edu.pl\/instytut\/inoz\/wp-json\/wp\/v2\/pages"}],"about":[{"href":"https:\/\/us.edu.pl\/instytut\/inoz\/wp-json\/wp\/v2\/types\/page"}],"author":[{"embeddable":true,"href":"https:\/\/us.edu.pl\/instytut\/inoz\/wp-json\/wp\/v2\/users\/115"}],"replies":[{"embeddable":true,"href":"https:\/\/us.edu.pl\/instytut\/inoz\/wp-json\/wp\/v2\/comments?post=1781"}],"version-history":[{"count":2,"href":"https:\/\/us.edu.pl\/instytut\/inoz\/wp-json\/wp\/v2\/pages\/1781\/revisions"}],"predecessor-version":[{"id":1784,"href":"https:\/\/us.edu.pl\/instytut\/inoz\/wp-json\/wp\/v2\/pages\/1781\/revisions\/1784"}],"up":[{"embeddable":true,"href":"https:\/\/us.edu.pl\/instytut\/inoz\/wp-json\/wp\/v2\/pages\/207"}],"wp:attachment":[{"href":"https:\/\/us.edu.pl\/instytut\/inoz\/wp-json\/wp\/v2\/media?parent=1781"}],"curies":[{"name":"wp","href":"https:\/\/api.w.org\/{rel}","templated":true}]}}