{"id":199,"date":"2020-01-21T14:47:35","date_gmt":"2020-01-21T13:47:35","guid":{"rendered":"http:\/\/us.edu.pl\/instytut\/inoz\/?page_id=199"},"modified":"2022-10-18T12:42:15","modified_gmt":"2022-10-18T10:42:15","slug":"rada-instytutu","status":"publish","type":"page","link":"https:\/\/us.edu.pl\/instytut\/inoz\/instytut\/rada-instytutu\/","title":{"rendered":"rada instytutu"},"content":{"rendered":"<p>[vc_row el_class=&#8221;container&#8221;][vc_column width=&#8221;2\/3&#8243; el_class=&#8221;conteiner&#8221;]\r\n                <div class=\"text-modules\">\r\n                    <div class=\"container\">\r\n                        <h3 class=\"page-title text__title\">Sk\u0142ad Rady Naukowej Instytutu<\/h3>\r\n                        <div class=\"text-modules__content\"><\/div>\r\n                    <\/div>\r\n                <\/div>[vc_raw_html]JTNDJTIxRE9DVFlQRSUyMGh0bWwlM0UlMEElM0NodG1sJTNFJTBBJTNDaGVhZCUzRSUwQSUzQ3N0eWxlJTNFJTBBJTBBJTNDJTJGc3R5bGUlM0UlMEElM0MlMkZoZWFkJTNFJTBBJTNDYm9keSUzRSUwQSUzQ3VsJTNFJTBBJTIwJTA5JTNDbGklM0UlM0NhJTIwaHJlZiUzRCUyMmh0dHBzJTNBJTJGJTJGdXMuZWR1LnBsJTJGaW5zdHl0dXQlMkZpbm96JTJGb3NvYnklMkZsdXBpa2FzemEtZXdhJTJGJTIyJTIwdGFyZ2V0JTNEJTIyX2JsYW5rJTIyJTIwY2xhc3MlM0QlMjJib3JkJTIyJTNFRHIlMjBoYWIuJTIwRXdhJTIwJUM1JTgxdXBpa2FzemElMkMlMjBwcm9mLiUyMFUlQzUlOUElMjAlRTIlODAlOTMlMjBEeXJla3RvciUyMEluc3R5dHV0dSUzQyUyRmElM0UlM0MlMkZsaSUzRSUwQSUyMCUwOSUzQ2xpJTNFJTNDYSUyMGhyZWYlM0QlMjJodHRwcyUzQSUyRiUyRnVzLmVkdS5wbCUyRmluc3R5dHV0JTJGaW5veiUyRm9zb2J5JTJGbWVuZGVja2ktbWFjaWVqJTJGJTIyJTIwdGFyZ2V0JTNEJTIyX2JsYW5rJTIyJTIwY2xhc3MlM0QlMjJib3JkJTIyJTNFRHIlMjBNYWNpZWolMjBNZW5kZWNraSUyMCVFMiU4MCU5MyUyMFphc3QlQzQlOTlwY2ElMjBEeXJla3RvcmElMjBJbnN0eXR1dHUlM0MlMkZhJTNFJTNDJTJGbGklM0UlMEElMjAlMDklM0NsaSUzRSUzQ2ElMjBocmVmJTNEJTIyaHR0cHMlM0ElMkYlMkZ1cy5lZHUucGwlMkZpbnN0eXR1dCUyRmlub3olMkZvc29ieSUyRmNpZXNpZWxjenVrLWp1c3R5bmElMkYlMjIlMjB0YXJnZXQlM0QlMjJfYmxhbmslMjIlMjBjbGFzcyUzRCUyMmJvcmQlMjIlM0VEciUyMGhhYi4lMjBKdXN0eW5hJTIwQ2llc2llbGN6dWslMkMlMjBwcm9mLiUyMFUlQzUlOUElM0MlMkZhJTNFJTNDJTJGbGklM0UlMEElMDklM0NsaSUzRSUzQ2ElMjBocmVmJTNEJTIyaHR0cHMlM0ElMkYlMkZ1cy5lZHUucGwlMkZpbnN0eXR1dCUyRmlub3olMkZvc29ieSUyRmRvYmluc2tpLXdvamNpZWNoJTJGJTIyJTIwdGFyZ2V0JTNEJTIyX2JsYW5rJTIyJTIwY2xhc3MlM0QlMjJib3JkJTIyJTNFRHIlMjBoYWIuJTIwV29qY2llY2glMjBEb2JpJUM1JTg0c2tpJTJDJTIwcHJvZi4lMjBVJUM1JTlBJTNDJTJGYSUzRSUzQyUyRmxpJTNFJTBBJTIwJTA5JTNDbGklM0UlM0NhJTIwaHJlZiUzRCUyMmh0dHBzJTNBJTJGJTJGdXMuZWR1LnBsJTJGaW5zdHl0dXQlMkZpbm96JTJGb3NvYnklMkZmYWJpYW5za2EtbW9uaWthJTJGJTIyJTIwdGFyZ2V0JTNEJTIyX2JsYW5rJTIyJTIwY2xhc3MlM0QlMjJib3JkJTIyJTNFUHJvZi4lMjBkciUyMGhhYi4lMjBNb25pa2ElMjBGYWJpYSVDNSU4NHNrYSUzQyUyRmElM0UlM0MlMkZsaSUzRSUwQSUyMCUwOSUzQ2xpJTNFJTNDYSUyMGhyZWYlM0QlMjJodHRwcyUzQSUyRiUyRnVzLmVkdS5wbCUyRmluc3R5dHV0JTJGaW5veiUyRm9zb2J5JTJGZ2FpZHppay1rcnp5c3p0b2YlMkYlMjIlMjB0YXJnZXQlM0QlMjJfYmxhbmslMjIlMjBjbGFzcyUzRCUyMmJvcmQlMjIlM0VEciUyMEtyenlzenRvZiUyMEdhaWR6aWslM0MlMkZhJTNFJTNDJTJGbGklM0UlMEElMjAlMDklM0NsaSUzRSUzQ2ElMjBocmVmJTNEJTIyaHR0cHMlM0ElMkYlMkZ1cy5lZHUucGwlMkZpbnN0eXR1dCUyRmlub3olMkZvc29ieSUyRmdhbHVza2luLWV2Z2VueSUyRiUyMiUyMHRhcmdldCUzRCUyMl9ibGFuayUyMiUyMGNsYXNzJTNEJTIyYm9yZCUyMiUzRVByb2YuJTIwZHIlMjBoYWIuJTIwRXZnZW55JTIwR2FsdXNraW4lM0MlMkZhJTNFJTNDJTJGbGklM0UlMEElMjAlMDklM0NsaSUzRSUzQ2ElMjBocmVmJTNEJTIyaHR0cHMlM0ElMkYlMkZ1cy5lZHUucGwlMkZpbnN0eXR1dCUyRmlub3olMkZvc29ieSUyRmdhbHVza2luYS1pcmluYSUyRiUyMiUyMHRhcmdldCUzRCUyMl9ibGFuayUyMiUyMGNsYXNzJTNEJTIyYm9yZCUyMiUzRVByb2YuJTIwZHIlMjBoYWIuJTIwSXJpbmElMjBHYWx1c2tpbmElM0MlMkZhJTNFJTNDJTJGbGklM0UlMEElMjAlMDklM0NsaSUzRSUzQ2ElMjBocmVmJTNEJTIyaHR0cHMlM0ElMkYlMkZ1cy5lZHUucGwlMkZpbnN0eXR1dCUyRmlub3olMkZvc29ieSUyRmdhd2VkYS1hbGVrc2FuZHJhJTJGJTIyJTIwdGFyZ2V0JTNEJTIyX2JsYW5rJTIyJTIwY2xhc3MlM0QlMjJib3JkJTIyJTNFUHJvZi4lMjBkciUyMGhhYi4lMjBBbGVrc2FuZHJhJTIwR2F3JUM0JTk5ZGElM0MlMkZhJTNFJTNDJTJGbGklM0UlMEElMDklM0NsaSUzRSUzQ2ElMjBocmVmJTNEJTIyaHR0cHMlM0ElMkYlMkZ1cy5lZHUucGwlMkZpbnN0eXR1dCUyRmlub3olMkZvc29ieSUyRmdhZGVrLWJvZ2RhbiUyRiUyMiUyMHRhcmdldCUzRCUyMl9ibGFuayUyMiUyMGNsYXNzJTNEJTIyYm9yZCUyMiUzRURyJTIwaGFiLiUyMEJvZ2RhbiUyMEclQzQlODVkZWslMkMlMjBwcm9mLiUyMFUlQzUlOUElM0MlMkZhJTNFJTNDJTJGbGklM0UlMEElMjAlMDklM0NsaSUzRSUzQ2ElMjBocmVmJTNEJTIyaHR0cHMlM0ElMkYlMkZ1cy5lZHUucGwlMkZpbnN0eXR1dCUyRmlub3olMkZvc29ieSUyRmdyYWJpZWMtbWFyaXVzeiUyRiUyMiUyMHRhcmdldCUzRCUyMl9ibGFuayUyMiUyMGNsYXNzJTNEJTIyYm9yZCUyMiUzRURyJTIwaGFiLiUyME1hcml1c3olMjBHcmFiaWVjJTJDJTIwcHJvZi4lMjBVJUM1JTlBJTNDJTJGYSUzRSUzQyUyRmxpJTNFJTBBJTA5JTNDbGklM0UlM0NhJTIwaHJlZiUzRCUyMmh0dHBzJTNBJTJGJTJGdXMuZWR1LnBsJTJGaW5zdHl0dXQlMkZpbm96JTJGb3NvYnklMkZndW1zbGV5LWFzaGxleSUyRiUyMiUyMHRhcmdldCUzRCUyMl9ibGFuayUyMiUyMGNsYXNzJTNEJTIyYm9yZCUyMiUzRURyJTIwQXNobGV5JTIwR3Vtc2xleSUzQyUyRmElM0UlM0MlMkZsaSUzRSUwQSUwOSUzQ2xpJTNFJTNDYSUyMGhyZWYlM0QlMjJodHRwcyUzQSUyRiUyRnVzLmVkdS5wbCUyRmluc3R5dHV0JTJGaW5veiUyRm9zb2J5JTJGaWduYXRpdWstZGFyaXVzeiUyRiUyMiUyMHRhcmdldCUzRCUyMl9ibGFuayUyMiUyMGNsYXNzJTNEJTIyYm9yZCUyMiUzRURyJTIwRGFyaXVzeiUyMElnbmF0aXVrJTNDJTJGYSUzRSUzQyUyRmxpJTNFJTBBJTA5JTNDbGklM0UlM0NhJTIwaHJlZiUzRCUyMmh0dHBzJTNBJTJGJTJGdXMuZWR1LnBsJTJGaW5zdHl0dXQlMkZpbm96JTJGb3NvYnklMkZqYWJsb25za2EtbWFyaW9sYSUyRiUyMiUyMHRhcmdldCUzRCUyMl9ibGFuayUyMiUyMGNsYXNzJTNEJTIyYm9yZCUyMiUzRURyJTIwaGFiLiUyME1hcmlvbGElMjBKYWIlQzUlODJvJUM1JTg0c2thJTJDJTIwcHJvZi4lMjBVJUM1JTlBJTNDJTJGYSUzRSUzQyUyRmxpJTNFJTBBJTIwJTA5JTNDbGklM0UlM0NhJTIwaHJlZiUzRCUyMmh0dHBzJTNBJTJGJTJGdXMuZWR1LnBsJTJGaW5zdHl0dXQlMkZpbm96JTJGb3NvYnklMkZqZWxvbmVrLWl3b25hJTJGJTIyJTIwdGFyZ2V0JTNEJTIyX2JsYW5rJTIyJTIwY2xhc3MlM0QlMjJib3JkJTIyJTNFRHIlMjBoYWIuJTIwSXdvbmElMjBKZWxvbmVrJTJDJTIwcHJvZi4lMjBVJUM1JTlBJTNDJTJGYSUzRSUzQyUyRmxpJTNFJTBBJTIwJTA5JTNDbGklM0UlM0NhJTIwaHJlZiUzRCUyMmh0dHBzJTNBJTJGJTJGdXMuZWR1LnBsJTJGaW5zdHl0dXQlMkZpbm96JTJGb3NvYnklMkZrZWR6aW9yLXNsYXdvbWlyJTJGJTIyJTIwdGFyZ2V0JTNEJTIyX2JsYW5rJTIyJTIwY2xhc3MlM0QlMjJib3JkJTIyJTNFRHIlMjBoYWIuJTIwUyVDNSU4MmF3b21pciUyMEslQzQlOTlkemlvciUyQyUyMHByb2YuJTIwVSVDNSU5QSUzQyUyRmElM0UlM0MlMkZsaSUzRSUwQSUyMCUwOSUzQ2xpJTNFJTNDYSUyMGhyZWYlM0QlMjJodHRwcyUzQSUyRiUyRnVzLmVkdS5wbCUyRmluc3R5dHV0JTJGaW5veiUyRm9zb2J5JTJGbWFsaWstaXJlbmV1c3olMkYlMjIlMjB0YXJnZXQlM0QlMjJfYmxhbmslMjIlMjBjbGFzcyUzRCUyMmJvcmQlMjIlM0VQcm9mLiUyMGRyJTIwaGFiLiUyMElyZW5ldXN6JTIwTWFsaWslM0MlMkZhJTNFJTNDJTJGbGklM0UlMEElMjAlMDklM0NsaSUzRSUzQ2ElMjBocmVmJTNEJTIyaHR0cHMlM0ElMkYlMkZ1cy5lZHUucGwlMkZpbnN0eXR1dCUyRmlub3olMkZvc29ieSUyRm1hcnlub3dza2ktbGVzemVrJTJGJTIyJTIwdGFyZ2V0JTNEJTIyX2JsYW5rJTIyJTIwY2xhc3MlM0QlMjJib3JkJTIyJTNFUHJvZi4lMjBkciUyMGhhYi4lMjBMZXN6ZWslMjBNYXJ5bm93c2tpJTNDJTJGYSUzRSUzQyUyRmxpJTNFJTBBJTIwJTA5JTNDbGklM0UlM0NhJTIwaHJlZiUzRCUyMmh0dHBzJTNBJTJGJTJGdXMuZWR1LnBsJTJGaW5zdHl0dXQlMkZpbm96JTJGb3NvYnklMkZtaXN6LWtlbm5hbi1tYWdkYWxlbmElMkYlMjIlMjB0YXJnZXQlM0QlMjJfYmxhbmslMjIlMjBjbGFzcyUzRCUyMmJvcmQlMjIlM0VEciUyMGhhYi4lMjBNYWdkYWxlbmElMjBNaXN6LUtlbm5hbiUyQyUyMHByb2YuJTIwVSVDNSU5QSUzQyUyRmElM0UlM0MlMkZsaSUzRSUwQSUyMCUwOSUzQ2xpJTNFJTNDYSUyMGhyZWYlM0QlMjJodHRwcyUzQSUyRiUyRnVzLmVkdS5wbCUyRmluc3R5dHV0JTJGaW5veiUyRm9zb2J5JTJGb3BhbGEtb3djemFyZWstbWFnZGFsZW5hJTJGJTIyJTIwdGFyZ2V0JTNEJTIyX2JsYW5rJTIyJTIwY2xhc3MlM0QlMjJib3JkJTIyJTNFRHIlMjBoYWIuJTIwTWFnZGFsZW5hJTIwT3BhJUM1JTgyYS1Pd2N6YXJlayUyQyUyMHByb2YuJTIwVSVDNSU5QSUzQyUyRmElM0UlM0MlMkZsaSUzRSUwQSUyMCUwOSUzQ2xpJTNFJTNDYSUyMGhyZWYlM0QlMjJodHRwcyUzQSUyRiUyRnVzLmVkdS5wbCUyRmluc3R5dHV0JTJGaW5veiUyRm9zb2J5JTJGcGF3bGlrLWx1a2FzeiUyRiUyMiUyMHRhcmdldCUzRCUyMl9ibGFuayUyMiUyMGNsYXNzJTNEJTIyYm9yZCUyMiUzRURyJTIwaGFiLiUyMCVDNSU4MXVrYXN6JTIwUGF3bGlrJTJDJTIwcHJvZi4lMjBVJUM1JTlBJTNDJTJGYSUzRSUzQyUyRmxpJTNFJTBBJTIwJTA5JTNDbGklM0UlM0NhJTIwaHJlZiUzRCUyMmh0dHBzJTNBJTJGJTJGdXMuZWR1LnBsJTJGaW5zdHl0dXQlMkZpbm96JTJGb3NvYnklMkZwaXNhcnpvd3NrYS1hZ25pZXN6a2ElMjIlMjB0YXJnZXQlM0QlMjJfYmxhbmslMjIlMjBjbGFzcyUzRCUyMmJvcmQlMjIlM0VEciUyMEFnbmllc3prYSUyMFBpc2Fyem93c2thJTNDJTJGYSUzRSUzQyUyRmxpJTNFJTBBJTIwJTA5JTNDbGklM0UlM0NhJTIwaHJlZiUzRCUyMmh0dHBzJTNBJTJGJTJGdXMuZWR1LnBsJTJGaW5zdHl0dXQlMkZpbm96JTJGb3NvYnklMkZyYWhtb25vdi1vaW1haG1hZCUyRiUyMiUyMHRhcmdldCUzRCUyMl9ibGFuayUyMiUyMGNsYXNzJTNEJTIyYm9yZCUyMiUzRVByb2YuJTIwZHIlMjBoYWIuJTIwT2ltYWhtYWQlMjBSYWhtb25vdiUzQyUyRmElM0UlM0MlMkZsaSUzRSUwQSUyMCUwOSUzQ2xpJTNFJTNDYSUyMGhyZWYlM0QlMjJodHRwcyUzQSUyRiUyRnVzLmVkdS5wbCUyRmluc3R5dHV0JTJGaW5veiUyRm9zb2J5JTJGcnVtYW4tbWFyZWslMkYlMjIlMjB0YXJnZXQlM0QlMjJfYmxhbmslMjIlMjBjbGFzcyUzRCUyMmJvcmQlMjIlM0VEciUyMGhhYi4lMjBNYXJlayUyMFJ1bWFuJTJDJTIwcHJvZi4lMjBVJUM1JTlBJTNDJTJGYSUzRSUzQyUyRmxpJTNFJTBBJTIwJTA5JTNDbGklM0UlM0NhJTIwaHJlZiUzRCUyMmh0dHBzJTNBJTJGJTJGdXMuZWR1LnBsJTJGaW5zdHl0dXQlMkZpbm96JTJGb3NvYnklMkZyemV0YWxhLW1hcml1c3olMkYlMjIlMjB0YXJnZXQlM0QlMjJfYmxhbmslMjIlMjBjbGFzcyUzRCUyMmJvcmQlMjIlM0VQcm9mLiUyMGRyJTIwaGFiLiUyME1hcml1c3olMjBSeiVDNCU5OXRhJUM1JTgyYSUzQyUyRmElM0UlM0MlMkZsaSUzRSUwQSUyMCUwOSUzQ2xpJTNFJTNDYSUyMGhyZWYlM0QlMjJodHRwcyUzQSUyRiUyRnVzLmVkdS5wbCUyRmluc3R5dHV0JTJGaW5veiUyRm9zb2J5JTJGc2FsYW1vbi1tYXJpdXN6JTJGJTIyJTIwdGFyZ2V0JTNEJTIyX2JsYW5rJTIyJTIwY2xhc3MlM0QlMjJib3JkJTIyJTNFUHJvZi4lMjBkciUyMGhhYi4lMjBNYXJpdXN6JTIwU2FsYW1vbiUzQyUyRmElM0UlM0MlMkZsaSUzRSUwQSUwOSUzQ2xpJTNFJTNDYSUyMGhyZWYlM0QlMjJodHRwcyUzQSUyRiUyRnVzLmVkdS5wbCUyRmluc3R5dHV0JTJGaW5veiUyRm9zb2J5JTJGc21vbGFyZWstbGFjaC1qdXN0eW5hJTJGJTIyJTIwdGFyZ2V0JTNEJTIyX2JsYW5rJTIyJTIwY2xhc3MlM0QlMjJib3JkJTIyJTNFRHIlMjBKdXN0eW5hJTIwU21vbGFyZWstJUM1JTgxYWNoJTNDJTJGYSUzRSUzQyUyRmxpJTNFJTBBJTA5JTNDbGklM0UlM0NhJTIwaHJlZiUzRCUyMmh0dHBzJTNBJTJGJTJGdXMuZWR1LnBsJTJGaW5zdHl0dXQlMkZpbm96JTJGb3NvYnklMkZzdXJtaWstZGF3aWQlMkYlMjIlMjB0YXJnZXQlM0QlMjJfYmxhbmslMjIlMjBjbGFzcyUzRCUyMmJvcmQlMjIlM0VEciUyMERhd2lkJTIwU3VybWlrJTNDJTJGYSUzRSUzQyUyRmxpJTNFJTBBJTA5JTNDbGklM0UlM0NhJTIwaHJlZiUzRCUyMmh0dHBzJTNBJTJGJTJGdXMuZWR1LnBsJTJGaW5zdHl0dXQlMkZpbm96JTJGb3NvYnklMkZzemN6eWdpZWwtamFjZWslMkYlMjIlMjB0YXJnZXQlM0QlMjJfYmxhbmslMjIlMjBjbGFzcyUzRCUyMmJvcmQlMjIlM0VEciUyMEphY2VrJTIwU3pjenlnaWUlQzUlODIlM0MlMkZhJTNFJTNDJTJGbGklM0UlMEElMjAlMDklM0NsaSUzRSUzQ2ElMjBocmVmJTNEJTIyaHR0cHMlM0ElMkYlMkZ1cy5lZHUucGwlMkZpbnN0eXR1dCUyRmlub3olMkZvc29ieSUyRndpc3R1YmEtbWFsZ29yemF0YSUyRiUyMiUyMHRhcmdldCUzRCUyMl9ibGFuayUyMiUyMGNsYXNzJTNEJTIyYm9yZCUyMiUzRURyJTIwaGFiLiUyME1hJUM1JTgyZ29yemF0YSUyMFdpc3R1YmElMkMlMjBwcm9mLiUyMFUlQzUlOUElM0MlMkZhJTNFJTNDJTJGbGklM0UlMEElMDklM0NsaSUzRSUzQ2ElMjBocmVmJTNEJTIyaHR0cHMlM0ElMkYlMkZ1cy5lZHUucGwlMkZpbnN0eXR1dCUyRmlub3olMkZvc29ieSUyRnphdG9uLW1pY2hhbCUyRiUyMiUyMHRhcmdldCUzRCUyMl9ibGFuayUyMiUyMGNsYXNzJTNEJTIyYm9yZCUyMiUzRVByb2YuJTIwZHIlMjBoYWIuJTIwTWljaGElQzUlODIlMjBaYXRvJUM1JTg0JTNDJTJGYSUzRSUzQyUyRmxpJTNFJTBBJTA5JTNDbGklM0UlM0NhJTIwaHJlZiUzRCUyMmh0dHBzJTNBJTJGJTJGdXMuZWR1LnBsJTJGaW5zdHl0dXQlMkZpbm96JTJGb3NvYnklMkZ6b2dhbGEtYm9nZGFuJTJGJTIyJTIwdGFyZ2V0JTNEJTIyX2JsYW5rJTIyJTIwY2xhc3MlM0QlMjJib3JkJTIyJTNFRHIlMjBoYWIuJTIwQm9nZGFuJTIwJUM1JUJCb2dhJUM1JTgyYSUzQyUyRmElM0UlM0MlMkZsaSUzRSUwQSUzQyUyRnVsJTNFJTBBJTBBJTNDJTJGYm9keSUzRSUwQSUzQyUyRmh0bWwlM0U=[\/vc_raw_html][\/vc_column][vc_column width=&#8221;1\/3&#8243;]\r\n                <div class=\"text-modules\">\r\n                    <div class=\"container\">\r\n                        \r\n                        <div class=\"text-modules__content\"><\/p>\n<h3>Za\u0142\u0105czniki<\/h3>\n<ul class=\"angle-list\">\n<li><a href=\"http:\/\/us.edu.pl\/instytut\/inoz\/wp-content\/uploads\/sites\/37\/druki\/Regulamin_obrad_INoZ.pdf\" class=\"mtli_attachment mtli_pdf\" data-mtli=\"mtli_filesize309,88kB\" class=\"mtli_attachment mtli_pdf\" data-mtli=\"mtli_filesize309,88kB\">regulamin obrad Rady Naukowej INoZ<\/a><\/li>\n<li><a href=\"https:\/\/us.edu.pl\/instytut\/inoz\/komunikaty\/posiedzenie-rady-naukowej-instytutu-nauk-o-ziemi\/\">harmonogram posiedze\u0144 Rady Naukowej INoZ<\/a><\/li>\n<li><a href=\"http:\/\/us.edu.pl\/instytut\/inoz\/wp-content\/uploads\/sites\/37\/druki\/INoZ_wytyczne_zespo%C5%82y-badawcze.pdf\" class=\"mtli_attachment mtli_pdf\" class=\"mtli_attachment mtli_pdf\">wytyczne &#8211; (zespo\u0142y badawcze)<\/a><\/li>\n<li><a href=\"http:\/\/us.edu.pl\/instytut\/inoz\/wp-content\/uploads\/sites\/37\/2020\/01\/Uchwa%C5%82a_RNINoZ_zasady-wyr%C3%B3%C5%BCniania-prac-doktorskich.pdf\" class=\"mtli_attachment mtli_pdf\" class=\"mtli_attachment mtli_pdf\">Uchwa\u0142a Rady Instytutu w sprawie zasad wyr\u00f3\u017cniania prac doktorskich<\/a><\/li>\n<li><a href=\"https:\/\/us.edu.pl\/instytut\/inoz\/wp-content\/uploads\/sites\/37\/druki\/DofinansowaniePublikacji_RezerwaDyrINoZ.pdf\" class=\"mtli_attachment mtli_pdf\" data-mtli=\"mtli_filesize168,98kB\" class=\"mtli_attachment mtli_pdf\" data-mtli=\"mtli_filesize168,98kB\">Dofinansowanie publikacji z rezerwy Dyrektora INoZ<\/a><\/li>\n<li><a href=\"https:\/\/us.edu.pl\/instytut\/inoz\/wp-content\/uploads\/sites\/37\/Nieprzypisane\/Polityka-Naukowa-INoZ-uchwala-skan.pdf\" class=\"mtli_attachment mtli_pdf\" data-mtli=\"mtli_filesize188,38kB\" class=\"mtli_attachment mtli_pdf\" data-mtli=\"mtli_filesize188,38kB\">Polityka Naukowa INoZ-uchwa\u0142a<\/a><\/li>\n<li><a href=\"https:\/\/us.edu.pl\/instytut\/inoz\/wp-content\/uploads\/sites\/37\/Nieprzypisane\/Polityka-Naukowa-INoZ-zalacznik-skan.pdf\" class=\"mtli_attachment mtli_pdf\" data-mtli=\"mtli_filesize1,44MB\" class=\"mtli_attachment mtli_pdf\" data-mtli=\"mtli_filesize1,44MB\">Polityka Naukowa INoZ-za\u0142\u0105cznik<\/a><\/li>\n<li><a href=\"https:\/\/us.edu.pl\/instytut\/inoz\/wp-content\/uploads\/sites\/37\/2020\/01\/Uchwala-zasady-prezentacji-rozpraw-dr.pdf\" class=\"mtli_attachment mtli_pdf\" data-mtli=\"mtli_filesize337,40kB\" class=\"mtli_attachment mtli_pdf\" data-mtli=\"mtli_filesize337,40kB\" target=\"_blank\" rel=\"noopener noreferrer\">Uchwa\u0142a nr 31 w sprawie zatwierdzenia zasad prezentacji tez rozpraw doktorskich przez doktorant\u00f3w INoZ, kt\u00f3rzy rozpocz\u0119li studia doktoranckie przed rokiem akademickim 2019\/2020<\/a><\/li>\n<\/ul>\n<p>\n<style type=\"text\/css\">a[data-mtli~=\"mtli_filesize309,88kB\"]:after {content:\" (309,88 kB)\"}a[data-mtli~=\"mtli_filesize168,98kB\"]:after {content:\" (168,98 kB)\"}a[data-mtli~=\"mtli_filesize188,38kB\"]:after {content:\" (188,38 kB)\"}a[data-mtli~=\"mtli_filesize1,44MB\"]:after {content:\" (1,44 MB)\"}a[data-mtli~=\"mtli_filesize337,40kB\"]:after {content:\" (337,40 kB)\"}<\/style><\/div>\r\n                    <\/div>\r\n                <\/div>[\/vc_column][\/vc_row]<\/p>\n<style type=\"text\/css\">a[data-mtli~=\"mtli_filesize309,88kB\"]:after {content:\" (309,88 kB)\"}a[data-mtli~=\"mtli_filesize168,98kB\"]:after {content:\" (168,98 kB)\"}a[data-mtli~=\"mtli_filesize188,38kB\"]:after {content:\" (188,38 kB)\"}a[data-mtli~=\"mtli_filesize1,44MB\"]:after {content:\" (1,44 MB)\"}a[data-mtli~=\"mtli_filesize337,40kB\"]:after {content:\" (337,40 kB)\"}<\/style>","protected":false},"excerpt":{"rendered":"<p>[vc_row el_class=&#8221;container&#8221;][vc_column width=&#8221;2\/3&#8243; el_class=&#8221;conteiner&#8221;][vc_raw_html]JTNDJTIxRE9DVFlQRSUyMGh0bWwlM0UlMEElM0NodG1sJTNFJTBBJTNDaGVhZCUzRSUwQSUzQ3N0eWxlJTNFJTBBJTBBJTNDJTJGc3R5bGUlM0UlMEElM0MlMkZoZWFkJTNFJTBBJTNDYm9keSUzRSUwQSUzQ3VsJTNFJTBBJTIwJTA5JTNDbGklM0UlM0NhJTIwaHJlZiUzRCUyMmh0dHBzJTNBJTJGJTJGdXMuZWR1LnBsJTJGaW5zdHl0dXQlMkZpbm96JTJGb3NvYnklMkZsdXBpa2FzemEtZXdhJTJGJTIyJTIwdGFyZ2V0JTNEJTIyX2JsYW5rJTIyJTIwY2xhc3MlM0QlMjJib3JkJTIyJTNFRHIlMjBoYWIuJTIwRXdhJTIwJUM1JTgxdXBpa2FzemElMkMlMjBwcm9mLiUyMFUlQzUlOUElMjAlRTIlODAlOTMlMjBEeXJla3RvciUyMEluc3R5dHV0dSUzQyUyRmElM0UlM0MlMkZsaSUzRSUwQSUyMCUwOSUzQ2xpJTNFJTNDYSUyMGhyZWYlM0QlMjJodHRwcyUzQSUyRiUyRnVzLmVkdS5wbCUyRmluc3R5dHV0JTJGaW5veiUyRm9zb2J5JTJGbWVuZGVja2ktbWFjaWVqJTJGJTIyJTIwdGFyZ2V0JTNEJTIyX2JsYW5rJTIyJTIwY2xhc3MlM0QlMjJib3JkJTIyJTNFRHIlMjBNYWNpZWolMjBNZW5kZWNraSUyMCVFMiU4MCU5MyUyMFphc3QlQzQlOTlwY2ElMjBEeXJla3RvcmElMjBJbnN0eXR1dHUlM0MlMkZhJTNFJTNDJTJGbGklM0UlMEElMjAlMDklM0NsaSUzRSUzQ2ElMjBocmVmJTNEJTIyaHR0cHMlM0ElMkYlMkZ1cy5lZHUucGwlMkZpbnN0eXR1dCUyRmlub3olMkZvc29ieSUyRmNpZXNpZWxjenVrLWp1c3R5bmElMkYlMjIlMjB0YXJnZXQlM0QlMjJfYmxhbmslMjIlMjBjbGFzcyUzRCUyMmJvcmQlMjIlM0VEciUyMGhhYi4lMjBKdXN0eW5hJTIwQ2llc2llbGN6dWslMkMlMjBwcm9mLiUyMFUlQzUlOUElM0MlMkZhJTNFJTNDJTJGbGklM0UlMEElMDklM0NsaSUzRSUzQ2ElMjBocmVmJTNEJTIyaHR0cHMlM0ElMkYlMkZ1cy5lZHUucGwlMkZpbnN0eXR1dCUyRmlub3olMkZvc29ieSUyRmRvYmluc2tpLXdvamNpZWNoJTJGJTIyJTIwdGFyZ2V0JTNEJTIyX2JsYW5rJTIyJTIwY2xhc3MlM0QlMjJib3JkJTIyJTNFRHIlMjBoYWIuJTIwV29qY2llY2glMjBEb2JpJUM1JTg0c2tpJTJDJTIwcHJvZi4lMjBVJUM1JTlBJTNDJTJGYSUzRSUzQyUyRmxpJTNFJTBBJTIwJTA5JTNDbGklM0UlM0NhJTIwaHJlZiUzRCUyMmh0dHBzJTNBJTJGJTJGdXMuZWR1LnBsJTJGaW5zdHl0dXQlMkZpbm96JTJGb3NvYnklMkZmYWJpYW5za2EtbW9uaWthJTJGJTIyJTIwdGFyZ2V0JTNEJTIyX2JsYW5rJTIyJTIwY2xhc3MlM0QlMjJib3JkJTIyJTNFUHJvZi4lMjBkciUyMGhhYi4lMjBNb25pa2ElMjBGYWJpYSVDNSU4NHNrYSUzQyUyRmElM0UlM0MlMkZsaSUzRSUwQSUyMCUwOSUzQ2xpJTNFJTNDYSUyMGhyZWYlM0QlMjJodHRwcyUzQSUyRiUyRnVzLmVkdS5wbCUyRmluc3R5dHV0JTJGaW5veiUyRm9zb2J5JTJGZ2FpZHppay1rcnp5c3p0b2YlMkYlMjIlMjB0YXJnZXQlM0QlMjJfYmxhbmslMjIlMjBjbGFzcyUzRCUyMmJvcmQlMjIlM0VEciUyMEtyenlzenRvZiUyMEdhaWR6aWslM0MlMkZhJTNFJTNDJTJGbGklM0UlMEElMjAlMDklM0NsaSUzRSUzQ2ElMjBocmVmJTNEJTIyaHR0cHMlM0ElMkYlMkZ1cy5lZHUucGwlMkZpbnN0eXR1dCUyRmlub3olMkZvc29ieSUyRmdhbHVza2luLWV2Z2VueSUyRiUyMiUyMHRhcmdldCUzRCUyMl9ibGFuayUyMiUyMGNsYXNzJTNEJTIyYm9yZCUyMiUzRVByb2YuJTIwZHIlMjBoYWIuJTIwRXZnZW55JTIwR2FsdXNraW4lM0MlMkZhJTNFJTNDJTJGbGklM0UlMEElMjAlMDklM0NsaSUzRSUzQ2ElMjBocmVmJTNEJTIyaHR0cHMlM0ElMkYlMkZ1cy5lZHUucGwlMkZpbnN0eXR1dCUyRmlub3olMkZvc29ieSUyRmdhbHVza2luYS1pcmluYSUyRiUyMiUyMHRhcmdldCUzRCUyMl9ibGFuayUyMiUyMGNsYXNzJTNEJTIyYm9yZCUyMiUzRVByb2YuJTIwZHIlMjBoYWIuJTIwSXJpbmElMjBHYWx1c2tpbmElM0MlMkZhJTNFJTNDJTJGbGklM0UlMEElMjAlMDklM0NsaSUzRSUzQ2ElMjBocmVmJTNEJTIyaHR0cHMlM0ElMkYlMkZ1cy5lZHUucGwlMkZpbnN0eXR1dCUyRmlub3olMkZvc29ieSUyRmdhd2VkYS1hbGVrc2FuZHJhJTJGJTIyJTIwdGFyZ2V0JTNEJTIyX2JsYW5rJTIyJTIwY2xhc3MlM0QlMjJib3JkJTIyJTNFUHJvZi4lMjBkciUyMGhhYi4lMjBBbGVrc2FuZHJhJTIwR2F3JUM0JTk5ZGElM0MlMkZhJTNFJTNDJTJGbGklM0UlMEElMDklM0NsaSUzRSUzQ2ElMjBocmVmJTNEJTIyaHR0cHMlM0ElMkYlMkZ1cy5lZHUucGwlMkZpbnN0eXR1dCUyRmlub3olMkZvc29ieSUyRmdhZGVrLWJvZ2RhbiUyRiUyMiUyMHRhcmdldCUzRCUyMl9ibGFuayUyMiUyMGNsYXNzJTNEJTIyYm9yZCUyMiUzRURyJTIwaGFiLiUyMEJvZ2RhbiUyMEclQzQlODVkZWslMkMlMjBwcm9mLiUyMFUlQzUlOUElM0MlMkZhJTNFJTNDJTJGbGklM0UlMEElMjAlMDklM0NsaSUzRSUzQ2ElMjBocmVmJTNEJTIyaHR0cHMlM0ElMkYlMkZ1cy5lZHUucGwlMkZpbnN0eXR1dCUyRmlub3olMkZvc29ieSUyRmdyYWJpZWMtbWFyaXVzeiUyRiUyMiUyMHRhcmdldCUzRCUyMl9ibGFuayUyMiUyMGNsYXNzJTNEJTIyYm9yZCUyMiUzRURyJTIwaGFiLiUyME1hcml1c3olMjBHcmFiaWVjJTJDJTIwcHJvZi4lMjBVJUM1JTlBJTNDJTJGYSUzRSUzQyUyRmxpJTNFJTBBJTA5JTNDbGklM0UlM0NhJTIwaHJlZiUzRCUyMmh0dHBzJTNBJTJGJTJGdXMuZWR1LnBsJTJGaW5zdHl0dXQlMkZpbm96JTJGb3NvYnklMkZndW1zbGV5LWFzaGxleSUyRiUyMiUyMHRhcmdldCUzRCUyMl9ibGFuayUyMiUyMGNsYXNzJTNEJTIyYm9yZCUyMiUzRURyJTIwQXNobGV5JTIwR3Vtc2xleSUzQyUyRmElM0UlM0MlMkZsaSUzRSUwQSUwOSUzQ2xpJTNFJTNDYSUyMGhyZWYlM0QlMjJodHRwcyUzQSUyRiUyRnVzLmVkdS5wbCUyRmluc3R5dHV0JTJGaW5veiUyRm9zb2J5JTJGaWduYXRpdWstZGFyaXVzeiUyRiUyMiUyMHRhcmdldCUzRCUyMl9ibGFuayUyMiUyMGNsYXNzJTNEJTIyYm9yZCUyMiUzRURyJTIwRGFyaXVzeiUyMElnbmF0aXVrJTNDJTJGYSUzRSUzQyUyRmxpJTNFJTBBJTA5JTNDbGklM0UlM0NhJTIwaHJlZiUzRCUyMmh0dHBzJTNBJTJGJTJGdXMuZWR1LnBsJTJGaW5zdHl0dXQlMkZpbm96JTJGb3NvYnklMkZqYWJsb25za2EtbWFyaW9sYSUyRiUyMiUyMHRhcmdldCUzRCUyMl9ibGFuayUyMiUyMGNsYXNzJTNEJTIyYm9yZCUyMiUzRURyJTIwaGFiLiUyME1hcmlvbGElMjBKYWIlQzUlODJvJUM1JTg0c2thJTJDJTIwcHJvZi4lMjBVJUM1JTlBJTNDJTJGYSUzRSUzQyUyRmxpJTNFJTBBJTIwJTA5JTNDbGklM0UlM0NhJTIwaHJlZiUzRCUyMmh0dHBzJTNBJTJGJTJGdXMuZWR1LnBsJTJGaW5zdHl0dXQlMkZpbm96JTJGb3NvYnklMkZqZWxvbmVrLWl3b25hJTJGJTIyJTIwdGFyZ2V0JTNEJTIyX2JsYW5rJTIyJTIwY2xhc3MlM0QlMjJib3JkJTIyJTNFRHIlMjBoYWIuJTIwSXdvbmElMjBKZWxvbmVrJTJDJTIwcHJvZi4lMjBVJUM1JTlBJTNDJTJGYSUzRSUzQyUyRmxpJTNFJTBBJTIwJTA5JTNDbGklM0UlM0NhJTIwaHJlZiUzRCUyMmh0dHBzJTNBJTJGJTJGdXMuZWR1LnBsJTJGaW5zdHl0dXQlMkZpbm96JTJGb3NvYnklMkZrZWR6aW9yLXNsYXdvbWlyJTJGJTIyJTIwdGFyZ2V0JTNEJTIyX2JsYW5rJTIyJTIwY2xhc3MlM0QlMjJib3JkJTIyJTNFRHIlMjBoYWIuJTIwUyVDNSU4MmF3b21pciUyMEslQzQlOTlkemlvciUyQyUyMHByb2YuJTIwVSVDNSU5QSUzQyUyRmElM0UlM0MlMkZsaSUzRSUwQSUyMCUwOSUzQ2xpJTNFJTNDYSUyMGhyZWYlM0QlMjJodHRwcyUzQSUyRiUyRnVzLmVkdS5wbCUyRmluc3R5dHV0JTJGaW5veiUyRm9zb2J5JTJGbWFsaWstaXJlbmV1c3olMkYlMjIlMjB0YXJnZXQlM0QlMjJfYmxhbmslMjIlMjBjbGFzcyUzRCUyMmJvcmQlMjIlM0VQcm9mLiUyMGRyJTIwaGFiLiUyMElyZW5ldXN6JTIwTWFsaWslM0MlMkZhJTNFJTNDJTJGbGklM0UlMEElMjAlMDklM0NsaSUzRSUzQ2ElMjBocmVmJTNEJTIyaHR0cHMlM0ElMkYlMkZ1cy5lZHUucGwlMkZpbnN0eXR1dCUyRmlub3olMkZvc29ieSUyRm1hcnlub3dza2ktbGVzemVrJTJGJTIyJTIwdGFyZ2V0JTNEJTIyX2JsYW5rJTIyJTIwY2xhc3MlM0QlMjJib3JkJTIyJTNFUHJvZi4lMjBkciUyMGhhYi4lMjBMZXN6ZWslMjBNYXJ5bm93c2tpJTNDJTJGYSUzRSUzQyUyRmxpJTNFJTBBJTIwJTA5JTNDbGklM0UlM0NhJTIwaHJlZiUzRCUyMmh0dHBzJTNBJTJGJTJGdXMuZWR1LnBsJTJGaW5zdHl0dXQlMkZpbm96JTJGb3NvYnklMkZtaXN6LWtlbm5hbi1tYWdkYWxlbmElMkYlMjIlMjB0YXJnZXQlM0QlMjJfYmxhbmslMjIlMjBjbGFzcyUzRCUyMmJvcmQlMjIlM0VEciUyMGhhYi4lMjBNYWdkYWxlbmElMjBNaXN6LUtlbm5hbiUyQyUyMHByb2YuJTIwVSVDNSU5QSUzQyUyRmElM0UlM0MlMkZsaSUzRSUwQSUyMCUwOSUzQ2xpJTNFJTNDYSUyMGhyZWYlM0QlMjJodHRwcyUzQSUyRiUyRnVzLmVkdS5wbCUyRmluc3R5dHV0JTJGaW5veiUyRm9zb2J5JTJGb3BhbGEtb3djemFyZWstbWFnZGFsZW5hJTJGJTIyJTIwdGFyZ2V0JTNEJTIyX2JsYW5rJTIyJTIwY2xhc3MlM0QlMjJib3JkJTIyJTNFRHIlMjBoYWIuJTIwTWFnZGFsZW5hJTIwT3BhJUM1JTgyYS1Pd2N6YXJlayUyQyUyMHByb2YuJTIwVSVDNSU5QSUzQyUyRmElM0UlM0MlMkZsaSUzRSUwQSUyMCUwOSUzQ2xpJTNFJTNDYSUyMGhyZWYlM0QlMjJodHRwcyUzQSUyRiUyRnVzLmVkdS5wbCUyRmluc3R5dHV0JTJGaW5veiUyRm9zb2J5JTJGcGF3bGlrLWx1a2FzeiUyRiUyMiUyMHRhcmdldCUzRCUyMl9ibGFuayUyMiUyMGNsYXNzJTNEJTIyYm9yZCUyMiUzRURyJTIwaGFiLiUyMCVDNSU4MXVrYXN6JTIwUGF3bGlrJTJDJTIwcHJvZi4lMjBVJUM1JTlBJTNDJTJGYSUzRSUzQyUyRmxpJTNFJTBBJTIwJTA5JTNDbGklM0UlM0NhJTIwaHJlZiUzRCUyMmh0dHBzJTNBJTJGJTJGdXMuZWR1LnBsJTJGaW5zdHl0dXQlMkZpbm96JTJGb3NvYnklMkZwaXNhcnpvd3NrYS1hZ25pZXN6a2ElMjIlMjB0YXJnZXQlM0QlMjJfYmxhbmslMjIlMjBjbGFzcyUzRCUyMmJvcmQlMjIlM0VEciUyMEFnbmllc3prYSUyMFBpc2Fyem93c2thJTNDJTJGYSUzRSUzQyUyRmxpJTNFJTBBJTIwJTA5JTNDbGklM0UlM0NhJTIwaHJlZiUzRCUyMmh0dHBzJTNBJTJGJTJGdXMuZWR1LnBsJTJGaW5zdHl0dXQlMkZpbm96JTJGb3NvYnklMkZyYWhtb25vdi1vaW1haG1hZCUyRiUyMiUyMHRhcmdldCUzRCUyMl9ibGFuayUyMiUyMGNsYXNzJTNEJTIyYm9yZCUyMiUzRVByb2YuJTIwZHIlMjBoYWIuJTIwT2ltYWhtYWQlMjBSYWhtb25vdiUzQyUyRmElM0UlM0MlMkZsaSUzRSUwQSUyMCUwOSUzQ2xpJTNFJTNDYSUyMGhyZWYlM0QlMjJodHRwcyUzQSUyRiUyRnVzLmVkdS5wbCUyRmluc3R5dHV0JTJGaW5veiUyRm9zb2J5JTJGcnVtYW4tbWFyZWslMkYlMjIlMjB0YXJnZXQlM0QlMjJfYmxhbmslMjIlMjBjbGFzcyUzRCUyMmJvcmQlMjIlM0VEciUyMGhhYi4lMjBNYXJlayUyMFJ1bWFuJTJDJTIwcHJvZi4lMjBVJUM1JTlBJTNDJTJGYSUzRSUzQyUyRmxpJTNFJTBBJTIwJTA5JTNDbGklM0UlM0NhJTIwaHJlZiUzRCUyMmh0dHBzJTNBJTJGJTJGdXMuZWR1LnBsJTJGaW5zdHl0dXQlMkZpbm96JTJGb3NvYnklMkZyemV0YWxhLW1hcml1c3olMkYlMjIlMjB0YXJnZXQlM0QlMjJfYmxhbmslMjIlMjBjbGFzcyUzRCUyMmJvcmQlMjIlM0VQcm9mLiUyMGRyJTIwaGFiLiUyME1hcml1c3olMjBSeiVDNCU5OXRhJUM1JTgyYSUzQyUyRmElM0UlM0MlMkZsaSUzRSUwQSUyMCUwOSUzQ2xpJTNFJTNDYSUyMGhyZWYlM0QlMjJodHRwcyUzQSUyRiUyRnVzLmVkdS5wbCUyRmluc3R5dHV0JTJGaW5veiUyRm9zb2J5JTJGc2FsYW1vbi1tYXJpdXN6JTJGJTIyJTIwdGFyZ2V0JTNEJTIyX2JsYW5rJTIyJTIwY2xhc3MlM0QlMjJib3JkJTIyJTNFUHJvZi4lMjBkciUyMGhhYi4lMjBNYXJpdXN6JTIwU2FsYW1vbiUzQyUyRmElM0UlM0MlMkZsaSUzRSUwQSUwOSUzQ2xpJTNFJTNDYSUyMGhyZWYlM0QlMjJodHRwcyUzQSUyRiUyRnVzLmVkdS5wbCUyRmluc3R5dHV0JTJGaW5veiUyRm9zb2J5JTJGc21vbGFyZWstbGFjaC1qdXN0eW5hJTJGJTIyJTIwdGFyZ2V0JTNEJTIyX2JsYW5rJTIyJTIwY2xhc3MlM0QlMjJib3JkJTIyJTNFRHIlMjBKdXN0eW5hJTIwU21vbGFyZWstJUM1JTgxYWNoJTNDJTJGYSUzRSUzQyUyRmxpJTNFJTBBJTA5JTNDbGklM0UlM0NhJTIwaHJlZiUzRCUyMmh0dHBzJTNBJTJGJTJGdXMuZWR1LnBsJTJGaW5zdHl0dXQlMkZpbm96JTJGb3NvYnklMkZzdXJtaWstZGF3aWQlMkYlMjIlMjB0YXJnZXQlM0QlMjJfYmxhbmslMjIlMjBjbGFzcyUzRCUyMmJvcmQlMjIlM0VEciUyMERhd2lkJTIwU3VybWlrJTNDJTJGYSUzRSUzQyUyRmxpJTNFJTBBJTA5JTNDbGklM0UlM0NhJTIwaHJlZiUzRCUyMmh0dHBzJTNBJTJGJTJGdXMuZWR1LnBsJTJGaW5zdHl0dXQlMkZpbm96JTJGb3NvYnklMkZzemN6eWdpZWwtamFjZWslMkYlMjIlMjB0YXJnZXQlM0QlMjJfYmxhbmslMjIlMjBjbGFzcyUzRCUyMmJvcmQlMjIlM0VEciUyMEphY2VrJTIwU3pjenlnaWUlQzUlODIlM0MlMkZhJTNFJTNDJTJGbGklM0UlMEElMjAlMDklM0NsaSUzRSUzQ2ElMjBocmVmJTNEJTIyaHR0cHMlM0ElMkYlMkZ1cy5lZHUucGwlMkZpbnN0eXR1dCUyRmlub3olMkZvc29ieSUyRndpc3R1YmEtbWFsZ29yemF0YSUyRiUyMiUyMHRhcmdldCUzRCUyMl9ibGFuayUyMiUyMGNsYXNzJTNEJTIyYm9yZCUyMiUzRURyJTIwaGFiLiUyME1hJUM1JTgyZ29yemF0YSUyMFdpc3R1YmElMkMlMjBwcm9mLiUyMFUlQzUlOUElM0MlMkZhJTNFJTNDJTJGbGklM0UlMEElMDklM0NsaSUzRSUzQ2ElMjBocmVmJTNEJTIyaHR0cHMlM0ElMkYlMkZ1cy5lZHUucGwlMkZpbnN0eXR1dCUyRmlub3olMkZvc29ieSUyRnphdG9uLW1pY2hhbCUyRiUyMiUyMHRhcmdldCUzRCUyMl9ibGFuayUyMiUyMGNsYXNzJTNEJTIyYm9yZCUyMiUzRVByb2YuJTIwZHIlMjBoYWIuJTIwTWljaGElQzUlODIlMjBaYXRvJUM1JTg0JTNDJTJGYSUzRSUzQyUyRmxpJTNFJTBBJTA5JTNDbGklM0UlM0NhJTIwaHJlZiUzRCUyMmh0dHBzJTNBJTJGJTJGdXMuZWR1LnBsJTJGaW5zdHl0dXQlMkZpbm96JTJGb3NvYnklMkZ6b2dhbGEtYm9nZGFuJTJGJTIyJTIwdGFyZ2V0JTNEJTIyX2JsYW5rJTIyJTIwY2xhc3MlM0QlMjJib3JkJTIyJTNFRHIlMjBoYWIuJTIwQm9nZGFuJTIwJUM1JUJCb2dhJUM1JTgyYSUzQyUyRmElM0UlM0MlMkZsaSUzRSUwQSUzQyUyRnVsJTNFJTBBJTBBJTNDJTJGYm9keSUzRSUwQSUzQyUyRmh0bWwlM0U=[\/vc_raw_html][\/vc_column][vc_column width=&#8221;1\/3&#8243;][\/vc_column][\/vc_row] [&#8230;]<\/p>\n<p><a class=\"btn btn-secondary understrap-read-more-link\" href=\"https:\/\/us.edu.pl\/instytut\/inoz\/instytut\/rada-instytutu\/\">Read More&#8230;<\/a><\/p>\n","protected":false},"author":192,"featured_media":0,"parent":193,"menu_order":0,"comment_status":"closed","ping_status":"closed","template":"","meta":{"_expiration-date-status":"","_expiration-date":0,"_expiration-date-type":"","_expiration-date-categories":[],"_expiration-date-options":[]},"acf":[],"_links":{"self":[{"href":"https:\/\/us.edu.pl\/instytut\/inoz\/wp-json\/wp\/v2\/pages\/199"}],"collection":[{"href":"https:\/\/us.edu.pl\/instytut\/inoz\/wp-json\/wp\/v2\/pages"}],"about":[{"href":"https:\/\/us.edu.pl\/instytut\/inoz\/wp-json\/wp\/v2\/types\/page"}],"author":[{"embeddable":true,"href":"https:\/\/us.edu.pl\/instytut\/inoz\/wp-json\/wp\/v2\/users\/192"}],"replies":[{"embeddable":true,"href":"https:\/\/us.edu.pl\/instytut\/inoz\/wp-json\/wp\/v2\/comments?post=199"}],"version-history":[{"count":10,"href":"https:\/\/us.edu.pl\/instytut\/inoz\/wp-json\/wp\/v2\/pages\/199\/revisions"}],"predecessor-version":[{"id":4830,"href":"https:\/\/us.edu.pl\/instytut\/inoz\/wp-json\/wp\/v2\/pages\/199\/revisions\/4830"}],"up":[{"embeddable":true,"href":"https:\/\/us.edu.pl\/instytut\/inoz\/wp-json\/wp\/v2\/pages\/193"}],"wp:attachment":[{"href":"https:\/\/us.edu.pl\/instytut\/inoz\/wp-json\/wp\/v2\/media?parent=199"}],"curies":[{"name":"wp","href":"https:\/\/api.w.org\/{rel}","templated":true}]}}