{"id":4953,"date":"2022-11-24T14:58:41","date_gmt":"2022-11-24T13:58:41","guid":{"rendered":"https:\/\/us.edu.pl\/instytut\/inoz\/?page_id=4953"},"modified":"2022-11-24T14:58:41","modified_gmt":"2022-11-24T13:58:41","slug":"dla-pracownika-postepowania-awansowe","status":"publish","type":"page","link":"https:\/\/us.edu.pl\/instytut\/inoz\/dla-pracownika-postepowania-awansowe\/","title":{"rendered":"Post\u0119powania awansowe"},"content":{"rendered":"<p>[vc_row el_class=&#8221;container&#8221;][vc_column][vc_column_text]<\/p>\n<ul>\n<li>Szczeg\u00f3\u0142owy tryb post\u0119powania w sprawie nadania stopnia doktora:\n<ul>\n<li><a href=\"http:\/\/bip.us.edu.pl\/sites\/bip.us.edu.pl\/files\/prawo\/zal_do_92_2021.pdf\" class=\"mtli_attachment mtli_pdf\" data-mtli=\"mtli_filesize36,44kB\">zal_do_92_2021.pdf<\/a><\/li>\n<\/ul>\n<\/li>\n<\/ul>\n<ul>\n<li>Szczeg\u00f3\u0142owy tryb post\u0119powania w sprawie nadania stopnia doktora habilitowanego:\n<ul>\n<li><a href=\"http:\/\/bip.us.edu.pl\/sites\/bip.us.edu.pl\/files\/prawo\/zal_do_93_2021.pdf\" class=\"mtli_attachment mtli_pdf\" data-mtli=\"mtli_filesize36,44kB\">zal_do_93_2021.pdf<\/a><\/li>\n<\/ul>\n<\/li>\n<\/ul>\n<ul>\n<li>Zasady ustalania wysoko\u015bci op\u0142aty za post\u0119powanie w sprawie nadania stopnia doktora i doktora habilitowanego przeprowadzanego w trybie eksternistycznym oraz zwalniania z tej op\u0142aty:\n<ul>\n<li><a href=\"http:\/\/bip.us.edu.pl\/sites\/bip.us.edu.pl\/files\/prawo\/zal_do_94_2021c.pdf\" class=\"mtli_attachment mtli_pdf\" data-mtli=\"mtli_filesize36,44kB\">zal_do_94_2021c.pdf<\/a><\/li>\n<\/ul>\n<\/li>\n<\/ul>\n<ul>\n<li>Procedura post\u0119powania poprzedzaj\u0105cej z\u0142o\u017cenie wniosku o przeprowadzenie post\u0119powania o nadanie tytu\u0142u profesora i wniesienia op\u0142aty za jej przeprowadzenie:\n<ul>\n<li><a href=\"http:\/\/bip.us.edu.pl\/sites\/bip.us.edu.pl\/files\/po202003.pdf\" class=\"mtli_attachment mtli_pdf\" data-mtli=\"mtli_filesize4,00kB\">po202003.pdf<\/a><\/li>\n<\/ul>\n<\/li>\n<\/ul>\n<ul>\n<li>Regulamin Szko\u0142y Doktorskiej U\u015a:\n<ul>\n<li><a href=\"http:\/\/bip.us.edu.pl\/sites\/bip.us.edu.pl\/files\/uchwala_75_2021.pdf\" class=\"mtli_attachment mtli_pdf\" data-mtli=\"mtli_filesize36,44kB\">uchwala_75_2021.pdf<\/a><\/li>\n<\/ul>\n<\/li>\n<\/ul>\n<ul>\n<li style=\"list-style-type: none;\"><\/li>\n<\/ul>\n<p>[\/vc_column_text][\/vc_column][\/vc_row]<\/p>\n<style type=\"text\/css\">a[data-mtli~=\"mtli_filesize36,44kB\"]:after {content:\" (36,44 kB)\"}a[data-mtli~=\"mtli_filesize4,00kB\"]:after {content:\" (4,00 kB)\"}<\/style>","protected":false},"excerpt":{"rendered":"<p>[vc_row el_class=&#8221;container&#8221;][vc_column][vc_column_text] Szczeg\u00f3\u0142owy tryb post\u0119powania w sprawie nadania stopnia doktora: zal_do_92_2021.pdf Szczeg\u00f3\u0142owy tryb post\u0119powania w sprawie nadania stopnia doktora habilitowanego: zal_do_93_2021.pdf Zasady ustalania wysoko\u015bci op\u0142aty za post\u0119powanie w sprawie nadania stopnia doktora i doktora habilitowanego przeprowadzanego w trybie eksternistycznym oraz zwalniania z tej op\u0142aty: zal_do_94_2021c.pdf Procedura post\u0119powania poprzedzaj\u0105cej z\u0142o\u017cenie wniosku o przeprowadzenie post\u0119powania o nadanie [&#8230;]<\/p>\n<p><a class=\"btn btn-secondary understrap-read-more-link\" href=\"https:\/\/us.edu.pl\/instytut\/inoz\/dla-pracownika-postepowania-awansowe\/\">Read More&#8230;<\/a><\/p>\n","protected":false},"author":192,"featured_media":0,"parent":0,"menu_order":0,"comment_status":"closed","ping_status":"closed","template":"","meta":{"_expiration-date-status":"","_expiration-date":0,"_expiration-date-type":"","_expiration-date-categories":[],"_expiration-date-options":[]},"acf":[],"_links":{"self":[{"href":"https:\/\/us.edu.pl\/instytut\/inoz\/wp-json\/wp\/v2\/pages\/4953"}],"collection":[{"href":"https:\/\/us.edu.pl\/instytut\/inoz\/wp-json\/wp\/v2\/pages"}],"about":[{"href":"https:\/\/us.edu.pl\/instytut\/inoz\/wp-json\/wp\/v2\/types\/page"}],"author":[{"embeddable":true,"href":"https:\/\/us.edu.pl\/instytut\/inoz\/wp-json\/wp\/v2\/users\/192"}],"replies":[{"embeddable":true,"href":"https:\/\/us.edu.pl\/instytut\/inoz\/wp-json\/wp\/v2\/comments?post=4953"}],"version-history":[{"count":1,"href":"https:\/\/us.edu.pl\/instytut\/inoz\/wp-json\/wp\/v2\/pages\/4953\/revisions"}],"predecessor-version":[{"id":4956,"href":"https:\/\/us.edu.pl\/instytut\/inoz\/wp-json\/wp\/v2\/pages\/4953\/revisions\/4956"}],"wp:attachment":[{"href":"https:\/\/us.edu.pl\/instytut\/inoz\/wp-json\/wp\/v2\/media?parent=4953"}],"curies":[{"name":"wp","href":"https:\/\/api.w.org\/{rel}","templated":true}]}}