{"id":4972,"date":"2022-11-25T13:12:07","date_gmt":"2022-11-25T12:12:07","guid":{"rendered":"https:\/\/us.edu.pl\/instytut\/inoz\/?page_id=4972"},"modified":"2025-03-24T09:46:13","modified_gmt":"2025-03-24T08:46:13","slug":"biuro-ewaluacji-i-obslugi-instytutu-druki-do-pobrania","status":"publish","type":"page","link":"https:\/\/us.edu.pl\/instytut\/inoz\/en\/instytut\/biuro-ewaluacji-i-obslugi-instytutu-druki-do-pobrania\/","title":{"rendered":"Forms to download"},"content":{"rendered":"<p>[vc_row][vc_column]\r\n                <div class=\"text-modules\">\r\n                    <div class=\"container\">\r\n                        \r\n                        <div class=\"text-modules__content\"><\/p>\n<div class=\"vc_row wpb_row vc_row-fluid\">\n<div class=\"wpb_column vc_column_container vc_col-sm-12\">\n<div class=\"vc_column-inner\">\n<div class=\"wpb_wrapper\">\n<div class=\"sidebar_moduls sidebar_links color-blue\">\n<h3>Druki do pobrania<\/h3>\n<ul class=\"angle-list\">\n<li><a href=\"https:\/\/us.edu.pl\/pracownik\/procedury-i-obieg-dokumentow\/sprawy-finansowe-i-ksiegowe\/sprawy-finansowe\/krajowe-podroze-sluzbowe\/\">Krajowe podr\u00f3\u017ce s\u0142u\u017cbowe<\/a><\/li>\n<li><a href=\"https:\/\/us.edu.pl\/pracownik\/sprawy-miedzynarodowe\/mobilnosc-miedzynarodowa\/wyjazdy-zagraniczne\/\">Mobilno\u015b\u0107 mi\u0119dzynarodowa<\/a><\/li>\n<li><a href=\"https:\/\/us.edu.pl\/pracownik\/procedury-i-obieg-dokumentow\/sprawy-finansowe-i-ksiegowe\/sprawy-finansowe\/\">Zaliczki<\/a><\/li>\n<li><a href=\"https:\/\/us.edu.pl\/pracownik\/sprawy-naukowe\/sprawy-pracownika-naukowego-na\/spotkania-naukowe\/\">Konferencje<\/a><\/li>\n<li><a href=\"https:\/\/us.edu.pl\/pracownik\/procedury-i-obieg-dokumentow\/logistyka\/schemat-postepowania-i-obieg-dokumentow\/\">Zwi\u0119kszenie \u015brodk\u00f3w na finansowanie zam\u00f3wienia<\/a><\/li>\n<\/ul>\n<\/div>\n<\/div>\n<\/div>\n<\/div>\n<\/div>\n<p>\n<\/div>\r\n                    <\/div>\r\n                <\/div>[\/vc_column][\/vc_row]<\/p>\n","protected":false},"excerpt":{"rendered":"<p>[vc_row][vc_column][\/vc_column][\/vc_row] [&#8230;]<\/p>\n<p><a class=\"btn btn-secondary understrap-read-more-link\" href=\"https:\/\/us.edu.pl\/instytut\/inoz\/en\/instytut\/biuro-ewaluacji-i-obslugi-instytutu-druki-do-pobrania\/\">Read More&#8230;<\/a><\/p>\n","protected":false},"author":192,"featured_media":0,"parent":193,"menu_order":0,"comment_status":"closed","ping_status":"closed","template":"","meta":{"_expiration-date-status":"","_expiration-date":0,"_expiration-date-type":"","_expiration-date-categories":[],"_expiration-date-options":[]},"acf":[],"_links":{"self":[{"href":"https:\/\/us.edu.pl\/instytut\/inoz\/en\/wp-json\/wp\/v2\/pages\/4972"}],"collection":[{"href":"https:\/\/us.edu.pl\/instytut\/inoz\/en\/wp-json\/wp\/v2\/pages"}],"about":[{"href":"https:\/\/us.edu.pl\/instytut\/inoz\/en\/wp-json\/wp\/v2\/types\/page"}],"author":[{"embeddable":true,"href":"https:\/\/us.edu.pl\/instytut\/inoz\/en\/wp-json\/wp\/v2\/users\/192"}],"replies":[{"embeddable":true,"href":"https:\/\/us.edu.pl\/instytut\/inoz\/en\/wp-json\/wp\/v2\/comments?post=4972"}],"version-history":[{"count":10,"href":"https:\/\/us.edu.pl\/instytut\/inoz\/en\/wp-json\/wp\/v2\/pages\/4972\/revisions"}],"predecessor-version":[{"id":6186,"href":"https:\/\/us.edu.pl\/instytut\/inoz\/en\/wp-json\/wp\/v2\/pages\/4972\/revisions\/6186"}],"up":[{"embeddable":true,"href":"https:\/\/us.edu.pl\/instytut\/inoz\/en\/wp-json\/wp\/v2\/pages\/193"}],"wp:attachment":[{"href":"https:\/\/us.edu.pl\/instytut\/inoz\/en\/wp-json\/wp\/v2\/media?parent=4972"}],"curies":[{"name":"wp","href":"https:\/\/api.w.org\/{rel}","templated":true}]}}