{"id":4973,"date":"2022-11-25T12:25:06","date_gmt":"2022-11-25T11:25:06","guid":{"rendered":"https:\/\/us.edu.pl\/instytut\/inoz\/?page_id=4973"},"modified":"2024-10-17T08:43:12","modified_gmt":"2024-10-17T06:43:12","slug":"biuro-ewaluacji-i-obslugi-instytutu-obsluga-zespolow","status":"publish","type":"page","link":"https:\/\/us.edu.pl\/instytut\/inoz\/instytut\/biuro-ewaluacji-i-obslugi-instytutu-obsluga-zespolow\/","title":{"rendered":"Obs\u0142uga zespo\u0142\u00f3w"},"content":{"rendered":"<p>[vc_row][vc_column]\r\n                <div class=\"text-modules\">\r\n                    <div class=\"container\">\r\n                        <h3 class=\"page-title text__title\">Biuro ewaluacji i obs\u0142ugi instytutu<\/h3>\r\n                        <div class=\"text-modules__content\"><p><strong>Obs\u0142uga Zespo\u0142\u00f3w badawczych<\/strong><\/p>\n<p><strong>mgr EWA KACZKOWSKA<\/strong><\/p>\n<p>tel.: 32\/3689-473, mail:\u00a0<a href=\"mailto:ewa.kaczkowska@us.edu.pl\">ewa.kaczkowska@us.edu.pl<\/a>, nr pokoju: 520, V pi\u0119tro<\/p>\n<p><em>podczas nieobecno\u015bci Pani mgr Ewy Kaczkowskiej zast\u0119pstwo pe\u0142ni:<\/em><\/p>\n<p>mgr Edyta K\u0105dziela, tel.: 32\/3689-270, mail:\u00a0<a href=\"mailto:edyta.kadziela@us.edu.pl\">edyta.kadziela@us.edu.pl<\/a>, nr pokoju: 1521; XV pi\u0119tro<\/p>\n<p>mgr Joanna Kidawa , tel.: 32\/3689-280, mail: <a href=\"mailto:joanna.kidawa@us.edu.pl\">joanna.kidawa@us.edu.pl<\/a>, nr pokoju: 414, IV pi\u0119tro<\/p>\n<p>mgr Ma\u0142gorzata Manowska, tel.: 32\/3689-501, mail:\u00a0<a href=\"mailto:malgorzata.manowska@us.edu.pl\">malgorzata.manowska@us.edu.pl<\/a>, nr pokoju: 914; IX pi\u0119tro<\/p>\n<p><u>obs\u0142uga zespo\u0142\u00f3w:<\/u><\/p>\n<p>WNP\/INoZ\/2023_ZB13 dr hab. Ewa \u0141upikasza, prof. U\u015a<\/p>\n<p>WNP\/INoZ\/2023_ZB14 dr hab. Dariusz Malczewski, prof. U\u015a<\/p>\n<p>WNP\/INoZ\/2023_ZB19 dr hab. Magdalena Opa\u0142a-Owczarek, prof. U\u015a<\/p>\n<p>WNP\/INoZ\/2023_ZB23 dr S\u0142awomir Sitek<\/p>\n<p>WNP\/INoZ\/2023_ZB33 dr hab. Dominika D\u0105browska, prof. U\u015a<\/p>\n<p>WNP\/INoZ\/2022_ZB37 dr hab. Damian Absalon, prof. U\u015a<\/p>\n<p>&nbsp;<\/p>\n<p><strong>mgr K\u0104DZIELA EDYTA<\/strong><\/p>\n<p>tel.: 32\/3689-270, mail:\u00a0<a href=\"mailto:edyta.kadziela@us.edu.pl\">edyta.kadziela@us.edu.pl<\/a>, nr pokoju: 1521, XV pi\u0119tro<\/p>\n<p><em>podczas nieobecno\u015bci Pani mgr Edyty K\u0105dzieli \u00a0zast\u0119pstwo pe\u0142ni:<\/em><\/p>\n<p>mgr Ewa Kaczkowska, tel.: 32\/3689-473, mail:\u00a0<a href=\"mailto:ewa.kaczkowska@us.edu.pl\">ewa.kaczkowska@us.edu.pl<\/a>, nr pokoju: 520, V pi\u0119tro<\/p>\n<p>mgr Joanna Kidawa , tel.: 32\/3689-280, mail: <a href=\"mailto:joanna.kidawa@us.edu.pl\">joanna.kidawa@us.edu.pl<\/a>, nr pokoju: 414, IV pi\u0119tro<\/p>\n<p>mgr Ma\u0142gorzata Manowska, tel.: 32\/3689-501, mail:\u00a0<a href=\"mailto:malgorzata.manowska@us.edu.pl\">malgorzata.manowska@us.edu.pl<\/a>, nr pokoju: 914, IX pi\u0119tro<\/p>\n<p><u>obs\u0142uga zespo\u0142\u00f3w:<\/u><\/p>\n<p>WNP\/INoZ\/2023_ZB04 Prof. dr hab. Wojciech Dobi\u0144ski<\/p>\n<p>WNP\/INoZ\/2023_ZB05 dr hab. Renata Dulias, prof. U\u015a<\/p>\n<p>WNP\/INoZ\/2023_ZB09 dr hab. Bogdan G\u0105dek, prof. U\u015a<\/p>\n<p>WNP\/INoZ\/2022_ZB12 dr Marta Kondracka<\/p>\n<p>WNP\/INoZ\/2022_ZB15 prof. dr hab. Ireneusz Malik<\/p>\n<p>WNP\/INoZ\/2022_ZB20 dr hab. \u0141ukasz Pawlik, prof. U\u015a<\/p>\n<p>WNP\/INoZ\/2023_ZB24 dr hab. Marek Ruman, prof. U\u015a<\/p>\n<p>WNP\/INoZ\/2023_ZB25 prof. dr hab. Mariusz Rz\u0119ta\u0142a<\/p>\n<p>WNP\/INoZ\/2023_ZB29 dr Joanny Szafraniec<\/p>\n<p>WNP\/INoZ\/2023_ZB32 prof. dr hab. Les\u0142aw Teper<\/p>\n<p>WNP\/INoZ\/2023_ZB38 dr hab. Artur Szymczyk<\/p>\n<p>&nbsp;<\/p>\n<p><strong>mgr KIDAWA JOANNA<\/strong><\/p>\n<p>tel.: 32\/3689-280, mail: <a href=\"mailto:joanna.kidawa@us.edu.pl\">joanna.kidawa@us.edu.pl<\/a>, nr pokoju: 414, IV pi\u0119tro<\/p>\n<p><em>podczas nieobecno\u015bci Pani mgr Joanny Kidawy\u00a0zast\u0119pstwo pe\u0142ni:<\/em><\/p>\n<p>mgr Ewa Kaczkowska, tel.: 32\/3689-473, mail:\u00a0<a href=\"mailto:ewa.kaczkowska@us.edu.pl\">ewa.kaczkowska@us.edu.pl<\/a>, nr pokoju: 520, V pi\u0119tro<\/p>\n<p>mgr Edyta K\u0105dziela, tel.: 32\/3689-270, mail:\u00a0<a href=\"mailto:edyta.kadziela@us.edu.pl\">edyta.kadziela@us.edu.pl<\/a>, nr pokoju: 1521, XV pi\u0119tro<\/p>\n<p>mgr Ma\u0142gorzata Manowska, tel.: 32\/3689-501, mail:\u00a0<a href=\"mailto:malgorzata.manowska@us.edu.pl\">malgorzata.manowska@us.edu.pl<\/a>, nr pokoju: 914, IX pi\u0119tro<\/p>\n<p><u>obs\u0142uga zespo\u0142\u00f3w:<\/u><\/p>\n<p>WNP\/INoZ\/2023_ZB03 dr hab. Agnieszka Czajka<\/p>\n<p>WNP\/INoZ\/2023_ZB06 dr hab. Ma\u0142gorzata Falarz, prof. U\u015a<\/p>\n<p>WNP\/INoZ\/2023_ZB21 prof. dr hab. Grzegorz Racki<\/p>\n<p>WNP\/INoZ\/2023_ZB26 prof. dr hab. Mariusz Salamon<\/p>\n<p>WNP\/INoZ\/2023_ZB34 prof. dr hab. Micha\u0142 Zato\u0144<\/p>\n<p>WNP\/INoZ\/2023_ZB40 &#8211; dr hab. Micha\u0142 Rakoci\u0144ski, prof. U\u015a<\/p>\n<p>WNP\/INoZ\/2023_ZB41 &#8211; prof. dr hab. Pawe\u0142 Filipiak<\/p>\n<p>WNP\/INoZ\/2023_ZB42 &#8211; dr Agnieszka Pisarzowska<\/p>\n<p>&nbsp;<\/p>\n<p><strong>mgr MA\u0141GORZATA MANOWSKA<\/strong><\/p>\n<p>tel.: 32\/3689-501, mail:\u00a0<a href=\"mailto:malgorzata.manowska@us.edu.pl\">malgorzata.manowska@us.edu.pl<\/a>, nr pokoju: 914, IX pi\u0119tro<\/p>\n<p><em>podczas nieobecno\u015bci Pani mgr Ma\u0142gorzaty Manowskiej zast\u0119pstwo pe\u0142ni\u0105:\u00a0\u00a0\u00a0\u00a0\u00a0\u00a0\u00a0\u00a0\u00a0\u00a0\u00a0<\/em><\/p>\n<p>mgr Ewa Kaczkowska, tel.: 32\/3689-473, mail:\u00a0<a href=\"mailto:ewa.kaczkowska@us.edu.pl\">ewa.kaczkowska@us.edu.pl<\/a>, nr pokoju: 520, V pi\u0119tro<\/p>\n<p>mgr Edyta K\u0105dziela, tel.: 32\/3689-270, mail:\u00a0<a href=\"mailto:edyta.kadziela@us.edu.pl\">edyta.kadziela@us.edu.pl<\/a>, nr pokoju: 1521, XV pi\u0119tro<\/p>\n<p>mgr Joanna Kidawa , tel.: 32\/3689-280, mail: <a href=\"mailto:joanna.kidawa@us.edu.pl\">joanna.kidawa@us.edu.pl<\/a>, nr pokoju: 414, IV pi\u0119tro<\/p>\n<p><u>obs\u0142uga zespo\u0142\u00f3w:<\/u><\/p>\n<p>WNP\/INoZ\/2023_ZB01 dr hab. Justyna Ciesielczuk, prof. U\u015a<\/p>\n<p>WNP\/INoZ\/2023_ZB02 dr hab. Ma\u0142gorzata Nita, prof. U\u015a<\/p>\n<p>WNP\/INoZ\/2023_ZB07 prof. dr hab. Evgeny Galuskin<\/p>\n<p>WNP\/INoZ\/2023_ZB08 prof. dr hab. Aleksandra Gaw\u0119da<\/p>\n<p>WNP\/INoZ\/2023_ZB10 prof. dr hab. Janusz Janeczek<\/p>\n<p>WNP\/INoZ\/2023_ZB11 dr hab. Iwona Jelonek, prof. U\u015a<\/p>\n<p>WNP\/INoZ\/2023_ZB17 dr Maciej Mendecki<\/p>\n<p>WNP?INoZ\/2020_ZB22 prof. dr hab. Oimahmad Rahmonov<\/p>\n<p>WNP\/INoZ\/2023_ZB27 dr hab. Tomasz Salamon, prof. U\u015a<\/p>\n<p>WNP\/INoZ\/2023_ZB28 dr hab. Beata Smieja-Kr\u00f3l, prof. U\u015a<\/p>\n<p>WNP\/INoZ\/2023_ZB30 dr Jacek Szczygie\u0142, prof. U\u015a<\/p>\n<p>WNP\/INoZ\/2023_ZB31 dr Eligiusz Sze\u0142\u0119g<\/p>\n<p>WNP\/INoZ\/2023_ZB35 dr in\u017c. Magdalena Zieli\u0144ska<\/p>\n<p>WNP\/INoZ\/2023_ZB36 dr hab. Bogdan \u017boga\u0142a<\/p>\n<p>WNP\/INoZ\/2023_ZB39 mgr Sylwia Skreczko<\/p>\n<p>&nbsp;<\/p>\n<p>&nbsp;<\/p>\n<p><strong>dr BEATA WOSKOWICZ-\u015aL\u0118ZAK<\/strong><\/p>\n<p>tel. 32\/3689-515, mail\u00a0<a href=\"mailto:beata.woskowicz-slezak@us.edu.pl\">beata.woskowicz-slezak@us.edu.pl<\/a>, nr pokoju 1619, XVI pi\u0119tro<\/p>\n<p><em>podczas nieobecno\u015bci Pani dr Beaty Woskowicz-\u015al\u0119zak \u00a0zast\u0119pstwo pe\u0142ni:<\/em><\/p>\n<p>mgr Ewa Kaczkowska, tel. 32\/3689-473, mail: <a href=\"mailto:ewa.kaczkowska@us.edu.pl\">ewa.kaczkowska@us.edu.pl<\/a>, nr pokoju: 520, V pi\u0119tro<\/p>\n<p>mgr Edyta K\u0105dziela, tel.: 32\/3689-270, mail:\u00a0<a href=\"mailto:edyta.kadziela@us.edu.pl\">edyta.kadziela@us.edu.pl<\/a>, nr pokoju: 1521, XV pi\u0119tro<\/p>\n<p>mgr Joanna Kidawa , tel.: 32\/3689-280, mail: <a href=\"mailto:joanna.kidawa@us.edu.pl\">joanna.kidawa@us.edu.pl<\/a>, nr pokoju: 414, IV pi\u0119tro<\/p>\n<p>mgr Ma\u0142gorzata Manowska, tel. 32\/3689-501, mail: <a href=\"mailto:malgorzata.manowska@us.edu.pl\">malgorzata.manowska@us.edu.pl<\/a>, nr pokoju: 914, IX pi\u0119tro<\/p>\n<p><u>obs\u0142uga zespo\u0142\u00f3w:<\/u><\/p>\n<p>WNP\/INoZ\/2023_ZB15 prof. dr hab. Ireneusz Malik<\/p>\n<p>&nbsp;<\/p>\n<p><strong>mgr PATRYCJA LUBASZKA<\/strong><\/p>\n<p>tel.: 32\/3689-214, mail:\u00a0<a href=\"mailto:patrycja.lubaszka@us.edu.pl\">patrycja.lubaszka@us.edu.pl<\/a>, nr pokoju: 414, IV pi\u0119tro<\/p>\n<p><u>obs\u0142uga zespo\u0142\u00f3w:<\/u><\/p>\n<p>WNP\/INoZ\/2023_ZB18 dr hab. Urszula Myga-Pi\u0105tek, prof. U\u015a<\/p>\n<p><strong>mgr in\u017c. KAMILA SZWEDZICKA<\/strong><br \/>\n<strong>mgr DAWID BALCER<\/strong><br \/>\ntel.: 32\/3689-332, mail: <a href=\"mailto:kamila.szwedzicka@us.edu.pl\">kamila.szwedzicka@us.edu.pl<\/a>, nr pokoju: 102 laboratorium<br \/>\nmail: <a href=\"mailto:dawid.balcer@us.edu.pl\">dawid.balcer@us.edu.pl<\/a>, nr pokoju: 417, IV pi\u0119tro<\/p>\n<p><u>obs\u0142uga zespo\u0142\u00f3w:<\/u><\/p>\n<p>WNP\/INoZ\/2023_ZB16 prof. dr hab. Leszek Marynowski<\/p>\n<\/div>\r\n                    <\/div>\r\n                <\/div>[\/vc_column][\/vc_row]<\/p>","protected":false},"excerpt":{"rendered":"<p>[vc_row][vc_column][\/vc_column][\/vc_row] [&#8230;]<\/p>\n<p><a class=\"btn btn-secondary understrap-read-more-link\" href=\"https:\/\/us.edu.pl\/instytut\/inoz\/instytut\/biuro-ewaluacji-i-obslugi-instytutu-obsluga-zespolow\/\">Read More&#8230;<\/a><\/p>\n","protected":false},"author":192,"featured_media":0,"parent":193,"menu_order":0,"comment_status":"closed","ping_status":"closed","template":"","meta":{"_expiration-date-status":"","_expiration-date":0,"_expiration-date-type":"","_expiration-date-categories":[],"_expiration-date-options":[]},"acf":[],"_links":{"self":[{"href":"https:\/\/us.edu.pl\/instytut\/inoz\/wp-json\/wp\/v2\/pages\/4973"}],"collection":[{"href":"https:\/\/us.edu.pl\/instytut\/inoz\/wp-json\/wp\/v2\/pages"}],"about":[{"href":"https:\/\/us.edu.pl\/instytut\/inoz\/wp-json\/wp\/v2\/types\/page"}],"author":[{"embeddable":true,"href":"https:\/\/us.edu.pl\/instytut\/inoz\/wp-json\/wp\/v2\/users\/192"}],"replies":[{"embeddable":true,"href":"https:\/\/us.edu.pl\/instytut\/inoz\/wp-json\/wp\/v2\/comments?post=4973"}],"version-history":[{"count":10,"href":"https:\/\/us.edu.pl\/instytut\/inoz\/wp-json\/wp\/v2\/pages\/4973\/revisions"}],"predecessor-version":[{"id":5972,"href":"https:\/\/us.edu.pl\/instytut\/inoz\/wp-json\/wp\/v2\/pages\/4973\/revisions\/5972"}],"up":[{"embeddable":true,"href":"https:\/\/us.edu.pl\/instytut\/inoz\/wp-json\/wp\/v2\/pages\/193"}],"wp:attachment":[{"href":"https:\/\/us.edu.pl\/instytut\/inoz\/wp-json\/wp\/v2\/media?parent=4973"}],"curies":[{"name":"wp","href":"https:\/\/api.w.org\/{rel}","templated":true}]}}