{"id":5189,"date":"2023-01-18T12:23:01","date_gmt":"2023-01-18T11:23:01","guid":{"rendered":"https:\/\/us.edu.pl\/instytut\/inoz\/?page_id=5189"},"modified":"2023-01-18T12:43:51","modified_gmt":"2023-01-18T11:43:51","slug":"wspolpraca-z-otoczeniem-spoleczno-gospodarczym","status":"publish","type":"page","link":"https:\/\/us.edu.pl\/instytut\/inoz\/wspolpraca-z-otoczeniem-spoleczno-gospodarczym\/","title":{"rendered":"Wsp\u00f3\u0142praca z otoczeniem spo\u0142eczno-gospodarczym"},"content":{"rendered":"<p>[vc_row][vc_column][vc_column_text el_class=&#8221;container&#8221;]<span style=\"font-size: 12pt;\">Instytut Nauk o Ziemi prowadzi wsp\u00f3\u0142prac\u0119 z podmiotami spo\u0142eczno-gospodarczymi, kt\u00f3r\u0105 reguluj\u0105 umowy, porozumienia, listy intencyjne i memoranda na szczeblu regionalnym, krajowym i mi\u0119dzynarodowym.<\/span><\/p>\n<p><span style=\"font-size: 12pt;\"><strong>Wsp\u00f3\u0142praca o charakterze eksperckim: <\/strong><\/span><\/p>\n<ol>\n<li><span style=\"font-size: 12pt;\">DHI Polska Sp. z o.o. (<a href=\"https:\/\/worldwide.dhigroup.com\/pl\">https:\/\/worldwide.dhigroup.com\/pl<\/a>)<\/span><\/li>\n<li><span style=\"font-size: 12pt;\">Gaz System (<a href=\"https:\/\/www.gaz-system.pl\/pl)\">https:\/\/www.gaz-system.pl\/pl)<\/a><\/span><\/li>\n<li><span style=\"font-size: 12pt;\">Instytut Ochrony \u015arodowiska \u2013 Pa\u0144stwowy Instytut Badawczy (<a href=\"https:\/\/ios.edu.pl\/\">https:\/\/ios.edu.pl\/<\/a>)<\/span><\/li>\n<li><span style=\"font-size: 12pt;\">Komenda Pa\u0144stwowej Stra\u017cy Po\u017carnej w Katowicach (<a href=\"https:\/\/www.gov.pl\/web\/kwpsp-katowice\">https:\/\/www.gov.pl\/web\/kwpsp-katowice<\/a>)<\/span><\/li>\n<li><span style=\"font-size: 12pt;\">Pa\u0144stwowe Gospodarstwo Wodne Wody Polskie, Regionalny Zarz\u0105d Gospodarki Wodnej w Gliwicach (<a href=\"http:\/\/www.gliwice.rzgw.gov.pl\/pl\/\">http:\/\/www.gliwice.rzgw.gov.pl\/pl\/<\/a>)<\/span><\/li>\n<li><span style=\"font-size: 12pt;\">Planetarium \u2013 \u015al\u0105ski Park Nauki (<a href=\"https:\/\/www.planetarium.edu.pl\/\">https:\/\/www.planetarium.edu.pl\/<\/a>)<\/span><\/li>\n<li><span style=\"font-size: 12pt;\">Stowarzyszenie Ekologiczne Eko-Unia z Wroc\u0142awia (<a href=\"https:\/\/eko-unia.org.pl\/\">https:\/\/eko-unia.org.pl\/<\/a>)<\/span><\/li>\n<li><span style=\"font-size: 12pt;\">Tarnowskie Wodoci\u0105gi (<a href=\"https:\/\/www.tw.tarnow.pl\/\">https:\/\/www.tw.tarnow.pl\/<\/a>)<\/span><\/li>\n<li><span style=\"font-size: 12pt;\">Towarzystwo na rzecz Ziemi (<a href=\"http:\/\/www.tnz.most.org.pl\/\">http:\/\/www.tnz.most.org.pl\/<\/a>)<\/span><\/li>\n<li><span style=\"font-size: 12pt;\">TVP3 Katowice<\/span><\/li>\n<li><span style=\"font-size: 12pt;\">UNESCO IGCP 648: Supercontinent Cycles &amp; Global (<a href=\"http:\/\/geodynamics.curtin.edu.au\/igcp-648\/\">http:\/\/geodynamics.curtin.edu.au\/igcp-648\/<\/a>)<\/span><\/li>\n<li><span style=\"font-size: 12pt;\">Urz\u0105d Gminy Bobrowniki<\/span><\/li>\n<li><span style=\"font-size: 12pt;\">Urz\u0105d Gminy Klucze<\/span><\/li>\n<li><span style=\"font-size: 12pt;\">Urz\u0105d Gminy Krzy\u017canowice<\/span><\/li>\n<li><span style=\"font-size: 12pt;\">Urz\u0105d Miasta Katowice<\/span><\/li>\n<li><span style=\"font-size: 12pt;\">Urz\u0105d Miasta w Bytomiu<\/span><\/li>\n<li><span style=\"font-size: 12pt;\">Urz\u0105d Powiatowy w B\u0119dzinie wraz z Urz\u0105d Miasta Wojkowice<\/span><\/li>\n<li><span style=\"font-size: 12pt;\">WWF Polska<\/span><\/li>\n<li><span style=\"font-size: 12pt;\">Wy\u017cszy Urz\u0105d G\u00f3rniczy<\/span><\/li>\n<li><span style=\"font-size: 12pt;\">Zesp\u00f3\u0142 Park\u00f3w Krajobrazowych Wojew\u00f3dztwa \u015al\u0105skiego<\/span><\/li>\n<\/ol>\n<p><span style=\"font-size: 12pt;\"><strong>Wsp\u00f3\u0142praca z otoczeniem spo\u0142eczno-gospodarczym oraz w ramach realizacji projekt\u00f3w mi\u0119dzynarodowych: <\/strong><\/span><\/p>\n<ol>\n<li><span style=\"font-size: 12pt;\">Projekt AdriaArray (<a href=\"https:\/\/www.orfeus-eu.org\/\">https:\/\/www.orfeus-eu.org\/<\/a>)<\/span><\/li>\n<li><span style=\"font-size: 12pt;\">CTl Logistic Sp. z o.o. w Sosnowcu (<a href=\"https:\/\/ctl.pl\/\">https:\/\/ctl.pl\/<\/a>)<\/span><\/li>\n<li><span style=\"font-size: 12pt;\">Eurofins OBiK\u015a Polska Sp. z o.o.\u00a0(<a href=\"https:\/\/obiks.pl\/\">https:\/\/obiks.pl\/<\/a>)<\/span><\/li>\n<li><span style=\"font-size: 12pt;\">G\u00f3rno\u015bl\u0105skie Przedsi\u0119biorstwo Wodoci\u0105g\u00f3w S.A. z siedzib\u0105 w Katowicach (<a href=\"https:\/\/www.gpw.katowice.pl\/\">https:\/\/www.gpw.katowice.pl\/<\/a>)<\/span><\/li>\n<li><span style=\"font-size: 12pt;\">Projekt Interreg Europa \u015arodkowa \u2013 boDEREC-CE (<a href=\"https:\/\/www.interreg-central.eu\/Content.Node\/boDEREC-CE.html\">https:\/\/www.interreg-central.eu\/Content.Node\/boDEREC-CE.html<\/a>)<\/span><\/li>\n<li><span style=\"font-size: 12pt;\">Narodowa Fundacja Ochrony \u015arodowiska (<a href=\"https:\/\/nfos.org.pl\/\">https:\/\/nfos.org.pl\/<\/a>)<\/span><\/li>\n<li><span style=\"font-size: 12pt;\">Polimex Energetyka Sp. z o.o. (<a href=\"https:\/\/www.polimex-mostostal.pl\/grupa-kapitalowa\/polimex-energetyka\">https:\/\/www.polimex-mostostal.pl\/grupa-kapitalowa\/polimex-energetyka<\/a>)<\/span><\/li>\n<li><span style=\"font-size: 12pt;\">PPHU GEOBUD SP. z o.o. (<a href=\"http:\/\/geobud.com.pl\/\">http:\/\/geobud.com.pl\/<\/a>)<\/span><\/li>\n<li><span style=\"font-size: 12pt;\">Przedsi\u0119biorstwo In\u017cynieryjno-Techniczne Geologus (<a href=\"https:\/\/geologus.eu\/\">https:\/\/geologus.eu<\/a>)<\/span><\/li>\n<li><span style=\"font-size: 12pt;\">Przestrze\u0144 2K Sp. z o.o. (<a href=\"https:\/\/przestrzen2k.pl\/\">https:\/\/przestrzen2k.pl\/<\/a>)<\/span><\/li>\n<li><span style=\"font-size: 12pt;\">Stowarzyszenie Zdrowe Miasto z siedzib\u0105 w Gliwicach<\/span><\/li>\n<li><span style=\"font-size: 12pt;\">Projekt Supercontinent (<a href=\"http:\/\/www.ernstgeosciences.com\/\">http:\/\/www.ernstgeosciences.com\/<\/a>)<\/span><\/li>\n<li><span style=\"font-size: 12pt;\">\u015al\u0105ski O\u015brodek Doradztwa Rolniczego w Cz\u0119stochowie &#8211; Oddzia\u0142 w Miko\u0142owie (<a href=\"https:\/\/www.czwa.odr.net.pl\/19-kategoria\/powiaty\/pzdr-mikolow.html\">https:\/\/www.czwa.odr.net.pl\/19-kategoria\/powiaty\/pzdr-mikolow.html<\/a>)<\/span><\/li>\n<li><span style=\"font-size: 12pt;\">Trinity College, Irlandia (<a href=\"https:\/\/www.tcd.ie\/\">https:\/\/www.tcd.ie\/<\/a>)<\/span><\/li>\n<li><span style=\"font-size: 12pt;\">World Glacier Monitoring Service (<a href=\"https:\/\/wgms.ch\/\">https:\/\/wgms.ch\/<\/a>)<\/span><\/li>\n<\/ol>\n<p>[\/vc_column_text][\/vc_column][\/vc_row]<\/p>","protected":false},"excerpt":{"rendered":"<p>[vc_row][vc_column][vc_column_text el_class=&#8221;container&#8221;]Instytut Nauk o Ziemi prowadzi wsp\u00f3\u0142prac\u0119 z podmiotami spo\u0142eczno-gospodarczymi, kt\u00f3r\u0105 reguluj\u0105 umowy, porozumienia, listy intencyjne i memoranda na szczeblu regionalnym, krajowym i mi\u0119dzynarodowym. Wsp\u00f3\u0142praca o charakterze eksperckim: DHI Polska Sp. z o.o. (https:\/\/worldwide.dhigroup.com\/pl) Gaz System (https:\/\/www.gaz-system.pl\/pl) Instytut Ochrony \u015arodowiska \u2013 Pa\u0144stwowy Instytut Badawczy (https:\/\/ios.edu.pl\/) Komenda Pa\u0144stwowej Stra\u017cy Po\u017carnej w Katowicach (https:\/\/www.gov.pl\/web\/kwpsp-katowice) Pa\u0144stwowe Gospodarstwo Wodne [&#8230;]<\/p>\n<p><a class=\"btn btn-secondary understrap-read-more-link\" href=\"https:\/\/us.edu.pl\/instytut\/inoz\/wspolpraca-z-otoczeniem-spoleczno-gospodarczym\/\">Read More&#8230;<\/a><\/p>\n","protected":false},"author":192,"featured_media":0,"parent":0,"menu_order":0,"comment_status":"closed","ping_status":"closed","template":"","meta":{"_expiration-date-status":"","_expiration-date":0,"_expiration-date-type":"","_expiration-date-categories":[],"_expiration-date-options":[]},"acf":[],"_links":{"self":[{"href":"https:\/\/us.edu.pl\/instytut\/inoz\/wp-json\/wp\/v2\/pages\/5189"}],"collection":[{"href":"https:\/\/us.edu.pl\/instytut\/inoz\/wp-json\/wp\/v2\/pages"}],"about":[{"href":"https:\/\/us.edu.pl\/instytut\/inoz\/wp-json\/wp\/v2\/types\/page"}],"author":[{"embeddable":true,"href":"https:\/\/us.edu.pl\/instytut\/inoz\/wp-json\/wp\/v2\/users\/192"}],"replies":[{"embeddable":true,"href":"https:\/\/us.edu.pl\/instytut\/inoz\/wp-json\/wp\/v2\/comments?post=5189"}],"version-history":[{"count":6,"href":"https:\/\/us.edu.pl\/instytut\/inoz\/wp-json\/wp\/v2\/pages\/5189\/revisions"}],"predecessor-version":[{"id":5201,"href":"https:\/\/us.edu.pl\/instytut\/inoz\/wp-json\/wp\/v2\/pages\/5189\/revisions\/5201"}],"wp:attachment":[{"href":"https:\/\/us.edu.pl\/instytut\/inoz\/wp-json\/wp\/v2\/media?parent=5189"}],"curies":[{"name":"wp","href":"https:\/\/api.w.org\/{rel}","templated":true}]}}