{"id":5433,"date":"2023-09-13T08:37:10","date_gmt":"2023-09-13T06:37:10","guid":{"rendered":"https:\/\/us.edu.pl\/instytut\/inoz\/?page_id=5433"},"modified":"2026-02-19T10:25:03","modified_gmt":"2026-02-19T09:25:03","slug":"kalendarz-typow-cyrkulacji","status":"publish","type":"page","link":"https:\/\/us.edu.pl\/instytut\/inoz\/kalendarz-typow-cyrkulacji\/","title":{"rendered":"Kalendarz Typ\u00f3w Cyrkulacji"},"content":{"rendered":"<p>[vc_row][vc_column][vc_column_text el_class=&#8221;container&#8221;]<\/p>\n<h2>Kalendarz Typ\u00f3w Cyrkulacji \u2013 Calendar of circulation types<\/h2>\n<p><strong>Kalendarz typ\u00f3w cyrkulacji dla obszaru Polski Po\u0142udniowej:<\/strong><br \/>\nArea: 49\u201351 N 18\u201324 E<br \/>\nOkres 01.09.1873 \u2014 10.02.2026<br \/>\nTadeusz Nied\u017awied\u017a<\/p>\n<p><a href=\"https:\/\/creativecommons.org\/licenses\/by\/4.0\/\"><img src=\"https:\/\/us.edu.pl\/instytut\/inoz\/wp-content\/uploads\/sites\/37\/2020\/01\/CCBY.png\" alt=\"CC BY 4.0 \" width=\"83\" height=\"29\" \/><\/a><br \/>\n<strong>Data under the CC BY 4.0 license<\/strong> (<a href=\"https:\/\/creativecommons.org\/licenses\/by\/4.0\/\">https:\/\/creativecommons.org\/licenses\/by\/4.0\/<\/a>)<br \/>\n<span class=\" link\"><strong><a class=\" link\" href=\"https:\/\/publikacje.inoz.us.edu.pl\/archiwalia\/tc_South_Poland.xlsb\">POBIERZ \/ DOWNLOAD<\/a>\u00a0 \u00a0<\/strong><\/span>Kalendarz Typ\u00f3w Cyrkulacji dla Polski Po\u0142udniowej<\/p>\n<p><strong>Citing: Nied\u017awied\u017a T., 2017,\u00a0<em>Kalendarz typ\u00f3w cyrkulacji atmosfery dla Polski po\u0142udniowej<\/em>\u00a0\u2014 zbi\u00f3r komputerowy, Uniwersytet \u015al\u0105ski, Katedra Klimatologii, Sosnowiec.<\/strong><\/p>\n<p><strong>Kalendarz typ\u00f3w cyrkulacji dla obszaru Spitsbergenu:<\/strong><br \/>\nOkres 12.1897 \u2014 10.02.2026<br \/>\nTadeusz Nied\u017awied\u017a<\/p>\n<p><a href=\"https:\/\/creativecommons.org\/licenses\/by\/4.0\/\"><img src=\"https:\/\/us.edu.pl\/instytut\/inoz\/wp-content\/uploads\/sites\/37\/2020\/01\/CCBY.png\" alt=\"CC BY 4.0 \" width=\"83\" height=\"29\" \/><\/a><br \/>\n<strong>Data under the CC BY 4.0 license<\/strong> (<a href=\"https:\/\/creativecommons.org\/licenses\/by\/4.0\/\">https:\/\/creativecommons.org\/licenses\/by\/4.0\/<\/a>)<br \/>\n<span class=\" link\"><strong><a class=\" link\" href=\"https:\/\/publikacje.inoz.us.edu.pl\/archiwalia\/tc_Svalbard.xlsb\">POBIERZ \/ DOWNLOAD<\/a>\u00a0 \u00a0<\/strong><\/span>Kalendarz Typ\u00f3w Cyrkulacji dla Spitsbergenu<\/p>\n<p><strong>Citing: Nied\u017awied\u017a T., 2013,\u00a0<em>Kalendarz typ\u00f3w cyrkulacji atmosfery dla Spitsbergenu<\/em>\u00a0\u2014 zbi\u00f3r komputerowy, Uniwersytet \u015al\u0105ski, Katedra Klimatologii, Sosnowiec.<\/strong><\/p>\n<p>On the basis of synoptic maps of Europe, 21 types of synoptic situations (circulation types) were distinguished, taking into account the direction of air masses advection and the kind of pressure pattern (a \u2014 anticyclonic, c \u2014 cyclonic).<\/p>\n<p><strong>Kodowanie typ\u00f3w cyrkulacji w zbiorze \u2014 21 typ\u00f3w<br \/>\nCode Type Description tc21<\/strong><br \/>\n<strong>Typy antycyklonalne (1\u201410) \u2044 Anticyclonic situations (1\u201410):<\/strong><br \/>\n<strong>1 \u2013 Na<\/strong>\u00a0\u2014 North (direction of air masses advection, geostrophic wind),<br \/>\n<strong>2 \u2013 NEa<\/strong>\u00a0\u2014 North\u2013East<br \/>\n<strong>3 \u2013 Ea<\/strong>\u00a0\u2014 East<br \/>\n<strong>4 \u2013 SEa<\/strong>\u00a0\u2014 South\u2013East<br \/>\n<strong>5 \u2013 Sa<\/strong>\u00a0\u2014 South<br \/>\n<strong>6 \u2013 SWa<\/strong>\u00a0\u2014 South\u2013West<br \/>\n<strong>7 \u2013 Wa<\/strong>\u00a0\u2014 West<br \/>\n<strong>8 \u2013 NW<\/strong>\u00a0\u2014 North\u2013West<br \/>\n<strong>9 \u2013 Ca<\/strong>\u00a0\u2014 central anticyclone situation (high center)<br \/>\n<strong>10 \u2013 Ka<\/strong>\u00a0\u2014 anticyclonic wedge or ridge of high pressure<\/p>\n<p><strong>Typy cyklonalne (11\u201420) \u2044 Cyclonic situations (11\u201420):<\/strong><br \/>\n<strong>11 \u2013 Nc<\/strong>\u00a0\u2014 North<br \/>\n<strong>12 \u2013 NEc<\/strong>\u00a0\u2014 North\u2013East<br \/>\n<strong>13 \u2013 Ec<\/strong>\u00a0\u2014 East<br \/>\n<strong>14 \u2013 SEc<\/strong>\u00a0\u2014 South\u2013East<br \/>\n<strong>15 \u2013 Sc<\/strong>\u00a0\u2014 South<br \/>\n<strong>16 \u2013 SWc<\/strong>\u00a0\u2014 South\u2013West<br \/>\n<strong>17 \u2013 Wc<\/strong>\u00a0\u2014 West<br \/>\n<strong>18 \u2013 NWc<\/strong>\u00a0\u2014 North\u2013West<br \/>\n<strong>19 \u2013 Cc<\/strong>\u00a0\u2014 central cyclonic, center of low<br \/>\n<strong>20 \u2013 Bc<\/strong>\u00a0\u2014 through of low pressure (different directions of air flow and frontal system in the axis of through)<\/p>\n<p><strong>21 \u2013 x<\/strong>\u00a0\u2014 unclassified situations or pressure col.<\/p>\n<p><strong>Kod skr\u00f3cony (poprzez po\u0142\u0105czenie typ\u00f3w pokrewnych) 11 typ\u00f3w<br \/>\nCode Type Description tc11<br \/>\n<\/strong><strong>Typy antycyklonalne (1\u20145) \u2044 Anticyclonic situations (1\u20145):<\/strong><br \/>\n<strong>1 \u2013 N+NEa<\/strong><br \/>\n<strong>2 \u2013 E+SEa<\/strong><br \/>\n<strong>3 \u2013 S+SWa<\/strong><br \/>\n<strong>4 \u2013 W+NWa<\/strong><br \/>\n<strong>5 \u2013 Ca+Ka<\/strong><\/p>\n<p><strong>Typy cyklonalne (6\u201410) \u2044 Cyclonic situations (6\u201410):<\/strong><br \/>\n<strong>6 \u2013 N+NEc<\/strong><br \/>\n<strong>7 \u2013 E+SEc<\/strong><br \/>\n<strong>8 \u2013 S+SWc<\/strong><br \/>\n<strong>9 \u2013 W+NWc<\/strong><br \/>\n<strong>10 \u2013 Cc+Bc<\/strong><\/p>\n<p><strong>11 \u2013 x<\/strong>\u00a0\u2014 typ nieokre\u015blony<\/p>\n<p><strong>\u0179R\u00d3D\u0141A DANYCH\/Sources of Data:<\/strong><\/p>\n<table border=\"0\" width=\"100%\" cellspacing=\"0\" cellpadding=\"0\" align=\"center\">\n<tbody>\n<tr>\n<td>\n<ul>\n<li>IX.1873\u2014XI.1876 r. Hoffmeyer N., Cartes synoptiques journalieres embrassant l\u2019Europe et le Nord de l\u2019Atlantique, Copenhague 1876\u20141880;<\/li>\n<li>XII.1876\u2014XI.1880: wy\u0142\u0105cznie mapy austriackie (poranne): \u201eWetterkarte + Internationales telegraphischer Wetterbericht des k.k. meteorologisches Central Observatoriums zu Wien\u201d (Jg. VI,1882\u2026)<\/li>\n<li>XII.1880 r.: \u201eTagliche synoptische Wetterkarten\u2026\u201d Kopenhagen, Hamburg<\/li>\n<li>1881\u2014VIII.1882, IX.1883\u2014XII.1890 r.: \u201eTagliche synoptische Wetterkarten\u2026\u201d Kopenhagen, Hamburg<\/li>\n<li>IX.1882\u2014VIII.1883 wylacznie mapy austriackie (poranne): \u201eWetterkarte + Internationales telegraphischer Wetterbericht des k.k. meteorologisches Central Observatoriums zu Wien\u201d (Jg. VI,1882\u2026)<\/li>\n<li>1891\u20141897 \u201eTaegliche synoptische Wetterkarten fuer den Nordatlantischen Ozean und die anliegenden Theile der Kontinente\u201d, Daenischen Meteorologischen Institut und der Deutschen Seewarte, Kopenhagen u. Hamburg, Jg. XVI (1896\/97),1903<\/li>\n<li>1898\u20141930: \u201eTagliche Wetterberichte der Deutsche Seewarte\u201d, Hamburg,Jg. 23,1898\u2014 Jg. .1930 w bibiotece Zentralanstalt fur Meteorologie und Geodynamik in Wien<\/li>\n<li>1931\u20141933: \u201eTaglicher Wetterberich der Deutschen Seewarte\u201d, Hamburg, Jg. 56, 1931\u2014 Jg.58.1933;<\/li>\n<li>1934\u201408.1939: \u201eMapy Synoptyczne PIM\u201d, godz. 06 GMT;<\/li>\n<li>08.1939\u201412.1944: \u201eTagliche Wetterbericht des Deutschen Reichswetterdienstes\u201d, herausgeben von der Deutschen Seewarte, Verlagsort Hamburg, Jg. 64,1939\u2014Jg. 69, 1944;<\/li>\n<li>1945 r.: \u201eSynoptic Weather Maps, Daily Series, Northern Hemisphere Sea Level and 500 Millibar Charts\u201d, Washington, D.C. (US Department of Commerce, Weather Bureau);<\/li>\n<li>01\u201404.1946: \u201eHistorical Weather Maps\u201d, 12.30 GMT;<\/li>\n<li>05.1946\u20141950: Taglicher Wetterbericht des Deutschen Wetterdienst in der US\u2014Zone, Bad\u2014Kissingen, 00 GMT;<\/li>\n<li>Taglicher Wetterbericht, Meteorologischen Amt fur Nordwestdeutschland, Zentralamt fur britische Zone, Hamburg, 00 i 18 GMT;Opracowa\u0142 Tadeusz Nied\u017awied\u017a<\/li>\n<\/ul>\n<\/td>\n<\/tr>\n<\/tbody>\n<\/table>\n<p>[\/vc_column_text][\/vc_column][\/vc_row]<\/p>","protected":false},"excerpt":{"rendered":"<p>[vc_row][vc_column][vc_column_text el_class=&#8221;container&#8221;] Kalendarz Typ\u00f3w Cyrkulacji \u2013 Calendar of circulation types Kalendarz typ\u00f3w cyrkulacji dla obszaru Polski Po\u0142udniowej: Area: 49\u201351 N 18\u201324 E Okres 01.09.1873 \u2014 10.02.2026 Tadeusz Nied\u017awied\u017a Data under the CC BY 4.0 license (https:\/\/creativecommons.org\/licenses\/by\/4.0\/) POBIERZ \/ DOWNLOAD\u00a0 \u00a0Kalendarz Typ\u00f3w Cyrkulacji dla Polski Po\u0142udniowej Citing: Nied\u017awied\u017a T., 2017,\u00a0Kalendarz typ\u00f3w cyrkulacji atmosfery dla Polski po\u0142udniowej\u00a0\u2014 [&#8230;]<\/p>\n<p><a class=\"btn btn-secondary understrap-read-more-link\" href=\"https:\/\/us.edu.pl\/instytut\/inoz\/kalendarz-typow-cyrkulacji\/\">Read More&#8230;<\/a><\/p>\n","protected":false},"author":192,"featured_media":0,"parent":0,"menu_order":0,"comment_status":"closed","ping_status":"closed","template":"","meta":{"_expiration-date-status":"","_expiration-date":0,"_expiration-date-type":"","_expiration-date-categories":[],"_expiration-date-options":[]},"acf":[],"_links":{"self":[{"href":"https:\/\/us.edu.pl\/instytut\/inoz\/wp-json\/wp\/v2\/pages\/5433"}],"collection":[{"href":"https:\/\/us.edu.pl\/instytut\/inoz\/wp-json\/wp\/v2\/pages"}],"about":[{"href":"https:\/\/us.edu.pl\/instytut\/inoz\/wp-json\/wp\/v2\/types\/page"}],"author":[{"embeddable":true,"href":"https:\/\/us.edu.pl\/instytut\/inoz\/wp-json\/wp\/v2\/users\/192"}],"replies":[{"embeddable":true,"href":"https:\/\/us.edu.pl\/instytut\/inoz\/wp-json\/wp\/v2\/comments?post=5433"}],"version-history":[{"count":10,"href":"https:\/\/us.edu.pl\/instytut\/inoz\/wp-json\/wp\/v2\/pages\/5433\/revisions"}],"predecessor-version":[{"id":7102,"href":"https:\/\/us.edu.pl\/instytut\/inoz\/wp-json\/wp\/v2\/pages\/5433\/revisions\/7102"}],"wp:attachment":[{"href":"https:\/\/us.edu.pl\/instytut\/inoz\/wp-json\/wp\/v2\/media?parent=5433"}],"curies":[{"name":"wp","href":"https:\/\/api.w.org\/{rel}","templated":true}]}}