{"id":568,"date":"2020-01-31T15:04:30","date_gmt":"2020-01-31T14:04:30","guid":{"rendered":"http:\/\/us.edu.pl\/instytut\/inoz\/?page_id=568"},"modified":"2025-10-07T11:13:48","modified_gmt":"2025-10-07T09:13:48","slug":"ogrodek-meteorologiczny-us","status":"publish","type":"page","link":"https:\/\/us.edu.pl\/instytut\/inoz\/ogrodek-meteorologiczny-us\/","title":{"rendered":"Ogr\u00f3dek meteorologiczny"},"content":{"rendered":"<p>[vc_row][vc_column]\r\n                <div class=\"text-modules\">\r\n                    <div class=\"container\">\r\n                        <h3 class=\"page-title text__title\">Stacja meteorologiczna Uniwersytetu \u015al\u0105skiego w Katowicach<\/h3>\r\n                        <div class=\"text-modules__content\"><\/div>\r\n                    <\/div>\r\n                <\/div>[\/vc_column][\/vc_row][vc_row el_class=&#8221;container&#8221;][vc_column width=&#8221;1\/5&#8243;][vc_single_image image=&#8221;977&#8243; img_size=&#8221;large&#8221; onclick=&#8221;zoom&#8221;][\/vc_column][vc_column width=&#8221;1\/5&#8243;][vc_column_text]<\/p>\n<pre><span style=\"font-family: verdana, geneva, sans-serif; font-size: 10pt;\">Kontakt:\r\nStacja meteorologiczna \r\n<strong>Uniwersytet \u015al\u0105ski w Katowicach<\/strong>\r\n<strong>Instytut Nauk o Ziemi<\/strong>\r\n<strong>Wydzia\u0142 Nauk Przyrodniczych<\/strong>\r\nul. B\u0119dzi\u0144ska 60 41-200 Sosnowiec\r\n<big><small>e-mail: <a href=\"mailto:lukasz.malarzewski@us.edu.pl\">lukasz.malarzewski@us.edu.pl<\/a><\/small><\/big>\r\n<big><small>www: <a href=\"http:\/\/meteo.us.edu.pl\">meteo.us.edu.pl<\/a><\/small><\/big><\/span><\/pre>\n<p>[\/vc_column_text][vc_single_image image=&#8221;1537&#8243; img_size=&#8221;medium&#8221; onclick=&#8221;zoom&#8221;][\/vc_column][vc_column width=&#8221;3\/5&#8243;]\r\n                <div class=\"text-modules\">\r\n                    <div class=\"container\">\r\n                        \r\n                        <div class=\"text-modules__content\"><\/p>\n<pre style=\"text-align: center;\"><span style=\"font-size: 14pt;\"><strong>Sosnowiec<\/strong><\/span>\r\n<strong>Automatyczna Stacja Meteorologiczna<\/strong>\r\n<strong>50\u00b017'N ;19\u00b008'E, 262 m n.p.m.<\/strong><\/pre>\n<p>\n<\/div>\r\n                    <\/div>\r\n                <\/div>[vc_raw_html]JTNDaWZyYW1lJTIwc3JjJTNEJTIyaHR0cHMlM0ElMkYlMkZtZXRlby51cy5lZHUucGwlMkZpbmZvLnBocCUyMiUyMHN0eWxlJTNEJTIyd2lkdGglM0E5OSUyNSUzQmhlaWdodCUzQTUwMHB4JTNCYm9yZGVyJTNBMCUzQiUyMiUzRSUzQyUyRmlmcmFtZSUzRQ==[\/vc_raw_html][\/vc_column][\/vc_row][vc_row gap=&#8221;5&#8243; equal_height=&#8221;yes&#8221; el_class=&#8221;container&#8221;][vc_column width=&#8221;1\/6&#8243;][\/vc_column][vc_column width=&#8221;4\/6&#8243; el_class=&#8221;container&#8221;][vc_gallery type=&#8221;image_grid&#8221; source=&#8221;external_link&#8221; title=&#8221;Ostatnie 24h&#8221; custom_srcs=&#8221;#E-8_aHR0cHMlM0ElMkYlMkZtZXRlby51cy5lZHUucGwlMkZzb3MyLkdyb3VwLnBuZyUzRnRlbXBsYXRlJTNEZ2VuZXJpYyUyQ2h0dHBzJTNBJTJGJTJGbWV0ZW8udXMuZWR1LnBsJTJGc29zMy5Hcm91cC5wbmclM0Z0ZW1wbGF0ZSUzRGdlbmVyaWMlMkNodHRwcyUzQSUyRiUyRm1ldGVvLnVzLmVkdS5wbCUyRnNvczQuR3JvdXAucG5nJTNGdGVtcGxhdGUlM0RnZW5lcmlj&#8221; css=&#8221;.vc_custom_1618465511217{background-color: #ffffff !important;}&#8221;][vc_gallery type=&#8221;image_grid&#8221; source=&#8221;external_link&#8221; title=&#8221;Inwersje temperatury powietrza&#8221; custom_srcs=&#8221;#E-8_aHR0cHMlM0ElMkYlMkZtZXRlby51cy5lZHUucGwlMkZzb3M3Lkdyb3VwLnBuZyUzRnRlbXBsYXRlJTNEZ2VuZXJpYw==&#8221;][vc_gallery type=&#8221;image_grid&#8221; source=&#8221;external_link&#8221; external_img_size=&#8221;250px&#8221; custom_srcs=&#8221;#E-8_aHR0cHMlM0ElMkYlMkZtZXRlby51cy5lZHUucGwlMkZzb3MxLkdyb3VwLnBuZyUyQw==&#8221;][\/vc_column][vc_column width=&#8221;1\/6&#8243;][\/vc_column][\/vc_row][vc_row][vc_column]\r\n                <div class=\"text-modules\">\r\n                    <div class=\"container\">\r\n                        \r\n                        <div class=\"text-modules__content\"><\/p>\n<pre style=\"text-align: center;\"><span style=\"font-family: verdana, geneva, sans-serif;\">Opracowanie by\u0142o finansowane przez Narodowe Centrum Nauki w ramach projektu badawczego nr 2017\/25\/B\/ST10\/01838<\/span>\r\n<span style=\"font-family: verdana, geneva, sans-serif;\">The work was supported by the National Science Centre, Poland, under research project no. 2017\/25\/B\/ST10\/01838<\/span><\/pre>\n<p>\n<\/div>\r\n                    <\/div>\r\n                <\/div>[\/vc_column][\/vc_row]<\/p>","protected":false},"excerpt":{"rendered":"<p>[vc_row][vc_column][\/vc_column][\/vc_row][vc_row el_class=&#8221;container&#8221;][vc_column width=&#8221;1\/5&#8243;][vc_single_image image=&#8221;977&#8243; img_size=&#8221;large&#8221; onclick=&#8221;zoom&#8221;][\/vc_column][vc_column width=&#8221;1\/5&#8243;][vc_column_text] Kontakt: Stacja meteorologiczna Uniwersytet \u015al\u0105ski w Katowicach Instytut Nauk o Ziemi Wydzia\u0142 Nauk Przyrodniczych ul. B\u0119dzi\u0144ska 60 41-200 Sosnowiec e-mail: lukasz.malarzewski@us.edu.pl www: meteo.us.edu.pl [\/vc_column_text][vc_single_image image=&#8221;1537&#8243; img_size=&#8221;medium&#8221; onclick=&#8221;zoom&#8221;][\/vc_column][vc_column width=&#8221;3\/5&#8243;][vc_raw_html]JTNDaWZyYW1lJTIwc3JjJTNEJTIyaHR0cHMlM0ElMkYlMkZtZXRlby51cy5lZHUucGwlMkZpbmZvLnBocCUyMiUyMHN0eWxlJTNEJTIyd2lkdGglM0E5OSUyNSUzQmhlaWdodCUzQTUwMHB4JTNCYm9yZGVyJTNBMCUzQiUyMiUzRSUzQyUyRmlmcmFtZSUzRQ==[\/vc_raw_html][\/vc_column][\/vc_row][vc_row gap=&#8221;5&#8243; equal_height=&#8221;yes&#8221; el_class=&#8221;container&#8221;][vc_column width=&#8221;1\/6&#8243;][\/vc_column][vc_column width=&#8221;4\/6&#8243; el_class=&#8221;container&#8221;][vc_gallery type=&#8221;image_grid&#8221; source=&#8221;external_link&#8221; title=&#8221;Ostatnie 24h&#8221; custom_srcs=&#8221;#E-8_aHR0cHMlM0ElMkYlMkZtZXRlby51cy5lZHUucGwlMkZzb3MyLkdyb3VwLnBuZyUzRnRlbXBsYXRlJTNEZ2VuZXJpYyUyQ2h0dHBzJTNBJTJGJTJGbWV0ZW8udXMuZWR1LnBsJTJGc29zMy5Hcm91cC5wbmclM0Z0ZW1wbGF0ZSUzRGdlbmVyaWMlMkNodHRwcyUzQSUyRiUyRm1ldGVvLnVzLmVkdS5wbCUyRnNvczQuR3JvdXAucG5nJTNGdGVtcGxhdGUlM0RnZW5lcmlj&#8221; css=&#8221;.vc_custom_1618465511217{background-color: #ffffff !important;}&#8221;][vc_gallery type=&#8221;image_grid&#8221; source=&#8221;external_link&#8221; title=&#8221;Inwersje temperatury powietrza&#8221; custom_srcs=&#8221;#E-8_aHR0cHMlM0ElMkYlMkZtZXRlby51cy5lZHUucGwlMkZzb3M3Lkdyb3VwLnBuZyUzRnRlbXBsYXRlJTNEZ2VuZXJpYw==&#8221;][vc_gallery [&#8230;]<\/p>\n<p><a class=\"btn btn-secondary understrap-read-more-link\" href=\"https:\/\/us.edu.pl\/instytut\/inoz\/ogrodek-meteorologiczny-us\/\">Read More&#8230;<\/a><\/p>\n","protected":false},"author":192,"featured_media":0,"parent":0,"menu_order":0,"comment_status":"closed","ping_status":"closed","template":"","meta":{"_expiration-date-status":"","_expiration-date":0,"_expiration-date-type":"","_expiration-date-categories":[],"_expiration-date-options":[]},"acf":[],"_links":{"self":[{"href":"https:\/\/us.edu.pl\/instytut\/inoz\/wp-json\/wp\/v2\/pages\/568"}],"collection":[{"href":"https:\/\/us.edu.pl\/instytut\/inoz\/wp-json\/wp\/v2\/pages"}],"about":[{"href":"https:\/\/us.edu.pl\/instytut\/inoz\/wp-json\/wp\/v2\/types\/page"}],"author":[{"embeddable":true,"href":"https:\/\/us.edu.pl\/instytut\/inoz\/wp-json\/wp\/v2\/users\/192"}],"replies":[{"embeddable":true,"href":"https:\/\/us.edu.pl\/instytut\/inoz\/wp-json\/wp\/v2\/comments?post=568"}],"version-history":[{"count":10,"href":"https:\/\/us.edu.pl\/instytut\/inoz\/wp-json\/wp\/v2\/pages\/568\/revisions"}],"predecessor-version":[{"id":6878,"href":"https:\/\/us.edu.pl\/instytut\/inoz\/wp-json\/wp\/v2\/pages\/568\/revisions\/6878"}],"wp:attachment":[{"href":"https:\/\/us.edu.pl\/instytut\/inoz\/wp-json\/wp\/v2\/media?parent=568"}],"curies":[{"name":"wp","href":"https:\/\/api.w.org\/{rel}","templated":true}]}}