{"id":6087,"date":"2025-02-03T10:28:38","date_gmt":"2025-02-03T09:28:38","guid":{"rendered":"https:\/\/us.edu.pl\/instytut\/inoz\/?page_id=6087"},"modified":"2025-02-03T10:28:38","modified_gmt":"2025-02-03T09:28:38","slug":"nasz-przewodnik-po-geomorfologii-codziennej","status":"publish","type":"page","link":"https:\/\/us.edu.pl\/instytut\/inoz\/nasz-przewodnik-po-geomorfologii-codziennej\/","title":{"rendered":"Nasz przewodnik po geomorfologii codziennej"},"content":{"rendered":"<p>[vc_row el_class=&#8221;container&#8221;][vc_column width=&#8221;2\/3&#8243;]\r\n                <div class=\"text-modules\">\r\n                    <div class=\"container\">\r\n                        \r\n                        <div class=\"text-modules__content\"><p><strong>\u201eNasz przewodnik po geomorfologii codziennej\u201d<\/strong> to wsp\u00f3lne opracowanie pracownik\u00f3w i student\u00f3w Instytutu Nauk o Ziemi oraz Instytutu Geografii Spo\u0142eczno-Ekonomicznej i Gospodarki Przestrzennej. Autorzy zaprezentowali miejsca bliskie ich sercom, czy to z racji sentymentu do \u201eMa\u0142ej Ojczyzny\u201d, czy te\u017c obiekty zwi\u0105zane z podejmowan\u0105 prac\u0105 badawcz\u0105. Wsp\u00f3lnym mianownikiem s\u0105 formy i procesy geomorfologiczne, wtopione w nasz\u0105 codzienn\u0105 przestrze\u0144.<\/p>\n<p>Zapraszamy do wsp\u00f3lnej podr\u00f3\u017cy po miejscach bliskich, chocia\u017c zwykle mo\u017ce mniej znanych. Do odkrywania zak\u0105tk\u00f3w na mi\u0142e weekendowe wypady. Do zapoznania si\u0119 z efektami pracy Koleg\u00f3w i Kole\u017canek.<\/p>\n<p>Przewodnik ma charakter publikacji ci\u0105g\u0142ej, poszerzanej stale o kolejne lokalizacje. Zapraszamy zatem i do jego wsp\u00f3\u0142tworzenia poprzez nadsy\u0142anie nowych propozycji miejsc, fotografii form terenu, przejaw\u00f3w proces\u00f3w prowadz\u0105cych do tworzenia i kszta\u0142towania rze\u017aby, czy krajobraz\u00f3w z zespo\u0142ami r\u00f3\u017cnych form opowiadaj\u0105cych o oddzia\u0142ywaniu czynnik\u00f3w egzo- i endogenicznych. Na Wasze fotografie do kolejnej ods\u0142ony czekamy do 31.05.2025 r. pod adresem mailowym: <a href=\"mailto:joanna.szafraniec@us.edu.pl\">joanna.szafraniec@us.edu.pl<\/a>.<\/p>\n<p>&nbsp;<\/p>\n<p>Autorzy Przewodnika<\/p>\n<\/div>\r\n                    <\/div>\r\n                <\/div>[\/vc_column][vc_column width=&#8221;1\/3&#8243;][vc_single_image image=&#8221;6090&#8243; img_size=&#8221;medium&#8221;]\r\n                <div class=\"text-modules\">\r\n                    <div class=\"container\">\r\n                        \r\n                        <div class=\"text-modules__content\"><p><a href=\"https:\/\/us.edu.pl\/instytut\/inoz\/wp-content\/uploads\/sites\/37\/Bez-kategorii\/Nasz-przewodnik-po-geomorfologii-codziennej_2025.pdf\" class=\"mtli_attachment mtli_pdf\" data-mtli=\"mtli_filesize39,59MB\" class=\"mtli_attachment mtli_pdf\" data-mtli=\"mtli_filesize39,59MB\">Nasz przewodnik po geomorfologii codziennej<\/a><\/p>\n<style type=\"text\/css\">a[data-mtli~=\"mtli_filesize39,59MB\"]:after {content:\" (39,59 MB)\"}<\/style><\/div>\r\n                    <\/div>\r\n                <\/div>[\/vc_column][\/vc_row]<\/p>\n<style type=\"text\/css\">a[data-mtli~=\"mtli_filesize39,59MB\"]:after {content:\" (39,59 MB)\"}<\/style>","protected":false},"excerpt":{"rendered":"<p>[vc_row el_class=&#8221;container&#8221;][vc_column width=&#8221;2\/3&#8243;][\/vc_column][vc_column width=&#8221;1\/3&#8243;][vc_single_image image=&#8221;6090&#8243; img_size=&#8221;medium&#8221;][\/vc_column][\/vc_row] [&#8230;]<\/p>\n<p><a class=\"btn btn-secondary understrap-read-more-link\" href=\"https:\/\/us.edu.pl\/instytut\/inoz\/nasz-przewodnik-po-geomorfologii-codziennej\/\">Read More&#8230;<\/a><\/p>\n","protected":false},"author":115,"featured_media":0,"parent":0,"menu_order":0,"comment_status":"closed","ping_status":"closed","template":"","meta":{"_expiration-date-status":"","_expiration-date":0,"_expiration-date-type":"","_expiration-date-categories":[],"_expiration-date-options":[]},"acf":[],"_links":{"self":[{"href":"https:\/\/us.edu.pl\/instytut\/inoz\/wp-json\/wp\/v2\/pages\/6087"}],"collection":[{"href":"https:\/\/us.edu.pl\/instytut\/inoz\/wp-json\/wp\/v2\/pages"}],"about":[{"href":"https:\/\/us.edu.pl\/instytut\/inoz\/wp-json\/wp\/v2\/types\/page"}],"author":[{"embeddable":true,"href":"https:\/\/us.edu.pl\/instytut\/inoz\/wp-json\/wp\/v2\/users\/115"}],"replies":[{"embeddable":true,"href":"https:\/\/us.edu.pl\/instytut\/inoz\/wp-json\/wp\/v2\/comments?post=6087"}],"version-history":[{"count":6,"href":"https:\/\/us.edu.pl\/instytut\/inoz\/wp-json\/wp\/v2\/pages\/6087\/revisions"}],"predecessor-version":[{"id":6107,"href":"https:\/\/us.edu.pl\/instytut\/inoz\/wp-json\/wp\/v2\/pages\/6087\/revisions\/6107"}],"wp:attachment":[{"href":"https:\/\/us.edu.pl\/instytut\/inoz\/wp-json\/wp\/v2\/media?parent=6087"}],"curies":[{"name":"wp","href":"https:\/\/api.w.org\/{rel}","templated":true}]}}