{"id":6487,"date":"2025-07-31T08:15:57","date_gmt":"2025-07-31T06:15:57","guid":{"rendered":"https:\/\/us.edu.pl\/instytut\/inoz\/?page_id=6487"},"modified":"2025-09-10T15:32:47","modified_gmt":"2025-09-10T13:32:47","slug":"akty-prawne-awanse-naukowe","status":"publish","type":"page","link":"https:\/\/us.edu.pl\/instytut\/inoz\/akty-prawne-awanse-naukowe\/","title":{"rendered":"Akty Prawne &#8211; awanse naukowe"},"content":{"rendered":"<p>[vc_row][vc_column][vc_column_text el_class=&#8221;container&#8221;]<\/p>\n<h2>Akty prawne zwi\u0105zane z awansami naukowymi:<\/h2>\n<ul>\n<li><a href=\"https:\/\/us.edu.pl\/instytut\/inoz\/akty-prawne-panstwowe\/\"><br \/>\n<\/a><\/p>\n<h3>Akty prawne pa\u0144stwowe<\/h3>\n<p>&nbsp;<\/p>\n<ul>\n<li><a href=\"https:\/us.edu.pl\/instytut\/inoz\/wp-content\/uploads\/sites\/37\/Akty_prawne\/Poradnik_RDN_Postepowania_dot._nadawania_dr_hab.pdf\" class=\"mtli_attachment mtli_pdf\" data-mtli=\"mtli_filesize682,24kB\" target=\"_blank\" rel=\"noopener\">Poradnik RDN_Post\u0119powania dot. nadawania dr hab.pdf<\/a><\/li>\n<li><a href=\"https:\/us.edu.pl\/instytut\/inoz\/wp-content\/uploads\/sites\/37\/Akty_prawne\/Poradnik_RDN_Recenzje_w_postepowaniach_o_awans_naukowy.pdf\" class=\"mtli_attachment mtli_pdf\" data-mtli=\"mtli_filesize360,60kB\" target=\"_blank\" rel=\"noopener\">Poradnik RDN_Recenzje w post\u0119powaniach o awans naukowy.pdf<\/a><\/li>\n<li><a href=\"https:\/us.edu.pl\/instytut\/inoz\/wp-content\/uploads\/sites\/37\/Akty_prawne\/Ustawa_prawo_o_szkolnictwie_DZ._U._2024_poz._1571.pdf\" class=\"mtli_attachment mtli_pdf\" data-mtli=\"mtli_filesize1,67MB\" target=\"_blank\" rel=\"noopener\">Ustawa prawo o szkolnictwie DZ. U. 2024 poz. 1571.pdf<\/a><\/li>\n<\/ul>\n<\/li>\n<li><a href=\"https:\/\/us.edu.pl\/instytut\/inoz\/akty-prawne-uniwersytetu-slaskiego-w-katowicach\/\"><br \/>\n<\/a><\/p>\n<h3>Akty prawne U\u015a<\/h3>\n<p>&nbsp;<\/p>\n<ul>\n<li><a href=\"https:\/us.edu.pl\/instytut\/inoz\/wp-content\/uploads\/sites\/37\/Akty_prawne\/1._Uchwala_Senatu_nr_121_2025__Zmiana_trybu_postepowania_DR_HAB.pdf\" class=\"mtli_attachment mtli_pdf\" data-mtli=\"mtli_filesize96,05kB\" target=\"_blank\" rel=\"noopener\">1. Uchwala Senatu nr 121_2025_ Zmiana trybu post\u0119powania DR HAB.pdf<\/a><\/li>\n<li><a href=\"https:\/us.edu.pl\/instytut\/inoz\/wp-content\/uploads\/sites\/37\/Akty_prawne\/1a._Zal_121_2025_Zasady_kolokwium_habilitacyjnego.pdf\" class=\"mtli_attachment mtli_pdf\" data-mtli=\"mtli_filesize163,32kB\" target=\"_blank\" rel=\"noopener\">1a. Zal_121_2025_Zasady kolokwium habilitacyjnego.pdf<\/a><\/li>\n<li><a href=\"https:\/us.edu.pl\/instytut\/inoz\/wp-content\/uploads\/sites\/37\/Akty_prawne\/2._Zarzadzenie_nr_74_2025_Wyroznianie_rozpraw_dr.pdf\" class=\"mtli_attachment mtli_pdf\" data-mtli=\"mtli_filesize78,23kB\" target=\"_blank\" rel=\"noopener\">2. Zarz\u0105dzenie nr 74_2025_Wyr\u00f3\u017cnianie rozpraw dr.pdf<\/a><\/li>\n<li><a href=\"https:\/us.edu.pl\/instytut\/inoz\/wp-content\/uploads\/sites\/37\/Akty_prawne\/2a._Zal._74_2025_Zarzadzenie_62_2025.pdf\" class=\"mtli_attachment mtli_pdf\" data-mtli=\"mtli_filesize119,81kB\" target=\"_blank\" rel=\"noopener\">2a. Za\u0142. 74_2025 Zarz\u0105dzenie 62_2025.pdf<\/a><\/li>\n<li><a href=\"https:\/us.edu.pl\/instytut\/inoz\/wp-content\/uploads\/sites\/37\/Akty_prawne\/3._Uchwala_Senatu_nr_490_2024__Wysokosci_oplat_DR_oraz_DR_HAB.pdf\" class=\"mtli_attachment mtli_pdf\" data-mtli=\"mtli_filesize164,15kB\" target=\"_blank\" rel=\"noopener\">3. Uchwala Senatu nr 490_2024_ Wysoko\u015bci op\u0142at DR oraz DR HAB.pdf<\/a><\/li>\n<li><a href=\"https:\/us.edu.pl\/instytut\/inoz\/wp-content\/uploads\/sites\/37\/Akty_prawne\/3a._Zal_do_490_2024.pdf\" class=\"mtli_attachment mtli_pdf\" data-mtli=\"mtli_filesize136,11kB\" target=\"_blank\" rel=\"noopener\">3a. Zal_do_490_2024.pdf<\/a><\/li>\n<li><a href=\"https:\/us.edu.pl\/instytut\/inoz\/wp-content\/uploads\/sites\/37\/Akty_prawne\/5._Uchwala_Senatu_nr_489_2024_Tryb_postepowania_DR_HAB.pdf\" class=\"mtli_attachment mtli_pdf\" data-mtli=\"mtli_filesize95,00kB\" target=\"_blank\" rel=\"noopener\">5. Uchwala Senatu nr 489_2024_Tryb post\u0119powania DR HAB.pdf<\/a><\/li>\n<li><a href=\"https:\/us.edu.pl\/instytut\/inoz\/wp-content\/uploads\/sites\/37\/Akty_prawne\/5a._Zal_do_489_2024.pdf\" class=\"mtli_attachment mtli_pdf\" data-mtli=\"mtli_filesize141,72kB\" target=\"_blank\" rel=\"noopener\">5a. Zal_do_489_2024.pdf<\/a><\/li>\n<li><a href=\"https:\/us.edu.pl\/instytut\/inoz\/wp-content\/uploads\/sites\/37\/Akty_prawne\/6._Uchwala_Senatu_nr_488_2024_Tryb_postepowania_DR.pdf\" class=\"mtli_attachment mtli_pdf\" data-mtli=\"mtli_filesize94,58kB\" target=\"_blank\" rel=\"noopener\">6. Uchwala_Senatu nr 488_2024_Tryb post\u0119powania DR.pdf<\/a><\/li>\n<li><a href=\"https:\/us.edu.pl\/instytut\/inoz\/wp-content\/uploads\/sites\/37\/Akty_prawne\/6a._Zal_do_488_2024.pdf\" class=\"mtli_attachment mtli_pdf\" data-mtli=\"mtli_filesize252,76kB\" target=\"_blank\" rel=\"noopener\">6a. Zal_do_488_2024.pdf<\/a><\/li>\n<li><a href=\"https:\/us.edu.pl\/instytut\/inoz\/wp-content\/uploads\/sites\/37\/Akty_prawne\/7._Pismo_okolne_nr_5_2024__Stosowanie_KPA_w_postepowaniach_dr_hab.pdf\" class=\"mtli_attachment mtli_pdf\" data-mtli=\"mtli_filesize115,72kB\" target=\"_blank\" rel=\"noopener\">7. Pismo ok\u00f3lne nr 5_2024 _Stosowanie KPA w post\u0119powaniach dr hab.pdf<\/a><\/li>\n<li><a href=\"https:\/us.edu.pl\/instytut\/inoz\/wp-content\/uploads\/sites\/37\/Akty_prawne\/8._Zarzadzenie_nr_197_2021_Archiwum_Prac_Dyplomowych.docx\" class=\"mtli_attachment mtli_docx\" data-mtli=\"mtli_filesize35,73kB\" target=\"_blank\" rel=\"noopener\">8. Zarz\u0105dzenie nr 197_2021_Archiwum Prac Dyplomowych.docx<\/a><\/li>\n<\/ul>\n<\/li>\n<li><a href=\"https:\/\/us.edu.pl\/instytut\/inoz\/druki-wszczecie-postepowania-doktorskiego\/\"><br \/>\n<\/a><\/p>\n<h3>Druki &#8211; wszcz\u0119cie post\u0119powania doktorskiego<\/h3>\n<p>&nbsp;<\/p>\n<ul>\n<li><a href=\"https:\/us.edu.pl\/instytut\/inoz\/wp-content\/uploads\/sites\/37\/Akty_prawne\/Zalacznik_nr_10_Oswiadczenie_wspolautora.docx\" class=\"mtli_attachment mtli_docx\" data-mtli=\"mtli_filesize21,30kB\" target=\"_blank\" rel=\"noopener\">Za\u0142\u0105cznik nr 10_O\u015bwiadczenie wsp\u00f3\u0142autora.docx<\/a><\/li>\n<li><a href=\"https:\/us.edu.pl\/instytut\/inoz\/wp-content\/uploads\/sites\/37\/Akty_prawne\/Zalacznik_nr_11_Wniosek_o_wszczecie_postepowania.docx\" class=\"mtli_attachment mtli_docx\" data-mtli=\"mtli_filesize23,95kB\" target=\"_blank\" rel=\"noopener\">Za\u0142\u0105cznik nr 11_Wniosek o wszcz\u0119cie post\u0119powania.docx<\/a><\/li>\n<li><a href=\"https:\/us.edu.pl\/instytut\/inoz\/wp-content\/uploads\/sites\/37\/Akty_prawne\/Zalacznik_nr_35_Klauzula_informacyjna_RODO_dla_osob_wnioskujacych_o_nadanie_stopnia_doktora_(1).pdf\" class=\"mtli_attachment mtli_pdf\" target=\"_blank\" rel=\"noopener\">Za\u0142\u0105cznik nr 35_Klauzula informacyjna RODO dla os\u00f3b wnioskuj\u0105cych o nadanie stopnia doktora (1).pdf<\/a><\/li>\n<li><a href=\"https:\/us.edu.pl\/instytut\/inoz\/wp-content\/uploads\/sites\/37\/Akty_prawne\/Zalacznik_nr_6_Oswiadczenie_o_oryginalnosci_rozprawy.docx\" class=\"mtli_attachment mtli_docx\" data-mtli=\"mtli_filesize22,91kB\" target=\"_blank\" rel=\"noopener\">Za\u0142\u0105cznik nr 6_O\u015bwiadczenie o oryginalno\u015bci rozprawy.docx<\/a><\/li>\n<li><a href=\"https:\/us.edu.pl\/instytut\/inoz\/wp-content\/uploads\/sites\/37\/Akty_prawne\/Zalacznik_nr_7_Wykaz_dorobku_naukowego.docx\" class=\"mtli_attachment mtli_docx\" data-mtli=\"mtli_filesize21,23kB\" target=\"_blank\" rel=\"noopener\">Za\u0142\u0105cznik nr 7_Wykaz dorobku naukowego.docx<\/a><\/li>\n<li><a href=\"https:\/us.edu.pl\/instytut\/inoz\/wp-content\/uploads\/sites\/37\/Akty_prawne\/Zalacznik_nr_8_Oswiadczenie_o_przebiegu_wczesniejszego_postepowania.docx\" class=\"mtli_attachment mtli_docx\" data-mtli=\"mtli_filesize26,49kB\" target=\"_blank\" rel=\"noopener\">Za\u0142\u0105cznik nr 8_O\u015bwiadczenie o przebiegu wcze\u015bniejszego post\u0119powania.docx<\/a><\/li>\n<li><a href=\"https:\/us.edu.pl\/instytut\/inoz\/wp-content\/uploads\/sites\/37\/Akty_prawne\/Zalacznik_nr_9_Oswiadczenie_o_wkladzie_wlasnym.docx\" class=\"mtli_attachment mtli_docx\" data-mtli=\"mtli_filesize21,87kB\" target=\"_blank\" rel=\"noopener\">Za\u0142\u0105cznik nr 9_O\u015bwiadczenie o wk\u0142adzie w\u0142asnym.docx<\/a><\/li>\n<\/ul>\n<\/li>\n<li><a href=\"https:\/\/us.edu.pl\/instytut\/inoz\/druki-wyznaczenie-promotora-tryb-eksternistyczny\/\"><br \/>\n<\/a><\/p>\n<h3>Druki &#8211; wyznaczenie promotora (tryb eksternistyczny)<\/h3>\n<p>&nbsp;<\/p>\n<ul>\n<li><a href=\"https:\/us.edu.pl\/instytut\/inoz\/wp-content\/uploads\/sites\/37\/Akty_prawne\/Zalacznik_nr_1_Wyznaczenie_promotora.docx\" class=\"mtli_attachment mtli_docx\" data-mtli=\"mtli_filesize27,17kB\" target=\"_blank\" rel=\"noopener\">Za\u0142\u0105cznik nr 1_Wyznaczenie promotora.docx<\/a><\/li>\n<li><a href=\"https:\/us.edu.pl\/instytut\/inoz\/wp-content\/uploads\/sites\/37\/Akty_prawne\/Zalacznik_nr_2_Zgoda_na_pelnienie_funkcji_promotora.docx\" class=\"mtli_attachment mtli_docx\" data-mtli=\"mtli_filesize22,12kB\" target=\"_blank\" rel=\"noopener\">Za\u0142\u0105cznik nr 2_Zgoda na pe\u0142nienie funkcji promotora.docx<\/a><\/li>\n<li><a href=\"https:\/us.edu.pl\/instytut\/inoz\/wp-content\/uploads\/sites\/37\/Akty_prawne\/Zalacznik_nr_3_Zgoda_na_pelnienie_funkcji_promotora_pomocniczego.docx\" class=\"mtli_attachment mtli_docx\" data-mtli=\"mtli_filesize21,73kB\" target=\"_blank\" rel=\"noopener\">Za\u0142\u0105cznik nr 3_Zgoda na pe\u0142nienie funkcji promotora pomocniczego.docx<\/a><\/li>\n<li><a href=\"https:\/us.edu.pl\/instytut\/inoz\/wp-content\/uploads\/sites\/37\/Akty_prawne\/Zalacznik_nr_4_Weryfikacja_8PRK.docx\" class=\"mtli_attachment mtli_docx\" data-mtli=\"mtli_filesize22,30kB\" target=\"_blank\" rel=\"noopener\">Za\u0142\u0105cznik nr 4_Weryfikacja 8PRK.docx<\/a><\/li>\n<li><a href=\"https:\/us.edu.pl\/instytut\/inoz\/wp-content\/uploads\/sites\/37\/Akty_prawne\/Zalacznik_nr_5_Egzamin_z_nowozytnego_j.obcego.docx\" class=\"mtli_attachment mtli_docx\" data-mtli=\"mtli_filesize22,43kB\" target=\"_blank\" rel=\"noopener\">Za\u0142\u0105cznik nr 5_Egzamin z nowo\u017cytnego j.obcego.docx<\/a><\/li>\n<li><a href=\"https:\/us.edu.pl\/instytut\/inoz\/wp-content\/uploads\/sites\/37\/Akty_prawne\/Zalacznik_nr_8_Oswiadczenie_o_przebiegu_wczesniejszego_postepowania.docx\" class=\"mtli_attachment mtli_docx\" data-mtli=\"mtli_filesize26,49kB\" target=\"_blank\" rel=\"noopener\">Za\u0142\u0105cznik nr 8_O\u015bwiadczenie o przebiegu wcze\u015bniejszego post\u0119powania.docx<\/a><\/li>\n<\/ul>\n<\/li>\n<\/ul>\n<p>[\/vc_column_text][\/vc_column][\/vc_row]<\/p>\n<style type=\"text\/css\">a[data-mtli~=\"mtli_filesize682,24kB\"]:after {content:\" (682,24 kB)\"}a[data-mtli~=\"mtli_filesize360,60kB\"]:after {content:\" (360,60 kB)\"}a[data-mtli~=\"mtli_filesize1,67MB\"]:after {content:\" (1,67 MB)\"}a[data-mtli~=\"mtli_filesize96,05kB\"]:after {content:\" (96,05 kB)\"}a[data-mtli~=\"mtli_filesize163,32kB\"]:after {content:\" (163,32 kB)\"}a[data-mtli~=\"mtli_filesize78,23kB\"]:after {content:\" (78,23 kB)\"}a[data-mtli~=\"mtli_filesize119,81kB\"]:after {content:\" (119,81 kB)\"}a[data-mtli~=\"mtli_filesize164,15kB\"]:after {content:\" (164,15 kB)\"}a[data-mtli~=\"mtli_filesize136,11kB\"]:after {content:\" (136,11 kB)\"}a[data-mtli~=\"mtli_filesize95,00kB\"]:after {content:\" (95,00 kB)\"}a[data-mtli~=\"mtli_filesize141,72kB\"]:after {content:\" (141,72 kB)\"}a[data-mtli~=\"mtli_filesize94,58kB\"]:after {content:\" (94,58 kB)\"}a[data-mtli~=\"mtli_filesize252,76kB\"]:after {content:\" (252,76 kB)\"}a[data-mtli~=\"mtli_filesize115,72kB\"]:after {content:\" (115,72 kB)\"}a[data-mtli~=\"mtli_filesize35,73kB\"]:after {content:\" (35,73 kB)\"}a[data-mtli~=\"mtli_filesize21,30kB\"]:after {content:\" (21,30 kB)\"}a[data-mtli~=\"mtli_filesize23,95kB\"]:after {content:\" (23,95 kB)\"}a[data-mtli~=\"mtli_filesize22,91kB\"]:after {content:\" (22,91 kB)\"}a[data-mtli~=\"mtli_filesize21,23kB\"]:after {content:\" (21,23 kB)\"}a[data-mtli~=\"mtli_filesize26,49kB\"]:after {content:\" (26,49 kB)\"}a[data-mtli~=\"mtli_filesize21,87kB\"]:after {content:\" (21,87 kB)\"}a[data-mtli~=\"mtli_filesize27,17kB\"]:after {content:\" (27,17 kB)\"}a[data-mtli~=\"mtli_filesize22,12kB\"]:after {content:\" (22,12 kB)\"}a[data-mtli~=\"mtli_filesize21,73kB\"]:after {content:\" (21,73 kB)\"}a[data-mtli~=\"mtli_filesize22,30kB\"]:after {content:\" (22,30 kB)\"}a[data-mtli~=\"mtli_filesize22,43kB\"]:after {content:\" (22,43 kB)\"}<\/style>","protected":false},"excerpt":{"rendered":"<p>[vc_row][vc_column][vc_column_text el_class=&#8221;container&#8221;] Akty prawne zwi\u0105zane z awansami naukowymi: Akty prawne pa\u0144stwowe &nbsp; Poradnik RDN_Post\u0119powania dot. nadawania dr hab.pdf Poradnik RDN_Recenzje w post\u0119powaniach o awans naukowy.pdf Ustawa prawo o szkolnictwie DZ. U. 2024 poz. 1571.pdf Akty prawne U\u015a &nbsp; 1. Uchwala Senatu nr 121_2025_ Zmiana trybu post\u0119powania DR HAB.pdf 1a. Zal_121_2025_Zasady kolokwium habilitacyjnego.pdf 2. Zarz\u0105dzenie nr [&#8230;]<\/p>\n<p><a class=\"btn btn-secondary understrap-read-more-link\" href=\"https:\/\/us.edu.pl\/instytut\/inoz\/akty-prawne-awanse-naukowe\/\">Read More&#8230;<\/a><\/p>\n","protected":false},"author":192,"featured_media":0,"parent":0,"menu_order":0,"comment_status":"closed","ping_status":"closed","template":"","meta":{"_expiration-date-status":"","_expiration-date":0,"_expiration-date-type":"","_expiration-date-categories":[],"_expiration-date-options":[]},"acf":[],"_links":{"self":[{"href":"https:\/\/us.edu.pl\/instytut\/inoz\/wp-json\/wp\/v2\/pages\/6487"}],"collection":[{"href":"https:\/\/us.edu.pl\/instytut\/inoz\/wp-json\/wp\/v2\/pages"}],"about":[{"href":"https:\/\/us.edu.pl\/instytut\/inoz\/wp-json\/wp\/v2\/types\/page"}],"author":[{"embeddable":true,"href":"https:\/\/us.edu.pl\/instytut\/inoz\/wp-json\/wp\/v2\/users\/192"}],"replies":[{"embeddable":true,"href":"https:\/\/us.edu.pl\/instytut\/inoz\/wp-json\/wp\/v2\/comments?post=6487"}],"version-history":[{"count":6,"href":"https:\/\/us.edu.pl\/instytut\/inoz\/wp-json\/wp\/v2\/pages\/6487\/revisions"}],"predecessor-version":[{"id":6856,"href":"https:\/\/us.edu.pl\/instytut\/inoz\/wp-json\/wp\/v2\/pages\/6487\/revisions\/6856"}],"wp:attachment":[{"href":"https:\/\/us.edu.pl\/instytut\/inoz\/wp-json\/wp\/v2\/media?parent=6487"}],"curies":[{"name":"wp","href":"https:\/\/api.w.org\/{rel}","templated":true}]}}