{"id":6766,"date":"2025-08-11T14:19:05","date_gmt":"2025-08-11T12:19:05","guid":{"rendered":"https:\/\/us.edu.pl\/instytut\/inoz\/?page_id=6766"},"modified":"2025-10-05T16:09:24","modified_gmt":"2025-10-05T14:09:24","slug":"warsztaty-geomorfologiczne","status":"publish","type":"page","link":"https:\/\/us.edu.pl\/instytut\/inoz\/warsztaty-geomorfologiczne\/","title":{"rendered":"warsztaty geomorfologiczne"},"content":{"rendered":"<p>[vc_row][vc_column]\r\n                <div class=\"text-modules\">\r\n                    <div class=\"container\">\r\n                        \r\n                        <div class=\"text-modules__content\"><p>Zapraszamy do udzia\u0142u w <strong>VIII Warsztatach Geomorfologii Strukturalnej <\/strong>organizowanych przez Komisj\u0119 Geomorfologii Strukturalnej Stowarzyszenia Geomorfolog\u00f3w Polskich oraz Wydzia\u0142 Nauk Przyrodniczych Uniwersytetu \u015al\u0105skiego w Katowicach, przy wsparciu Fundacji Przyroda i Cz\u0142owiek oraz Fundacji Wsp\u00f3lnoty Gruntowej Wsi Olsztyn. Warsztaty odb\u0119d\u0105 si\u0119 w dniach\u00a0<strong>10-12 pa\u017adziernika 2025<\/strong>\u00a0roku w <strong>Olsztynie na Wy\u017cynie Krakowsko-Cz\u0119stochowskiej<\/strong>.<\/p>\n<p>Nadal istnieje mo\u017cliwo\u015b\u0107 zg\u0142oszenia si\u0119 do udzia\u0142u w Warsztatach, mo\u017cliwe jest r\u00f3wnie\u017c uczestnictwo w cz\u0119\u015bci Warsztat\u00f3w, na zasadzie pobytu jednodniowego lub p\u00f3\u0142dniowego, bez korzystania z nocleg\u00f3w i posi\u0142k\u00f3w.<\/p>\n<p>Szczeg\u00f3\u0142y w <a href=\"https:\/\/us.edu.pl\/instytut\/inoz\/wp-content\/uploads\/sites\/37\/Bez-kategorii\/VIII-Warsztaty-Geomorfologii-Strukturalnej-komunikat-2.pdf\" class=\"mtli_attachment mtli_pdf\" data-mtli=\"mtli_filesize452,93kB\" class=\"mtli_attachment mtli_pdf\" data-mtli=\"mtli_filesize452,93kB\">VIII Warsztaty Geomorfologii Strukturalnej &#8211; komunikat 2<\/a>.<\/p>\n<p><a href=\"https:\/\/us.edu.pl\/instytut\/inoz\/wp-content\/uploads\/sites\/37\/Bez-kategorii\/VIII-Warsztaty-Geomorfologii-Strukturalnej-Formularz-zgloszeniowy.docx\" class=\"mtli_attachment mtli_docx\" data-mtli=\"mtli_filesize13,59kB\" class=\"mtli_attachment mtli_docx\" data-mtli=\"mtli_filesize13,59kB\">VIII Warsztaty Geomorfologii Strukturalnej &#8211; Formularz zgloszeniowy<\/a><\/p>\n<style type=\"text\/css\">a[data-mtli~=\"mtli_filesize452,93kB\"]:after {content:\" (452,93 kB)\"}a[data-mtli~=\"mtli_filesize13,59kB\"]:after {content:\" (13,59 kB)\"}<\/style><\/div>\r\n                    <\/div>\r\n                <\/div>[vc_single_image image=&#8221;6770&#8243; img_size=&#8221;full&#8221;][\/vc_column][\/vc_row]<\/p>\n<style type=\"text\/css\">a[data-mtli~=\"mtli_filesize452,93kB\"]:after {content:\" (452,93 kB)\"}a[data-mtli~=\"mtli_filesize13,59kB\"]:after {content:\" (13,59 kB)\"}<\/style>","protected":false},"excerpt":{"rendered":"<p>[vc_row][vc_column][vc_single_image image=&#8221;6770&#8243; img_size=&#8221;full&#8221;][\/vc_column][\/vc_row] [&#8230;]<\/p>\n<p><a class=\"btn btn-secondary understrap-read-more-link\" href=\"https:\/\/us.edu.pl\/instytut\/inoz\/warsztaty-geomorfologiczne\/\">Read More&#8230;<\/a><\/p>\n","protected":false},"author":115,"featured_media":6770,"parent":0,"menu_order":0,"comment_status":"closed","ping_status":"closed","template":"","meta":{"_expiration-date-status":"","_expiration-date":0,"_expiration-date-type":"","_expiration-date-categories":[],"_expiration-date-options":[]},"acf":[],"_links":{"self":[{"href":"https:\/\/us.edu.pl\/instytut\/inoz\/wp-json\/wp\/v2\/pages\/6766"}],"collection":[{"href":"https:\/\/us.edu.pl\/instytut\/inoz\/wp-json\/wp\/v2\/pages"}],"about":[{"href":"https:\/\/us.edu.pl\/instytut\/inoz\/wp-json\/wp\/v2\/types\/page"}],"author":[{"embeddable":true,"href":"https:\/\/us.edu.pl\/instytut\/inoz\/wp-json\/wp\/v2\/users\/115"}],"replies":[{"embeddable":true,"href":"https:\/\/us.edu.pl\/instytut\/inoz\/wp-json\/wp\/v2\/comments?post=6766"}],"version-history":[{"count":3,"href":"https:\/\/us.edu.pl\/instytut\/inoz\/wp-json\/wp\/v2\/pages\/6766\/revisions"}],"predecessor-version":[{"id":6863,"href":"https:\/\/us.edu.pl\/instytut\/inoz\/wp-json\/wp\/v2\/pages\/6766\/revisions\/6863"}],"wp:featuredmedia":[{"embeddable":true,"href":"https:\/\/us.edu.pl\/instytut\/inoz\/wp-json\/wp\/v2\/media\/6770"}],"wp:attachment":[{"href":"https:\/\/us.edu.pl\/instytut\/inoz\/wp-json\/wp\/v2\/media?parent=6766"}],"curies":[{"name":"wp","href":"https:\/\/api.w.org\/{rel}","templated":true}]}}