{"id":6837,"date":"2025-09-10T15:04:21","date_gmt":"2025-09-10T13:04:21","guid":{"rendered":"https:\/\/us.edu.pl\/instytut\/inoz\/?page_id=6837"},"modified":"2025-09-10T15:17:15","modified_gmt":"2025-09-10T13:17:15","slug":"akty-prawne-uniwersytetu-slaskiego-w-katowicach","status":"publish","type":"page","link":"https:\/\/us.edu.pl\/instytut\/inoz\/akty-prawne-uniwersytetu-slaskiego-w-katowicach\/","title":{"rendered":"Akty prawne Uniwersytetu \u015al\u0105skiego w Katowicach"},"content":{"rendered":"<p>[vc_row][vc_column][vc_column_text el_class=&#8221;container&#8221;]<\/p>\n<ul>\n<li><a href=\"https:\/us.edu.pl\/instytut\/inoz\/wp-content\/uploads\/sites\/37\/Akty_prawne\/1._Uchwala_Senatu_nr_121_2025__Zmiana_trybu_postepowania_DR_HAB.pdf\" class=\"mtli_attachment mtli_pdf\" data-mtli=\"mtli_filesize96,05kB\" target=\"_blank\" rel=\"noopener\">1. Uchwala Senatu nr 121_2025_ Zmiana trybu post\u0119powania DR HAB.pdf<\/a><\/li>\n<li><a href=\"https:\/us.edu.pl\/instytut\/inoz\/wp-content\/uploads\/sites\/37\/Akty_prawne\/1a._Zal_121_2025_Zasady_kolokwium_habilitacyjnego.pdf\" class=\"mtli_attachment mtli_pdf\" data-mtli=\"mtli_filesize163,32kB\" target=\"_blank\" rel=\"noopener\">1a. Zal_121_2025_Zasady kolokwium habilitacyjnego.pdf<\/a><\/li>\n<li><a href=\"https:\/us.edu.pl\/instytut\/inoz\/wp-content\/uploads\/sites\/37\/Akty_prawne\/2._Zarzadzenie_nr_74_2025_Wyroznianie_rozpraw_dr.pdf\" class=\"mtli_attachment mtli_pdf\" data-mtli=\"mtli_filesize78,23kB\" target=\"_blank\" rel=\"noopener\">2. Zarz\u0105dzenie nr 74_2025_Wyr\u00f3\u017cnianie rozpraw dr.pdf<\/a><\/li>\n<li><a href=\"https:\/us.edu.pl\/instytut\/inoz\/wp-content\/uploads\/sites\/37\/Akty_prawne\/2a._Zal._74_2025_Zarzadzenie_62_2025.pdf\" class=\"mtli_attachment mtli_pdf\" data-mtli=\"mtli_filesize119,81kB\" target=\"_blank\" rel=\"noopener\">2a. Za\u0142. 74_2025 Zarz\u0105dzenie 62_2025.pdf<\/a><\/li>\n<li><a href=\"https:\/us.edu.pl\/instytut\/inoz\/wp-content\/uploads\/sites\/37\/Akty_prawne\/3._Uchwala_Senatu_nr_490_2024__Wysokosci_oplat_DR_oraz_DR_HAB.pdf\" class=\"mtli_attachment mtli_pdf\" data-mtli=\"mtli_filesize164,15kB\" target=\"_blank\" rel=\"noopener\">3. Uchwala Senatu nr 490_2024_ Wysoko\u015bci op\u0142at DR oraz DR HAB.pdf<\/a><\/li>\n<li><a href=\"https:\/us.edu.pl\/instytut\/inoz\/wp-content\/uploads\/sites\/37\/Akty_prawne\/3a._Zal_do_490_2024.pdf\" class=\"mtli_attachment mtli_pdf\" data-mtli=\"mtli_filesize136,11kB\" target=\"_blank\" rel=\"noopener\">3a. Zal_do_490_2024.pdf<\/a><\/li>\n<li><a href=\"https:\/us.edu.pl\/instytut\/inoz\/wp-content\/uploads\/sites\/37\/Akty_prawne\/5._Uchwala_Senatu_nr_489_2024_Tryb_postepowania_DR_HAB.pdf\" class=\"mtli_attachment mtli_pdf\" data-mtli=\"mtli_filesize95,00kB\" target=\"_blank\" rel=\"noopener\">5. Uchwala Senatu nr 489_2024_Tryb post\u0119powania DR HAB.pdf<\/a><\/li>\n<li><a href=\"https:\/us.edu.pl\/instytut\/inoz\/wp-content\/uploads\/sites\/37\/Akty_prawne\/5a._Zal_do_489_2024.pdf\" class=\"mtli_attachment mtli_pdf\" data-mtli=\"mtli_filesize141,72kB\" target=\"_blank\" rel=\"noopener\">5a. Zal_do_489_2024.pdf<\/a><\/li>\n<li><a href=\"https:\/us.edu.pl\/instytut\/inoz\/wp-content\/uploads\/sites\/37\/Akty_prawne\/6._Uchwala_Senatu_nr_488_2024_Tryb_postepowania_DR.pdf\" class=\"mtli_attachment mtli_pdf\" data-mtli=\"mtli_filesize94,58kB\" target=\"_blank\" rel=\"noopener\">6. Uchwala_Senatu nr 488_2024_Tryb post\u0119powania DR.pdf<\/a><\/li>\n<li><a href=\"https:\/us.edu.pl\/instytut\/inoz\/wp-content\/uploads\/sites\/37\/Akty_prawne\/6a._Zal_do_488_2024.pdf\" class=\"mtli_attachment mtli_pdf\" data-mtli=\"mtli_filesize252,76kB\" target=\"_blank\" rel=\"noopener\">6a. Zal_do_488_2024.pdf<\/a><\/li>\n<li><a href=\"https:\/us.edu.pl\/instytut\/inoz\/wp-content\/uploads\/sites\/37\/Akty_prawne\/7._Pismo_okolne_nr_5_2024__Stosowanie_KPA_w_postepowaniach_dr_hab.pdf\" class=\"mtli_attachment mtli_pdf\" data-mtli=\"mtli_filesize115,72kB\" target=\"_blank\" rel=\"noopener\">7. Pismo ok\u00f3lne nr 5_2024 _Stosowanie KPA w post\u0119powaniach dr hab.pdf<\/a><\/li>\n<li><a href=\"https:\/us.edu.pl\/instytut\/inoz\/wp-content\/uploads\/sites\/37\/Akty_prawne\/8._Zarzadzenie_nr_197_2021_Archiwum_Prac_Dyplomowych.docx\" class=\"mtli_attachment mtli_docx\" data-mtli=\"mtli_filesize35,73kB\" target=\"_blank\" rel=\"noopener\">8. Zarz\u0105dzenie nr 197_2021_Archiwum Prac Dyplomowych.docx<\/a><\/li>\n<\/ul>\n<p>[\/vc_column_text][\/vc_column][\/vc_row]<\/p>\n<style type=\"text\/css\">a[data-mtli~=\"mtli_filesize96,05kB\"]:after {content:\" (96,05 kB)\"}a[data-mtli~=\"mtli_filesize163,32kB\"]:after {content:\" (163,32 kB)\"}a[data-mtli~=\"mtli_filesize78,23kB\"]:after {content:\" (78,23 kB)\"}a[data-mtli~=\"mtli_filesize119,81kB\"]:after {content:\" (119,81 kB)\"}a[data-mtli~=\"mtli_filesize164,15kB\"]:after {content:\" (164,15 kB)\"}a[data-mtli~=\"mtli_filesize136,11kB\"]:after {content:\" (136,11 kB)\"}a[data-mtli~=\"mtli_filesize95,00kB\"]:after {content:\" (95,00 kB)\"}a[data-mtli~=\"mtli_filesize141,72kB\"]:after {content:\" (141,72 kB)\"}a[data-mtli~=\"mtli_filesize94,58kB\"]:after {content:\" (94,58 kB)\"}a[data-mtli~=\"mtli_filesize252,76kB\"]:after {content:\" (252,76 kB)\"}a[data-mtli~=\"mtli_filesize115,72kB\"]:after {content:\" (115,72 kB)\"}a[data-mtli~=\"mtli_filesize35,73kB\"]:after {content:\" (35,73 kB)\"}<\/style>","protected":false},"excerpt":{"rendered":"<p>[vc_row][vc_column][vc_column_text el_class=&#8221;container&#8221;] 1. Uchwala Senatu nr 121_2025_ Zmiana trybu post\u0119powania DR HAB.pdf 1a. Zal_121_2025_Zasady kolokwium habilitacyjnego.pdf 2. Zarz\u0105dzenie nr 74_2025_Wyr\u00f3\u017cnianie rozpraw dr.pdf 2a. Za\u0142. 74_2025 Zarz\u0105dzenie 62_2025.pdf 3. Uchwala Senatu nr 490_2024_ Wysoko\u015bci op\u0142at DR oraz DR HAB.pdf 3a. Zal_do_490_2024.pdf 5. Uchwala Senatu nr 489_2024_Tryb post\u0119powania DR HAB.pdf 5a. Zal_do_489_2024.pdf 6. Uchwala_Senatu nr 488_2024_Tryb post\u0119powania [&#8230;]<\/p>\n<p><a class=\"btn btn-secondary understrap-read-more-link\" href=\"https:\/\/us.edu.pl\/instytut\/inoz\/akty-prawne-uniwersytetu-slaskiego-w-katowicach\/\">Read More&#8230;<\/a><\/p>\n","protected":false},"author":192,"featured_media":0,"parent":0,"menu_order":0,"comment_status":"closed","ping_status":"closed","template":"","meta":{"_expiration-date-status":"","_expiration-date":0,"_expiration-date-type":"","_expiration-date-categories":[],"_expiration-date-options":[]},"acf":[],"_links":{"self":[{"href":"https:\/\/us.edu.pl\/instytut\/inoz\/wp-json\/wp\/v2\/pages\/6837"}],"collection":[{"href":"https:\/\/us.edu.pl\/instytut\/inoz\/wp-json\/wp\/v2\/pages"}],"about":[{"href":"https:\/\/us.edu.pl\/instytut\/inoz\/wp-json\/wp\/v2\/types\/page"}],"author":[{"embeddable":true,"href":"https:\/\/us.edu.pl\/instytut\/inoz\/wp-json\/wp\/v2\/users\/192"}],"replies":[{"embeddable":true,"href":"https:\/\/us.edu.pl\/instytut\/inoz\/wp-json\/wp\/v2\/comments?post=6837"}],"version-history":[{"count":2,"href":"https:\/\/us.edu.pl\/instytut\/inoz\/wp-json\/wp\/v2\/pages\/6837\/revisions"}],"predecessor-version":[{"id":6850,"href":"https:\/\/us.edu.pl\/instytut\/inoz\/wp-json\/wp\/v2\/pages\/6837\/revisions\/6850"}],"wp:attachment":[{"href":"https:\/\/us.edu.pl\/instytut\/inoz\/wp-json\/wp\/v2\/media?parent=6837"}],"curies":[{"name":"wp","href":"https:\/\/api.w.org\/{rel}","templated":true}]}}