{"id":6839,"date":"2025-09-10T15:05:33","date_gmt":"2025-09-10T13:05:33","guid":{"rendered":"https:\/\/us.edu.pl\/instytut\/inoz\/?page_id=6839"},"modified":"2025-09-10T15:16:26","modified_gmt":"2025-09-10T13:16:26","slug":"druki-wszczecie-postepowania-doktorskiego","status":"publish","type":"page","link":"https:\/\/us.edu.pl\/instytut\/inoz\/druki-wszczecie-postepowania-doktorskiego\/","title":{"rendered":"Druki &#8211; wszcz\u0119cie post\u0119powania doktorskiego"},"content":{"rendered":"<p>[vc_row][vc_column][vc_column_text el_class=&#8221;container&#8221;]<\/p>\n<ul>\n<li><a href=\"https:\/us.edu.pl\/instytut\/inoz\/wp-content\/uploads\/sites\/37\/Akty_prawne\/Zalacznik_nr_10_Oswiadczenie_wspolautora.docx\" class=\"mtli_attachment mtli_docx\" data-mtli=\"mtli_filesize21,30kB\" target=\"_blank\" rel=\"noopener\">Za\u0142\u0105cznik nr 10_O\u015bwiadczenie wsp\u00f3\u0142autora.docx<\/a><\/li>\n<li><a href=\"https:\/us.edu.pl\/instytut\/inoz\/wp-content\/uploads\/sites\/37\/Akty_prawne\/Zalacznik_nr_11_Wniosek_o_wszczecie_postepowania.docx\" class=\"mtli_attachment mtli_docx\" data-mtli=\"mtli_filesize23,95kB\" target=\"_blank\" rel=\"noopener\">Za\u0142\u0105cznik nr 11_Wniosek o wszcz\u0119cie post\u0119powania.docx<\/a><\/li>\n<li><a href=\"https:\/us.edu.pl\/instytut\/inoz\/wp-content\/uploads\/sites\/37\/Akty_prawne\/Zalacznik_nr_35_Klauzula_informacyjna_RODO_dla_osob_wnioskujacych_o_nadanie_stopnia_doktora_(1).pdf\" class=\"mtli_attachment mtli_pdf\" target=\"_blank\" rel=\"noopener\">Za\u0142\u0105cznik nr 35_Klauzula informacyjna RODO dla os\u00f3b wnioskuj\u0105cych o nadanie stopnia doktora (1).pdf<\/a><\/li>\n<li><a href=\"https:\/us.edu.pl\/instytut\/inoz\/wp-content\/uploads\/sites\/37\/Akty_prawne\/Zalacznik_nr_6_Oswiadczenie_o_oryginalnosci_rozprawy.docx\" class=\"mtli_attachment mtli_docx\" data-mtli=\"mtli_filesize22,91kB\" target=\"_blank\" rel=\"noopener\">Za\u0142\u0105cznik nr 6_O\u015bwiadczenie o oryginalno\u015bci rozprawy.docx<\/a><\/li>\n<li><a href=\"https:\/us.edu.pl\/instytut\/inoz\/wp-content\/uploads\/sites\/37\/Akty_prawne\/Zalacznik_nr_7_Wykaz_dorobku_naukowego.docx\" class=\"mtli_attachment mtli_docx\" data-mtli=\"mtli_filesize21,23kB\" target=\"_blank\" rel=\"noopener\">Za\u0142\u0105cznik nr 7_Wykaz dorobku naukowego.docx<\/a><\/li>\n<li><a href=\"https:\/us.edu.pl\/instytut\/inoz\/wp-content\/uploads\/sites\/37\/Akty_prawne\/Zalacznik_nr_8_Oswiadczenie_o_przebiegu_wczesniejszego_postepowania.docx\" class=\"mtli_attachment mtli_docx\" data-mtli=\"mtli_filesize26,49kB\" target=\"_blank\" rel=\"noopener\">Za\u0142\u0105cznik nr 8_O\u015bwiadczenie o przebiegu wcze\u015bniejszego post\u0119powania.docx<\/a><\/li>\n<li><a href=\"https:\/us.edu.pl\/instytut\/inoz\/wp-content\/uploads\/sites\/37\/Akty_prawne\/Zalacznik_nr_9_Oswiadczenie_o_wkladzie_wlasnym.docx\" class=\"mtli_attachment mtli_docx\" data-mtli=\"mtli_filesize21,87kB\" target=\"_blank\" rel=\"noopener\">Za\u0142\u0105cznik nr 9_O\u015bwiadczenie o wk\u0142adzie w\u0142asnym.docx<\/a><\/li>\n<\/ul>\n<p>[\/vc_column_text][\/vc_column][\/vc_row]<\/p>\n<style type=\"text\/css\">a[data-mtli~=\"mtli_filesize21,30kB\"]:after {content:\" (21,30 kB)\"}a[data-mtli~=\"mtli_filesize23,95kB\"]:after {content:\" (23,95 kB)\"}a[data-mtli~=\"mtli_filesize22,91kB\"]:after {content:\" (22,91 kB)\"}a[data-mtli~=\"mtli_filesize21,23kB\"]:after {content:\" (21,23 kB)\"}a[data-mtli~=\"mtli_filesize26,49kB\"]:after {content:\" (26,49 kB)\"}a[data-mtli~=\"mtli_filesize21,87kB\"]:after {content:\" (21,87 kB)\"}<\/style>","protected":false},"excerpt":{"rendered":"<p>[vc_row][vc_column][vc_column_text el_class=&#8221;container&#8221;] Za\u0142\u0105cznik nr 10_O\u015bwiadczenie wsp\u00f3\u0142autora.docx Za\u0142\u0105cznik nr 11_Wniosek o wszcz\u0119cie post\u0119powania.docx Za\u0142\u0105cznik nr 35_Klauzula informacyjna RODO dla os\u00f3b wnioskuj\u0105cych o nadanie stopnia doktora (1).pdf Za\u0142\u0105cznik nr 6_O\u015bwiadczenie o oryginalno\u015bci rozprawy.docx Za\u0142\u0105cznik nr 7_Wykaz dorobku naukowego.docx Za\u0142\u0105cznik nr 8_O\u015bwiadczenie o przebiegu wcze\u015bniejszego post\u0119powania.docx Za\u0142\u0105cznik nr 9_O\u015bwiadczenie o wk\u0142adzie w\u0142asnym.docx [\/vc_column_text][\/vc_column][\/vc_row] [&#8230;]<\/p>\n<p><a class=\"btn btn-secondary understrap-read-more-link\" href=\"https:\/\/us.edu.pl\/instytut\/inoz\/druki-wszczecie-postepowania-doktorskiego\/\">Read More&#8230;<\/a><\/p>\n","protected":false},"author":192,"featured_media":0,"parent":0,"menu_order":0,"comment_status":"closed","ping_status":"closed","template":"","meta":{"_expiration-date-status":"","_expiration-date":0,"_expiration-date-type":"","_expiration-date-categories":[],"_expiration-date-options":[]},"acf":[],"_links":{"self":[{"href":"https:\/\/us.edu.pl\/instytut\/inoz\/wp-json\/wp\/v2\/pages\/6839"}],"collection":[{"href":"https:\/\/us.edu.pl\/instytut\/inoz\/wp-json\/wp\/v2\/pages"}],"about":[{"href":"https:\/\/us.edu.pl\/instytut\/inoz\/wp-json\/wp\/v2\/types\/page"}],"author":[{"embeddable":true,"href":"https:\/\/us.edu.pl\/instytut\/inoz\/wp-json\/wp\/v2\/users\/192"}],"replies":[{"embeddable":true,"href":"https:\/\/us.edu.pl\/instytut\/inoz\/wp-json\/wp\/v2\/comments?post=6839"}],"version-history":[{"count":2,"href":"https:\/\/us.edu.pl\/instytut\/inoz\/wp-json\/wp\/v2\/pages\/6839\/revisions"}],"predecessor-version":[{"id":6849,"href":"https:\/\/us.edu.pl\/instytut\/inoz\/wp-json\/wp\/v2\/pages\/6839\/revisions\/6849"}],"wp:attachment":[{"href":"https:\/\/us.edu.pl\/instytut\/inoz\/wp-json\/wp\/v2\/media?parent=6839"}],"curies":[{"name":"wp","href":"https:\/\/api.w.org\/{rel}","templated":true}]}}