{"id":6841,"date":"2025-09-10T15:06:32","date_gmt":"2025-09-10T13:06:32","guid":{"rendered":"https:\/\/us.edu.pl\/instytut\/inoz\/?page_id=6841"},"modified":"2025-09-10T15:15:39","modified_gmt":"2025-09-10T13:15:39","slug":"druki-wyznaczenie-promotora-tryb-eksternistyczny","status":"publish","type":"page","link":"https:\/\/us.edu.pl\/instytut\/inoz\/druki-wyznaczenie-promotora-tryb-eksternistyczny\/","title":{"rendered":"Druki &#8211; wyznaczenie promotora (tryb eksternistyczny)"},"content":{"rendered":"<p>[vc_row][vc_column][vc_column_text el_class=&#8221;container&#8221;]<\/p>\n<ul>\n<li><a href=\"https:\/us.edu.pl\/instytut\/inoz\/wp-content\/uploads\/sites\/37\/Akty_prawne\/Zalacznik_nr_1_Wyznaczenie_promotora.docx\" class=\"mtli_attachment mtli_docx\" data-mtli=\"mtli_filesize27,17kB\" target=\"_blank\" rel=\"noopener\">Za\u0142\u0105cznik nr 1_Wyznaczenie promotora.docx<\/a><\/li>\n<li><a href=\"https:\/us.edu.pl\/instytut\/inoz\/wp-content\/uploads\/sites\/37\/Akty_prawne\/Zalacznik_nr_2_Zgoda_na_pelnienie_funkcji_promotora.docx\" class=\"mtli_attachment mtli_docx\" data-mtli=\"mtli_filesize22,12kB\" target=\"_blank\" rel=\"noopener\">Za\u0142\u0105cznik nr 2_Zgoda na pe\u0142nienie funkcji promotora.docx<\/a><\/li>\n<li><a href=\"https:\/us.edu.pl\/instytut\/inoz\/wp-content\/uploads\/sites\/37\/Akty_prawne\/Zalacznik_nr_3_Zgoda_na_pelnienie_funkcji_promotora_pomocniczego.docx\" class=\"mtli_attachment mtli_docx\" data-mtli=\"mtli_filesize21,73kB\" target=\"_blank\" rel=\"noopener\">Za\u0142\u0105cznik nr 3_Zgoda na pe\u0142nienie funkcji promotora pomocniczego.docx<\/a><\/li>\n<li><a href=\"https:\/us.edu.pl\/instytut\/inoz\/wp-content\/uploads\/sites\/37\/Akty_prawne\/Zalacznik_nr_4_Weryfikacja_8PRK.docx\" class=\"mtli_attachment mtli_docx\" data-mtli=\"mtli_filesize22,30kB\" target=\"_blank\" rel=\"noopener\">Za\u0142\u0105cznik nr 4_Weryfikacja 8PRK.docx<\/a><\/li>\n<li><a href=\"https:\/us.edu.pl\/instytut\/inoz\/wp-content\/uploads\/sites\/37\/Akty_prawne\/Zalacznik_nr_5_Egzamin_z_nowozytnego_j.obcego.docx\" class=\"mtli_attachment mtli_docx\" data-mtli=\"mtli_filesize22,43kB\" target=\"_blank\" rel=\"noopener\">Za\u0142\u0105cznik nr 5_Egzamin z nowo\u017cytnego j.obcego.docx<\/a><\/li>\n<li><a href=\"https:\/us.edu.pl\/instytut\/inoz\/wp-content\/uploads\/sites\/37\/Akty_prawne\/Zalacznik_nr_8_Oswiadczenie_o_przebiegu_wczesniejszego_postepowania.docx\" class=\"mtli_attachment mtli_docx\" data-mtli=\"mtli_filesize26,49kB\" target=\"_blank\" rel=\"noopener\">Za\u0142\u0105cznik nr 8_O\u015bwiadczenie o przebiegu wcze\u015bniejszego post\u0119powania.docx<\/a><\/li>\n<\/ul>\n<p>[\/vc_column_text][\/vc_column][\/vc_row]<\/p>\n<style type=\"text\/css\">a[data-mtli~=\"mtli_filesize27,17kB\"]:after {content:\" (27,17 kB)\"}a[data-mtli~=\"mtli_filesize22,12kB\"]:after {content:\" (22,12 kB)\"}a[data-mtli~=\"mtli_filesize21,73kB\"]:after {content:\" (21,73 kB)\"}a[data-mtli~=\"mtli_filesize22,30kB\"]:after {content:\" (22,30 kB)\"}a[data-mtli~=\"mtli_filesize22,43kB\"]:after {content:\" (22,43 kB)\"}a[data-mtli~=\"mtli_filesize26,49kB\"]:after {content:\" (26,49 kB)\"}<\/style>","protected":false},"excerpt":{"rendered":"<p>[vc_row][vc_column][vc_column_text el_class=&#8221;container&#8221;] Za\u0142\u0105cznik nr 1_Wyznaczenie promotora.docx Za\u0142\u0105cznik nr 2_Zgoda na pe\u0142nienie funkcji promotora.docx Za\u0142\u0105cznik nr 3_Zgoda na pe\u0142nienie funkcji promotora pomocniczego.docx Za\u0142\u0105cznik nr 4_Weryfikacja 8PRK.docx Za\u0142\u0105cznik nr 5_Egzamin z nowo\u017cytnego j.obcego.docx Za\u0142\u0105cznik nr 8_O\u015bwiadczenie o przebiegu wcze\u015bniejszego post\u0119powania.docx [\/vc_column_text][\/vc_column][\/vc_row] [&#8230;]<\/p>\n<p><a class=\"btn btn-secondary understrap-read-more-link\" href=\"https:\/\/us.edu.pl\/instytut\/inoz\/druki-wyznaczenie-promotora-tryb-eksternistyczny\/\">Read More&#8230;<\/a><\/p>\n","protected":false},"author":192,"featured_media":0,"parent":0,"menu_order":0,"comment_status":"closed","ping_status":"closed","template":"","meta":{"_expiration-date-status":"","_expiration-date":0,"_expiration-date-type":"","_expiration-date-categories":[],"_expiration-date-options":[]},"acf":[],"_links":{"self":[{"href":"https:\/\/us.edu.pl\/instytut\/inoz\/wp-json\/wp\/v2\/pages\/6841"}],"collection":[{"href":"https:\/\/us.edu.pl\/instytut\/inoz\/wp-json\/wp\/v2\/pages"}],"about":[{"href":"https:\/\/us.edu.pl\/instytut\/inoz\/wp-json\/wp\/v2\/types\/page"}],"author":[{"embeddable":true,"href":"https:\/\/us.edu.pl\/instytut\/inoz\/wp-json\/wp\/v2\/users\/192"}],"replies":[{"embeddable":true,"href":"https:\/\/us.edu.pl\/instytut\/inoz\/wp-json\/wp\/v2\/comments?post=6841"}],"version-history":[{"count":3,"href":"https:\/\/us.edu.pl\/instytut\/inoz\/wp-json\/wp\/v2\/pages\/6841\/revisions"}],"predecessor-version":[{"id":6848,"href":"https:\/\/us.edu.pl\/instytut\/inoz\/wp-json\/wp\/v2\/pages\/6841\/revisions\/6848"}],"wp:attachment":[{"href":"https:\/\/us.edu.pl\/instytut\/inoz\/wp-json\/wp\/v2\/media?parent=6841"}],"curies":[{"name":"wp","href":"https:\/\/api.w.org\/{rel}","templated":true}]}}