{"id":71,"date":"2019-10-25T09:14:47","date_gmt":"2019-10-25T07:14:47","guid":{"rendered":"http:\/\/us.edu.pl\/instytut\/inoz\/?page_id=71"},"modified":"2019-10-31T11:08:44","modified_gmt":"2019-10-31T10:08:44","slug":"mapa-strony","status":"publish","type":"page","link":"https:\/\/us.edu.pl\/instytut\/inoz\/mapa-strony\/","title":{"rendered":"Mapa strony"},"content":{"rendered":"<p>[vc_row][vc_column]\r\n                <div class=\"text-modules\">\r\n                    <div class=\"container\">\r\n                        \r\n                        <div class=\"text-modules__content\"><div class=\"wsp-container\"><h2 class=\"wsp-pages-title\">Pages<\/h2>\n<ul class=\"wsp-pages-list\">\n<li class=\"page_item page-item-4870\"><a href=\"https:\/\/us.edu.pl\/instytut\/inoz\/english-test02\/\">(English) Test02<\/a><\/li>\n<li class=\"page_item page-item-8\"><a href=\"https:\/\/us.edu.pl\/instytut\/inoz\/\">Strona g\u0142\u00f3wna<\/a><\/li>\n<li class=\"page_item page-item-6929\"><a href=\"https:\/\/us.edu.pl\/instytut\/inoz\/instytut-w-liczbach\/\">Instytut w liczbach<\/a><\/li>\n<li class=\"page_item page-item-2844\"><a href=\"https:\/\/us.edu.pl\/instytut\/inoz\/pracownicy-wnp\/\">Pracownicy WNP<\/a><\/li>\n<li class=\"page_item page-item-4387\"><a href=\"https:\/\/us.edu.pl\/instytut\/inoz\/publiczne-obrony-doktoratow\/\">Publiczne obrony doktorat\u00f3w<\/a><\/li>\n<li class=\"page_item page-item-568\"><a href=\"https:\/\/us.edu.pl\/instytut\/inoz\/ogrodek-meteorologiczny-us\/\">Ogr\u00f3dek meteorologiczny<\/a><\/li>\n<li class=\"page_item page-item-5433\"><a href=\"https:\/\/us.edu.pl\/instytut\/inoz\/kalendarz-typow-cyrkulacji\/\">Kalendarz Typ\u00f3w Cyrkulacji<\/a><\/li>\n<li class=\"page_item page-item-2106\"><a href=\"https:\/\/us.edu.pl\/instytut\/inoz\/pracownikinoz\/\">PracownikINoZ<\/a><\/li>\n<li class=\"page_item page-item-4926\"><a href=\"https:\/\/us.edu.pl\/instytut\/inoz\/rada-instytutu\/\">Rada Instytutu<\/a><\/li>\n<li class=\"page_item page-item-67\"><a href=\"https:\/\/us.edu.pl\/instytut\/inoz\/kontakt\/\">Kontakt<\/a><\/li>\n<li class=\"page_item page-item-5189\"><a href=\"https:\/\/us.edu.pl\/instytut\/inoz\/wspolpraca-z-otoczeniem-spoleczno-gospodarczym\/\">Wsp\u00f3\u0142praca z otoczeniem spo\u0142eczno-gospodarczym<\/a><\/li>\n<li class=\"page_item page-item-71\"><a href=\"https:\/\/us.edu.pl\/instytut\/inoz\/mapa-strony\/\">Mapa strony<\/a><\/li>\n<li class=\"page_item page-item-5195\"><a href=\"https:\/\/us.edu.pl\/instytut\/inoz\/prace-badawcze-zlecone\/\">Prace badawcze zlecone<\/a><\/li>\n<li class=\"page_item page-item-6475\"><a href=\"https:\/\/us.edu.pl\/instytut\/inoz\/habilitacje\/\">Habilitacje<\/a><\/li>\n<li class=\"page_item page-item-77\"><a href=\"https:\/\/us.edu.pl\/instytut\/inoz\/wszystko\/\">Wszystko<\/a><\/li>\n<li class=\"page_item page-item-5199\"><a href=\"https:\/\/us.edu.pl\/instytut\/inoz\/wspolpraca-2\/\">wsp\u00f3\u0142praca<\/a><\/li>\n<li class=\"page_item page-item-6223\"><a href=\"https:\/\/us.edu.pl\/instytut\/inoz\/geologia-ogolna\/\">GEOLOGIA og\u00f3lna na Wydziale Nauk o Ziemi &gt; Przyrodniczych w Sosnowcu, Uniwersytetu \u015al\u0105skiego w Katowicach od 1974 do 2024 roku<\/a><\/li>\n<li class=\"page_item page-item-6487\"><a href=\"https:\/\/us.edu.pl\/instytut\/inoz\/akty-prawne-awanse-naukowe\/\">Akty Prawne &#8211; awanse naukowe<\/a><\/li>\n<li class=\"page_item page-item-4953\"><a href=\"https:\/\/us.edu.pl\/instytut\/inoz\/dla-pracownika-postepowania-awansowe\/\">Post\u0119powania awansowe<\/a><\/li>\n<li class=\"page_item page-item-4954\"><a href=\"https:\/\/us.edu.pl\/instytut\/inoz\/dla-pracownika-przydatne-linki\/\">Przydatne linki<\/a><\/li>\n<li class=\"page_item page-item-354\"><a href=\"https:\/\/us.edu.pl\/instytut\/inoz\/test\/\">test<\/a><\/li>\n<li class=\"page_item page-item-6766\"><a href=\"https:\/\/us.edu.pl\/instytut\/inoz\/warsztaty-geomorfologiczne\/\">warsztaty geomorfologiczne<\/a><\/li>\n<li class=\"page_item page-item-5231\"><a href=\"https:\/\/us.edu.pl\/instytut\/inoz\/zespoly-badawcze-powolane-w-2026\/\">Zespo\u0142y badawcze powo\u0142ane w 2026<\/a><\/li>\n<li class=\"page_item page-item-1178\"><a href=\"https:\/\/us.edu.pl\/instytut\/inoz\/kola-naukowe\/\">towarzystwa i ko\u0142a naukowe<\/a><\/li>\n<li class=\"page_item page-item-2473\"><a href=\"https:\/\/us.edu.pl\/instytut\/inoz\/test2\/\">TEST2<\/a><\/li>\n<li class=\"page_item page-item-6835\"><a href=\"https:\/\/us.edu.pl\/instytut\/inoz\/akty-prawne-panstwowe\/\">Akty prawne pa\u0144stwowe<\/a><\/li>\n<li class=\"page_item page-item-6837\"><a href=\"https:\/\/us.edu.pl\/instytut\/inoz\/akty-prawne-uniwersytetu-slaskiego-w-katowicach\/\">Akty prawne Uniwersytetu \u015al\u0105skiego w Katowicach<\/a><\/li>\n<li class=\"page_item page-item-6839\"><a href=\"https:\/\/us.edu.pl\/instytut\/inoz\/druki-wszczecie-postepowania-doktorskiego\/\">Druki &#8211; wszcz\u0119cie post\u0119powania doktorskiego<\/a><\/li>\n<li class=\"page_item page-item-6841\"><a href=\"https:\/\/us.edu.pl\/instytut\/inoz\/druki-wyznaczenie-promotora-tryb-eksternistyczny\/\">Druki &#8211; wyznaczenie promotora (tryb eksternistyczny)<\/a><\/li>\n<li class=\"page_item page-item-193 page_item_has_children\"><a href=\"https:\/\/us.edu.pl\/instytut\/inoz\/instytut\/\">instytut<\/a>\n<ul class='children'>\n\t<li class=\"page_item page-item-4929\"><a href=\"https:\/\/us.edu.pl\/instytut\/inoz\/instytut\/sklad-rada-instytutu\/\">sk\u0142ad rada instytutu<\/a><\/li>\n\t<li class=\"page_item page-item-4932\"><a href=\"https:\/\/us.edu.pl\/instytut\/inoz\/instytut\/zalaczniki-rada-instytutu\/\">dokumenty rada instytutu<\/a><\/li>\n\t<li class=\"page_item page-item-4971\"><a href=\"https:\/\/us.edu.pl\/instytut\/inoz\/instytut\/biuro-ewaluacji-i-obslugi-instytutu-obsluga-administracyjna\/\">Obs\u0142uga administracyjna<\/a><\/li>\n\t<li class=\"page_item page-item-4972\"><a href=\"https:\/\/us.edu.pl\/instytut\/inoz\/instytut\/biuro-ewaluacji-i-obslugi-instytutu-druki-do-pobrania\/\">Druki do pobrania<\/a><\/li>\n\t<li class=\"page_item page-item-4973\"><a href=\"https:\/\/us.edu.pl\/instytut\/inoz\/instytut\/biuro-ewaluacji-i-obslugi-instytutu-obsluga-zespolow\/\">Obs\u0142uga zespo\u0142\u00f3w<\/a><\/li>\n\t<li class=\"page_item page-item-1211\"><a href=\"https:\/\/us.edu.pl\/instytut\/inoz\/instytut\/historia\/\">historia<\/a><\/li>\n\t<li class=\"page_item page-item-195\"><a href=\"https:\/\/us.edu.pl\/instytut\/inoz\/instytut\/wladze-instytutu\/\">w\u0142adze instytutu<\/a><\/li>\n\t<li class=\"page_item page-item-199\"><a href=\"https:\/\/us.edu.pl\/instytut\/inoz\/instytut\/rada-instytutu\/\">rada instytutu<\/a><\/li>\n\t<li class=\"page_item page-item-201\"><a href=\"https:\/\/us.edu.pl\/instytut\/inoz\/instytut\/biuro-obslugi-instytutu\/\">biuro ewaluacji i obs\u0142ugi instytutu<\/a><\/li>\n<\/ul>\n<\/li>\n<li class=\"page_item page-item-4291\"><a href=\"https:\/\/us.edu.pl\/instytut\/inoz\/dla-pracownika\/\">Dla pracownika<\/a><\/li>\n<li class=\"page_item page-item-6087\"><a href=\"https:\/\/us.edu.pl\/instytut\/inoz\/nasz-przewodnik-po-geomorfologii-codziennej\/\">Nasz przewodnik po geomorfologii codziennej<\/a><\/li>\n<li class=\"page_item page-item-203 page_item_has_children\"><a href=\"https:\/\/us.edu.pl\/instytut\/inoz\/badania\/\">badania<\/a>\n<ul class='children'>\n\t<li class=\"page_item page-item-205\"><a href=\"https:\/\/us.edu.pl\/instytut\/inoz\/badania\/zespoly-badawcze\/\">zespo\u0142y badawcze<\/a><\/li>\n\t<li class=\"page_item page-item-207 page_item_has_children\"><a href=\"https:\/\/us.edu.pl\/instytut\/inoz\/badania\/centra-badawcze\/\">centra badawcze<\/a>\n\t<ul class='children'>\n\t\t<li class=\"page_item page-item-1781\"><a href=\"https:\/\/us.edu.pl\/instytut\/inoz\/badania\/centra-badawcze\/polsko-chinskie-centrum-badan-srodowiskowych\/\">POLSKO-CHI\u0143SKIE CENTRUM BADA\u0143 \u015aRODOWISKOWYCH<\/a><\/li>\n\t<\/ul>\n<\/li>\n\t<li class=\"page_item page-item-209\"><a href=\"https:\/\/us.edu.pl\/instytut\/inoz\/badania\/laboratoria-i-aparatura\/\">laboratoria i aparatura<\/a><\/li>\n\t<li class=\"page_item page-item-211\"><a href=\"https:\/\/us.edu.pl\/instytut\/inoz\/badania\/granty\/\">granty<\/a><\/li>\n\t<li class=\"page_item page-item-213\"><a href=\"https:\/\/us.edu.pl\/instytut\/inoz\/badania\/doktoraty\/\">doktoraty<\/a><\/li>\n<\/ul>\n<\/li>\n<li class=\"page_item page-item-215\"><a href=\"https:\/\/us.edu.pl\/instytut\/inoz\/wspolpraca\/\">wsp\u00f3\u0142praca<\/a><\/li>\n<li class=\"page_item page-item-6879\"><a href=\"https:\/\/us.edu.pl\/instytut\/inoz\/stacja-meteo\/\">Stacja Meteo<\/a><\/li>\n<li class=\"page_item page-item-5344\"><a href=\"https:\/\/us.edu.pl\/instytut\/inoz\/historyczne-mapy-geologiczne\/\">Historyczne mapy geologiczne<\/a><\/li>\n<li class=\"page_item page-item-4331\"><a href=\"https:\/\/us.edu.pl\/instytut\/inoz\/newsletter-inoz\/\">Newsletter INoZ<\/a><\/li>\n<\/ul>\n<\/div>\n<\/div>\r\n                    <\/div>\r\n                <\/div>[\/vc_column][\/vc_row]<\/p>\n","protected":false},"excerpt":{"rendered":"<p>[vc_row][vc_column][\/vc_column][\/vc_row] [&#8230;]<\/p>\n<p><a class=\"btn btn-secondary understrap-read-more-link\" href=\"https:\/\/us.edu.pl\/instytut\/inoz\/mapa-strony\/\">Read More&#8230;<\/a><\/p>\n","protected":false},"author":29,"featured_media":0,"parent":0,"menu_order":0,"comment_status":"closed","ping_status":"closed","template":"page-templates\/sitemap-template.php","meta":{"_expiration-date-status":"saved","_expiration-date":0,"_expiration-date-type":"","_expiration-date-categories":[],"_expiration-date-options":[]},"acf":[],"_links":{"self":[{"href":"https:\/\/us.edu.pl\/instytut\/inoz\/wp-json\/wp\/v2\/pages\/71"}],"collection":[{"href":"https:\/\/us.edu.pl\/instytut\/inoz\/wp-json\/wp\/v2\/pages"}],"about":[{"href":"https:\/\/us.edu.pl\/instytut\/inoz\/wp-json\/wp\/v2\/types\/page"}],"author":[{"embeddable":true,"href":"https:\/\/us.edu.pl\/instytut\/inoz\/wp-json\/wp\/v2\/users\/29"}],"replies":[{"embeddable":true,"href":"https:\/\/us.edu.pl\/instytut\/inoz\/wp-json\/wp\/v2\/comments?post=71"}],"version-history":[{"count":2,"href":"https:\/\/us.edu.pl\/instytut\/inoz\/wp-json\/wp\/v2\/pages\/71\/revisions"}],"predecessor-version":[{"id":98,"href":"https:\/\/us.edu.pl\/instytut\/inoz\/wp-json\/wp\/v2\/pages\/71\/revisions\/98"}],"wp:attachment":[{"href":"https:\/\/us.edu.pl\/instytut\/inoz\/wp-json\/wp\/v2\/media?parent=71"}],"curies":[{"name":"wp","href":"https:\/\/api.w.org\/{rel}","templated":true}]}}