{"id":1110,"date":"2020-01-09T14:07:59","date_gmt":"2020-01-09T13:07:59","guid":{"rendered":"http:\/\/us.edu.pl\/instytut\/inp\/?page_id=1110"},"modified":"2021-12-13T20:03:44","modified_gmt":"2021-12-13T19:03:44","slug":"science-camp-trencin","status":"publish","type":"page","link":"https:\/\/us.edu.pl\/instytut\/inp\/en\/science-camp-trencin\/","title":{"rendered":"Science Camp: Institute of Political Science and Alexander Dub\u010dek University in Tren\u010d\u00edn"},"content":{"rendered":"<p>[vc_row][vc_column]\r\n                <div class=\"text-modules \">\r\n                    <div class=\"container\">\r\n                         <h3 class=\"subtitle text-modules__subtitle\">Science Camp: Institute of Political Science and Alexander Dub\u010dek University in Tren\u010d\u00edn<\/h3>\r\n                        <div class=\"row m-0\">\r\n                            <div class=\"text-modules__content\">\r\n                                In November, a group of students of Political and Public Consulting had the opportunity to participate in a scientific camp organised by the Department of Political Science of the Alexander Dub\u010dek University in Tren\u010d\u00edn. This allowed our students not only to visit the most important places in Bratislava related to the political transformation in Czechoslovakia, but also together with their Slovak peers, they took part in workshops on human rights and ethical and anti-corruption behaviour conducted by Dr Pavol Struh\u00e1r and Dr Mari\u00e1n Bu\u0161\u0161a. As part of the workshops, students created social projects aimed at strengthening the pro-civic and anti-corruption attitudes of young people. The critical point of the camp was a meeting with local activists and representatives of organizations working to build civil society in Slovakia, where students presented their projects. The young people also formulated their recommendations for the Slovak anti-corruption policy. The projects were well received by the guests, who agreed that they would support the implementation of some of them.<\/p>\n<p>The final highlight of the camp was a visit to the nearly one-thousand-year-old castle in Tren\u010d\u00edn \u2013 in the past one of the strategic landmarks along the northern border of the Hungarian State, and today a place promoting local culture and tradition. The group\u2019s supervisors were University of Silesia Professor Marek Migalski, PhD, Maciej Marmola, PhD, and Agata Olszanecka, MA.<\/p>\n<p><a href=\"https:\/\/us.edu.pl\/instytut\/inp\/multimedia\/science-camp-fotorelacja\/\">foto<\/a><\/p>\n<p>&nbsp;<\/p>\n<div class=\"mt-3\"><\/div>\r\n                            <\/div>\r\n                            \r\n                            \r\n                        <\/div>\r\n                    <\/div>\r\n                <\/div>[\/vc_column][\/vc_row]<\/p>","protected":false},"excerpt":{"rendered":"<p>[vc_row][vc_column][\/vc_column][\/vc_row] [&#8230;]<\/p>\n<p><a class=\"btn btn-secondary understrap-read-more-link\" href=\"https:\/\/us.edu.pl\/instytut\/inp\/en\/science-camp-trencin\/\">Read More&#8230;<\/a><\/p>\n","protected":false},"author":141,"featured_media":1105,"parent":0,"menu_order":0,"comment_status":"closed","ping_status":"closed","template":"","meta":{"_expiration-date-status":"saved","_expiration-date":0,"_expiration-date-type":"","_expiration-date-categories":[],"_expiration-date-options":[]},"acf":[],"_links":{"self":[{"href":"https:\/\/us.edu.pl\/instytut\/inp\/en\/wp-json\/wp\/v2\/pages\/1110"}],"collection":[{"href":"https:\/\/us.edu.pl\/instytut\/inp\/en\/wp-json\/wp\/v2\/pages"}],"about":[{"href":"https:\/\/us.edu.pl\/instytut\/inp\/en\/wp-json\/wp\/v2\/types\/page"}],"author":[{"embeddable":true,"href":"https:\/\/us.edu.pl\/instytut\/inp\/en\/wp-json\/wp\/v2\/users\/141"}],"replies":[{"embeddable":true,"href":"https:\/\/us.edu.pl\/instytut\/inp\/en\/wp-json\/wp\/v2\/comments?post=1110"}],"version-history":[{"count":5,"href":"https:\/\/us.edu.pl\/instytut\/inp\/en\/wp-json\/wp\/v2\/pages\/1110\/revisions"}],"predecessor-version":[{"id":4011,"href":"https:\/\/us.edu.pl\/instytut\/inp\/en\/wp-json\/wp\/v2\/pages\/1110\/revisions\/4011"}],"wp:featuredmedia":[{"embeddable":true,"href":"https:\/\/us.edu.pl\/instytut\/inp\/en\/wp-json\/wp\/v2\/media\/1105"}],"wp:attachment":[{"href":"https:\/\/us.edu.pl\/instytut\/inp\/en\/wp-json\/wp\/v2\/media?parent=1110"}],"curies":[{"name":"wp","href":"https:\/\/api.w.org\/{rel}","templated":true}]}}