{"id":1007,"date":"2020-01-08T21:37:52","date_gmt":"2020-01-08T20:37:52","guid":{"rendered":"http:\/\/us.edu.pl\/instytut\/inp\/?page_id=1007"},"modified":"2022-02-22T22:52:08","modified_gmt":"2022-02-22T21:52:08","slug":"konferencja-dylematy-demokracji","status":"publish","type":"page","link":"https:\/\/us.edu.pl\/instytut\/inp\/konferencja-dylematy-demokracji\/","title":{"rendered":"Konferencja: Dylematy demokracji"},"content":{"rendered":"<p>[vc_row][vc_column]\r\n                <div class=\"text-modules \">\r\n                    <div class=\"container\">\r\n                         <h3 class=\"subtitle text-modules__subtitle\">Dylematy Demokracji: Demokracja w dzia\u0142aniu. Adaptacja, akomodacja i modernizacja proces\u00f3w politycznych.<\/h3>\r\n                        <div class=\"row m-0\">\r\n                            <div class=\"text-modules__content\">\r\n                                27\u201329 listopada 2019 r. w Wi\u015ble (miejsce: <strong>Hotel &#8222;STOK&#8221;, 43-460 Wis\u0142a, ul. Jawornik 52a)<\/strong><\/p>\n<p>Konferencja by\u0142a czwartym przedsi\u0119wzi\u0119ciem naukowym z cyklu <em>Dylematy o demokracji<\/em> organizowanym przez Uniwersytet \u015al\u0105ski w Katowicach oraz Uniwersytet Spo\u0142ecznohumanistyczny SWPS. Konferencja odby\u0142a si\u0119 pod patronatem Sekcji Bada\u0144 Wyborczych Polskiego Towarzystwa Nauk Politycznych. W tym roku has\u0142em przewodnim konferencji by\u0142o \u201eDemokracja w dzia\u0142aniu. Adaptacja, akomodacja i modernizacja proces\u00f3w politycznych\u201d. Temat ten jest szczeg\u00f3lnie istotny z punktu widzenia przemian, jakie zachodz\u0105 obecnie na scenach politycznych pa\u0144stw Europy oraz opinii cz\u0119\u015bci badaczy i publicyst\u00f3w wieszcz\u0105cych kryzys demokracji liberalnej. Demokracja, jako system odniesie\u0144 polityczno-spo\u0142ecznych, opiera si\u0119 na dynamicznych procesach zmian. Te z\u00a0kolei mog\u0105 mie\u0107 charakter \u017cywio\u0142owy lub planowy, co implikuje zar\u00f3wno ich przebieg, jak i\u00a0skutki. \u0179r\u00f3d\u0142a zmian upatrywa\u0107 mo\u017cna w\u00a0ich endogenicznym lub egzogenicznym pochodzeniu, kt\u00f3re warunkowane jest sposobem postrzegania demokracji jako systemu zale\u017cnego lub te\u017c nie. Sama demokracja mo\u017ce by\u0107 tak\u017ce instrumentem kreowania proces\u00f3w wewn\u0119trznej, zachodz\u0105cej w\u00a0mikroskali, zmiany.<\/p>\n<p>Konferencja sk\u0142ada\u0142a si\u0119 z dw\u00f3ch cz\u0119\u015bci \u2013 w pierwszej odby\u0142a si\u0119 debata naukowa z udzia\u0142em prof. U\u015a dra hab. Marka Migalskiego oraz prof. dra hab. Antoniego Dudka (prowadzi\u0142a Karolina Lewicka). W drugiej cz\u0119\u015bci odby\u0142y si\u0119 panele z indywidualnymi wyst\u0105pieniami uczestnik\u00f3w konferencji, m.in.: Waldemar Wojtasik, Pawe\u0142 Matuszewski, Jaros\u0142aw Flis, Igor Lyubashenko, Maciej G\u00f3recki, Micha\u0142 Pierzgalski, Micha\u0142 Wenzel, And\u017celika Mirska, Aleksander Hy\u017corek, Jerzy Sielski, Maciej Turek, Pawe\u0142 Laidler.<\/p>\n<p><span style=\"font-family: 'Verdana',sans-serif;\"><a href=\"https:\/\/us.edu.pl\/instytut\/inp\/multimedia\/konferencja-naukowa-dylematy-demokracji\/\">fotorelacja<\/a> <\/span> \r\n                                <div class=\"mt-3\"><\/div>\r\n                            <\/div>\r\n                            \r\n                            \r\n                        <\/div>\r\n                    <\/div>\r\n                <\/div>[\/vc_column][\/vc_row][vc_row][vc_column][vc_video link=&#8221;https:\/\/youtu.be\/SXH33CAcB-s&#8221; el_width=&#8221;50&#8243; title=&#8221;Demokracja w dzia\u0142aniu &#8211; debata (prof. Antoni Dudek oraz prof. Marek Migalski)&#8221; css=&#8221;.vc_custom_1645566724176{margin-left: 40px !important;}&#8221;][\/vc_column][\/vc_row]<\/p>","protected":false},"excerpt":{"rendered":"<p>[vc_row][vc_column][\/vc_column][\/vc_row][vc_row][vc_column][vc_video link=&#8221;https:\/\/youtu.be\/SXH33CAcB-s&#8221; el_width=&#8221;50&#8243; title=&#8221;Demokracja w dzia\u0142aniu &#8211; debata (prof. Antoni Dudek oraz prof. Marek Migalski)&#8221; css=&#8221;.vc_custom_1645566724176{margin-left: 40px !important;}&#8221;][\/vc_column][\/vc_row] [&#8230;]<\/p>\n<p><a class=\"btn btn-secondary understrap-read-more-link\" href=\"https:\/\/us.edu.pl\/instytut\/inp\/konferencja-dylematy-demokracji\/\">Read More&#8230;<\/a><\/p>\n","protected":false},"author":141,"featured_media":0,"parent":0,"menu_order":0,"comment_status":"closed","ping_status":"closed","template":"","meta":{"_expiration-date-status":"saved","_expiration-date":0,"_expiration-date-type":"","_expiration-date-categories":[],"_expiration-date-options":[]},"acf":[],"_links":{"self":[{"href":"https:\/\/us.edu.pl\/instytut\/inp\/wp-json\/wp\/v2\/pages\/1007"}],"collection":[{"href":"https:\/\/us.edu.pl\/instytut\/inp\/wp-json\/wp\/v2\/pages"}],"about":[{"href":"https:\/\/us.edu.pl\/instytut\/inp\/wp-json\/wp\/v2\/types\/page"}],"author":[{"embeddable":true,"href":"https:\/\/us.edu.pl\/instytut\/inp\/wp-json\/wp\/v2\/users\/141"}],"replies":[{"embeddable":true,"href":"https:\/\/us.edu.pl\/instytut\/inp\/wp-json\/wp\/v2\/comments?post=1007"}],"version-history":[{"count":3,"href":"https:\/\/us.edu.pl\/instytut\/inp\/wp-json\/wp\/v2\/pages\/1007\/revisions"}],"predecessor-version":[{"id":4188,"href":"https:\/\/us.edu.pl\/instytut\/inp\/wp-json\/wp\/v2\/pages\/1007\/revisions\/4188"}],"wp:attachment":[{"href":"https:\/\/us.edu.pl\/instytut\/inp\/wp-json\/wp\/v2\/media?parent=1007"}],"curies":[{"name":"wp","href":"https:\/\/api.w.org\/{rel}","templated":true}]}}