{"id":1012,"date":"2020-01-08T21:45:36","date_gmt":"2020-01-08T20:45:36","guid":{"rendered":"http:\/\/us.edu.pl\/instytut\/inp\/?page_id=1012"},"modified":"2025-06-01T13:34:43","modified_gmt":"2025-06-01T11:34:43","slug":"konferencje-i-seminaria-naukowe-nadchodzace","status":"publish","type":"page","link":"https:\/\/us.edu.pl\/instytut\/inp\/konferencje-i-seminaria-naukowe-nadchodzace\/","title":{"rendered":"nadchodz\u0105ce"},"content":{"rendered":"<p>[vc_row][vc_column]\r\n                <div class=\"tiles-section\" style=\"background: \">\r\n                    <div class=\"container\">\r\n                        <div class=\"tiles tiles-3 color-blue\">\r\n                            <a href=\"https:\/\/us.edu.pl\/instytut\/inp\/50-lecie\" class=\"tile tile_2\">\r\n                                <div class=\"tile__img\">\r\n                                    \r\n                                <\/div>\r\n                                <div class=\"tile__title-small\">50-lecie INP<\/div>\r\n                                <div class=\"tile__title-big\">\"Mi\u0119dzy stabilno\u015bci\u0105 a nieprzewidywalno\u015bci\u0105: polityka w czasach przemian\"<\/div>\r\n                            <\/a><\/div>\r\n                    <\/div>\r\n                <\/div>\r\n                [\/vc_column][\/vc_row][vc_column][\/vc_column]<\/p>","protected":false},"excerpt":{"rendered":"<p>[vc_row][vc_column][\/vc_column][\/vc_row][vc_column][\/vc_column] [&#8230;]<\/p>\n<p><a class=\"btn btn-secondary understrap-read-more-link\" href=\"https:\/\/us.edu.pl\/instytut\/inp\/konferencje-i-seminaria-naukowe-nadchodzace\/\">Read More&#8230;<\/a><\/p>\n","protected":false},"author":141,"featured_media":0,"parent":0,"menu_order":0,"comment_status":"closed","ping_status":"closed","template":"","meta":{"_expiration-date-status":"","_expiration-date":0,"_expiration-date-type":"","_expiration-date-categories":[],"_expiration-date-options":[]},"acf":[],"_links":{"self":[{"href":"https:\/\/us.edu.pl\/instytut\/inp\/wp-json\/wp\/v2\/pages\/1012"}],"collection":[{"href":"https:\/\/us.edu.pl\/instytut\/inp\/wp-json\/wp\/v2\/pages"}],"about":[{"href":"https:\/\/us.edu.pl\/instytut\/inp\/wp-json\/wp\/v2\/types\/page"}],"author":[{"embeddable":true,"href":"https:\/\/us.edu.pl\/instytut\/inp\/wp-json\/wp\/v2\/users\/141"}],"replies":[{"embeddable":true,"href":"https:\/\/us.edu.pl\/instytut\/inp\/wp-json\/wp\/v2\/comments?post=1012"}],"version-history":[{"count":10,"href":"https:\/\/us.edu.pl\/instytut\/inp\/wp-json\/wp\/v2\/pages\/1012\/revisions"}],"predecessor-version":[{"id":8180,"href":"https:\/\/us.edu.pl\/instytut\/inp\/wp-json\/wp\/v2\/pages\/1012\/revisions\/8180"}],"wp:attachment":[{"href":"https:\/\/us.edu.pl\/instytut\/inp\/wp-json\/wp\/v2\/media?parent=1012"}],"curies":[{"name":"wp","href":"https:\/\/api.w.org\/{rel}","templated":true}]}}