{"id":1122,"date":"2020-01-09T14:59:26","date_gmt":"2020-01-09T13:59:26","guid":{"rendered":"http:\/\/us.edu.pl\/instytut\/inp\/?page_id=1122"},"modified":"2020-01-09T15:06:33","modified_gmt":"2020-01-09T14:06:33","slug":"konferencja-antynomie-demokracji","status":"publish","type":"page","link":"https:\/\/us.edu.pl\/instytut\/inp\/konferencja-antynomie-demokracji\/","title":{"rendered":"Konferencja: Antymonie demokracji"},"content":{"rendered":"<p>[vc_row][vc_column]\r\n                <div class=\"text-modules \">\r\n                    <div class=\"container\">\r\n                         <h3 class=\"subtitle text-modules__subtitle\">Antymonie demokracji<\/h3>\r\n                        <div class=\"row m-0\">\r\n                            <div class=\"text-modules__content\">\r\n                                Kroczyce, 5-6 listopada 2019 r.<\/p>\n<p>Demokracja to ustr\u00f3j o ca\u0142o\u015bciowym charakterze wysokim poziomie sp\u00f3jno\u015bci normatywnej, proceduralnej i instytucjonalnej oraz legitymizacji. Nie jest jednak pozbawiona antynomii, jakie os\u0142abiaj\u0105 jej mechanizmy i procesy funkcjonowania. Niema\u0142a ich cz\u0119\u015b\u0107 cechuje r\u00f3\u017cne typy ustroj\u00f3w. W pa\u0144stwach demokratycznych przybieraj\u0105 jednak odr\u0119bn\u0105, specyficzn\u0105 posta\u0107. Do najbardziej dostrzegalnych nale\u017c\u0105 antynomie mi\u0119dzy: zasad\u0105 rz\u0105d\u00f3w wi\u0119kszo\u015bci a konieczno\u015bci\u0105 respektowania interes\u00f3w mniejszo\u015bci, miejscem i rol\u0105 jednostki oraz ca\u0142o\u015bci ponadjednostkowych w \u017cyciu spo\u0142ecznym, zasad\u0105 rz\u0105d\u00f3w reprezentatywnych a rz\u0105dami fachowc\u00f3w, skuteczno\u015bci\u0105 a etyczno\u015bci\u0105 dzia\u0142a\u0144, liberalizmem a egalitaryzmem, procesami w\u0142\u0105czenia i wykluczenia spo\u0142ecznego, pragmatyzmem a programowo\u015bci\u0105 polityk, \u015bwiecko\u015bci\u0105 a religijno\u015bci\u0105 pa\u0144stw, centralizacj\u0105 a samorz\u0105dno\u015bci\u0105 i wiele innych. Zosta\u0142y one podj\u0119te w wyst\u0105pieniach zaproszonych go\u015bci.<\/p>\n<p><span style=\"font-family: 'Verdana',sans-serif\"><a href=\"https:\/\/us.edu.pl\/instytut\/inp\/multimedia\/antynomie-demokracji\/\">fotorelacja<\/a> <\/span> \r\n                                <div class=\"mt-3\"><\/div>\r\n                            <\/div>\r\n                            \r\n                            \r\n                        <\/div>\r\n                    <\/div>\r\n                <\/div>[\/vc_column][\/vc_row]<\/p>","protected":false},"excerpt":{"rendered":"<p>[vc_row][vc_column][\/vc_column][\/vc_row] [&#8230;]<\/p>\n<p><a class=\"btn btn-secondary understrap-read-more-link\" href=\"https:\/\/us.edu.pl\/instytut\/inp\/konferencja-antynomie-demokracji\/\">Read More&#8230;<\/a><\/p>\n","protected":false},"author":141,"featured_media":0,"parent":0,"menu_order":0,"comment_status":"closed","ping_status":"closed","template":"","meta":{"_expiration-date-status":"saved","_expiration-date":0,"_expiration-date-type":"","_expiration-date-categories":[],"_expiration-date-options":[]},"acf":[],"_links":{"self":[{"href":"https:\/\/us.edu.pl\/instytut\/inp\/wp-json\/wp\/v2\/pages\/1122"}],"collection":[{"href":"https:\/\/us.edu.pl\/instytut\/inp\/wp-json\/wp\/v2\/pages"}],"about":[{"href":"https:\/\/us.edu.pl\/instytut\/inp\/wp-json\/wp\/v2\/types\/page"}],"author":[{"embeddable":true,"href":"https:\/\/us.edu.pl\/instytut\/inp\/wp-json\/wp\/v2\/users\/141"}],"replies":[{"embeddable":true,"href":"https:\/\/us.edu.pl\/instytut\/inp\/wp-json\/wp\/v2\/comments?post=1122"}],"version-history":[{"count":2,"href":"https:\/\/us.edu.pl\/instytut\/inp\/wp-json\/wp\/v2\/pages\/1122\/revisions"}],"predecessor-version":[{"id":1137,"href":"https:\/\/us.edu.pl\/instytut\/inp\/wp-json\/wp\/v2\/pages\/1122\/revisions\/1137"}],"wp:attachment":[{"href":"https:\/\/us.edu.pl\/instytut\/inp\/wp-json\/wp\/v2\/media?parent=1122"}],"curies":[{"name":"wp","href":"https:\/\/api.w.org\/{rel}","templated":true}]}}