{"id":1187,"date":"2020-01-15T22:34:43","date_gmt":"2020-01-15T21:34:43","guid":{"rendered":"http:\/\/us.edu.pl\/instytut\/inp\/?page_id=1187"},"modified":"2020-01-30T09:52:45","modified_gmt":"2020-01-30T08:52:45","slug":"migalski-marek-ekspert","status":"publish","type":"page","link":"https:\/\/us.edu.pl\/instytut\/inp\/migalski-marek-ekspert\/","title":{"rendered":"Marek Migalski &#8211; ekspert"},"content":{"rendered":"<p>[vc_row][vc_column]\r\n                <div class=\"text-modules reverse\">\r\n                    <div class=\"container\">\r\n                        <h3 class=\"section-title section-title_border-bottom\">dr hab. Marek Migalski, prof. U\u015a<\/h3> \r\n                        <div class=\"row m-0\">\r\n                            <div class=\"text-modules__content\">\r\n                                <\/p>\n<h3>1) Dane<\/h3>\n<p>Imi\u0119 i nazwisko: Marek Migalski<br \/>\nInstytut:\u00a0Instytut Nauk Politycznych<br \/>\nE-mail: marek.migalski@us.edu.pl<\/p>\n<h3>2) Proponowane pola wsp\u00f3\u0142pracy<\/h3>\n<p>Narody i nacjonalizmy, partie i systemy partyjne, kampanie wyborcze, media, neuropolityka, zastosowanie dokona\u0144 kognitywistyki, prymatologii i neurobiologii do badania zachowa\u0144 politycznych, polityka polska.<\/p>\n<h3>3) Sylwetka eksperta<\/h3>\n<p>By\u0142y europose\u0142 w latach 2009-2014, by\u0142by wiceprezes dw\u00f3ch partii politycznych, znany publicysta i komentator polityczny, wsp\u00f3\u0142prowadz\u0105cy program \u201eDwie prawdy\u201d w tvn24, pisarz (autor dw\u00f3ch powie\u015bci \u201eWielki fina\u0142\u201d i \u201e1989. Barwy zamienne\u201d), reduktarianin.<\/p>\n<div class=\"mt-3\"><\/div>\r\n                            <\/div>\r\n                            \r\n                            <div class=\"text-modules__img\"><img src=\"https:\/\/us.edu.pl\/instytut\/inp\/wp-content\/uploads\/sites\/31\/Nieprzypisane\/M_Migalski2-150x150.png\" alt=\"img\"><\/div>\r\n                        <\/div>\r\n                    <\/div>\r\n                <\/div>[\/vc_column][\/vc_row]<\/p>","protected":false},"excerpt":{"rendered":"<p>[vc_row][vc_column][\/vc_column][\/vc_row] [&#8230;]<\/p>\n<p><a class=\"btn btn-secondary understrap-read-more-link\" href=\"https:\/\/us.edu.pl\/instytut\/inp\/migalski-marek-ekspert\/\">Read More&#8230;<\/a><\/p>\n","protected":false},"author":141,"featured_media":0,"parent":0,"menu_order":0,"comment_status":"closed","ping_status":"closed","template":"","meta":{"_expiration-date-status":"saved","_expiration-date":0,"_expiration-date-type":"","_expiration-date-categories":[],"_expiration-date-options":[]},"acf":[],"_links":{"self":[{"href":"https:\/\/us.edu.pl\/instytut\/inp\/wp-json\/wp\/v2\/pages\/1187"}],"collection":[{"href":"https:\/\/us.edu.pl\/instytut\/inp\/wp-json\/wp\/v2\/pages"}],"about":[{"href":"https:\/\/us.edu.pl\/instytut\/inp\/wp-json\/wp\/v2\/types\/page"}],"author":[{"embeddable":true,"href":"https:\/\/us.edu.pl\/instytut\/inp\/wp-json\/wp\/v2\/users\/141"}],"replies":[{"embeddable":true,"href":"https:\/\/us.edu.pl\/instytut\/inp\/wp-json\/wp\/v2\/comments?post=1187"}],"version-history":[{"count":3,"href":"https:\/\/us.edu.pl\/instytut\/inp\/wp-json\/wp\/v2\/pages\/1187\/revisions"}],"predecessor-version":[{"id":2120,"href":"https:\/\/us.edu.pl\/instytut\/inp\/wp-json\/wp\/v2\/pages\/1187\/revisions\/2120"}],"wp:attachment":[{"href":"https:\/\/us.edu.pl\/instytut\/inp\/wp-json\/wp\/v2\/media?parent=1187"}],"curies":[{"name":"wp","href":"https:\/\/api.w.org\/{rel}","templated":true}]}}