{"id":179,"date":"2019-12-30T15:48:04","date_gmt":"2019-12-30T14:48:04","guid":{"rendered":"http:\/\/us.edu.pl\/instytut\/inp\/?page_id=179"},"modified":"2025-01-07T16:00:16","modified_gmt":"2025-01-07T15:00:16","slug":"o-instytucie","status":"publish","type":"page","link":"https:\/\/us.edu.pl\/instytut\/inp\/o-instytucie\/","title":{"rendered":"O instytucie"},"content":{"rendered":"<p>[vc_row][vc_column]\r\n                <div class=\"text-modules \">\r\n                    <div class=\"container\">\r\n                        <h3 class=\"section-title section-title_border-bottom\">O instytucie<\/h3> \r\n                        <div class=\"row m-0\">\r\n                            <div class=\"text-modules__content\">\r\n                                <strong>Instytut Nauk Politycznych<\/strong> powsta\u0142 1 pa\u017adziernika 1975. Instytut ten wyodr\u0119bni\u0142 si\u0119 z Instytutu Filozofii, Socjologii i Nauk Politycznych, podobnie jak Instytut Filozofii i Instytut Socjologii. W 1978 roku zmieniono nazw\u0119 na Instytut Nauk Politycznych i Dziennikarstwa i pod tak\u0105 nazw\u0105 funkcjonowa\u0142 do 2019 roku. W\u00f3wczas, 1 pa\u017adziernika jednostka powr\u00f3ci\u0142a do korzeni, przywracaj\u0105c pierwotn\u0105 nazw\u0119.<\/p>\n<p>Instytut w ramach prowadzonych bada\u0144 naukowych wsp\u00f3\u0142pracuje przede wszystkim z badaczami z dw\u00f3ch region\u00f3w europejskich: basenu Morza \u015ar\u00f3dziemnego (m.in. Hiszpania, W\u0142ochy, Francja, Turcja) oraz z Europ\u0105 \u015arodkow\u0105 i Wschodni\u0105 (Czechy, S\u0142owacja, W\u0119gry, Rumunia). Polega ona na odbywaniu licznych sta\u017cy naukowych, wizyt studyjnych, kt\u00f3rych pok\u0142osiem s\u0105 publikacje naukowe i projekty badawcze. Poza tym podj\u0119li\u015bmy wsp\u00f3\u0142prac\u0119 z badaczami z Norwegii, Stan\u00f3w Zjednoczonych, Tajwanu.<\/p>\n<p>Obecnie w Instytucie prowadzone s\u0105 dwa kierunki bada\u0144 podstawowych, kt\u00f3rych wyniki s\u0105 aktywnie aplikowane w otoczeniu Uniwersytetu \u015al\u0105skiego, jak r\u00f3wnie\u017c na p\u0142aszczy\u017anie mi\u0119dzynarodowej. Pierwszym jest dzia\u0142alno\u015b\u0107 antykorupcyjna. W jej ramach w INP zosta\u0142y zrealizowane du\u017ce projekty badawcze: Przeciwdzia\u0142anie korupcji w samorz\u0105dzie terytorialnym (2015), Korupcja w administracji (2016) oraz Korupcja politycza (2017). Na podstawie prowadzonych bada\u0144 (publikowanych r\u00f3wnie\u017c na \u0142amach wysokopunktowanych czasopism) opracowano Zintegrowany System Zabezpiecze\u0144 Antykorupcyjnych, kt\u00f3ry wprowadzany jest w podmiotach samorz\u0105dowych, komercyjnych i edukacyjnych na poziomie zar\u00f3wno og\u00f3lnopolskim, jak i mi\u0119dzynarodowym. Drugi obszar bada\u0144 to przeciwdzia\u0142anie depopulacji, kt\u00f3ra jest jednym z najwi\u0119kszych problem\u00f3w w regionie G\u00f3rnego \u015al\u0105ska i Zag\u0142\u0119bia, ale r\u00f3wnie\u017c jest przedmiotem trosk miast polskich i innych pa\u0144stw europejskich. W ramach bada\u0144 pracownicy prowadz\u0105 analizy \u017ar\u00f3de\u0142 depopulacji, projektuj\u0105 ekspertyzy powstrzymuj\u0105ce niekorzystne trendy, podejmuj\u0105 wsp\u00f3\u0142prac\u0119 mi\u0119dzynarodow\u0105 maj\u0105c\u0105 na celu wymian\u0119 do\u015bwiadcze\u0144, realizuj\u0105 projekty wzmacniaj\u0105ce przywi\u0105zanie m\u0142odych do regionu (m.in. Uniwersytet Najlepszych).<\/p>\n<p>Pracownicy Instytutu Nauk Politycznych aktywnie anga\u017cuj\u0105 si\u0119 w inicjatywy European Consortium for Political Research oraz American Political Science Association. Prezentuj\u0105 wyniki prowadzonych przez siebie bada\u0144 na og\u00f3lnopolskich oraz mi\u0119dzynarodowych konferencjach, m.in. w Waszyngtonie, Bostonie, Cambridge, Florencji, Hamburgu, Turynie, Ostravie, Atenach. \r\n                                <div class=\"mt-3\"><\/div>\r\n                            <\/div>\r\n                            \r\n                            \r\n                        <\/div>\r\n                    <\/div>\r\n                <\/div>[\/vc_column][\/vc_row]<\/p>","protected":false},"excerpt":{"rendered":"<p>[vc_row][vc_column][\/vc_column][\/vc_row] [&#8230;]<\/p>\n<p><a class=\"btn btn-secondary understrap-read-more-link\" href=\"https:\/\/us.edu.pl\/instytut\/inp\/o-instytucie\/\">Read More&#8230;<\/a><\/p>\n","protected":false},"author":141,"featured_media":0,"parent":0,"menu_order":0,"comment_status":"closed","ping_status":"closed","template":"page-templates\/page-with-sidebar.php","meta":{"_expiration-date-status":"saved","_expiration-date":0,"_expiration-date-type":"","_expiration-date-categories":[],"_expiration-date-options":[]},"acf":[],"_links":{"self":[{"href":"https:\/\/us.edu.pl\/instytut\/inp\/wp-json\/wp\/v2\/pages\/179"}],"collection":[{"href":"https:\/\/us.edu.pl\/instytut\/inp\/wp-json\/wp\/v2\/pages"}],"about":[{"href":"https:\/\/us.edu.pl\/instytut\/inp\/wp-json\/wp\/v2\/types\/page"}],"author":[{"embeddable":true,"href":"https:\/\/us.edu.pl\/instytut\/inp\/wp-json\/wp\/v2\/users\/141"}],"replies":[{"embeddable":true,"href":"https:\/\/us.edu.pl\/instytut\/inp\/wp-json\/wp\/v2\/comments?post=179"}],"version-history":[{"count":8,"href":"https:\/\/us.edu.pl\/instytut\/inp\/wp-json\/wp\/v2\/pages\/179\/revisions"}],"predecessor-version":[{"id":2813,"href":"https:\/\/us.edu.pl\/instytut\/inp\/wp-json\/wp\/v2\/pages\/179\/revisions\/2813"}],"wp:attachment":[{"href":"https:\/\/us.edu.pl\/instytut\/inp\/wp-json\/wp\/v2\/media?parent=179"}],"curies":[{"name":"wp","href":"https:\/\/api.w.org\/{rel}","templated":true}]}}