{"id":1843,"date":"2020-01-22T21:59:35","date_gmt":"2020-01-22T20:59:35","guid":{"rendered":"http:\/\/us.edu.pl\/instytut\/inp\/?page_id=1843"},"modified":"2020-11-04T20:31:44","modified_gmt":"2020-11-04T19:31:44","slug":"introduction-to-research-projects","status":"publish","type":"page","link":"https:\/\/us.edu.pl\/instytut\/inp\/introduction-to-research-projects\/","title":{"rendered":"Introduction to Research Projects"},"content":{"rendered":"<p>[vc_row][vc_column]\r\n                <div class=\"text-modules \">\r\n                    <div class=\"container\">\r\n                        <h3 class=\"section-title section-title_border-bottom\">Introduction to Research Projects<\/h3> \r\n                        <div class=\"row m-0\">\r\n                            <div class=\"text-modules__content\">\r\n                                Instytut Nauk Politycznych U\u015a wyr\u00f3\u017cnia nie tylko dba\u0142o\u015b\u0107 o wysok\u0105 jako\u015b\u0107 bada\u0144 prowadzonych przez pracownik\u00f3w, ale tak\u017ce praca nad przygotowywaniem student\u00f3w do przysz\u0142ej pracy naukowej i projektowej. Realizacji tego celu s\u0142u\u017cy prowadzenie przez dr hab. prof. U\u015a Ma\u0142gorzat\u0119 My\u015bliwiec zaj\u0119\u0107 konwersatoryjnych, oferowanych zar\u00f3wno studentom polskim, jak i obcokrajowcom, pod nazw\u0105 <em>Introduction to Research Projects<\/em>. Cykl kszta\u0142cenia w tym zakresie obejmuje pi\u0119\u0107 etap\u00f3w. W pierwszym z nich studenci s\u0105 zapoznawani z og\u00f3lnymi zasadami przygotowywania projekt\u00f3w oraz zaletami tworzenia zespo\u0142\u00f3w badawczych (ze szczeg\u00f3lnym uwzgl\u0119dnieniem zespo\u0142\u00f3w mi\u0119dzynarodowych). W drugim tworz\u0105 oni grupy, w kt\u00f3rych pracuj\u0105 do ko\u0144ca semestru. Warunkiem utworzenia grupy jest w\u0142\u0105czenie w jej sk\u0142ad zar\u00f3wno student\u00f3w polskich, jak i przynajmniej jednego cudzoziemca. Etap trzeci wi\u0105\u017ce si\u0119 z prac\u0105 koncepcyjn\u0105 nad zaproponowaniem wsp\u00f3lnego i oryginalnego tematu badawczego oraz podzia\u0142em zada\u0144 w grupie. Etap czwarty zak\u0142ada przedstawienie przez ka\u017cd\u0105 grup\u0119 g\u0142\u00f3wnych za\u0142o\u017ce\u0144 badawczych (uzasadnienie wyboru tematu, prezentacja postawionych pyta\u0144 i hipotez, charakterystyka dotychczasowego stanu bada\u0144 oraz metodologii) wszystkim uczestnikom konwersatorium. Po prezentacji nast\u0119puje tura pyta\u0144 oraz dyskusja nad przedstawion\u0105 propozycj\u0105. Etap pi\u0105ty polega na przygotowaniu wsp\u00f3lnego artyku\u0142u przez ka\u017cd\u0105 z grup. Jego przed\u0142o\u017cenie osobie prowadz\u0105cej zaj\u0119cia jest warunkiem uzyskania zaliczenia.<br \/>\nUczestnictwo w zaj\u0119ciach <em>Introduction to Research Projects<\/em> wi\u0105\u017ce si\u0119 z nabyciem i udoskonaleniem przez student\u00f3w nast\u0119puj\u0105cych umiej\u0119tno\u015bci:<\/p>\n<ul>\n<li>praca koncepcyjna nad projektem,<\/li>\n<li>praca w zespole mi\u0119dzynarodowym,<\/li>\n<li>komunikowanie w j\u0119zyku angielskim oraz w innych j\u0119zykach obcych,<\/li>\n<li>wsp\u00f3lne opracowywanie tekstu naukowego w j\u0119zyku angielskim.<\/li>\n<\/ul>\n<p>Ponadto studenci uczestnicz\u0105cy w zaj\u0119ciach s\u0105 w\u0142\u0105czani w \u017cycie naukowe uczelni poprzez aktywny udzia\u0142 w organizowanych konferencjach i seminariach tematycznych.<\/p>\n<p><span style=\"font-size: 11.0pt;line-height: 150%;font-family: 'Verdana',sans-serif\"><a href=\"https:\/\/us.edu.pl\/instytut\/inp\/multimedia\/introduction-to-research-projects\/\">fotorelacja<\/a><\/span> \r\n                                <div class=\"mt-3\"><\/div>\r\n                            <\/div>\r\n                            \r\n                            \r\n                        <\/div>\r\n                    <\/div>\r\n                <\/div>[\/vc_column][\/vc_row]<\/p>","protected":false},"excerpt":{"rendered":"<p>[vc_row][vc_column][\/vc_column][\/vc_row] [&#8230;]<\/p>\n<p><a class=\"btn btn-secondary understrap-read-more-link\" href=\"https:\/\/us.edu.pl\/instytut\/inp\/introduction-to-research-projects\/\">Read More&#8230;<\/a><\/p>\n","protected":false},"author":141,"featured_media":0,"parent":0,"menu_order":0,"comment_status":"closed","ping_status":"closed","template":"","meta":{"_expiration-date-status":"saved","_expiration-date":0,"_expiration-date-type":"","_expiration-date-categories":[],"_expiration-date-options":[]},"acf":[],"_links":{"self":[{"href":"https:\/\/us.edu.pl\/instytut\/inp\/wp-json\/wp\/v2\/pages\/1843"}],"collection":[{"href":"https:\/\/us.edu.pl\/instytut\/inp\/wp-json\/wp\/v2\/pages"}],"about":[{"href":"https:\/\/us.edu.pl\/instytut\/inp\/wp-json\/wp\/v2\/types\/page"}],"author":[{"embeddable":true,"href":"https:\/\/us.edu.pl\/instytut\/inp\/wp-json\/wp\/v2\/users\/141"}],"replies":[{"embeddable":true,"href":"https:\/\/us.edu.pl\/instytut\/inp\/wp-json\/wp\/v2\/comments?post=1843"}],"version-history":[{"count":4,"href":"https:\/\/us.edu.pl\/instytut\/inp\/wp-json\/wp\/v2\/pages\/1843\/revisions"}],"predecessor-version":[{"id":3135,"href":"https:\/\/us.edu.pl\/instytut\/inp\/wp-json\/wp\/v2\/pages\/1843\/revisions\/3135"}],"wp:attachment":[{"href":"https:\/\/us.edu.pl\/instytut\/inp\/wp-json\/wp\/v2\/media?parent=1843"}],"curies":[{"name":"wp","href":"https:\/\/api.w.org\/{rel}","templated":true}]}}