{"id":2206,"date":"2020-02-24T11:24:13","date_gmt":"2020-02-24T10:24:13","guid":{"rendered":"http:\/\/us.edu.pl\/instytut\/inp\/?page_id=2206"},"modified":"2020-11-04T20:05:40","modified_gmt":"2020-11-04T19:05:40","slug":"badania-antykorupcyjne","status":"publish","type":"page","link":"https:\/\/us.edu.pl\/instytut\/inp\/badania-antykorupcyjne\/","title":{"rendered":"Badania antykorupcyjne"},"content":{"rendered":"<p>[vc_row][vc_column]\r\n                <div class=\"text-modules \">\r\n                    <div class=\"container\">\r\n                        <h3 class=\"section-title section-title_border-bottom\">Badania antykorupcyjne<\/h3> \r\n                        <div class=\"row m-0\">\r\n                            <div class=\"text-modules__content\">\r\n                                Jednym z g\u0142\u00f3wnych wymiar\u00f3w prowadzonych w Instytucie Nauk Politycznych studi\u00f3w wdro\u017ceniowych s\u0105 badania antykorupcyjne. Dzia\u0142alno\u015b\u0107 ekspert\u00f3w z INP w zakresie przeciwdzia\u0142ania r\u00f3\u017cnym formom korupcji jest wa\u017cna zar\u00f3wno w perspektywie aktywno\u015bci na rzecz poprawy funkcjonowania instytucji publicznych, ale r\u00f3wnie\u017c \u2013 w konsekwencji \u2013 zwi\u0119kszenia obywatelskiego zaufania instytucjonalnego, kt\u00f3re od wielu lat prezentuje si\u0119 na niskim poziomie.<br \/>\nBadania i refleksje pracownik\u00f3w INP zosta\u0142y przedstawione w kilku publikacjach naukowych: Przeciwdzia\u0142anie korupcji w samorz\u0105dzie terytorialnym. Raport z bada\u0144 w wojew\u00f3dztwie \u015bl\u0105skim (red. nauk. Agnieszka Turska- Kawa, Marek Czaja, 2015), Korupcja w administracji (red. nauk. Agnieszka Turska- Kawa, Ma\u0142gorzata My\u015bliwiec, 2016), Korupcja polityczna (Agnieszka Turska- Kawa, Waldemar Wojtasik, 2017), The Role of Trust in Political Corruption : Outline of the Subject, (Agnieszka Turska-Kawa, \u201ePolitical Preferences\u201d, 2015, nr 11, s. 59-73) Przeciwdzia\u0142anie korupcji \u2013 uj\u0119cie wielop\u0142aszczyznowe (Agnieszka Turska-Kawa, \u201ePolitical Preferences\u201d, nr 17, 2017, 109-118), Spo\u0142eczne postrzeganie korupcji politycznej w perspektywie oceny uczciwo\u015bci w\u0142adz politycznych (Waldemar Wojtasik, Political Preferences ,2017, vol. 17: 119-128) Rola korupcji politycznej w procesie rozliczalno\u015bci wertykalnej na poziomie lokalnym (Waldemar Wojtasik, \u201eAthenaeum. Polskie Studia Politologiczne\u201d, nr 58, 2018, s. 114-127), Corruption in Spain and Catalonia after 2008 (Ma\u0142gorzata My\u015bliwiec, Krzysztof Stachowicz, \u201ePrzegl\u0105d Narodowo\u015bciowy\u201d, nr 8, 2018: 225-236).<br \/>\nPonadto zorganizowali\u015bmy dwie konferencje naukowe: Przeciwdzia\u0142anie korupcji w samorz\u0105dzie terytorialnym (2015) oraz Przeciwdzia\u0142anie korupcji w sporcie (2016). Zaproszenie na pierwsze spotkanie skierowane by\u0142o do \u015brodowisk samorz\u0105dowych, naukowych oraz prawniczych. Wyk\u0142ady wyg\u0142osili: mecenas Mateusz Mania, dr hab. Patrycja Szostok, burmistrz Czechowic-Dziedzic Marian B\u0142achut, dr hab. Agnieszka Turska-Kawa oraz dr Szymon Ko\u0142odziej. Drugie przedsi\u0119wzi\u0119cie skierowane by\u0142o do \u015brodowisk, kt\u00f3re w r\u00f3\u017cnych obszarach zajmuj\u0105 si\u0119 sportem. Wyst\u0105pili w nim: Grzegorz Kisiel (Centralne Biuro Antykorupcyjne), Rafa\u0142 Kolano (radca prawny), Tomasz Kudlicki (dyrektor Wydzia\u0142u S\u0119dziowsko-Komisarskiego Tauron Basket Ligii), Dawid Mrowiec (dyrektor ds. Marketingu E-TOTO Zak\u0142ady Bukmacherskie), Dominik Panek (tw\u00f3rca bloga Pilkarskamafia.pl), Kamil Sarapata (dyrektor ds. marketingu Piast Gliwice SA). W 2016 roku dr hab. Patrycja Szostok przeprowadzi\u0142a wyk\u0142ad na Wydziale Nauk Spo\u0142ecznych dla przedstawicieli pion\u00f3w komunikacyjnych w samorz\u0105dzie terytorialnym nt Korupcja jako problem wizerunkowy w samorz\u0105dzie terytorialnym. Kana\u0142y informacyjne i komunikacja kryzysowa w przypadku wyst\u0105pienia zjawisk korupcyjnych. Pracownicy INP prowadzili r\u00f3wnie\u017c warsztaty w Uniwersytecie im. Alexandra Dupceka w Trencinie (S\u0142owacja): Building anti-corruption attitudes amng University members (dr hab. Agnieszka Turska-Kawa, prof. U\u015a, listopad 2018), Anti-corruptin attitudes among students as a foundation of civic society (dr hab. Waldemar Wojtasik, prof. U\u015a, marzec 2019), The role of whistleblowers in the process of building civil society (dr hab. Rafa\u0142 Glajcar, prof. U\u015a, stycze\u0144 2020). Podj\u0119li\u015bmy r\u00f3wnie\u017c wsp\u00f3\u0142prac\u0119 z Polskim Instytutem Badawczym i Muzeum w Budapeszcie (Lengyel Kutat\u00f3int\u00e9zet \u00e9s M\u00fazeum) w zakresie przeciwdzia\u0142ania praktykom korupcyjnym w dziedzinie prowadzenia bada\u0144 naukowych.<br \/>\nPodejmowane przez pracownik\u00f3w INP inicjatywy naukowe i eksploracje badawcze wypracowa\u0142y silny fundament zaufania w otoczeniu zewn\u0119trznym, zar\u00f3wno na poziomie regionalnym, og\u00f3lnopolskim, jak i mi\u0119dzynarodowym. W konsekwencji nasi eksperci zapraszani s\u0105 do wsp\u00f3\u0142pracy i konsultacji w ramach wdra\u017canych dzia\u0142a\u0144 stra\u017cniczych w podmiotach samorz\u0105du terytorialnego czy biznesu. Nasi pracownicy (dr Maciej Marmola, dr hab. Agnieszka Turska-Kawa, dr hab. Waldemar Wojtasik) regularnie zapraszani s\u0105 do prowadzenia szkole\u0144 antykorupcyjnych w podmiotach otoczenia zewn\u0119trznego (m.in. Generalna Dyrekcja Dr\u00f3g Krajowych i Autostrad. Oddzia\u0142 w Katowicach, Zesp\u00f3\u0142 Szk\u00f3\u0142 Centrum Kszta\u0142cenia Rolniczego w Studzie\u0144cu, Fellowes Polska S.A., Urz\u0105d Miasta w \u015awi\u0119toch\u0142owicach, Urz\u0105d Miasta w Gliwicach, G\u0142\u00f3wny Inspektorat Ochrony Ro\u015blin i Nasiennictwa w Warszawie, Urz\u0105d Miasta w Wojkowicach czy REKOPOL Organizacja Odzysku Opakowa\u0144 S.A.). Opracowali\u015bmy programy szkole\u0144, kt\u00f3re zyska\u0142y aprobat\u0119 otoczenia zewn\u0119trznego: Etyka, przeciwdzia\u0142anie korupcji i konfliktowi interes\u00f3w, Etyczna administracja. Przeciwdzia\u0142anie korupcji i konfliktowi interes\u00f3w w administracji publicznej, Psychologiczne uwarunkowania zachowa\u0144 korupcyjnych, Korupcja a zam\u00f3wienia publiczne, Etyka, przeciwdzia\u0142anie korupcji i konfliktowi interes\u00f3w w administracji publicznej z elementami prawa zam\u00f3wie\u0144 publicznych.<br \/>\nNa bazie bada\u0144 w\u0142asnych i do\u015bwiadcze\u0144 dr hab. Waldemar Wojtasik, prof. U\u015a stworzy\u0142 Zintegrowany System Zabezpieczenia Antykorupcyjnego. Zawiera on analiz\u0119 stanu zastanego z uwzgl\u0119dnieniem uwarunkowa\u0144, b\u0119d\u0105cych przyczynami poziomu ryzyk korupcyjnych. Na tej podstawie proponowane s\u0105 dzia\u0142ania, maj\u0105ce na celu kontrol\u0119 poziomu zagro\u017cenia korupcj\u0105 z ukierunkowaniem na aktywne zarz\u0105dzanie. \u0141\u0105czy ono w sobie oddzia\u0142ywanie na sfer\u0119 \u015bwiadomo\u015bci, kszta\u0142towanie oczekiwanych postaw etycznych oraz system normatywnych zabezpiecze\u0144. Dzi\u0119ki takiemu uj\u0119ciu, poza funkcj\u0105 prewencyjn\u0105 potrafi tak\u017ce zareagowa\u0107 na ryzyko pojawienia si\u0119 zdarzenia korupcyjnego np. poprzez istnienie procedur informowania o uzasadnionych podejrzeniach.<br \/>\nZSZA zawiera r\u00f3wnie\u017c dzia\u0142ania bezpo\u015brednio skierowane do pracownik\u00f3w instytucji. Podmiotem korupcji jest cz\u0142owiek i to w\u0142a\u015bnie jego \u015bwiadomo\u015b\u0107, wiedza, silna postawa psychologiczna, wewn\u0119trzne kanony uczciwo\u015bci i rzetelno\u015bci powinny by\u0107 punktem wyj\u015bcia dla dzia\u0142a\u0144 antykorupcyjnych. ZSZA wdra\u017cany jest przez pracownik\u00f3w Uniwersytetu \u015al\u0105skiego. S\u0105 to osoby maj\u0105ce du\u017ce do\u015bwiadczenie w zakresie projektowania i wdra\u017cania system\u00f3w antykorupcyjnych w firmach prywatnych, przedsi\u0119biorstwach pa\u0144stwowych, urz\u0119dach i plac\u00f3wkach publicznych oraz wsp\u00f3\u0142pracy z do\u015bwiadczonymi w zakresie przeciwdzia\u0142ania korupcji podmiotami (m.in. Centralnym Biurem Antykorupcyjnym, Biurem Analiz Sejmowych). Zesp\u00f3\u0142 sk\u0142ada si\u0119 z prawnik\u00f3w, ekonomist\u00f3w oraz specjalist\u00f3w w zakresie zarz\u0105dzania. Osoby te zajmuj\u0105 si\u0119 przeciwdzia\u0142aniem korupcji nie tylko w praktyce, ale i pracy naukowo-badawczej, co stanowi wsparcie dla projektowanych program\u00f3w edukacyjnych i profilaktycznych. ZSZA zosta\u0142 wdro\u017cony m.in. w jednym z najwi\u0119kszych przedsi\u0119biorstw farmaceutycznych w Polsce, Angelini Pharma Polska (b\u0119d\u0105cym cz\u0119\u015bci\u0105 globalnej korporacji notowanej na Wall Street), Szybka Kolej Miejska sp. z.o.o. w Gdyni, UM Gliwice.<br \/>\nMi\u0119dzynarodowy obszar wdro\u017ce\u0144 narz\u0119dzi antykorupcyjnych obejmuje implementacj\u0119 regulacji europejskich oraz certyfikowane szkolenia antykorupcyjne dla polskich przedstawicielstw firm ameryka\u0144skich i brytyjskich, oraz przedsi\u0119biorstw wsp\u00f3\u0142pracuj\u0105cych z podmiotami z Wielkiej Brytanii i USA. S\u0105 one zgodne z wymogami UK Bribery Act oraz Foreign Corrupt Practices Act i stanowi\u0105, w coraz wi\u0119kszej liczbie przypadk\u00f3w, podstawowy warunek dla mo\u017cliwo\u015bci podj\u0119cia wsp\u00f3\u0142pracy w biznesie i administracji. Po wej\u015bciu w \u017cycie Brytyjskiej Ustawy Antykorupcyjnej (UK Bribery Act) oraz ameryka\u0144skiego Foreign Corrupt Practices Act organy do tego powo\u0142ane maj\u0105 mo\u017cliwo\u015b\u0107 \u015bcigania przest\u0119pstw korupcyjnych pope\u0142nionych przy okazji negocjowania transakcji mi\u0119dzynarodowych. Mechanizm dzia\u0142ania jest prosty \u2013 firma dzia\u0142aj\u0105ca w USA lub Wielkiej Brytanii mo\u017ce zosta\u0107 poci\u0105gni\u0119ta do odpowiedzialno\u015bci za dzia\u0142ania podmiot\u00f3w zale\u017cnych, tak\u017ce poza granicami jurysdykcji tych pa\u0144stw. Wynika z tego, \u017ce zagraniczni partnerzy biznesowi mog\u0105 odpowiada\u0107 za ewentualne dzia\u0142ania korupcyjne pope\u0142niane w ich imieniu w ka\u017cdym pa\u0144stwie \u015bwiata, tak\u017ce w Polsce.<\/p>\n<div class=\"mt-3\"><\/div>\r\n                            <\/div>\r\n                            \r\n                            <div class=\"text-modules__img\"><img src=\"https:\/\/us.edu.pl\/instytut\/inp\/wp-content\/uploads\/sites\/31\/Nieprzypisane\/no-corruption-4650589_1280.png\" alt=\"img\"><\/div>\r\n                        <\/div>\r\n                    <\/div>\r\n                <\/div>[\/vc_column][\/vc_row]<\/p>","protected":false},"excerpt":{"rendered":"<p>[vc_row][vc_column][\/vc_column][\/vc_row] [&#8230;]<\/p>\n<p><a class=\"btn btn-secondary understrap-read-more-link\" href=\"https:\/\/us.edu.pl\/instytut\/inp\/badania-antykorupcyjne\/\">Read More&#8230;<\/a><\/p>\n","protected":false},"author":141,"featured_media":0,"parent":0,"menu_order":0,"comment_status":"closed","ping_status":"closed","template":"","meta":{"_expiration-date-status":"saved","_expiration-date":0,"_expiration-date-type":"","_expiration-date-categories":[],"_expiration-date-options":[]},"acf":[],"_links":{"self":[{"href":"https:\/\/us.edu.pl\/instytut\/inp\/wp-json\/wp\/v2\/pages\/2206"}],"collection":[{"href":"https:\/\/us.edu.pl\/instytut\/inp\/wp-json\/wp\/v2\/pages"}],"about":[{"href":"https:\/\/us.edu.pl\/instytut\/inp\/wp-json\/wp\/v2\/types\/page"}],"author":[{"embeddable":true,"href":"https:\/\/us.edu.pl\/instytut\/inp\/wp-json\/wp\/v2\/users\/141"}],"replies":[{"embeddable":true,"href":"https:\/\/us.edu.pl\/instytut\/inp\/wp-json\/wp\/v2\/comments?post=2206"}],"version-history":[{"count":3,"href":"https:\/\/us.edu.pl\/instytut\/inp\/wp-json\/wp\/v2\/pages\/2206\/revisions"}],"predecessor-version":[{"id":3094,"href":"https:\/\/us.edu.pl\/instytut\/inp\/wp-json\/wp\/v2\/pages\/2206\/revisions\/3094"}],"wp:attachment":[{"href":"https:\/\/us.edu.pl\/instytut\/inp\/wp-json\/wp\/v2\/media?parent=2206"}],"curies":[{"name":"wp","href":"https:\/\/api.w.org\/{rel}","templated":true}]}}