{"id":24,"date":"2019-10-25T12:31:32","date_gmt":"2019-10-25T10:31:32","guid":{"rendered":"http:\/\/us.edu.pl\/instytut\/inp\/?page_id=24"},"modified":"2019-10-31T11:23:35","modified_gmt":"2019-10-31T10:23:35","slug":"mapa-strony","status":"publish","type":"page","link":"https:\/\/us.edu.pl\/instytut\/inp\/mapa-strony\/","title":{"rendered":"Mapa strony"},"content":{"rendered":"<p>[vc_row][vc_column]\r\n                <div class=\"text-modules\">\r\n                    <div class=\"container\">\r\n                        \r\n                        <div class=\"text-modules__content\"><div class=\"wsp-container\"><h2 class=\"wsp-pages-title\">Pages<\/h2>\n<ul class=\"wsp-pages-list\">\n<li class=\"page_item page-item-256\"><a href=\"https:\/\/us.edu.pl\/instytut\/inp\/wspolpraca-naukowa\/\">Wsp\u00f3\u0142praca naukowa<\/a><\/li>\n<li class=\"page_item page-item-4608\"><a href=\"https:\/\/us.edu.pl\/instytut\/inp\/blockchai-centrum-edukacji-promocji-i-implementacji-technologii-blockchain-w-przestrzeni-publicznej\/\">Centrum Edukacji, Promocji i Implementacji Technologii Blockchain w Przestrzeni Publicznej<\/a><\/li>\n<li class=\"page_item page-item-2305\"><a href=\"https:\/\/us.edu.pl\/instytut\/inp\/pracownicy-o-swoich-publikacjach\/\">Pracownicy o swoich publikacjach<\/a><\/li>\n<li class=\"page_item page-item-258\"><a href=\"https:\/\/us.edu.pl\/instytut\/inp\/erasmus-dla-pracownikow\/\">Erasmus+ dla pracownik\u00f3w<\/a><\/li>\n<li class=\"page_item page-item-770\"><a href=\"https:\/\/us.edu.pl\/instytut\/inp\/nasi-eksperci\/\">Nasi eksperci<\/a><\/li>\n<li class=\"page_item page-item-260\"><a href=\"https:\/\/us.edu.pl\/instytut\/inp\/ecpr\/\">ECPR<\/a><\/li>\n<li class=\"page_item page-item-772\"><a href=\"https:\/\/us.edu.pl\/instytut\/inp\/kubin-tomasz-ekspert\/\">Kubin Tomasz &#8211; ekspert<\/a><\/li>\n<li class=\"page_item page-item-5\"><a href=\"https:\/\/us.edu.pl\/instytut\/inp\/\">Strona g\u0142\u00f3wna<\/a><\/li>\n<li class=\"page_item page-item-777\"><a href=\"https:\/\/us.edu.pl\/instytut\/inp\/wojtasik-waldemar-ekspert\/\">Wojtasik Waldemar &#8211; ekspert<\/a><\/li>\n<li class=\"page_item page-item-782\"><a href=\"https:\/\/us.edu.pl\/instytut\/inp\/marmola-maciej-ekspert\/\">Marmola Maciej &#8211; ekspert<\/a><\/li>\n<li class=\"page_item page-item-788\"><a href=\"https:\/\/us.edu.pl\/instytut\/inp\/lorencka-malgorzata-ekspert\/\">Lorencka Ma\u0142gorzata &#8211; ekspert<\/a><\/li>\n<li class=\"page_item page-item-24\"><a href=\"https:\/\/us.edu.pl\/instytut\/inp\/mapa-strony\/\">Mapa strony<\/a><\/li>\n<li class=\"page_item page-item-280\"><a href=\"https:\/\/us.edu.pl\/instytut\/inp\/wspolpraca-z-otoczeniem\/\">Wsp\u00f3\u0142praca z otoczeniem<\/a><\/li>\n<li class=\"page_item page-item-792\"><a href=\"https:\/\/us.edu.pl\/instytut\/inp\/stepien-lampa-natalia-ekspert\/\">St\u0119pie\u0144-Lampa Natalia &#8211; ekspert<\/a><\/li>\n<li class=\"page_item page-item-4888\"><a href=\"https:\/\/us.edu.pl\/instytut\/inp\/projekt-grey-voters\/\">Projekt Grey Voters<\/a><\/li>\n<li class=\"page_item page-item-26\"><a href=\"https:\/\/us.edu.pl\/instytut\/inp\/kontakt\/\">Kontakt<\/a><\/li>\n<li class=\"page_item page-item-538\"><a href=\"https:\/\/us.edu.pl\/instytut\/inp\/professionalisation-and-social-impact-of-european-political-science\/\">Professionalisation and Social Impact of European Political Science<\/a><\/li>\n<li class=\"page_item page-item-795\"><a href=\"https:\/\/us.edu.pl\/instytut\/inp\/turska-kawa-agnieszka-ekspert\/\">Turska-Kawa Agnieszka &#8211; ekspert<\/a><\/li>\n<li class=\"page_item page-item-28\"><a href=\"https:\/\/us.edu.pl\/instytut\/inp\/wszystko\/\">Wszystko<\/a><\/li>\n<li class=\"page_item page-item-1827\"><a href=\"https:\/\/us.edu.pl\/instytut\/inp\/radek-robert-ekspert\/\">Radek Robert &#8211; ekspert<\/a><\/li>\n<li class=\"page_item page-item-7715\"><a href=\"https:\/\/us.edu.pl\/instytut\/inp\/50-lecie\/\">50-lecie Instytutu Nauk Politycznych<\/a><\/li>\n<li class=\"page_item page-item-805\"><a href=\"https:\/\/us.edu.pl\/instytut\/inp\/ipsa\/\">IPSA<\/a><\/li>\n<li class=\"page_item page-item-808\"><a href=\"https:\/\/us.edu.pl\/instytut\/inp\/nasze-sukcesy\/\">Nasze sukcesy<\/a><\/li>\n<li class=\"page_item page-item-3880\"><a href=\"https:\/\/us.edu.pl\/instytut\/inp\/wyzwania-europy-srodkowej-i-wschodniej-vol-2\/\">Wyzwania Europy \u015arodkowej i Wschodniej vol. 2: Nowe \u2013 stare populizmy<\/a><\/li>\n<li class=\"page_item page-item-811\"><a href=\"https:\/\/us.edu.pl\/instytut\/inp\/my-w-mediach\/\">My w mediach<\/a><\/li>\n<li class=\"page_item page-item-2604\"><a href=\"https:\/\/us.edu.pl\/instytut\/inp\/mlodzi-robia-metropolie\/\">Wsparcie naukowo-strategiczne w ramach projektu pn. &#8222;M\u0142odzi robi\u0105 Metropoli\u0119&#8221;<\/a><\/li>\n<li class=\"page_item page-item-4909\"><a href=\"https:\/\/us.edu.pl\/instytut\/inp\/analiza-czynnikow-oddzialujacych-na-rezultaty-wybor-w-do-dumy-panstwowej-federacji-rosyjskiej-z-2021-roku\/\">Analiza czynnik\u00f3w oddzia\u0142uj\u0105cych na rezultaty wybor\u00f3w do Dumy Pa\u0144stwowej Federacji Rosyjskiej z 2021 roku &#8211; strategia wyborcza &#8222;inteligentne g\u0142osowanie&#8221;<\/a><\/li>\n<li class=\"page_item page-item-3632\"><a href=\"https:\/\/us.edu.pl\/instytut\/inp\/debaty-i-spotkania-kola-naukowego-doradztwa-politycznego-us\/\">Debaty i spotkania Ko\u0142a Naukowego Doradztwa Politycznego U\u015a<\/a><\/li>\n<li class=\"page_item page-item-306\"><a href=\"https:\/\/us.edu.pl\/instytut\/inp\/kontakt-2\/\">Kontakt<\/a><\/li>\n<li class=\"page_item page-item-1843\"><a href=\"https:\/\/us.edu.pl\/instytut\/inp\/introduction-to-research-projects\/\">Introduction to Research Projects<\/a><\/li>\n<li class=\"page_item page-item-2358\"><a href=\"https:\/\/us.edu.pl\/instytut\/inp\/czasopisma-2020\/\">Czasopisma 2020<\/a><\/li>\n<li class=\"page_item page-item-3902\"><a href=\"https:\/\/us.edu.pl\/instytut\/inp\/i-miedzynarodowa-konferencja-candp-2021-communication-and-politics-in-the-time-of-pandemic\/\">I Mi\u0119dzynarodowa Konferencja CandP 2021 \u201eCommunication and Politics in the Time of Pandemic\u201d<\/a><\/li>\n<li class=\"page_item page-item-578\"><a href=\"https:\/\/us.edu.pl\/instytut\/inp\/czyz-anna\/\">Czy\u017c Anna<\/a><\/li>\n<li class=\"page_item page-item-3907\"><a href=\"https:\/\/us.edu.pl\/instytut\/inp\/seminarium-naukowe-korupcja-polityczna-analiza-zjawiska-w-perspektywie-polityk-publicznych\/\">Seminarium naukowe \u201cKorupcja polityczna. Analiza zjawiska w perspektywie polityk publicznych\u201d<\/a><\/li>\n<li class=\"page_item page-item-3915\"><a href=\"https:\/\/us.edu.pl\/instytut\/inp\/sciezki-badawcze\/\">\u015acie\u017cki badawcze<\/a><\/li>\n<li class=\"page_item page-item-1356\"><a href=\"https:\/\/us.edu.pl\/instytut\/inp\/monografie\/\">Monografie<\/a><\/li>\n<li class=\"page_item page-item-4940\"><a href=\"https:\/\/us.edu.pl\/instytut\/inp\/batko-kornelia\/\">Batko Kornelia<\/a><\/li>\n<li class=\"page_item page-item-334\"><a href=\"https:\/\/us.edu.pl\/instytut\/inp\/cepsa\/\">CEPSA<\/a><\/li>\n<li class=\"page_item page-item-336\"><a href=\"https:\/\/us.edu.pl\/instytut\/inp\/apsa\/\">APSA<\/a><\/li>\n<li class=\"page_item page-item-593\"><a href=\"https:\/\/us.edu.pl\/instytut\/inp\/migalski-marek\/\">Migalski Marek<\/a><\/li>\n<li class=\"page_item page-item-595\"><a href=\"https:\/\/us.edu.pl\/instytut\/inp\/czuba-michal\/\">Czuba Micha\u0142<\/a><\/li>\n<li class=\"page_item page-item-1108\"><a href=\"https:\/\/us.edu.pl\/instytut\/inp\/projekt-mlodzi-w-nauce\/\">Projekt m\u0142odzi w nauce<\/a><\/li>\n<li class=\"page_item page-item-1110\"><a href=\"https:\/\/us.edu.pl\/instytut\/inp\/science-camp-trencin\/\">Science Camp: Instytut Nauk Politycznych i Uniwersytet Alexandra Dub\u010deka w Trenczynie<\/a><\/li>\n<li class=\"page_item page-item-3926\"><a href=\"https:\/\/us.edu.pl\/instytut\/inp\/postawy-polakow-wobec-mniejszosci-etnicznych-i-narodowych\/\">Postawy Polak\u00f3w wobec mniejszo\u015bci etnicznych i narodowych<\/a><\/li>\n<li class=\"page_item page-item-599\"><a href=\"https:\/\/us.edu.pl\/instytut\/inp\/petranova-dana\/\">Petranova Dana<\/a><\/li>\n<li class=\"page_item page-item-5463\"><a href=\"https:\/\/us.edu.pl\/instytut\/inp\/newsletter\/\">Newsletter<\/a><\/li>\n<li class=\"page_item page-item-601\"><a href=\"https:\/\/us.edu.pl\/instytut\/inp\/czornik-katarzyna\/\">Czornik Katarzyna<\/a><\/li>\n<li class=\"page_item page-item-349\"><a href=\"https:\/\/us.edu.pl\/instytut\/inp\/uniwersytet-najlepszych\/\">Uniwersytet Najlepszych<\/a><\/li>\n<li class=\"page_item page-item-4445\"><a href=\"https:\/\/us.edu.pl\/instytut\/inp\/miedzynarodowa-konferencja-naukowa-wyzwania-europy-srodkowej-i-wschodniej-vol-3-konflikty-i-migracje\/\">Mi\u0119dzynarodowa Konferencja Naukowa \u201eWyzwania Europy \u015arodkowej i Wschodniej vol. 3: Konflikty i Migracje\u201d<\/a><\/li>\n<li class=\"page_item page-item-352\"><a href=\"https:\/\/us.edu.pl\/instytut\/inp\/centrum-badawcze-polityk-publicznych-i-problemow-regulacyjnych\/\">Centrum Badawcze Polityk Publicznych i Problem\u00f3w Regulacyjnych<\/a><\/li>\n<li class=\"page_item page-item-2656\"><a href=\"https:\/\/us.edu.pl\/instytut\/inp\/badania-nad-depopulacja\/\">Badania nad depopulacj\u0105<\/a><\/li>\n<li class=\"page_item page-item-609\"><a href=\"https:\/\/us.edu.pl\/instytut\/inp\/natalia-stepien-lampa\/\">Natalia St\u0119pie\u0144-Lampa<\/a><\/li>\n<li class=\"page_item page-item-1122\"><a href=\"https:\/\/us.edu.pl\/instytut\/inp\/konferencja-antynomie-demokracji\/\">Konferencja: Antymonie demokracji<\/a><\/li>\n<li class=\"page_item page-item-612\"><a href=\"https:\/\/us.edu.pl\/instytut\/inp\/kubin-tomasz\/\">Kubin Tomasz<\/a><\/li>\n<li class=\"page_item page-item-4197\"><a href=\"https:\/\/us.edu.pl\/instytut\/inp\/lakomy-miron\/\">Lakomy Miron<\/a><\/li>\n<li class=\"page_item page-item-1385\"><a href=\"https:\/\/us.edu.pl\/instytut\/inp\/czasopisma-2019\/\">Czasopisma 2019<\/a><\/li>\n<li class=\"page_item page-item-3690\"><a href=\"https:\/\/us.edu.pl\/instytut\/inp\/czasopisma-2021\/\">Czasopisma 2021<\/a><\/li>\n<li class=\"page_item page-item-620\"><a href=\"https:\/\/us.edu.pl\/instytut\/inp\/wajzer-mateusz\/\">Wajzer Mateusz<\/a><\/li>\n<li class=\"page_item page-item-2413\"><a href=\"https:\/\/us.edu.pl\/instytut\/inp\/widera-wiktor\/\">Widera Wiktor<\/a><\/li>\n<li class=\"page_item page-item-4978\"><a href=\"https:\/\/us.edu.pl\/instytut\/inp\/krajowa-polityka-bezpieczenstwa-chin-jako-instrument-sekurytyzacji-projektow-infrastrukturalnych-wdrazanych-w-azji-centralnej\/\">Krajowa polityka bezpiecze\u0144stwa Chin jako instrument sekurytyzacji projekt\u00f3w infrastrukturalnych wdra\u017canych w Azji Centralnej<\/a><\/li>\n<li class=\"page_item page-item-374\"><a href=\"https:\/\/us.edu.pl\/instytut\/inp\/nasze-czasopisma\/\">Nasze czasopisma<\/a><\/li>\n<li class=\"page_item page-item-1398\"><a href=\"https:\/\/us.edu.pl\/instytut\/inp\/czasopisma\/\">Czasopisma<\/a><\/li>\n<li class=\"page_item page-item-632\"><a href=\"https:\/\/us.edu.pl\/instytut\/inp\/lapaj-kucharska-justyna\/\">\u0141apaj-Kucharska Justyna<\/a><\/li>\n<li class=\"page_item page-item-1145\"><a href=\"https:\/\/us.edu.pl\/instytut\/inp\/rada-programowo-biznesowa-inp\/\">Rada Programowo-Biznesowa INP<\/a><\/li>\n<li class=\"page_item page-item-2171\"><a href=\"https:\/\/us.edu.pl\/instytut\/inp\/badania-aplikacyjne\/\">Badania aplikacyjne<\/a><\/li>\n<li class=\"page_item page-item-636\"><a href=\"https:\/\/us.edu.pl\/instytut\/inp\/kubas-sebastian\/\">Kubas Sebastian<\/a><\/li>\n<li class=\"page_item page-item-7295\"><a href=\"https:\/\/us.edu.pl\/instytut\/inp\/czasopisma-2024\/\">Czasopisma 2024<\/a><\/li>\n<li class=\"page_item page-item-385\"><a href=\"https:\/\/us.edu.pl\/instytut\/inp\/nasi-absolwenci\/\">Nasi absolwenci<\/a><\/li>\n<li class=\"page_item page-item-641\"><a href=\"https:\/\/us.edu.pl\/instytut\/inp\/obrebska-marta\/\">Obr\u0119bska Marta<\/a><\/li>\n<li class=\"page_item page-item-4993\"><a href=\"https:\/\/us.edu.pl\/instytut\/inp\/czasopisma-2023\/\">Czasopisma 2023<\/a><\/li>\n<li class=\"page_item page-item-646\"><a href=\"https:\/\/us.edu.pl\/instytut\/inp\/stolarczyk-mieczyslaw\/\">Stolarczyk Mieczys\u0142aw<\/a><\/li>\n<li class=\"page_item page-item-8328\"><a href=\"https:\/\/us.edu.pl\/instytut\/inp\/ksztaltowanie-kompetencji-obywatelskich\/\">Kszta\u0142towanie kompetencji obywatelskich jako wyzwanie dla wsp\u00f3\u0142czesnych politolog\u00f3w<\/a><\/li>\n<li class=\"page_item page-item-649\"><a href=\"https:\/\/us.edu.pl\/instytut\/inp\/miarka-agnieszka\/\">Miarka Agnieszka<\/a><\/li>\n<li class=\"page_item page-item-1418\"><a href=\"https:\/\/us.edu.pl\/instytut\/inp\/czasopisma-2018\/\">Czasopisma 2018<\/a><\/li>\n<li class=\"page_item page-item-3210\"><a href=\"https:\/\/us.edu.pl\/instytut\/inp\/doktoranci\/\">Doktoranci<\/a><\/li>\n<li class=\"page_item page-item-652\"><a href=\"https:\/\/us.edu.pl\/instytut\/inp\/baranski-marek\/\">Bara\u0144ski Marek<\/a><\/li>\n<li class=\"page_item page-item-2700\"><a href=\"https:\/\/us.edu.pl\/instytut\/inp\/projekty-komercjalizacyjne\/\">Projekty komercjalizacyjne<\/a><\/li>\n<li class=\"page_item page-item-7052\"><a href=\"https:\/\/us.edu.pl\/instytut\/inp\/budzanowska-anna\/\">Budzanowska Anna<\/a><\/li>\n<li class=\"page_item page-item-2703\"><a href=\"https:\/\/us.edu.pl\/instytut\/inp\/wyzwania-europy-srodkowo-wschodniej\/\">Wyzwania Europy \u015arodkowo-Wschodniej<\/a><\/li>\n<li class=\"page_item page-item-7055\"><a href=\"https:\/\/us.edu.pl\/instytut\/inp\/wator-wlodzimierz\/\">W\u0105tor W\u0142odzimierz<\/a><\/li>\n<li class=\"page_item page-item-656\"><a href=\"https:\/\/us.edu.pl\/instytut\/inp\/radek-robert\/\">Radek Robert<\/a><\/li>\n<li class=\"page_item page-item-914\"><a href=\"https:\/\/us.edu.pl\/instytut\/inp\/ptnp-o-katowice\/\">PTNP o. Katowice<\/a><\/li>\n<li class=\"page_item page-item-4498\"><a href=\"https:\/\/us.edu.pl\/instytut\/inp\/horyzont-europa-trust-in-european-democracies\/\">Horyzont Europa: \u201eTrust in European Democracies&#8221;<\/a><\/li>\n<li class=\"page_item page-item-3731\"><a href=\"https:\/\/us.edu.pl\/instytut\/inp\/uniwersyteckie-centrum-kreatywnego-obywatelstwa\/\">Uniwersyteckie Centrum Kreatywnego Obywatelstwa<\/a><\/li>\n<li class=\"page_item page-item-661\"><a href=\"https:\/\/us.edu.pl\/instytut\/inp\/lorencka-malgorzata\/\">Lorencka Ma\u0142gorzata<\/a><\/li>\n<li class=\"page_item page-item-5014\"><a href=\"https:\/\/us.edu.pl\/instytut\/inp\/galica-natalia\/\">Galica Natalia<\/a><\/li>\n<li class=\"page_item page-item-665\"><a href=\"https:\/\/us.edu.pl\/instytut\/inp\/szynol-monika\/\">Szynol Monika<\/a><\/li>\n<li class=\"page_item page-item-2206\"><a href=\"https:\/\/us.edu.pl\/instytut\/inp\/badania-antykorupcyjne\/\">Badania antykorupcyjne<\/a><\/li>\n<li class=\"page_item page-item-671\"><a href=\"https:\/\/us.edu.pl\/instytut\/inp\/turon-kowalska-agnieszka\/\">Turo\u0144-Kowalska Agnieszka<\/a><\/li>\n<li class=\"page_item page-item-1183\"><a href=\"https:\/\/us.edu.pl\/instytut\/inp\/czornik-katarzyna-ekspert\/\">Czornik Katarzyna &#8211; ekspert<\/a><\/li>\n<li class=\"page_item page-item-1187\"><a href=\"https:\/\/us.edu.pl\/instytut\/inp\/migalski-marek-ekspert\/\">Marek Migalski &#8211; ekspert<\/a><\/li>\n<li class=\"page_item page-item-676\"><a href=\"https:\/\/us.edu.pl\/instytut\/inp\/glajcar-rafal\/\">Glajcar Rafa\u0142<\/a><\/li>\n<li class=\"page_item page-item-4516\"><a href=\"https:\/\/us.edu.pl\/instytut\/inp\/projekt-edih\/\">Projekt EDIH<\/a><\/li>\n<li class=\"page_item page-item-2469\"><a href=\"https:\/\/us.edu.pl\/instytut\/inp\/pron-elzbieta\/\">Pro\u0144 El\u017cbieta<\/a><\/li>\n<li class=\"page_item page-item-3750\"><a href=\"https:\/\/us.edu.pl\/instytut\/inp\/satysfakcja-ze-zdalnego-nauczania-raport\/\">Satysfakcja ze zdalnego nauczania: raport<\/a><\/li>\n<li class=\"page_item page-item-8615\"><a href=\"https:\/\/us.edu.pl\/instytut\/inp\/czasopisma-2025\/\">Czasopisma 2025<\/a><\/li>\n<li class=\"page_item page-item-680\"><a href=\"https:\/\/us.edu.pl\/instytut\/inp\/mitrega-marian\/\">Mitr\u0119ga Marian<\/a><\/li>\n<li class=\"page_item page-item-1449\"><a href=\"https:\/\/us.edu.pl\/instytut\/inp\/czasopisma-2017\/\">Czasopisma 2017<\/a><\/li>\n<li class=\"page_item page-item-683\"><a href=\"https:\/\/us.edu.pl\/instytut\/inp\/wojtasik-waldemar\/\">Wojtasik Waldemar<\/a><\/li>\n<li class=\"page_item page-item-2733\"><a href=\"https:\/\/us.edu.pl\/instytut\/inp\/doktor-habilitowany\/\">Doktor habilitowany<\/a><\/li>\n<li class=\"page_item page-item-175\"><a href=\"https:\/\/us.edu.pl\/instytut\/inp\/instytut\/\">Instytut<\/a><\/li>\n<li class=\"page_item page-item-687\"><a href=\"https:\/\/us.edu.pl\/instytut\/inp\/wrobel-sylwester\/\">Wr\u00f3bel Sylwester<\/a><\/li>\n<li class=\"page_item page-item-179\"><a href=\"https:\/\/us.edu.pl\/instytut\/inp\/o-instytucie\/\">O instytucie<\/a><\/li>\n<li class=\"page_item page-item-4277\"><a href=\"https:\/\/us.edu.pl\/instytut\/inp\/nie-tylko-o-polityce-podcast-studentow-dpip\/\">O polityce i nie tylko&#8230; &#8211; podcast student\u00f3w DPiP<\/a><\/li>\n<li class=\"page_item page-item-439\"><a href=\"https:\/\/us.edu.pl\/instytut\/inp\/uwarunkowania-specyfiki-zachowan-politycznych-mieszkancow-wojewodztwa-slaskiego\/\">Uwarunkowania specyfiki zachowa\u0144 politycznych mieszka\u0144c\u00f3w wojew\u00f3dztwa \u015bl\u0105skiego<\/a><\/li>\n<li class=\"page_item page-item-695\"><a href=\"https:\/\/us.edu.pl\/instytut\/inp\/mysliwiec-malgorzata\/\">My\u015bliwiec Ma\u0142gorzata<\/a><\/li>\n<li class=\"page_item page-item-698\"><a href=\"https:\/\/us.edu.pl\/instytut\/inp\/mus-anna\/\">Mu\u015b Anna<\/a><\/li>\n<li class=\"page_item page-item-2490\"><a href=\"https:\/\/us.edu.pl\/instytut\/inp\/chinskie-nowe-jedwabne-szlaki-w-azji-centralnej-srodki-strategie-i-aktorzy-inicjatywy-pasa-i-drogi\/\">Chi\u0144skie Nowe Jedwabne Szlaki w Azji Centralnej &#8211; \u015brodki, strategie i aktorzy Inicjatywy Pasa i Drogi<\/a><\/li>\n<li class=\"page_item page-item-701\"><a href=\"https:\/\/us.edu.pl\/instytut\/inp\/grzywna-pawel\/\">Grzywna Pawe\u0142<\/a><\/li>\n<li class=\"page_item page-item-191\"><a href=\"https:\/\/us.edu.pl\/instytut\/inp\/strategia-instytutu\/\">Strategia Instytutu<\/a><\/li>\n<li class=\"page_item page-item-704\"><a href=\"https:\/\/us.edu.pl\/instytut\/inp\/marmola-maciej\/\">Marmola Maciej<\/a><\/li>\n<li class=\"page_item page-item-6848\"><a href=\"https:\/\/us.edu.pl\/instytut\/inp\/szwajnoch-emilie\/\">Szwajnoch Emilie<\/a><\/li>\n<li class=\"page_item page-item-449\"><a href=\"https:\/\/us.edu.pl\/instytut\/inp\/wplyw-kryzysu-gospodarczego-na-dzialanie-systemu-politycznego-analiza-przypadku-grecji-hiszpanii-i-wloch\/\">Wp\u0142yw kryzysu gospodarczego na dzia\u0142anie systemu politycznego. Analiza przypadku Grecji, Hiszpanii i W\u0142och<\/a><\/li>\n<li class=\"page_item page-item-4801\"><a href=\"https:\/\/us.edu.pl\/instytut\/inp\/test-pl\/\">Test PL<\/a><\/li>\n<li class=\"page_item page-item-4035\"><a href=\"https:\/\/us.edu.pl\/instytut\/inp\/wydarzenia-salon-naukowy-instytutu-nauk-politycznych\/\">Wydarzenia &#8211; SALON NAUKOWY Instytutu Nauk Politycznych<\/a><\/li>\n<li class=\"page_item page-item-709\"><a href=\"https:\/\/us.edu.pl\/instytut\/inp\/olszanecka-marmola-agata\/\">Olszanecka-Marmola Agata<\/a><\/li>\n<li class=\"page_item page-item-4043\"><a href=\"https:\/\/us.edu.pl\/instytut\/inp\/czasopisma-2022\/\">Czasopisma 2022<\/a><\/li>\n<li class=\"page_item page-item-4557\"><a href=\"https:\/\/us.edu.pl\/instytut\/inp\/sekurytyzacja-wspolpracy-rozwojowej-przyklad-wybranych-panstw-europy-srodkowej-i-wschodniej\/\">Sekurytyzacja wsp\u00f3\u0142pracy rozwojowej. Przyk\u0142ad wybranych pa\u0144stw Europy \u015arodkowej i Wschodniej<\/a><\/li>\n<li class=\"page_item page-item-720\"><a href=\"https:\/\/us.edu.pl\/instytut\/inp\/turska-kawa-agnieszka\/\">Turska-Kawa Agnieszka<\/a><\/li>\n<li class=\"page_item page-item-3792\"><a href=\"https:\/\/us.edu.pl\/instytut\/inp\/potencjal-polityczny-teorii-spiskowych-studium-polski-i-slowenii\/\">Potencja\u0142 polityczny teorii spiskowych. Studium Polski i S\u0142owenii<\/a><\/li>\n<li class=\"page_item page-item-5074\"><a href=\"https:\/\/us.edu.pl\/instytut\/inp\/tatarczyk-dawid\/\">Tatarczyk Dawid<\/a><\/li>\n<li class=\"page_item page-item-211\"><a href=\"https:\/\/us.edu.pl\/instytut\/inp\/dyrekcja\/\">Dyrekcja<\/a><\/li>\n<li class=\"page_item page-item-218\"><a href=\"https:\/\/us.edu.pl\/instytut\/inp\/rada-naukowa\/\">Rada Naukowa<\/a><\/li>\n<li class=\"page_item page-item-222\"><a href=\"https:\/\/us.edu.pl\/instytut\/inp\/nauka\/\">Nauka<\/a><\/li>\n<li class=\"page_item page-item-481\"><a href=\"https:\/\/us.edu.pl\/instytut\/inp\/konferencje-i-seminaria-naukowe\/\">Konferencje i seminaria naukowe<\/a><\/li>\n<li class=\"page_item page-item-226\"><a href=\"https:\/\/us.edu.pl\/instytut\/inp\/projekty-badawcze\/\">Projekty badawcze<\/a><\/li>\n<li class=\"page_item page-item-228\"><a href=\"https:\/\/us.edu.pl\/instytut\/inp\/kierunki-badan\/\">Kierunki bada\u0144<\/a><\/li>\n<li class=\"page_item page-item-6885\"><a href=\"https:\/\/us.edu.pl\/instytut\/inp\/pracownicy\/\">Pracownicy<\/a><\/li>\n<li class=\"page_item page-item-230\"><a href=\"https:\/\/us.edu.pl\/instytut\/inp\/zespoly-badawcze\/\">Zespo\u0142y badawcze<\/a><\/li>\n<li class=\"page_item page-item-7400\"><a href=\"https:\/\/us.edu.pl\/instytut\/inp\/nacjonalizujace-panstwo-i-demokracja-liberalna\/\">Nacjonalizuj\u0105ce Pa\u0144stwo i Demokracja Liberalna<\/a><\/li>\n<li class=\"page_item page-item-489\"><a href=\"https:\/\/us.edu.pl\/instytut\/inp\/redukcjonizm-genopolityki-w-kontekscie-relacji-miedzy-biologia-a-politologia\/\">Redukcjonizm genopolityki w kontek\u015bcie relacji mi\u0119dzy biologi\u0105 a politologi\u0105<\/a><\/li>\n<li class=\"page_item page-item-234\"><a href=\"https:\/\/us.edu.pl\/instytut\/inp\/awanse-naukowe\/\">Awanse naukowe<\/a><\/li>\n<li class=\"page_item page-item-1007\"><a href=\"https:\/\/us.edu.pl\/instytut\/inp\/konferencja-dylematy-demokracji\/\">Konferencja: Dylematy demokracji<\/a><\/li>\n<li class=\"page_item page-item-1009\"><a href=\"https:\/\/us.edu.pl\/instytut\/inp\/konferencja-instytut-cervantesa\/\">Konferencja: Instytut Cervantesa<\/a><\/li>\n<li class=\"page_item page-item-242\"><a href=\"https:\/\/us.edu.pl\/instytut\/inp\/projekty-badawcze-zakonczone\/\">zako\u0144czone<\/a><\/li>\n<li class=\"page_item page-item-4339\"><a href=\"https:\/\/us.edu.pl\/instytut\/inp\/zyczenia-wielkanocne\/\">\u017byczenia Wielkanocne<\/a><\/li>\n<li class=\"page_item page-item-244\"><a href=\"https:\/\/us.edu.pl\/instytut\/inp\/projekty-badawcze-realizowane\/\">realizowane<\/a><\/li>\n<li class=\"page_item page-item-1012\"><a href=\"https:\/\/us.edu.pl\/instytut\/inp\/konferencje-i-seminaria-naukowe-nadchodzace\/\">nadchodz\u0105ce<\/a><\/li>\n<li class=\"page_item page-item-1014\"><a href=\"https:\/\/us.edu.pl\/instytut\/inp\/konferencje-i-seminaria-naukowe-zakonczone\/\">zako\u0144czone<\/a><\/li>\n<li class=\"page_item page-item-248\"><a href=\"https:\/\/us.edu.pl\/instytut\/inp\/dr\/\">Doktor<\/a><\/li>\n<li class=\"page_item page-item-504\"><a href=\"https:\/\/us.edu.pl\/instytut\/inp\/magazyny-cyberdzihadystyczne-jako-instrument-kampanii-propagandowej-tzw-panstwa-islamskiego\/\">Magazyny cyberd\u017cihadystyczne jako instrument kampanii propagandowej tzw. Pa\u0144stwa Islamskiego<\/a><\/li>\n<li class=\"page_item page-item-760\"><a href=\"https:\/\/us.edu.pl\/instytut\/inp\/publikacje-pracownikow\/\">Wybrane publikacje pracownik\u00f3w<\/a><\/li>\n<li class=\"page_item page-item-254\"><a href=\"https:\/\/us.edu.pl\/instytut\/inp\/wspolpraca-miedzynarodowa\/\">Wsp\u00f3\u0142praca mi\u0119dzynarodowa<\/a><\/li>\n<li class=\"page_item page-item-3582\"><a href=\"https:\/\/us.edu.pl\/instytut\/inp\/polska-polityka-i-spoleczenstwo\/\">Polska polityka i spo\u0142ecze\u0144stwo<\/a><\/li>\n<\/ul>\n<\/div>\n<\/div>\r\n                    <\/div>\r\n                <\/div>[\/vc_column][\/vc_row]<\/p>\n","protected":false},"excerpt":{"rendered":"<p>[vc_row][vc_column][\/vc_column][\/vc_row] [&#8230;]<\/p>\n<p><a class=\"btn btn-secondary understrap-read-more-link\" href=\"https:\/\/us.edu.pl\/instytut\/inp\/mapa-strony\/\">Read More&#8230;<\/a><\/p>\n","protected":false},"author":29,"featured_media":0,"parent":0,"menu_order":0,"comment_status":"closed","ping_status":"closed","template":"page-templates\/sitemap-template.php","meta":{"_expiration-date-status":"saved","_expiration-date":0,"_expiration-date-type":"","_expiration-date-categories":[],"_expiration-date-options":[]},"acf":[],"_links":{"self":[{"href":"https:\/\/us.edu.pl\/instytut\/inp\/wp-json\/wp\/v2\/pages\/24"}],"collection":[{"href":"https:\/\/us.edu.pl\/instytut\/inp\/wp-json\/wp\/v2\/pages"}],"about":[{"href":"https:\/\/us.edu.pl\/instytut\/inp\/wp-json\/wp\/v2\/types\/page"}],"author":[{"embeddable":true,"href":"https:\/\/us.edu.pl\/instytut\/inp\/wp-json\/wp\/v2\/users\/29"}],"replies":[{"embeddable":true,"href":"https:\/\/us.edu.pl\/instytut\/inp\/wp-json\/wp\/v2\/comments?post=24"}],"version-history":[{"count":2,"href":"https:\/\/us.edu.pl\/instytut\/inp\/wp-json\/wp\/v2\/pages\/24\/revisions"}],"predecessor-version":[{"id":90,"href":"https:\/\/us.edu.pl\/instytut\/inp\/wp-json\/wp\/v2\/pages\/24\/revisions\/90"}],"wp:attachment":[{"href":"https:\/\/us.edu.pl\/instytut\/inp\/wp-json\/wp\/v2\/media?parent=24"}],"curies":[{"name":"wp","href":"https:\/\/api.w.org\/{rel}","templated":true}]}}