{"id":2413,"date":"2020-05-04T18:02:58","date_gmt":"2020-05-04T16:02:58","guid":{"rendered":"http:\/\/us.edu.pl\/instytut\/inp\/?page_id=2413"},"modified":"2020-05-04T18:03:54","modified_gmt":"2020-05-04T16:03:54","slug":"widera-wiktor","status":"publish","type":"page","link":"https:\/\/us.edu.pl\/instytut\/inp\/widera-wiktor\/","title":{"rendered":"Widera Wiktor"},"content":{"rendered":"<p>[vc_row][vc_column]\r\n                <div class=\"text-modules reverse\">\r\n                    <div class=\"container\">\r\n                        <h3 class=\"section-title section-title_border-bottom\">dr Wiktor Widera<\/h3> \r\n                        <div class=\"row m-0\">\r\n                            <div class=\"text-modules__content\">\r\n                                wiktor.widera@us.edu.pl<\/p>\n<p>Adiunkt w Instytucie Nauk Politycznych na Wydziale Nauk Spo\u0142ecznych. Doktor nauk spo\u0142ecznych. Absolwent studi\u00f3w licencjackich na kierunku politologia, studi\u00f3w magisterskich na kierunku dziennikarstwo i komunikacja spo\u0142eczna Uniwersytetu \u015al\u0105skiego w Katowicach oraz studi\u00f3w doktoranckich na kierunku zarz\u0105dzanie Uniwersytetu Ekonomicznego w Katowicach. Uczestnik Europejskiej Akademii Dyplomacji na kierunku Polska S\u0142u\u017cba Zagraniczna. Zainteresowania naukowe obejmuj\u0105 m.in. problematyk\u0119 dotycz\u0105ca migracji w kontek\u015bcie rynku pracy w Europie, zagadnienia zwi\u0105zane z projektowaniem oraz organizacj\u0105 strategii rozwoju i strategii marketingowych dla Jednostek Samorz\u0105d\u00f3w Terytorialnych, obszar komunikacji spo\u0142ecznej i marketingowej, medi\u00f3w, a tak\u017ce polityki regionalnej, polityki migracyjnej oraz polityki klimatycznej. Autor kilkudziesi\u0119ciu artyku\u0142\u00f3w naukowych opublikowanych w polskich i zagranicznych czasopismach naukowych, czynny uczestnik mi\u0119dzynarodowych konferencji oraz projekt\u00f3w badawczych.<\/p>\n<div class=\"mt-3\"><\/div>\r\n                            <\/div>\r\n                            \r\n                            <div class=\"text-modules__img\"><img src=\"https:\/\/us.edu.pl\/instytut\/inp\/wp-content\/uploads\/sites\/31\/Nieprzypisane\/IMG_0854-150x150.jpeg\" alt=\"img\"><\/div>\r\n                        <\/div>\r\n                    <\/div>\r\n                <\/div>[\/vc_column][\/vc_row]<\/p>","protected":false},"excerpt":{"rendered":"<p>[vc_row][vc_column][\/vc_column][\/vc_row] [&#8230;]<\/p>\n<p><a class=\"btn btn-secondary understrap-read-more-link\" href=\"https:\/\/us.edu.pl\/instytut\/inp\/widera-wiktor\/\">Read More&#8230;<\/a><\/p>\n","protected":false},"author":141,"featured_media":0,"parent":0,"menu_order":0,"comment_status":"closed","ping_status":"closed","template":"","meta":{"_expiration-date-status":"saved","_expiration-date":0,"_expiration-date-type":"","_expiration-date-categories":[],"_expiration-date-options":[]},"acf":[],"_links":{"self":[{"href":"https:\/\/us.edu.pl\/instytut\/inp\/wp-json\/wp\/v2\/pages\/2413"}],"collection":[{"href":"https:\/\/us.edu.pl\/instytut\/inp\/wp-json\/wp\/v2\/pages"}],"about":[{"href":"https:\/\/us.edu.pl\/instytut\/inp\/wp-json\/wp\/v2\/types\/page"}],"author":[{"embeddable":true,"href":"https:\/\/us.edu.pl\/instytut\/inp\/wp-json\/wp\/v2\/users\/141"}],"replies":[{"embeddable":true,"href":"https:\/\/us.edu.pl\/instytut\/inp\/wp-json\/wp\/v2\/comments?post=2413"}],"version-history":[{"count":2,"href":"https:\/\/us.edu.pl\/instytut\/inp\/wp-json\/wp\/v2\/pages\/2413\/revisions"}],"predecessor-version":[{"id":2416,"href":"https:\/\/us.edu.pl\/instytut\/inp\/wp-json\/wp\/v2\/pages\/2413\/revisions\/2416"}],"wp:attachment":[{"href":"https:\/\/us.edu.pl\/instytut\/inp\/wp-json\/wp\/v2\/media?parent=2413"}],"curies":[{"name":"wp","href":"https:\/\/api.w.org\/{rel}","templated":true}]}}