{"id":2469,"date":"2020-06-15T09:04:06","date_gmt":"2020-06-15T07:04:06","guid":{"rendered":"https:\/\/us.edu.pl\/instytut\/inp\/?page_id=2469"},"modified":"2025-01-07T12:30:40","modified_gmt":"2025-01-07T11:30:40","slug":"pron-elzbieta","status":"publish","type":"page","link":"https:\/\/us.edu.pl\/instytut\/inp\/pron-elzbieta\/","title":{"rendered":"Pro\u0144 El\u017cbieta"},"content":{"rendered":"<p>[vc_row][vc_column]\r\n                <div class=\"text-modules reverse\">\r\n                    <div class=\"container\">\r\n                        <h3 class=\"section-title section-title_border-bottom\">dr El\u017cbieta Pro\u0144<\/h3> \r\n                        <div class=\"row m-0\">\r\n                            <div class=\"text-modules__content\">\r\n                                <\/p>\n<p style=\"text-align: justify;\">elzbieta.pron@us.edu.pl<\/p>\n<p style=\"text-align: justify;\">Adiunkt w Instytucie Nauk Politycznych Uniwersytetu \u015al\u0105skiego. Doktorat uzyska\u0142a w 2015 roku w zakresie Contemporary Chinese Studies na University of Nottingham (Wielka Brytania). Uzyska\u0142a dwa tytu\u0142y magistra: z sinologii na Uniwersytecie im. Adama Mickiewicza w Poznaniu (2007) oraz z rozwoju narodowego o specjalno\u015bci: rozw\u00f3j polityczny i konstytucja na National Taiwan University (2009).<\/p>\n<p style=\"text-align: justify;\">Wielokrotnie przebywa\u0142a jako research fellow w instytucjach zagranicznych: American University in Central Asia w Kirgistanie, Kazakhstan Institute for Management, Economic and Strategic Research w Kazachstanie, Shanghai Academy of Social Sciences w Chinach oraz China Policy Insttute w Wielkiej Brytanii. By\u0142a te\u017c uczestnikiem mi\u0119dzynarodowego grantu badawczego \u201eThe analysis of the One Belt One Road initiative and the social stability of religious and ethnic communities in China\u2019s western regions\u201d (2016\u20132019) pod kierownictwem profesora Jin Wei z Party School of the Central Committee of Chinese Communist Party w Pekinie. Przed do\u0142\u0105czeniem do zespo\u0142u INP w 2019 roku pracowa\u0142a jako wyk\u0142adowca w OSCE Academy w Kirgistanie (2011\u20132012) oraz jako adiunkt w Instytucie J\u0119zykoznawstwa U\u015a (2015\u20132019). Aktualnie jest kierownikiem projektu badawczego \u201eChi\u0144skie Nowe Jedwabne Szlaki w Azji Centralnej \u2013 \u015brodki, strategie i aktorzy Inicjatywy Pasa i Drogi\u201d (2019\u20132022) i\u00a0finansowanego przez Narodowe Centrum Nauki (bud\u017cet: 416 745 z\u0142), numer projektu: 2018\/31\/D\/HS5\/03371<\/p>\n<p style=\"text-align: justify;\">W swoich badaniach naukowych zajmuje si\u0119 polityk\u0105 zagraniczn\u0105 Chin, zw\u0142aszcza relacjami Chin z Azj\u0105 \u015arodkow\u0105, polityk\u0105 bezpiecze\u0144stwa ChRL, polityk\u0105 etniczn\u0105 w zachodnich rejonach Chin, a tak\u017ce stosunkami chi\u0144sko-tajwa\u0144skimi.<\/p>\n<p><a href=\"https:\/\/www.researchgate.net\/profile\/Elzbieta-Pron\">ResearchGate<\/a><\/p>\n<p><a href=\"https:\/\/scholar.google.com\/citations?user=wa7Lk4YAAAAJ&amp;hl=pl&amp;oi=ao\">GoogleScholar<\/a><\/p>\n<p><a href=\"https:\/\/pbn.nauka.gov.pl\/core\/#\/person\/view\/5e7094a4878c28a0473c0e83\/current\">PBN<\/a><\/p>\n<p><a href=\"https:\/\/orcid.org\/0000-0002-0513-3879\">ORCID<\/a> \r\n                                <div class=\"mt-3\"><\/div>\r\n                            <\/div>\r\n                            \r\n                            <div class=\"text-modules__img\"><img src=\"https:\/\/us.edu.pl\/instytut\/inp\/wp-content\/uploads\/sites\/31\/Nieprzypisane\/E.Pron\u0301_zdje\u0328cie-150x150.jpg\" alt=\"img\"><\/div>\r\n                        <\/div>\r\n                    <\/div>\r\n                <\/div>[\/vc_column][\/vc_row][vc_row][vc_column][vc_column_text][\/vc_column_text][\/vc_column][\/vc_row]<\/p>","protected":false},"excerpt":{"rendered":"<p>[vc_row][vc_column][\/vc_column][\/vc_row][vc_row][vc_column][vc_column_text][\/vc_column_text][\/vc_column][\/vc_row] [&#8230;]<\/p>\n<p><a class=\"btn btn-secondary understrap-read-more-link\" href=\"https:\/\/us.edu.pl\/instytut\/inp\/pron-elzbieta\/\">Read More&#8230;<\/a><\/p>\n","protected":false},"author":141,"featured_media":0,"parent":0,"menu_order":0,"comment_status":"closed","ping_status":"closed","template":"","meta":{"_expiration-date-status":"","_expiration-date":0,"_expiration-date-type":"","_expiration-date-categories":[],"_expiration-date-options":[]},"acf":[],"_links":{"self":[{"href":"https:\/\/us.edu.pl\/instytut\/inp\/wp-json\/wp\/v2\/pages\/2469"}],"collection":[{"href":"https:\/\/us.edu.pl\/instytut\/inp\/wp-json\/wp\/v2\/pages"}],"about":[{"href":"https:\/\/us.edu.pl\/instytut\/inp\/wp-json\/wp\/v2\/types\/page"}],"author":[{"embeddable":true,"href":"https:\/\/us.edu.pl\/instytut\/inp\/wp-json\/wp\/v2\/users\/141"}],"replies":[{"embeddable":true,"href":"https:\/\/us.edu.pl\/instytut\/inp\/wp-json\/wp\/v2\/comments?post=2469"}],"version-history":[{"count":3,"href":"https:\/\/us.edu.pl\/instytut\/inp\/wp-json\/wp\/v2\/pages\/2469\/revisions"}],"predecessor-version":[{"id":6803,"href":"https:\/\/us.edu.pl\/instytut\/inp\/wp-json\/wp\/v2\/pages\/2469\/revisions\/6803"}],"wp:attachment":[{"href":"https:\/\/us.edu.pl\/instytut\/inp\/wp-json\/wp\/v2\/media?parent=2469"}],"curies":[{"name":"wp","href":"https:\/\/api.w.org\/{rel}","templated":true}]}}