{"id":254,"date":"2019-12-30T17:12:50","date_gmt":"2019-12-30T16:12:50","guid":{"rendered":"http:\/\/us.edu.pl\/instytut\/inp\/?page_id=254"},"modified":"2020-11-04T21:59:42","modified_gmt":"2020-11-04T20:59:42","slug":"wspolpraca-miedzynarodowa","status":"publish","type":"page","link":"https:\/\/us.edu.pl\/instytut\/inp\/wspolpraca-miedzynarodowa\/","title":{"rendered":"Wsp\u00f3\u0142praca mi\u0119dzynarodowa"},"content":{"rendered":"<p>[vc_row][vc_column]\r\n                <div class='sidebar_moduls sidebar_one_header' style='color:#002E5A;background-color: #FFFFFF'>\r\n                    <a href='https:\/\/us.edu.pl\/instytut\/inp\/wspolpraca-naukowa\/' class='link'>Wsp\u00f3\u0142praca naukowa<\/a>\r\n                <\/div>\r\n                <div class='sidebar_moduls sidebar_one_header' style='color:#002E5A;background-color: #FFFFFF'>\r\n                    <a href='https:\/\/us.edu.pl\/instytut\/inp\/erasmus-dla-pracownikow\/' class='link'>Erasmus dla pracownik\u00f3w<\/a>\r\n                <\/div>\r\n                <div class='sidebar_moduls sidebar_one_header' style='color:#002E5A;background-color: #FFFFFF'>\r\n                    <a href='https:\/\/us.edu.pl\/instytut\/inp\/ecpr\/' class='link'>ECPR<\/a>\r\n                <\/div>\r\n                <div class='sidebar_moduls sidebar_one_header' style='color:#002E5A;background-color: #FFFFFF'>\r\n                    <a href='https:\/\/us.edu.pl\/instytut\/inp\/cepsa\/' class='link'>CEPSA<\/a>\r\n                <\/div>\r\n                <div class='sidebar_moduls sidebar_one_header' style='color:#002E5A;background-color: #FFFFFF'>\r\n                    <a href='https:\/\/us.edu.pl\/instytut\/inp\/apsa\/' class='link'>APSA<\/a>\r\n                <\/div>\r\n                <div class='sidebar_moduls sidebar_one_header' style='color:#002E5A;background-color: #FFFFFF'>\r\n                    <a href='https:\/\/us.edu.pl\/instytut\/inp\/ipsa\/' class='link'>IPSA<\/a>\r\n                <\/div>[\/vc_column][\/vc_row]<\/p>","protected":false},"excerpt":{"rendered":"<p>[vc_row][vc_column][\/vc_column][\/vc_row] [&#8230;]<\/p>\n<p><a class=\"btn btn-secondary understrap-read-more-link\" href=\"https:\/\/us.edu.pl\/instytut\/inp\/wspolpraca-miedzynarodowa\/\">Read More&#8230;<\/a><\/p>\n","protected":false},"author":141,"featured_media":0,"parent":0,"menu_order":0,"comment_status":"closed","ping_status":"closed","template":"","meta":{"_expiration-date-status":"saved","_expiration-date":0,"_expiration-date-type":"","_expiration-date-categories":[],"_expiration-date-options":[]},"acf":[],"_links":{"self":[{"href":"https:\/\/us.edu.pl\/instytut\/inp\/wp-json\/wp\/v2\/pages\/254"}],"collection":[{"href":"https:\/\/us.edu.pl\/instytut\/inp\/wp-json\/wp\/v2\/pages"}],"about":[{"href":"https:\/\/us.edu.pl\/instytut\/inp\/wp-json\/wp\/v2\/types\/page"}],"author":[{"embeddable":true,"href":"https:\/\/us.edu.pl\/instytut\/inp\/wp-json\/wp\/v2\/users\/141"}],"replies":[{"embeddable":true,"href":"https:\/\/us.edu.pl\/instytut\/inp\/wp-json\/wp\/v2\/comments?post=254"}],"version-history":[{"count":16,"href":"https:\/\/us.edu.pl\/instytut\/inp\/wp-json\/wp\/v2\/pages\/254\/revisions"}],"predecessor-version":[{"id":3186,"href":"https:\/\/us.edu.pl\/instytut\/inp\/wp-json\/wp\/v2\/pages\/254\/revisions\/3186"}],"wp:attachment":[{"href":"https:\/\/us.edu.pl\/instytut\/inp\/wp-json\/wp\/v2\/media?parent=254"}],"curies":[{"name":"wp","href":"https:\/\/api.w.org\/{rel}","templated":true}]}}