{"id":258,"date":"2019-12-30T17:17:02","date_gmt":"2019-12-30T16:17:02","guid":{"rendered":"http:\/\/us.edu.pl\/instytut\/inp\/?page_id=258"},"modified":"2025-01-07T18:59:52","modified_gmt":"2025-01-07T17:59:52","slug":"erasmus-dla-pracownikow","status":"publish","type":"page","link":"https:\/\/us.edu.pl\/instytut\/inp\/erasmus-dla-pracownikow\/","title":{"rendered":"Erasmus+ dla pracownik\u00f3w"},"content":{"rendered":"<p>[vc_row][vc_column]\r\n                <div class=\"text-modules \">\r\n                    <div class=\"container\">\r\n                        <h3 class=\"section-title section-title_border-bottom\">Erasmus+ dla pracownik\u00f3w<\/h3> \r\n                        <div class=\"row m-0\">\r\n                            <div class=\"text-modules__content\">\r\n                                Wszelkie informacje dotycz\u0105ce wyjazd\u00f3w pracownik\u00f3w w ramach programu Erasmus+ znajduj\u0105 si\u0119 na stronie internetowej<\/p>\n<p><a href=\"https:\/\/erasmus.us.edu.pl\/wyjazdy-pracownikow\">https:\/\/erasmus.us.edu.pl\/wyjazdy-pracownikow<\/a><\/p>\n<p>&nbsp;<\/p>\n<p><strong>Pe\u0142nomocnicy Dziekany ds. mi\u0119dzynarodowej wymiany akademickiej<\/strong><\/p>\n<ul>\n<li>dr Maciej Bo\u017cek, prof. U\u015a (maciej.bozek@us.edu.pl)<\/li>\n<li>dr Renata Jankowska, prof. U\u015a (renata.jankowska@us.edu.pl)<\/li>\n<li>dr Katarzyna Ponikowska (katarzyna.ponikowska@us.edu.pl)<\/li>\n<li>dr Karolina Skop (karolina.skop@us.edu.pl)<\/li>\n<\/ul>\n<div class=\"mt-3\"><\/div>\r\n                            <\/div>\r\n                            \r\n                            \r\n                        <\/div>\r\n                    <\/div>\r\n                <\/div>[\/vc_column][\/vc_row]<\/p>","protected":false},"excerpt":{"rendered":"<p>[vc_row][vc_column][\/vc_column][\/vc_row] [&#8230;]<\/p>\n<p><a class=\"btn btn-secondary understrap-read-more-link\" href=\"https:\/\/us.edu.pl\/instytut\/inp\/erasmus-dla-pracownikow\/\">Read More&#8230;<\/a><\/p>\n","protected":false},"author":141,"featured_media":0,"parent":0,"menu_order":0,"comment_status":"closed","ping_status":"closed","template":"page-templates\/page-with-sidebar.php","meta":{"_expiration-date-status":"saved","_expiration-date":0,"_expiration-date-type":"","_expiration-date-categories":[],"_expiration-date-options":[]},"acf":[],"_links":{"self":[{"href":"https:\/\/us.edu.pl\/instytut\/inp\/wp-json\/wp\/v2\/pages\/258"}],"collection":[{"href":"https:\/\/us.edu.pl\/instytut\/inp\/wp-json\/wp\/v2\/pages"}],"about":[{"href":"https:\/\/us.edu.pl\/instytut\/inp\/wp-json\/wp\/v2\/types\/page"}],"author":[{"embeddable":true,"href":"https:\/\/us.edu.pl\/instytut\/inp\/wp-json\/wp\/v2\/users\/141"}],"replies":[{"embeddable":true,"href":"https:\/\/us.edu.pl\/instytut\/inp\/wp-json\/wp\/v2\/comments?post=258"}],"version-history":[{"count":10,"href":"https:\/\/us.edu.pl\/instytut\/inp\/wp-json\/wp\/v2\/pages\/258\/revisions"}],"predecessor-version":[{"id":7171,"href":"https:\/\/us.edu.pl\/instytut\/inp\/wp-json\/wp\/v2\/pages\/258\/revisions\/7171"}],"wp:attachment":[{"href":"https:\/\/us.edu.pl\/instytut\/inp\/wp-json\/wp\/v2\/media?parent=258"}],"curies":[{"name":"wp","href":"https:\/\/api.w.org\/{rel}","templated":true}]}}