{"id":260,"date":"2019-12-30T17:17:58","date_gmt":"2019-12-30T16:17:58","guid":{"rendered":"http:\/\/us.edu.pl\/instytut\/inp\/?page_id=260"},"modified":"2020-11-03T11:48:27","modified_gmt":"2020-11-03T10:48:27","slug":"ecpr","status":"publish","type":"page","link":"https:\/\/us.edu.pl\/instytut\/inp\/ecpr\/","title":{"rendered":"ECPR"},"content":{"rendered":"<p>[vc_row][vc_column]\r\n                <div class=\"text-modules reverse\">\r\n                    <div class=\"container\">\r\n                        <h3 class=\"section-title section-title_border-bottom\">ECPR<\/h3> \r\n                        <div class=\"row m-0\">\r\n                            <div class=\"text-modules__content\">\r\n                                <strong>European Consortium for Political Research (ECPR)<\/strong><\/p>\n<p>European Consortium for Political Research jest presti\u017cowym europejskim stowarzyszeniem za\u0142o\u017conym w 1970 roku. Obecnie zrzesza 350 instytucjonalnych cz\u0142onk\u00f3w z ponad 50 pa\u0144stw. Cz\u0142onkowie ECPR &#8211; studenci, doktoranci oraz pracownicy naukowi &#8211; wsp\u00f3\u0142pracuj\u0105 w ramach realizowanych wewn\u0105trz spo\u0142eczno\u015bci projekt\u00f3w badawczych. ECPR wspiera i inicjuje wsp\u00f3\u0142prac\u0119 mi\u0119dzynarodow\u0105 poprzez r\u00f3\u017cnego rodzaju inicjatywy, m.in. konferencje, szkolenia, kursy, szko\u0142y metodologiczne, presti\u017cowe wydawnictwa, wysokopunktowane czasopisma czy nagrody przyznawane w \u015brodowisku wybitnym badaczom. Uniwersytet \u015al\u0105ski w 2016 roku przyst\u0105pi\u0142 do mi\u0119dzynarodowej spo\u0142eczno\u015bci ECPR. Dzi\u0119ki temu jako Wydzia\u0142 uzyskali\u015bmy szereg profit\u00f3w, m.in.:<\/p>\n<ul>\n<li>otwarty dost\u0119p do wysokopunktowanych czasopism: European Political Science Review (100 punkt\u00f3w) oraz European Political Science (online) (40 punkt\u00f3w);<\/li>\n<li>mo\u017cliwo\u015b\u0107 aktywnego udzia\u0142u w wielu wydarzeniach organizowanych przez spo\u0142eczno\u015b\u0107 ECPR \u2013 m.in. konferencjach generalnych, tzw. Joint sessions, szko\u0142ach metodologicznych;<\/li>\n<li>30% rabat na ksi\u0105\u017cki we wsp\u00f3\u0142pracy z Oxford University Press;<\/li>\n<li>mo\u017cliwo\u015b\u0107 aktywnego dzia\u0142ania w specjalistycznych tematycznych Standing Groups;<\/li>\n<li>mo\u017cliwo\u015b\u0107 udzia\u0142u w inicjowanych przez ECPR panelach podczas konferencji mi\u0119dzynarodowych (APSA, IPSA itp.).<\/li>\n<\/ul>\n<p>Oficjalnym przedstawicielem spo\u0142eczno\u015bci Uniwersytetu \u015al\u0105skiego w Katowicach w ECPR jest <strong>dr hab. Agnieszka Turska-Kawa, prof. U\u015a<\/strong> (agnieszka.turska-kawa@us.edu.pl), kt\u00f3ra udziela wszelkich informacji na temat cz\u0142onkostwa.<\/p>\n<p>Aby przyst\u0105pi\u0107 do spo\u0142eczno\u015bci ECPR nale\u017cy:<\/p>\n<ul>\n<li>wej\u015b\u0107 na stron\u0119 <a href=\"https:\/\/ecpr.eu\/\">ECPR<\/a><\/li>\n<li>za\u0142o\u017cy\u0107 nowe konto <a href=\"https:\/\/ecpr.eu\/Login.aspx?ReturnUrl=%2fdefault.aspx\">tutaj<\/a><\/li>\n<li>w miejscu Academic Details zaznaczy\u0107 jako instytucj\u0119 University of Silesia in Katowice<\/li>\n<li>konto b\u0119dzie widoczne w profilu oficjalnego reprezentanta, kt\u00f3ry ostatecznie zatwierdza cz\u0142onkostwo.<\/li>\n<\/ul>\n<div class=\"mt-3\"><\/div>\r\n                            <\/div>\r\n                            \r\n                            \r\n                        <\/div>\r\n                    <\/div>\r\n                <\/div>[\/vc_column][\/vc_row]<\/p>","protected":false},"excerpt":{"rendered":"<p>[vc_row][vc_column][\/vc_column][\/vc_row] [&#8230;]<\/p>\n<p><a class=\"btn btn-secondary understrap-read-more-link\" href=\"https:\/\/us.edu.pl\/instytut\/inp\/ecpr\/\">Read More&#8230;<\/a><\/p>\n","protected":false},"author":141,"featured_media":0,"parent":0,"menu_order":0,"comment_status":"closed","ping_status":"closed","template":"page-templates\/page-with-sidebar.php","meta":{"_expiration-date-status":"saved","_expiration-date":0,"_expiration-date-type":"","_expiration-date-categories":[],"_expiration-date-options":[]},"acf":[],"_links":{"self":[{"href":"https:\/\/us.edu.pl\/instytut\/inp\/wp-json\/wp\/v2\/pages\/260"}],"collection":[{"href":"https:\/\/us.edu.pl\/instytut\/inp\/wp-json\/wp\/v2\/pages"}],"about":[{"href":"https:\/\/us.edu.pl\/instytut\/inp\/wp-json\/wp\/v2\/types\/page"}],"author":[{"embeddable":true,"href":"https:\/\/us.edu.pl\/instytut\/inp\/wp-json\/wp\/v2\/users\/141"}],"replies":[{"embeddable":true,"href":"https:\/\/us.edu.pl\/instytut\/inp\/wp-json\/wp\/v2\/comments?post=260"}],"version-history":[{"count":13,"href":"https:\/\/us.edu.pl\/instytut\/inp\/wp-json\/wp\/v2\/pages\/260\/revisions"}],"predecessor-version":[{"id":2987,"href":"https:\/\/us.edu.pl\/instytut\/inp\/wp-json\/wp\/v2\/pages\/260\/revisions\/2987"}],"wp:attachment":[{"href":"https:\/\/us.edu.pl\/instytut\/inp\/wp-json\/wp\/v2\/media?parent=260"}],"curies":[{"name":"wp","href":"https:\/\/api.w.org\/{rel}","templated":true}]}}