{"id":2656,"date":"2020-10-05T14:14:35","date_gmt":"2020-10-05T12:14:35","guid":{"rendered":"https:\/\/us.edu.pl\/instytut\/inp\/?page_id=2656"},"modified":"2020-12-19T19:13:42","modified_gmt":"2020-12-19T18:13:42","slug":"badania-nad-depopulacja","status":"publish","type":"page","link":"https:\/\/us.edu.pl\/instytut\/inp\/badania-nad-depopulacja\/","title":{"rendered":"Badania nad depopulacj\u0105"},"content":{"rendered":"<p>[vc_row][vc_column]\r\n                <div class=\"text-modules \">\r\n                    <div class=\"container\">\r\n                        <h3 class=\"section-title section-title_border-bottom\">Badania nad depopulacj\u0105<\/h3> \r\n                        <div class=\"row m-0\">\r\n                            <div class=\"text-modules__content\">\r\n                                W Instytucie Nauk Politycznych prowadzone s\u0105 studia wdro\u017ceniowe nad szczeg\u00f3lnie istotnym problemem dla wi\u0119kszo\u015bci spo\u0142ecze\u0144stw europejskich, w tym dla spo\u0142ecze\u0144stwa polskiego, jaki stanowi depopulacja. Termin ten oznacza spadek liczby ludno\u015bci wyst\u0119puj\u0105cy na danym terenie w okre\u015blonym czasie. W przypadku Polski jest on g\u0142\u00f3wnie spowodowany procesem starzenia si\u0119 spo\u0142ecze\u0144stwa, na kt\u00f3ry m.in. wp\u0142ywa ujemny lub niski przyrost naturalny niegwarantuj\u0105cy prostej zast\u0119powalno\u015bci pokole\u0144. Przez ponad dekad\u0119 po akcesji do Unii Europejskiej wyludnianie si\u0119 Polski generowa\u0142o r\u00f3wnie\u017c ujemne saldo migracji.<\/p>\n<p>Prowadzone przez pracownik\u00f3w Instytutu Nauk Politycznych studia nad problemem depopulacji znalaz\u0142y sw\u00f3j wyraz w publikacjach naukowych: Polityka spo\u0142eczna: rozwa\u017cania o teorii i praktyce (P. Grzywna, J. Lustig, M. Mitr\u0119ga, N. St\u0119pie\u0144-Lampa, B. Zas\u0119pa, 2017), Wybrane problemy polityki spo\u0142ecznej P. Grzywna, J. Lustig, M. Mitr\u0119ga, N. St\u0119pie\u0144-Lampa, B. Zas\u0119pa, 2016), Starzenie si\u0119 spo\u0142ecze\u0144stwa wojew\u00f3dztwa \u015bl\u0105skiego jako wyzwanie dla regionalnych proces\u00f3w innowacyjnych w obszarze zdrowia (P. Grzywna w: Spo\u0142eczne innowacje zdrowotne w polityce w\u0142adz lokalnych. Obraz obywatelskiej odpowiedzialno\u015bci, red. L. Buli\u0144ski, 2017), Demograficzne aspekty bezpiecze\u0144stwa spo\u0142ecznego Polski na pocz\u0105tku XXI wieku (P. Grzywna, w:\u00a0 Dylematy polityki bezpiecze\u0144stwa Polski na pocz\u0105tku drugiej dekady XXI wieku, red. K. Czornik, M. Lakomy, 2014).<\/p>\n<p>W ramach bada\u0144 nad depopulacj\u0105 w dniach 16\u201317 listopada 2017 roku zesp\u00f3\u0142, w sk\u0142ad kt\u00f3rego wchodzili m.in. dr hab. Marian Mitr\u0119ga, prof. U\u015a, dr Pawe\u0142 Grzywna, dr Natalia St\u0119pie\u0144-Lampa zorganizowa\u0142 konferencj\u0119 naukow\u0105 pn. \u201ePolityki publiczne w dobie kryzysu. Dylematy teorii i praktyki\u201d. Prelegentami podczas tego wydarzenia byli m.in. pracownicy\u00a0 Instytutu Nauk Politycznych: dr hab. Ma\u0142gorzata My\u015bliwiec, prof. U\u015a; dr Ma\u0142gorzata Lorencka; dr Maciej Marmola. Ponadto w jego trakcie prof. dr hab. Robert Rauzi\u0144ski wyg\u0142osi\u0142 referat pt. \u201eSytuacja demograficzna obszar\u00f3w przygranicznych Polska-Niemcy\u201d, a prof. dr hab. El\u017cbieta Trafia\u0142ek i dr Monika Zwartka-Czekaj w swoich wyst\u0105pieniach podj\u0119\u0142y problematyk\u0119 polityki senioralnej. Podczas konferencji zorganizowano r\u00f3wnie\u017c panel ekspercki, w kt\u00f3rym udzia\u0142 wzi\u0119li: Bo\u017cena Borowiec (dyrektor Regionalnego O\u015brodka Polityki Spo\u0142ecznej Wojew\u00f3dztwa \u015al\u0105skiego), Anna Zasada-Chorab (wiceprezydent Siemianowic \u015al\u0105skich), Jan Jele\u0144 (dyrektor Miejskiego O\u015brodka Pomocy Spo\u0142ecznej w Siemianowicach \u015al\u0105skich), Grzegorz Sikorski (dyrektor Wojew\u00f3dzkiego Urz\u0119du Pracy w Katowicach), Krzysztof Zamasz (cz\u0142onek Zarz\u0105du G\u00f3rno\u015bl\u0105sko-Zag\u0142\u0119biowskiej Metropolii).<\/p>\n<p>Wsp\u00f3\u0142organizatorem konferencji pn. \u201ePolityki publiczne w dobie kryzysu. Dylematy teorii i praktyki\u201d by\u0142o stowarzyszenie rejestrowe Towarzystwo Inicjatyw Naukowych, w sk\u0142ad kt\u00f3rego wchodz\u0105 pracownicy Instytutu Nauk Politycznych. Dr Robert Radek pe\u0142ni funkcj\u0119 Prezesa Zarz\u0105du TIN, dr Pawe\u0142 Grzywna Wiceprezesa Zarz\u0105du, dr Natalia St\u0119pie\u0144-Lampa Skarbnika, a dr hab. Tomasz Kubin, prof. U\u015a Sekretarza. Ponadto cz\u0142onkami TIN s\u0105 r\u00f3wnie\u017c: dr hab. Agnieszka Turska-Kawa, prof. U\u015a; dr hab. Marian Mitr\u0119ga, prof. U\u015a. Organizacja ta w swoim Statucie przyj\u0119\u0142a za cel m.in. upowszechnianie wiedzy naukowej i kszta\u0142towanie \u015bwiadomo\u015bci spo\u0142ecze\u0144stwa o zjawiskach, procesach politycznych i gospodarczych. Podejmowana przez Towarzystwo i jego cz\u0142onk\u00f3w aktywno\u015b\u0107 dotyczy m.in. problematyki depopulacji. W 2019 roku TIN otrzyma\u0142 ma\u0142y grant na organizacj\u0119 konferencji naukowej pn. \u201ePolska polityka 1918\u20132018\u201d, podczas kt\u00f3rej jednym z poruszanych temat\u00f3w by\u0142y polityki publiczne, w tym dzia\u0142ania zwi\u0105zane z kwestiami demograficznymi.<\/p>\n<p>Przy Instytucie Nauk Politycznych prowadzone jest czasopismo Studia Politicae Universitatis Silesiensis. Jest to periodyk o profilu politologicznym, w kt\u00f3rym szczeg\u00f3lny nacisk po\u0142o\u017cony jest na polityki publiczne (Evidence Based Policy), a na jego \u0142amach podejmowana jest problematyka depopulacji. Redaktorem Naczelnym SPUS jest dr hab. Tomasz Kubin, prof. U\u015a, a Sekretarzem Kolegium Redakcyjnego dr Pawe\u0142 Grzywna. Inni pracownicy INP wchodz\u0105 w sk\u0142ad Kolegium Redakcyjnego lub s\u0105 Redaktorami Tematycznymi.<\/p>\n<p>Dzia\u0142anie o charakterze depopulacyjnym podejmowane przez pracownik\u00f3w Instytutu Nauk Politycznych stanowi koordynowanie oraz prowadzenie zaj\u0119\u0107 w Uniwersytecie \u015al\u0105skim M\u0142odzie\u017cy. Koordynatorem tej jednostki wchodz\u0105cej w sk\u0142ad Uniwersytetu Otwartego w Uniwersytecie \u015al\u0105skim w Katowicach jest dr Natalia St\u0119pie\u0144-Lampa (wraz z dr. hab. Armandem Cholewk\u0105, prof. U\u015a z Instytutu In\u017cynierii Biomedycznej), a warsztaty w ramach jednego z Wydzia\u0142\u00f3w U\u015a M\u0142odzie\u017cy (Wydzia\u0142u Medi\u00f3w i Kultury) prowadzi\u0142 m.in. dr Pawe\u0142 Grzywna. Uniwersytet \u015al\u0105ski M\u0142odzie\u017cy jest inicjatyw\u0105 edukacyjn\u0105 skierowan\u0105 do m\u0142odzie\u017cy szkolnej, kt\u00f3ra chce rozwija\u0107 pasje i zainteresowania naukowe. Dodatkowym celem dzia\u0142ania tej instytucji jest zainteresowanie m\u0142odych ludzi ofert\u0105 edukacyjn\u0105 Uniwersytetu \u015al\u0105skiego w Katowicach i tym samym zach\u0119cenie ich do wyboru studi\u00f3w wy\u017cszych w Uniwersytecie. To z kolei mo\u017ce skutkowa\u0107 w przysz\u0142o\u015bci zamieszkaniem na terenie wojew\u00f3dztwa \u015bl\u0105skiego, a tak\u017ce mo\u017ce przeciwdzia\u0142a\u0107 drena\u017cowi m\u00f3zg\u00f3w. Ponadto podczas warsztat\u00f3w U\u015a M\u0142odzie\u017cy realizowane by\u0142y tematy zwi\u0105zane demografi\u0105, starzeniem si\u0119 spo\u0142ecze\u0144stwa, rodzin\u0105 oraz polityk\u0105 senioraln\u0105.<\/p>\n<p>W latach 2018\u20132020 U\u015a M\u0142odzie\u017cy realizowa\u0142 projekt pn. \u201eUniwersytet \u015al\u0105ski M\u0142odzie\u017cy \u2013 nauka a problemy wsp\u00f3\u0142czesnego \u015bwiata\u201d, w ramach Programu Operacyjnego Wiedza Edukacja Rozw\u00f3j, wsp\u00f3\u0142finansowanego ze \u015brodk\u00f3w Unii Europejskiej w ramach Europejskiego Funduszu Spo\u0142ecznego. W trakcie jego trwania dr Natalia St\u0119pie\u0144-Lampa przeprowadzi\u0142a 6-godzinne warsztaty w pi\u0119ciu szko\u0142ach wojew\u00f3dztwa \u015bl\u0105skiego zwi\u0105zane z problematyk\u0105 depopulacji. Temat pierwszych warsztat\u00f3w brzmia\u0142: \u201eInformacje na temat starzenia si\u0119 spo\u0142ecze\u0144stwa\u201d, drugi natomiast: \u201eProblemy spo\u0142eczne wsp\u00f3\u0142czesnego \u015bwiata\u201d.<\/p>\n<p>Podobne cele s\u0105 realizowane poprzez program opieraj\u0105cy si\u0119 na edukacji spersonalizowanej w postaci tutoringu skierowany do uczni\u00f3w zdolnych pn. Uniwersytet Najlepszych. Program zak\u0142ada realizacj\u0119 zindywidualizowanych cykl\u00f3w edukacyjnych dla uzdolnionych uczni\u00f3w pod opiek\u0105 pracownik\u00f3w naukowo-dydaktycznych Uniwersytetu \u015al\u0105skiego w Katowicach. Prace nad programem rozpocz\u0119\u0142y si\u0119 w grudniu 2017 roku, a jego koordynatorem zosta\u0142a dr Natalia St\u0119pie\u0144-Lampa. Od wrze\u015bnia 2018 roku do wrze\u015bnia 2019 roku funkcj\u0119 koordynatora sprawowa\u0142 dr Pawe\u0142 Grzywna, a od pa\u017adziernika 2019 roku ponownie dr Natalia St\u0119pie\u0144-Lampa. W pierwszej edycji programu wsp\u00f3\u0142organizatorem przedsi\u0119wzi\u0119cia poza Uniwersytetem \u015al\u0105skim w Katowicach by\u0142o miasto Katowice, w drugiej edycji do\u0142\u0105czy\u0142 Chorz\u00f3w oraz Sosnowiec. Pierwsza edycja Uniwersytetu Najlepszych rozpocz\u0119\u0142a si\u0119 wraz z inauguracj\u0105 roku akademickiego 2018\/2019, kiedy to 30 najzdolniejszych uczni\u00f3w katowickich szk\u00f3\u0142, wy\u0142onionych spo\u015br\u00f3d ponad 60 kandydat\u00f3w, rozpocz\u0119\u0142o prac\u0119 pod okiem 23 tutor\u00f3w. Ka\u017cdy z uczestnik\u00f3w bazuj\u0105c na w\u0142asnych zainteresowaniach, ze wsparciem tutora, mia\u0142 mo\u017cliwo\u015b\u0107 wybrania jednego z trzech obszar\u00f3w naukowi. Do obszaru sztuki zakwalifikowa\u0142o si\u0119 6 os\u00f3b, obszar nauk humanistyczno-spo\u0142ecznych wybra\u0142o 10 uczestnik\u00f3w, natomiast w obszarze nauk \u015bcis\u0142ych, przyrodniczych i technicznych swoje pasje rozwija\u0142o 14 uczni\u00f3w. Zwie\u0144czeniem pierwszej edycji by\u0142a konferencja podsumowuj\u0105ca, kt\u00f3ra odby\u0142a si\u0119 18 czerwca 2019 roku, kt\u00f3ra odby\u0142a si\u0119 w auli Pa\u0142acu M\u0142odzie\u017cy w Katowicach. W wydarzeniu udzia\u0142 wzi\u0119li uczniowie i ich tutorzy, organizatorzy programu, przedstawiciele w\u0142adz samorz\u0105dowych. Wraz z pocz\u0105tkiem roku akademickiego 2019\/2020 zainaugurowano drug\u0105 edycj\u0119 programu Uniwersytet Najlepszych. Prac\u0119 w programie rozpocz\u0119\u0142o 57 najzdolniejszych uczni\u00f3w, kt\u00f3rzy rozwijali swoje zainteresowania pod okiem 46 tutor\u00f3w. Ka\u017cdy z uczestnik\u00f3w mia\u0142 mo\u017cliwo\u015b\u0107 wyboru jednego z trzech obszar\u00f3w naukowych. Do obszaru sztuki zakwalifikowanych zosta\u0142o 5 uczestnik\u00f3w, obszar nauk humanistyczno-spo\u0142ecznych i teologicznych wybra\u0142o 9 os\u00f3b, w obszarze nauk in\u017cynieryjno-technicznych, \u015bcis\u0142ych i przyrodniczych swoje pasje rozwija\u0142o natomiast 43 uczni\u00f3w. Z powodu pandemii wirusa SARS-CoV-2 konferencj\u0119 podsumowuj\u0105c\u0105 drug\u0105 edycj\u0119 programu zorganizowano online i odby\u0142a si\u0119 ona 16 wrze\u015bnia.<\/p>\n<p>Dr hab. Marian Mitr\u0119ga, prof. U\u015a w okresie marzec\u2013czerwiec 2019 roku prowadzi\u0142 zaj\u0119cia (w wymiarze 8 h) pt. Demograficzne uwarunkowania kszta\u0142towania kierunk\u00f3w polityki spo\u0142ecznej na studiach podyplomowych pn. Prawo i polityka spo\u0142eczna w ubezpieczeniach spo\u0142ecznych. Studia te zosta\u0142y utworzone przez Uniwersytet \u015al\u0105ski w Katowicach we wsp\u00f3\u0142pracy z Zak\u0142adem Ubezpiecze\u0144 Spo\u0142ecznych. Z kolei 25 wrze\u015bnia 2019 roku wzi\u0105\u0142 udzia\u0142 w debacie pt. Demografia, nauka, rynek pracy w \u015bwietle nowych technologii i ich wp\u0142yw na system ubezpiecze\u0144 spo\u0142ecznych, kt\u00f3r\u0105 zorganizowa\u0142 ZUS w ramach wydarzenia pn. Tydzie\u0144 Przedsi\u0119biorcy.<\/p>\n<p>W dniach 10\u201311 czerwca oraz 9\u201310 wrze\u015bnia 2019 roku dr Pawe\u0142 Grzywna wzi\u0105\u0142 udzia\u0142 w warsztatach organizowanych przez Urz\u0105d Marsza\u0142kowski Wojew\u00f3dztwa \u015al\u0105skiego, kt\u00f3rych celem by\u0142o opracowanie dokumentu pn. \u201eRegionalna Polityka Zdrowia Wojew\u00f3dztwa \u015al\u0105skiego\u201d. Dr Pawe\u0142 Grzywna podczas spotka\u0144 zajmowa\u0142 si\u0119 kwesti\u0105 polityki zdrowotnej wobec senior\u00f3w, co wi\u0105\u017ce si\u0119 z procesem depopulacji.<\/p>\n<p>Dr Pawe\u0142 Grzywna oraz dr Natalia St\u0119pie\u0144-Lampa przygotowali w 2020 roku wraz z dr Bo\u017cen\u0105 Zas\u0119p\u0105 (Wydzia\u0142 Nauk Spo\u0142ecznych) Strategi\u0119 Rozwi\u0105zywania Problem\u00f3w Spo\u0142ecznych miasta Sosnowiec na lata 2021\u20132026. Sosnowiec jest najbardziej dotkni\u0119tym zjawiskiem depopulacji miastem G\u00f3rno\u015bl\u0105sko-Zag\u0142\u0119biowskiej Metropolii. Rola pracownik\u00f3w naukowo-dydaktycznych INP polega\u0142a na opracowaniu cz\u0119\u015bci diagnozy problem\u00f3w spo\u0142ecznych, analizy SWOT, oraz prognozy, a tak\u017ce wsp\u00f3\u0142organizowaniu warsztat\u00f3w, podczas kt\u00f3rych przygotowany zosta\u0142 cel g\u0142\u00f3wny, cele operacyjne, dzia\u0142ania i wska\u017aniki realizacji Strategii. Dalszy etap prac polega\u0142 na opisie metodologii, ewaluacji i monitoringu, a tak\u017ce zwi\u0105zku Strategii z innymi dokumentami o znaczeniu strategicznym.<\/p>\n<p>11 wrze\u015bnia 2020 roku rozpocz\u0119\u0142a si\u0119 realizacja projektu pn. \u201eM\u0142odzi robi\u0105 Metropoli\u0119\u201d na zlecenie G\u00f3rno\u015bl\u0105sko-Zag\u0142\u0119biowskiej Metropolii. Dzia\u0142anie to zako\u0144czone zostanie w grudniu 2021 roku. Jego kierownikiem jest dr Natalia St\u0119pie\u0144-Lampa, a w zespole realizuj\u0105cym przedsi\u0119wzi\u0119ciem pracuje tak\u017ce dr Pawe\u0142 Grzywna. W ramach projektu przeprowadzonych zostanie 10 warsztat\u00f3w z m\u0142odymi lud\u017ami w wieku 16\u201325 lat. Maj\u0105 one na celu uzyskanie odpowiedzi, w jakiej Metropolii w przysz\u0142o\u015bci uczestnicy spotka\u0144 chcieliby mieszka\u0107, co sk\u0142oni\u0142oby ich do podj\u0119cia studi\u00f3w, pracy, a tak\u017ce zamieszkania i za\u0142o\u017cenia rodziny na terenie GZM. Nast\u0119pnie zostanie przygotowany i zaprezentowany raport zwieraj\u0105cy rekomendacje na potrzeby Strategii Rozwoju GZM. Dzia\u0142anie to ma wymiar depopulacyjny.<\/p>\n<p>W Instytucie Nauk Politycznych prowadzona jest r\u00f3wnie\u017c dzia\u0142alno\u015b\u0107 maj\u0105ca na celu popularyzowanie wiedzy na temat depopulacji. W jej ramach 17 marca 2017 roku dr Natalia St\u0119pie\u0144-Lampa wyg\u0142osi\u0142a w ZSTiO Meritum w Siemianowicach \u015al\u0105skich wyk\u0142ad skierowany do spo\u0142eczno\u015bci szko\u0142y pt. \u201eDemograficzne wyzwania Europy\u201d. Z kolei 11 kwietnia 2017 roku wyk\u0142ad ten przedstawi\u0142a w AZS im. Juliusza S\u0142owackiego w Chorzowie w ramach wydarzenia pn. \u201eNoc naukowc\u00f3w w S\u0142owaku\u201d. W dniach 25\u201329 wrze\u015bnia 2017 roku dr Natalia St\u0119pie\u0144-Lampa wzi\u0119\u0142a udzia\u0142 w Uniwersyteckim Miasteczku Naukowym. Jest to cykliczne wydarzenie organizowane przez Uniwersytet Otwarty w Uniwersytecie \u015al\u0105skim w Katowicach skierowane do m\u0142odzie\u017cy szkolnej. Szko\u0142y w jego trakcie przyje\u017cd\u017caj\u0105 na Uniwersytet i uczestnicz\u0105 w zaoferowanych im wyk\u0142adach. W ramach edycji z 2017 roku dr Natalia St\u0119pie\u0144-Lampa wyg\u0142osi\u0142a cykl wyk\u0142ad\u00f3w pt. \u201eSpo\u0142ecze\u0144stwo w liczbach \u2013 kilka fakt\u00f3w na temat Polski i Polak\u00f3w\u201d, w kt\u00f3rych wzi\u0119\u0142o udzia\u0142 ok. 250 uczni\u00f3w i nauczycieli. Z kolei w edycji Uniwersyteckiego Miasteczka Naukowego z 2018 roku wyk\u0142ady o zmieniaj\u0105cym si\u0119 modelu rodziny (co stanowi jedn\u0105 z przyczyn depopulacji) wyg\u0142osi\u0142 dr Pawe\u0142 Grzywna. Ponadto dr Natalia St\u0119pie\u0144-Lampa w pa\u017adzierniku 2020 roku wyg\u0142osi\u0142a dla Punktu Informacji Europejskiej Europe Direct \u2013 Rybnik wyk\u0142ad pt. \u201eUE w liczbach. Kilka fakt\u00f3w na temat demografii\u201d. Wyk\u0142ad ten zosta\u0142 zamieszczony na stronie internetowej Punktu.<\/p>\n<p>Pracownicy Instytutu Nauk Politycznych w ramach upowszechniania wiedzy naukowej nagrali swoje wyk\u0142ady, a nast\u0119pnie zosta\u0142y one zamieszczone na kanale filmowym w serwisie YouTube, kt\u00f3ry prowadzi Instytut. Dr Pawe\u0142 Grzywna oraz dr Natalia St\u0119pie\u0144-Lampa w swoich wyst\u0105pieniach podejmowali problematyk\u0119 depopulacji. Link do kana\u0142u znajduje si\u0119 <a href=\"https:\/\/www.youtube.com\/channel\/UCqsTTcZN7NRvLS-dZEoP87A\">tutaj<\/a>.<\/p>\n<div class=\"mt-3\"><\/div>\r\n                            <\/div>\r\n                            \r\n                            <div class=\"text-modules__img\"><img src=\"https:\/\/us.edu.pl\/instytut\/inp\/wp-content\/uploads\/sites\/31\/Nieprzypisane\/photomontage-1313559_1920.jpg\" alt=\"img\"><\/div>\r\n                        <\/div>\r\n                    <\/div>\r\n                <\/div>[\/vc_column][\/vc_row]<\/p>","protected":false},"excerpt":{"rendered":"<p>[vc_row][vc_column][\/vc_column][\/vc_row] [&#8230;]<\/p>\n<p><a class=\"btn btn-secondary understrap-read-more-link\" href=\"https:\/\/us.edu.pl\/instytut\/inp\/badania-nad-depopulacja\/\">Read More&#8230;<\/a><\/p>\n","protected":false},"author":141,"featured_media":2756,"parent":0,"menu_order":0,"comment_status":"closed","ping_status":"closed","template":"","meta":{"_expiration-date-status":"saved","_expiration-date":0,"_expiration-date-type":"","_expiration-date-categories":[],"_expiration-date-options":[]},"acf":[],"_links":{"self":[{"href":"https:\/\/us.edu.pl\/instytut\/inp\/wp-json\/wp\/v2\/pages\/2656"}],"collection":[{"href":"https:\/\/us.edu.pl\/instytut\/inp\/wp-json\/wp\/v2\/pages"}],"about":[{"href":"https:\/\/us.edu.pl\/instytut\/inp\/wp-json\/wp\/v2\/types\/page"}],"author":[{"embeddable":true,"href":"https:\/\/us.edu.pl\/instytut\/inp\/wp-json\/wp\/v2\/users\/141"}],"replies":[{"embeddable":true,"href":"https:\/\/us.edu.pl\/instytut\/inp\/wp-json\/wp\/v2\/comments?post=2656"}],"version-history":[{"count":5,"href":"https:\/\/us.edu.pl\/instytut\/inp\/wp-json\/wp\/v2\/pages\/2656\/revisions"}],"predecessor-version":[{"id":3418,"href":"https:\/\/us.edu.pl\/instytut\/inp\/wp-json\/wp\/v2\/pages\/2656\/revisions\/3418"}],"wp:featuredmedia":[{"embeddable":true,"href":"https:\/\/us.edu.pl\/instytut\/inp\/wp-json\/wp\/v2\/media\/2756"}],"wp:attachment":[{"href":"https:\/\/us.edu.pl\/instytut\/inp\/wp-json\/wp\/v2\/media?parent=2656"}],"curies":[{"name":"wp","href":"https:\/\/api.w.org\/{rel}","templated":true}]}}