{"id":336,"date":"2019-12-30T22:29:47","date_gmt":"2019-12-30T21:29:47","guid":{"rendered":"http:\/\/us.edu.pl\/instytut\/inp\/?page_id=336"},"modified":"2020-11-03T11:55:34","modified_gmt":"2020-11-03T10:55:34","slug":"apsa","status":"publish","type":"page","link":"https:\/\/us.edu.pl\/instytut\/inp\/apsa\/","title":{"rendered":"APSA"},"content":{"rendered":"<p>[vc_row][vc_column]\r\n                <div class=\"text-modules \">\r\n                    <div class=\"container\">\r\n                        <h3 class=\"section-title section-title_border-bottom\">APSA<\/h3> \r\n                        <div class=\"row m-0\">\r\n                            <div class=\"text-modules__content\">\r\n                                <strong>American Political Science Association<\/strong> <strong>(APSA)<\/strong> to za\u0142o\u017cone w 1903 roku ameryka\u0144skie stowarzyszenie student\u00f3w i badaczy nauk politycznych. Zrzesza ponad 11 tys. cz\u0142onk\u00f3w w ponad 100 krajach. APSA prezentuje szerok\u0105 ofert\u0119 program\u00f3w i us\u0142ug skierowanych zar\u00f3wno do badaczy ka\u017cdego szczebla kariery naukowej, jak i wi\u0119kszych jednostek jak wydzia\u0142y czy instytuty. Posiada 4 czasopisma naukowe (American Political Science Review, Perspective on Politics, Journal of Political Science Education oraz PS: Political Science &amp; Politics). W\u015br\u00f3d najwa\u017cniejszych cel\u00f3w dzia\u0142alno\u015bci stowarzyszenia nale\u017cy podkre\u015bli\u0107: promowanie bada\u0144 naukowych, promowanie wysokiej jako\u015bci program\u00f3w edukacyjnych z zakresu nauk o polityce, wielop\u0142aszczyznowe wspieranie \u015brodowiska badaczy nauk o polityce, obrona zasadno\u015bci bada\u0144 naukowych w obszarze polityki, zach\u0119canie do stosowania rygorystycznych standard\u00f3w etycznych i naukowych w obszarze bada\u0144 naukowych. Pracownicy Instytutu Nauk Politycznych regularnie bior\u0105 udzia\u0142 w Annual Meeting &amp; Conference.<\/p>\n<p>Wi\u0119cej szczeg\u00f3\u0142\u00f3w na stronie internetowej <a href=\"https:\/\/www.apsanet.org\/\">APSA<\/a>. \r\n                                <div class=\"mt-3\"><\/div>\r\n                            <\/div>\r\n                            \r\n                            <div class=\"text-modules__img\"><img src=\"https:\/\/us.edu.pl\/instytut\/inp\/wp-content\/uploads\/sites\/31\/Nieprzypisane\/apsa-logo.png\" alt=\"img\"><\/div>\r\n                        <\/div>\r\n                    <\/div>\r\n                <\/div>[\/vc_column][\/vc_row]<\/p>","protected":false},"excerpt":{"rendered":"<p>[vc_row][vc_column][\/vc_column][\/vc_row] [&#8230;]<\/p>\n<p><a class=\"btn btn-secondary understrap-read-more-link\" href=\"https:\/\/us.edu.pl\/instytut\/inp\/apsa\/\">Read More&#8230;<\/a><\/p>\n","protected":false},"author":141,"featured_media":0,"parent":0,"menu_order":0,"comment_status":"closed","ping_status":"closed","template":"page-templates\/page-with-sidebar.php","meta":{"_expiration-date-status":"saved","_expiration-date":0,"_expiration-date-type":"","_expiration-date-categories":[],"_expiration-date-options":[]},"acf":[],"_links":{"self":[{"href":"https:\/\/us.edu.pl\/instytut\/inp\/wp-json\/wp\/v2\/pages\/336"}],"collection":[{"href":"https:\/\/us.edu.pl\/instytut\/inp\/wp-json\/wp\/v2\/pages"}],"about":[{"href":"https:\/\/us.edu.pl\/instytut\/inp\/wp-json\/wp\/v2\/types\/page"}],"author":[{"embeddable":true,"href":"https:\/\/us.edu.pl\/instytut\/inp\/wp-json\/wp\/v2\/users\/141"}],"replies":[{"embeddable":true,"href":"https:\/\/us.edu.pl\/instytut\/inp\/wp-json\/wp\/v2\/comments?post=336"}],"version-history":[{"count":6,"href":"https:\/\/us.edu.pl\/instytut\/inp\/wp-json\/wp\/v2\/pages\/336\/revisions"}],"predecessor-version":[{"id":3005,"href":"https:\/\/us.edu.pl\/instytut\/inp\/wp-json\/wp\/v2\/pages\/336\/revisions\/3005"}],"wp:attachment":[{"href":"https:\/\/us.edu.pl\/instytut\/inp\/wp-json\/wp\/v2\/media?parent=336"}],"curies":[{"name":"wp","href":"https:\/\/api.w.org\/{rel}","templated":true}]}}